
{"id":120,"date":"2010-05-12T14:19:53","date_gmt":"2010-05-12T14:19:53","guid":{"rendered":"http:\/\/www.formesrl.com\/?page_id=120"},"modified":"2023-09-26T17:17:29","modified_gmt":"2023-09-26T17:17:29","slug":"profili-composti","status":"publish","type":"page","link":"https:\/\/www.formesrl.com\/es\/productos\/perfiles-de-acero\/perfiles-compuestos\/","title":{"rendered":"Perfiles compuestos"},"content":{"rendered":"<p><img loading=\"lazy\" decoding=\"async\" class=\"alignnone size-full wp-image-1961 bannerpagina\" title=\"banner-seriepesante\" src=\"https:\/\/www.formesrl.com\/wp-content\/uploads\/banner-seriepesante.jpg\" alt=\"\" width=\"640\" height=\"178\" srcset=\"https:\/\/www.formesrl.com\/wp-content\/uploads\/banner-seriepesante.jpg 640w, https:\/\/www.formesrl.com\/wp-content\/uploads\/banner-seriepesante-300x83.jpg 300w\" sizes=\"auto, (max-width: 640px) 100vw, 640px\" \/><\/p>\n<div class=\"blocchettopagina clear\">\n<div class=\"titoloblocchetto\" style=\"width: 640px;\">\n<h3>Perfiles Compuestos en \u201cI\u201d serie pesada<\/h3>\n<\/div>\n<div class=\"blocchettosx\">\n<p><a href=\"https:\/\/www.formesrl.com\/es\/productos\/perfiles-de-acero\/perfiles-compuestos\/perfiles-soldados-grandes-capacidades\"><img loading=\"lazy\" decoding=\"async\" class=\"alignnone size-full wp-image-1705\" title=\"mini-composti-a-I-pesante\" src=\"https:\/\/www.formesrl.com\/wp-content\/uploads\/mini-composti-a-I-pesante.jpg\" alt=\"\" width=\"308\" height=\"106\" srcset=\"https:\/\/www.formesrl.com\/wp-content\/uploads\/mini-composti-a-I-pesante.jpg 308w, https:\/\/www.formesrl.com\/wp-content\/uploads\/mini-composti-a-I-pesante-300x103.jpg 300w\" sizes=\"auto, (max-width: 308px) 100vw, 308px\" \/><\/a><\/p>\n<p><a href=\"https:\/\/www.formesrl.com\/es\/productos\/perfiles-de-acero\/perfiles-compuestos\/perfiles-soldados-grandes-capacidades\"><img loading=\"lazy\" decoding=\"async\" class=\"alignnone size-full wp-image-1757\" title=\"particolare_combinato_i\" src=\"https:\/\/www.formesrl.com\/wp-content\/uploads\/particolare_combinato_i.jpg\" alt=\"\" width=\"308\" height=\"106\" srcset=\"https:\/\/www.formesrl.com\/wp-content\/uploads\/particolare_combinato_i.jpg 308w, https:\/\/www.formesrl.com\/wp-content\/uploads\/particolare_combinato_i-300x103.jpg 300w\" sizes=\"auto, (max-width: 308px) 100vw, 308px\" \/><\/a><\/p>\n<\/div>\n<div class=\"blocchettodx\">\n<p style=\"text-align: justify;\">Soldados y fresados.<br \/>\nDestinados en particular a la construcci\u00f3n de montantes de carretillas elevadoras con capacidades superiores a 8 t.<br \/>\nSon adecuados como elemento estructural en la construcci\u00f3n de sistemas de elevaci\u00f3n y manipulaci\u00f3n.<br \/>\nEsta serie se fabrica exclusivamente bajo pedido.<br \/>\nLongitud est\u00e1ndar 6.000 mm. .<br \/>\n<strong>A petici\u00f3n:<\/strong><br \/>\n&#8211; Realizaci\u00f3n con dise\u00f1o.<br \/>\n&#8211; Descargas y perforaciones para cojinetes<br \/>\n&#8211; Material especial (Weldox \u2013 StE 690V \u2013 EN 10137 \u2013 2)<br \/>\n<a href=\"https:\/\/www.formesrl.com\/es\/productos\/perfiles-de-acero\/perfiles-compuestos\/perfiles-soldados-grandes-capacidades\">Ficha T\u00e9cnica Compuestos en I serie pesada<\/a><\/p>\n<\/div>\n<\/div>\n<div class=\"blocchettopagina clear\">\n<div class=\"titoloblocchetto\" style=\"width: 640px;\">\n<h3>Perfiles Compuestos en \u201cC\u201d serie pesada<\/h3>\n<\/div>\n<div class=\"blocchettosx\">\n<p><a href=\"https:\/\/www.formesrl.com\/es\/productos\/perfiles-de-acero\/perfiles-compuestos\/perfiles-soldados-en-c\"><img loading=\"lazy\" decoding=\"async\" class=\"alignnone size-full wp-image-1706\" title=\"mini-composti-a-C-pesante\" src=\"https:\/\/www.formesrl.com\/wp-content\/uploads\/mini-composti-a-C-pesante.jpg\" alt=\"\" width=\"308\" height=\"106\" srcset=\"https:\/\/www.formesrl.com\/wp-content\/uploads\/mini-composti-a-C-pesante.jpg 308w, https:\/\/www.formesrl.com\/wp-content\/uploads\/mini-composti-a-C-pesante-300x103.jpg 300w\" sizes=\"auto, (max-width: 308px) 100vw, 308px\" \/><\/a><\/p>\n<p><a href=\"https:\/\/www.formesrl.com\/es\/productos\/perfiles-de-acero\/perfiles-compuestos\/perfiles-soldados-en-c\"><img loading=\"lazy\" decoding=\"async\" class=\"alignnone size-full wp-image-1953\" title=\"mini-pesante-a-c-dettaglio\" src=\"https:\/\/www.formesrl.com\/wp-content\/uploads\/mini-pesante-a-c-dettaglio.jpg\" alt=\"\" width=\"308\" height=\"106\" srcset=\"https:\/\/www.formesrl.com\/wp-content\/uploads\/mini-pesante-a-c-dettaglio.jpg 308w, https:\/\/www.formesrl.com\/wp-content\/uploads\/mini-pesante-a-c-dettaglio-300x103.jpg 300w\" sizes=\"auto, (max-width: 308px) 100vw, 308px\" \/><\/a><\/p>\n<\/div>\n<div class=\"blocchettodx\">\n<p style=\"text-align: justify;\">Soldados y fresados.<br \/>\nEn los casos en los cuales las capacidades superen las 8 t, estos perfiles representan una v\u00e1lida oportunidad de uso en los sistemas de manipulaci\u00f3n en general.<br \/>\nLa estructura de los perfiles particularmente s\u00f3lida permite realizar el sistema utilizando el perfil como elemento portante.<br \/>\nEsta serie se fabrica exclusivamente bajo pedido.<br \/>\nLongitud est\u00e1ndar 6.000 mm. .<br \/>\n<strong>A petici\u00f3n:<\/strong><br \/>\n&#8211; Realizaci\u00f3n con dise\u00f1o.<br \/>\n&#8211; Descargas y perforaci\u00f3n para cojinetes.<br \/>\n&#8211; Material especial (Weldox \u2013 StE 690V \u2013 EN 10137 \u2013 2)<br \/>\n<a href=\"https:\/\/www.formesrl.com\/es\/productos\/perfiles-de-acero\/perfiles-compuestos\/perfiles-soldados-en-c\">Ficha T\u00e9cnica Compuestos en C serie pesada<\/a><\/p>\n<\/div>\n<\/div>\n<div class=\"blocchettopagina clear\">\n<div class=\"titoloblocchetto\" style=\"width: 640px;\">\n<h3>Perfiles Compuestos en \u201cI\u201d serie ligera<\/h3>\n<\/div>\n<div class=\"blocchettosx\"><a href=\"https:\/\/www.formesrl.com\/es\/productos\/perfiles-de-acero\/perfiles-compuestos\/serie-ligera-en-i\"><img loading=\"lazy\" decoding=\"async\" class=\"alignnone size-full wp-image-1955\" title=\"mini-leggera-a-i\" src=\"https:\/\/www.formesrl.com\/wp-content\/uploads\/mini-leggera-a-i.jpg\" alt=\"\" width=\"308\" height=\"106\" srcset=\"https:\/\/www.formesrl.com\/wp-content\/uploads\/mini-leggera-a-i.jpg 308w, https:\/\/www.formesrl.com\/wp-content\/uploads\/mini-leggera-a-i-300x103.jpg 300w\" sizes=\"auto, (max-width: 308px) 100vw, 308px\" \/><\/a><a href=\"https:\/\/www.formesrl.com\/es\/productos\/perfiles-de-acero\/perfiles-compuestos\/serie-ligera-en-i\"><img loading=\"lazy\" decoding=\"async\" class=\"alignnone size-full wp-image-1957\" title=\"mini-leggera-a-i-particolare\" src=\"https:\/\/www.formesrl.com\/wp-content\/uploads\/mini-leggera-a-i-particolare.jpg\" alt=\"\" width=\"308\" height=\"106\" srcset=\"https:\/\/www.formesrl.com\/wp-content\/uploads\/mini-leggera-a-i-particolare.jpg 308w, https:\/\/www.formesrl.com\/wp-content\/uploads\/mini-leggera-a-i-particolare-300x103.jpg 300w\" sizes=\"auto, (max-width: 308px) 100vw, 308px\" \/><\/a><\/div>\n<div class=\"blocchettodx\">\n<p style=\"text-align: justify;\">Soldados y fresados.<br \/>\nIntercambiables con los correspondientes perfiles laminados.<br \/>\nSe utilizan en la construcci\u00f3n de montantes y de elevadoras en la aplicaciones que requieren una considerable precisi\u00f3n y rigidez en las grandes elevaciones.<br \/>\nLongitud est\u00e1ndar 6.000 mm. .<br \/>\n<strong>A petici\u00f3n:<\/strong><br \/>\n&#8211; Distintas longitudes a medida.<br \/>\n&#8211; Realizaci\u00f3n con dise\u00f1o.<br \/>\n&#8211; Descargas y perforaci\u00f3n para cojinetes.<br \/>\n&#8211; Material especial (Weldox \u2013 StE 690V \u2013 EN 10137 \u2013 2)<br \/>\n<a href=\"https:\/\/www.formesrl.com\/es\/productos\/perfiles-de-acero\/perfiles-compuestos\/serie-ligera-en-i\">Ficha T\u00e9cnica Compuestos en I serie ligera<\/a><\/p>\n<\/div>\n<\/div>\n<div class=\"blocchettopagina clear\">\n<div class=\"titoloblocchetto\" style=\"width: 640px;\">\n<h3>Perfiles Compuestos en \u201cC\u201d serie ligera<\/h3>\n<\/div>\n<div class=\"blocchettosx\"><a href=\"https:\/\/www.formesrl.com\/es\/productos\/perfiles-de-acero\/perfiles-compuestos\/serie-ligera-en-c\"><img loading=\"lazy\" decoding=\"async\" class=\"alignnone size-full wp-image-2114\" title=\"mini-composto-c-leggera\" src=\"https:\/\/www.formesrl.com\/wp-content\/uploads\/mini-composto-c-leggera.jpg\" alt=\"\" width=\"308\" height=\"106\" srcset=\"https:\/\/www.formesrl.com\/wp-content\/uploads\/mini-composto-c-leggera.jpg 308w, https:\/\/www.formesrl.com\/wp-content\/uploads\/mini-composto-c-leggera-300x103.jpg 300w\" sizes=\"auto, (max-width: 308px) 100vw, 308px\" \/><\/a><a href=\"https:\/\/www.formesrl.com\/es\/productos\/perfiles-de-acero\/perfiles-compuestos\/serie-ligera-en-c\"><img loading=\"lazy\" decoding=\"async\" class=\"alignnone size-full wp-image-2116\" title=\"mini-composto-c-leggera-particolare\" src=\"https:\/\/www.formesrl.com\/wp-content\/uploads\/mini-composto-c-leggera-particolare.jpg\" alt=\"\" width=\"308\" height=\"106\" srcset=\"https:\/\/www.formesrl.com\/wp-content\/uploads\/mini-composto-c-leggera-particolare.jpg 308w, https:\/\/www.formesrl.com\/wp-content\/uploads\/mini-composto-c-leggera-particolare-300x103.jpg 300w\" sizes=\"auto, (max-width: 308px) 100vw, 308px\" \/><\/a><\/div>\n<div class=\"blocchettodx\">\n<p style=\"text-align: justify;\">Soldados y fresados.<br \/>\nPueden sustituir los correspondientes perfiles laminados en los usos que requieren intercambiar componentes y precisi\u00f3n.<br \/>\nLongitud est\u00e1ndar 6.000 mm.<br \/>\n<strong>A petici\u00f3n:<\/strong><br \/>\n&#8211; Distintas longitudes a medida.<br \/>\n&#8211; Realizaci\u00f3n con dise\u00f1o.<br \/>\n&#8211; Descargas y perforaci\u00f3n para cojinetes.<br \/>\n&#8211; Material especial (Weldox \u2013 StE 690V \u2013 EN 10137 \u2013 2)<br \/>\n<a href=\"https:\/\/www.formesrl.com\/es\/productos\/perfiles-de-acero\/perfiles-compuestos\/serie-ligera-en-c\">Ficha T\u00e9cnica Compuestos en C serie ligera<\/a><\/p>\n<\/div>\n<\/div>\n<p><\/p>","protected":false},"excerpt":{"rendered":"<p>Perfiles Compuestos en \u201cI\u201d serie pesada Soldados y fresados. Destinados en particular a la construcci\u00f3n de montantes de carretillas elevadoras con capacidades superiores a 8 t. Son adecuados como elemento estructural en la construcci\u00f3n de sistemas de elevaci\u00f3n y manipulaci\u00f3n. Esta serie se fabrica exclusivamente bajo pedido. Longitud est\u00e1ndar 6.000 mm. . A petici\u00f3n: &#8211; [&hellip;]<\/p>\n","protected":false},"author":1,"featured_media":0,"parent":58,"menu_order":2,"comment_status":"open","ping_status":"open","template":"","meta":{"footnotes":""},"class_list":["post-120","page","type-page","status-publish","hentry"],"_links":{"self":[{"href":"https:\/\/www.formesrl.com\/es\/wp-json\/wp\/v2\/pages\/120","targetHints":{"allow":["GET"]}}],"collection":[{"href":"https:\/\/www.formesrl.com\/es\/wp-json\/wp\/v2\/pages"}],"about":[{"href":"https:\/\/www.formesrl.com\/es\/wp-json\/wp\/v2\/types\/page"}],"author":[{"embeddable":true,"href":"https:\/\/www.formesrl.com\/es\/wp-json\/wp\/v2\/users\/1"}],"replies":[{"embeddable":true,"href":"https:\/\/www.formesrl.com\/es\/wp-json\/wp\/v2\/comments?post=120"}],"version-history":[{"count":76,"href":"https:\/\/www.formesrl.com\/es\/wp-json\/wp\/v2\/pages\/120\/revisions"}],"predecessor-version":[{"id":3534,"href":"https:\/\/www.formesrl.com\/es\/wp-json\/wp\/v2\/pages\/120\/revisions\/3534"}],"up":[{"embeddable":true,"href":"https:\/\/www.formesrl.com\/es\/wp-json\/wp\/v2\/pages\/58"}],"wp:attachment":[{"href":"https:\/\/www.formesrl.com\/es\/wp-json\/wp\/v2\/media?parent=120"}],"curies":[{"name":"wp","href":"https:\/\/api.w.org\/{rel}","templated":true}]}}