
{"id":132,"date":"2010-05-12T14:47:46","date_gmt":"2010-05-12T14:47:46","guid":{"rendered":"http:\/\/www.formesrl.com\/?page_id=132"},"modified":"2013-12-04T10:19:26","modified_gmt":"2013-12-04T10:19:26","slug":"piastre-per-cuscinetti-combinati","status":"publish","type":"page","link":"https:\/\/www.formesrl.com\/es\/productos\/cojinetes\/cojinetes-de-rodillos-cilindricos\/planchas-para-cojinetes-combinados\/","title":{"rendered":"Ficha T\u00e9cnica Planchas para cojinetes combinados"},"content":{"rendered":"<p>Las placas de fijaci\u00f3n son componentes que se deben soldar en los pernos de los cojinetes.<\/p>\n<p>Permiten realizar montajes mec\u00e1nicos simples, modulares y de f\u00e1cil sustituci\u00f3n<\/p>\n<table class=\"schedaprodotto\">\n<tbody>\n<tr>\n<td class=\"immaginescheda\" width=\"320\"><img loading=\"lazy\" decoding=\"async\" class=\"alignnone size-full wp-image-1880\" title=\"PMR001_mod3d\" src=\"https:\/\/www.formesrl.com\/wp-content\/uploads\/PMR001_mod3d.png\" alt=\"\" width=\"290\" height=\"212\" \/><\/td>\n<td class=\"cellatabellamateriale\">\n<table class=\"tabellamateriale\">\n<tbody>\n<tr>\n<th colspan=\"2\">MATERIAL<\/th>\n<\/tr>\n<tr>\n<td class=\"etichettamateriale\">UNI<\/td>\n<td class=\"materiale\">Fe 360.C<\/td>\n<\/tr>\n<tr>\n<td class=\"etichettamateriale\">DIN<\/td>\n<td class=\"materiale\">S 235G2T<\/td>\n<\/tr>\n<tr>\n<td class=\"etichettamateriale\">W Nr.<\/td>\n<td class=\"materiale\">1.0308<\/td>\n<\/tr>\n<tr>\n<td class=\"fineetichettamateriale\"><\/td>\n<td class=\"finemateriale\"><\/td>\n<\/tr>\n<tr>\n<td><\/td>\n<td><\/td>\n<td><\/td>\n<\/tr>\n<\/tbody>\n<\/table>\n<\/td>\n<\/tr>\n<\/tbody>\n<\/table>\n<table class=\"schedaprodotto\">\n<tbody>\n<tr>\n<td class=\"immaginescheda\"><img loading=\"lazy\" decoding=\"async\" class=\"alignnone size-full wp-image-1806\" title=\"PMR001\" src=\"https:\/\/www.formesrl.com\/wp-content\/uploads\/PMR001.png\" alt=\"\" width=\"460\" height=\"225\" srcset=\"https:\/\/www.formesrl.com\/wp-content\/uploads\/PMR001.png 460w, https:\/\/www.formesrl.com\/wp-content\/uploads\/PMR001-300x146.png 300w\" sizes=\"auto, (max-width: 460px) 100vw, 460px\" \/><\/td>\n<td class=\"cellatabellamateriale\">\n<table class=\"tabellamateriale\">\n<tbody>\n<tr>\n<th colspan=\"2\">TIPO PMR 001<\/th>\n<\/tr>\n<tr>\n<td class=\"etichettamateriale\">COJINETES:<\/td>\n<td class=\"materiale\"><\/td>\n<\/tr>\n<tr>\n<td class=\"etichettamateriale\">MR001<\/td>\n<td class=\"materiale\">MR021<\/td>\n<\/tr>\n<tr>\n<td class=\"etichettamateriale\">MR146<\/td>\n<td class=\"materiale\">MR121<\/td>\n<\/tr>\n<tr>\n<td class=\"fineetichettamateriale\"><\/td>\n<td class=\"finemateriale\"><\/td>\n<\/tr>\n<tr>\n<td class=\"etichettamateriale\">PESO:<\/td>\n<td class=\"materiale\">kg 0,25<\/td>\n<\/tr>\n<tr>\n<th class=\"download\" colspan=\"2\"><a href=\"\/img\/prodotti\/pdf\/PMR001.pdf\" target=\"_blank\"><img loading=\"lazy\" decoding=\"async\" src=\"\/img\/pdf.gif\" border=\"0\" alt=\"\" width=\"23\" height=\"24\" \/>DESCARGAR DISE\u00d1O T\u00c9CNICO<\/a><\/th>\n<\/tr>\n<tr>\n<td><\/td>\n<\/tr>\n<\/tbody>\n<\/table>\n<\/td>\n<\/tr>\n<\/tbody>\n<\/table>\n<table class=\"schedaprodotto\">\n<tbody>\n<tr>\n<td class=\"immaginescheda\"><img loading=\"lazy\" decoding=\"async\" class=\"alignnone size-full wp-image-1814\" title=\"PMR002\" src=\"https:\/\/www.formesrl.com\/wp-content\/uploads\/PMR002.png\" alt=\"\" width=\"460\" height=\"211\" srcset=\"https:\/\/www.formesrl.com\/wp-content\/uploads\/PMR002.png 460w, https:\/\/www.formesrl.com\/wp-content\/uploads\/PMR002-300x137.png 300w\" sizes=\"auto, (max-width: 460px) 100vw, 460px\" \/><\/td>\n<td class=\"cellatabellamateriale\">\n<table class=\"tabellamateriale\">\n<tbody>\n<tr>\n<th colspan=\"2\">TIPO PMR 002<\/th>\n<\/tr>\n<tr>\n<td class=\"etichettamateriale\">COJINETES:<\/td>\n<td class=\"materiale\"><\/td>\n<\/tr>\n<tr>\n<td class=\"etichettamateriale\">MR002<\/td>\n<td class=\"materiale\">MR022<\/td>\n<\/tr>\n<tr>\n<td class=\"etichettamateriale\">MR147<\/td>\n<td class=\"materiale\">MR122<\/td>\n<\/tr>\n<tr>\n<td class=\"fineetichettamateriale\"><\/td>\n<td class=\"finemateriale\"><\/td>\n<\/tr>\n<tr>\n<td class=\"etichettamateriale\">PESO:<\/td>\n<td class=\"materiale\">kg 0,90<\/td>\n<\/tr>\n<tr>\n<th class=\"download\" colspan=\"2\"><a href=\"\/img\/prodotti\/pdf\/PMR002.pdf\" target=\"_blank\"><img loading=\"lazy\" decoding=\"async\" src=\"\/img\/pdf.gif\" border=\"0\" alt=\"\" width=\"23\" height=\"24\" \/> DESCARGAR DISE\u00d1O T\u00c9CNICO<\/a><\/th>\n<\/tr>\n<tr>\n<td><\/td>\n<\/tr>\n<\/tbody>\n<\/table>\n<\/td>\n<\/tr>\n<\/tbody>\n<\/table>\n<table class=\"schedaprodotto\">\n<tbody>\n<tr>\n<td class=\"immaginescheda\"><img loading=\"lazy\" decoding=\"async\" class=\"alignnone size-full wp-image-1830\" title=\"PMR003\" src=\"https:\/\/www.formesrl.com\/wp-content\/uploads\/PMR003.png\" alt=\"\" width=\"460\" height=\"213\" srcset=\"https:\/\/www.formesrl.com\/wp-content\/uploads\/PMR003.png 460w, https:\/\/www.formesrl.com\/wp-content\/uploads\/PMR003-300x138.png 300w\" sizes=\"auto, (max-width: 460px) 100vw, 460px\" \/><\/td>\n<td class=\"cellatabellamateriale\">\n<table class=\"tabellamateriale\">\n<tbody>\n<tr>\n<th colspan=\"2\">TIPO PMR 003<\/th>\n<\/tr>\n<tr>\n<td class=\"etichettamateriale\">COJINETES<\/td>\n<td class=\"materiale\"><\/td>\n<\/tr>\n<tr>\n<td class=\"etichettamateriale\">MR003<\/td>\n<td class=\"materiale\">MR023<\/td>\n<\/tr>\n<tr>\n<td class=\"etichettamateriale\">MR148<\/td>\n<td class=\"materiale\">MR123<\/td>\n<\/tr>\n<tr>\n<td class=\"fineetichettamateriale\"><\/td>\n<td class=\"finemateriale\"><\/td>\n<\/tr>\n<tr>\n<td class=\"etichettamateriale\">PESO:<\/td>\n<td class=\"materiale\">kg 0,85<\/td>\n<\/tr>\n<tr>\n<th class=\"download\" colspan=\"2\"><a href=\"\/img\/prodotti\/pdf\/PMR003.pdf\" target=\"_blank\"><img loading=\"lazy\" decoding=\"async\" src=\"\/img\/pdf.gif\" border=\"0\" alt=\"\" width=\"23\" height=\"24\" \/>DESCARGAR DISE\u00d1O T\u00c9CNICO<\/a><\/th>\n<\/tr>\n<tr>\n<td><\/td>\n<\/tr>\n<\/tbody>\n<\/table>\n<\/td>\n<\/tr>\n<\/tbody>\n<\/table>\n<table class=\"schedaprodotto\">\n<tbody>\n<tr>\n<td class=\"immaginescheda\"><img loading=\"lazy\" decoding=\"async\" class=\"alignnone size-full wp-image-1865\" title=\"PMR005\" src=\"https:\/\/www.formesrl.com\/wp-content\/uploads\/PMR005.png\" alt=\"\" width=\"460\" height=\"242\" srcset=\"https:\/\/www.formesrl.com\/wp-content\/uploads\/PMR005.png 460w, https:\/\/www.formesrl.com\/wp-content\/uploads\/PMR005-300x157.png 300w\" sizes=\"auto, (max-width: 460px) 100vw, 460px\" \/><\/td>\n<td class=\"cellatabellamateriale\">\n<table class=\"tabellamateriale\">\n<tbody>\n<tr>\n<th colspan=\"2\">TIPO PMR 005<\/th>\n<\/tr>\n<tr>\n<td class=\"etichettamateriale\">COJINETES:<\/td>\n<td class=\"materiale\"><\/td>\n<\/tr>\n<tr>\n<td class=\"etichettamateriale\">MR005<\/td>\n<td class=\"materiale\">MR025<\/td>\n<\/tr>\n<tr>\n<td class=\"etichettamateriale\">MR150<\/td>\n<td class=\"materiale\">MR125<\/td>\n<\/tr>\n<tr>\n<td class=\"fineetichettamateriale\"><\/td>\n<td class=\"finemateriale\"><\/td>\n<\/tr>\n<tr>\n<td class=\"etichettamateriale\">PESO:<\/td>\n<td class=\"materiale\">kg 1,90<\/td>\n<\/tr>\n<tr>\n<th class=\"download\" colspan=\"2\"><a href=\"\/img\/prodotti\/pdf\/PMR005.pdf\" target=\"_blank\"><img loading=\"lazy\" decoding=\"async\" src=\"\/img\/pdf.gif\" border=\"0\" alt=\"\" width=\"23\" height=\"24\" \/>DESCARGAR DISE\u00d1O T\u00c9CNICO<\/a><\/th>\n<\/tr>\n<tr>\n<td><\/td>\n<\/tr>\n<\/tbody>\n<\/table>\n<\/td>\n<\/tr>\n<\/tbody>\n<\/table>\n<table class=\"schedaprodotto\">\n<tbody>\n<tr>\n<td class=\"immaginescheda\"><img loading=\"lazy\" decoding=\"async\" class=\"alignnone size-full wp-image-1868\" title=\"PMR007\" src=\"https:\/\/www.formesrl.com\/wp-content\/uploads\/PMR007.png\" alt=\"\" width=\"460\" height=\"228\" srcset=\"https:\/\/www.formesrl.com\/wp-content\/uploads\/PMR007.png 460w, https:\/\/www.formesrl.com\/wp-content\/uploads\/PMR007-300x148.png 300w\" sizes=\"auto, (max-width: 460px) 100vw, 460px\" \/><\/td>\n<td class=\"cellatabellamateriale\">\n<table class=\"tabellamateriale\">\n<tbody>\n<tr>\n<th colspan=\"2\">TIPO PMR 007<\/th>\n<\/tr>\n<tr>\n<td class=\"etichettamateriale\">COJINETES:<\/td>\n<td class=\"materiale\"><\/td>\n<\/tr>\n<tr>\n<td class=\"etichettamateriale\">MR007<\/td>\n<td class=\"materiale\">MR027<\/td>\n<\/tr>\n<tr>\n<td class=\"etichettamateriale\">MR142<\/td>\n<td class=\"materiale\">MR127<\/td>\n<\/tr>\n<tr>\n<td class=\"etichettamateriale\">MR009<\/td>\n<td class=\"materiale\">MR029<\/td>\n<\/tr>\n<tr>\n<td class=\"etichettamateriale\">MR153<\/td>\n<td class=\"materiale\">MR129<\/td>\n<\/tr>\n<tr>\n<td class=\"fineetichettamateriale\"><\/td>\n<td class=\"finemateriale\"><\/td>\n<\/tr>\n<tr>\n<td class=\"etichettamateriale\">PESO:<\/td>\n<td class=\"materiale\">kg 2,70<\/td>\n<\/tr>\n<tr>\n<th class=\"download\" colspan=\"2\"><a href=\"\/img\/prodotti\/pdf\/PMR007.pdf\" target=\"_blank\"><img loading=\"lazy\" decoding=\"async\" src=\"\/img\/pdf.gif\" border=\"0\" alt=\"\" width=\"23\" height=\"24\" \/> DESCARGAR DISE\u00d1O T\u00c9CNICO<\/a><\/th>\n<\/tr>\n<tr>\n<td><\/td>\n<\/tr>\n<\/tbody>\n<\/table>\n<\/td>\n<\/tr>\n<\/tbody>\n<\/table>\n<table class=\"schedaprodotto\">\n<tbody>\n<tr>\n<td class=\"immaginescheda\"><img loading=\"lazy\" decoding=\"async\" class=\"alignnone size-full wp-image-1876\" title=\"PMR010\" src=\"https:\/\/www.formesrl.com\/wp-content\/uploads\/PMR010.png\" alt=\"\" width=\"460\" height=\"233\" srcset=\"https:\/\/www.formesrl.com\/wp-content\/uploads\/PMR010.png 460w, https:\/\/www.formesrl.com\/wp-content\/uploads\/PMR010-300x151.png 300w\" sizes=\"auto, (max-width: 460px) 100vw, 460px\" \/><\/td>\n<td class=\"cellatabellamateriale\">\n<table class=\"tabellamateriale\">\n<tbody>\n<tr>\n<th colspan=\"2\">TIPO PMR 010<\/th>\n<\/tr>\n<tr>\n<td class=\"etichettamateriale\">COJINETES:<\/td>\n<td class=\"materiale\"><\/td>\n<\/tr>\n<tr>\n<td class=\"etichettamateriale\">MR010<\/td>\n<td class=\"materiale\">MR030<\/td>\n<\/tr>\n<tr>\n<td class=\"etichettamateriale\">MR154<\/td>\n<td class=\"materiale\">MR130<\/td>\n<\/tr>\n<tr>\n<td class=\"fineetichettamateriale\"><\/td>\n<td class=\"finemateriale\"><\/td>\n<\/tr>\n<tr>\n<td class=\"etichettamateriale\">PESO:<\/td>\n<td class=\"materiale\">kg 4,20<\/td>\n<\/tr>\n<tr>\n<th class=\"download\" colspan=\"2\"><a href=\"\/img\/prodotti\/pdf\/PMR010.pdf\" target=\"_blank\"><img loading=\"lazy\" decoding=\"async\" src=\"\/img\/pdf.gif\" border=\"0\" alt=\"\" width=\"23\" height=\"24\" \/> DESCARGAR DISE\u00d1O T\u00c9CNICO<\/a><\/th>\n<\/tr>\n<tr>\n<td><\/td>\n<\/tr>\n<\/tbody>\n<\/table>\n<\/td>\n<\/tr>\n<\/tbody>\n<\/table>\n<p><\/p>","protected":false},"excerpt":{"rendered":"<p>Las placas de fijaci\u00f3n son componentes que se deben soldar en los pernos de los cojinetes. Permiten realizar montajes mec\u00e1nicos simples, modulares y de f\u00e1cil sustituci\u00f3n MATERIAL UNI Fe 360.C DIN S 235G2T W Nr. 1.0308 TIPO PMR 001 COJINETES: MR001 MR021 MR146 MR121 PESO: kg 0,25 DESCARGAR DISE\u00d1O T\u00c9CNICO TIPO PMR 002 COJINETES: MR002 [&hellip;]<\/p>\n","protected":false},"author":1,"featured_media":0,"parent":138,"menu_order":8,"comment_status":"open","ping_status":"open","template":"","meta":{"footnotes":""},"class_list":["post-132","page","type-page","status-publish","hentry"],"_links":{"self":[{"href":"https:\/\/www.formesrl.com\/es\/wp-json\/wp\/v2\/pages\/132","targetHints":{"allow":["GET"]}}],"collection":[{"href":"https:\/\/www.formesrl.com\/es\/wp-json\/wp\/v2\/pages"}],"about":[{"href":"https:\/\/www.formesrl.com\/es\/wp-json\/wp\/v2\/types\/page"}],"author":[{"embeddable":true,"href":"https:\/\/www.formesrl.com\/es\/wp-json\/wp\/v2\/users\/1"}],"replies":[{"embeddable":true,"href":"https:\/\/www.formesrl.com\/es\/wp-json\/wp\/v2\/comments?post=132"}],"version-history":[{"count":64,"href":"https:\/\/www.formesrl.com\/es\/wp-json\/wp\/v2\/pages\/132\/revisions"}],"predecessor-version":[{"id":3201,"href":"https:\/\/www.formesrl.com\/es\/wp-json\/wp\/v2\/pages\/132\/revisions\/3201"}],"up":[{"embeddable":true,"href":"https:\/\/www.formesrl.com\/es\/wp-json\/wp\/v2\/pages\/138"}],"wp:attachment":[{"href":"https:\/\/www.formesrl.com\/es\/wp-json\/wp\/v2\/media?parent=132"}],"curies":[{"name":"wp","href":"https:\/\/api.w.org\/{rel}","templated":true}]}}