
{"id":134,"date":"2010-05-12T14:48:51","date_gmt":"2010-05-12T14:48:51","guid":{"rendered":"http:\/\/www.formesrl.com\/prodotti\/cuscinetti"},"modified":"2013-12-10T09:00:15","modified_gmt":"2013-12-10T09:00:15","slug":"cuscinetti","status":"publish","type":"page","link":"https:\/\/www.formesrl.com\/es\/productos\/cojinetes\/","title":{"rendered":"Cojinetes"},"content":{"rendered":"<p><script type=\"text\/javascript\">\/\/ <![CDATA[\n\t\t$(document).ready(function() {\n\t\t\t$('#slider').s3Slider({\n\t\t\t\ttimeOut: 3000\n\t\t\t});\n\t\t});\n\/\/ ]]>;<\/script><\/p>\n<div id=\"slider\">\n<ul id=\"sliderContent\">\n<li class=\"sliderImage\"><img decoding=\"async\" src=\"\/bannerini\/banner-cuscinetti-tutti-part.jpg\" alt=\"\" \/><span class=\"bottom\"> <\/span><\/li>\n<li class=\"sliderImage\"><img decoding=\"async\" src=\"\/bannerini\/banner-cuscinetto-portate-elevate.jpg\" alt=\"\" \/><span class=\"bottom\"> <\/span><\/li>\n<li class=\"sliderImage\"><img decoding=\"async\" src=\"\/bannerini\/banner-cuscinetti-regolabili.jpg\" alt=\"\" \/><span class=\"bottom\"> <\/span><\/li>\n<li class=\"sliderImage\"><img decoding=\"async\" src=\"\/bannerini\/banner-cuscinetti-sfere.jpg\" alt=\"\" \/><span class=\"bottom\"> <\/span><\/li>\n<li class=\"sliderImage\"><img decoding=\"async\" src=\"\/bannerini\/banner-cuscinetti-piastre.jpg\" alt=\"\" \/><span class=\"bottom\"> <\/span><\/li>\n<li class=\"sliderImage\"><img decoding=\"async\" src=\"\/bannerini\/banner-cuscinetti-rotelle.jpg\" alt=\"\" \/><span class=\"bottom\"> <\/span><\/li>\n<li class=\"sliderImage\"><img decoding=\"async\" src=\"\/img\/trasparente.png\" alt=\"\" \/><span class=\"bottom\"> <\/span><\/li>\n<\/ul>\n<\/div>\n<p style=\"text-align: justify;\">La llegada en el mercado de los perfiles laminados para carretillas elevadoras ha impulsado la producci\u00f3n de cojinetes especiales. Estos cojinetes, considerados como ruedecillas, tienen la funci\u00f3n de soportara la carga y permitir su traslaci\u00f3n vertical o horizontal. Adem\u00e1s de las carretillas elevadoras, la aplicaci\u00f3n de cojinetes ha tenido mucho \u00e9xito en todos los sectores industriales y civiles, cuando se requiere el desplazamiento o la manipulaci\u00f3n de masas que constituyen la carga.<\/p>\n<p style=\"text-align: justify;\">La idea de optimizar espacios, prestaciones y precisi\u00f3n, ha generado el cojinete combinado de rodillos, que asegura una capacidad de carga radial superior a las prestaciones del correspondiente perfil.<br \/>\nA la elevada capacidad de carga radial, se suma una considerable capacidad lateral, a trav\u00e9s de un rodillo de contraste introducido en el espacio del cojinete.<\/p>\n<p style=\"text-align: justify;\">La gama de cojinetes especiales para perfiles ha aumentado en el tiempo, incluyendo los perfiles fresados y los perfiles compuestos. Actualmente se pueden elegir distintos tipos entre cojinetes combinados de rodillos, ruedecillas simples de rodillos con o sin perno y ruedecillas esf\u00e9ricas para cargas inferiores a 2 t..<\/p>\n<p><\/p>","protected":false},"excerpt":{"rendered":"<p>La llegada en el mercado de los perfiles laminados para carretillas elevadoras ha impulsado la producci\u00f3n de cojinetes especiales. Estos cojinetes, considerados como ruedecillas, tienen la funci\u00f3n de soportara la carga y permitir su traslaci\u00f3n vertical o horizontal. Adem\u00e1s de las carretillas elevadoras, la aplicaci\u00f3n de cojinetes ha tenido mucho \u00e9xito en todos los sectores [&hellip;]<\/p>\n","protected":false},"author":1,"featured_media":0,"parent":24,"menu_order":2,"comment_status":"open","ping_status":"open","template":"","meta":{"footnotes":""},"class_list":["post-134","page","type-page","status-publish","hentry"],"_links":{"self":[{"href":"https:\/\/www.formesrl.com\/es\/wp-json\/wp\/v2\/pages\/134","targetHints":{"allow":["GET"]}}],"collection":[{"href":"https:\/\/www.formesrl.com\/es\/wp-json\/wp\/v2\/pages"}],"about":[{"href":"https:\/\/www.formesrl.com\/es\/wp-json\/wp\/v2\/types\/page"}],"author":[{"embeddable":true,"href":"https:\/\/www.formesrl.com\/es\/wp-json\/wp\/v2\/users\/1"}],"replies":[{"embeddable":true,"href":"https:\/\/www.formesrl.com\/es\/wp-json\/wp\/v2\/comments?post=134"}],"version-history":[{"count":37,"href":"https:\/\/www.formesrl.com\/es\/wp-json\/wp\/v2\/pages\/134\/revisions"}],"predecessor-version":[{"id":3223,"href":"https:\/\/www.formesrl.com\/es\/wp-json\/wp\/v2\/pages\/134\/revisions\/3223"}],"up":[{"embeddable":true,"href":"https:\/\/www.formesrl.com\/es\/wp-json\/wp\/v2\/pages\/24"}],"wp:attachment":[{"href":"https:\/\/www.formesrl.com\/es\/wp-json\/wp\/v2\/media?parent=134"}],"curies":[{"name":"wp","href":"https:\/\/api.w.org\/{rel}","templated":true}]}}