
{"id":138,"date":"2010-05-12T15:13:01","date_gmt":"2010-05-12T15:13:01","guid":{"rendered":"http:\/\/www.formesrl.com\/?page_id=138"},"modified":"2023-08-07T10:01:50","modified_gmt":"2023-08-07T10:01:50","slug":"cuscinetti-a-rulli-cilindrici","status":"publish","type":"page","link":"https:\/\/www.formesrl.com\/es\/productos\/cojinetes\/cojinetes-de-rodillos-cilindricos\/","title":{"rendered":"Cojinetes de rodillos cil\u00edndricos"},"content":{"rendered":"<p><img decoding=\"async\" class=\"aligncenter size-full wp-image-1111\" title=\"Pag16\" alt=\"width=\" src=\"https:\/\/www.formesrl.com\/wp-content\/uploads\/Pag16.png\" height=\"426\" \/><br \/>\nLa capacidad de carga de los cojinetes combinados y de las ruedecillas se ha calculado seg\u00fan las normas DIN\/ISO 281\/1 e ISO 76; las tolerancias dimensionales respetan la norma DIN 620.<br \/>\nLa realizaci\u00f3n de rodillos de completo llenado asegura la m\u00e1xima capacidad de carga. La elecci\u00f3n de aceros ligados de cementaci\u00f3n, cementados y forjados, para fabricar los anillos exteriores de los cojinetes, permite su uso en presencia de posibles golpes que podr\u00edan sufrir durante el uso.<br \/>\nLa estanqueidad del tipo ZRS (pantalla y goma) proporciona a los cojinetes una s\u00f3lida protecci\u00f3n de la suciedad y una buena estanqueidad del lubricante interior.<br \/>\nLos cojinetes son reengrasables con grasa de litio de grado \u201c3\u2033.<\/p>\n<div class=\"blocchettopagina clear\">\n<div class=\"titoloblocchetto\">\n<h3>Cojinetes Combinados Fijos<\/h3>\n<\/div>\n<div class=\"blocchettosx\"><a href=\"https:\/\/www.formesrl.com\/es\/productos\/cojinetes\/cojinetes-de-rodillos-cilindricos\/combinados-fijos-para-perfiles-en-c\"><img loading=\"lazy\" decoding=\"async\" class=\"alignnone size-full wp-image-1835\" title=\"mini-cuscinetti-combinati-fissi\" alt=\"\" src=\"https:\/\/www.formesrl.com\/wp-content\/uploads\/mini-cuscinetti-combinati-fissi.jpg\" width=\"308\" height=\"106\" srcset=\"https:\/\/www.formesrl.com\/wp-content\/uploads\/mini-cuscinetti-combinati-fissi.jpg 308w, https:\/\/www.formesrl.com\/wp-content\/uploads\/mini-cuscinetti-combinati-fissi-300x103.jpg 300w\" sizes=\"auto, (max-width: 308px) 100vw, 308px\" \/><\/a><a href=\"https:\/\/www.formesrl.com\/es\/productos\/cojinetes\/cojinetes-de-rodillos-cilindricos\/combinados-fijos-para-perfiles-en-i\"><img loading=\"lazy\" decoding=\"async\" class=\"alignnone size-full wp-image-1836\" title=\"mini-cuscinetti-combinati-fissi-particolare\" alt=\"\" src=\"https:\/\/www.formesrl.com\/wp-content\/uploads\/mini-cuscinetti-combinati-fissi-particolare.jpg\" width=\"308\" height=\"106\" srcset=\"https:\/\/www.formesrl.com\/wp-content\/uploads\/mini-cuscinetti-combinati-fissi-particolare.jpg 308w, https:\/\/www.formesrl.com\/wp-content\/uploads\/mini-cuscinetti-combinati-fissi-particolare-300x103.jpg 300w\" sizes=\"auto, (max-width: 308px) 100vw, 308px\" \/><\/a><\/div>\n<div class=\"blocchettodx\">\n<p>Con una mejor relaci\u00f3n dimensi\u00f3n\/prestaci\u00f3n, representan la elecci\u00f3n \u00f3ptima para los usos gen\u00e9ricos de elevaci\u00f3n y manipulaci\u00f3n combinada con un coste relativamente bajo.<br \/>\n<a href=\"https:\/\/www.formesrl.com\/es\/productos\/cojinetes\/cojinetes-de-rodillos-cilindricos\/combinados-fijos-para-perfiles-en-c\">Ficha T\u00e9cnica Combinados fijos para perfiles en C<\/a><\/p>\n<p><a href=\"https:\/\/www.formesrl.com\/es\/productos\/cojinetes\/cojinetes-de-rodillos-cilindricos\/combinados-fijos-para-perfiles-en-i\">Ficha T\u00e9cnica Combinados fijos para perfiles en I<\/a><\/p>\n<p><a href=\"https:\/\/www.formesrl.com\/es\/productos\/cojinetes\/cojinetes-de-rodillos-cilindricos\/combinados-fijos-para-perfiles-en-c-calibrados\">Ficha T\u00e9cnica Combinados fijos para perfiles en C calibrados<\/a><\/p>\n<\/div>\n<\/div>\n<div class=\"blocchettopagina clear\">\n<div class=\"titoloblocchetto\">\n<h3>Cojinetes Combinados Ajustables<\/h3>\n<\/div>\n<div class=\"blocchettosx\"><a href=\"https:\/\/www.formesrl.com\/es\/productos\/cojinetes\/cojinetes-de-rodillos-cilindricos\/combinados-ajustables\"><img loading=\"lazy\" decoding=\"async\" class=\"alignnone size-full wp-image-1838\" title=\"mini-cuscinetti-combinati-registrabili\" alt=\"\" src=\"https:\/\/www.formesrl.com\/wp-content\/uploads\/mini-cuscinetti-combinati-registrabili.jpg\" width=\"308\" height=\"106\" srcset=\"https:\/\/www.formesrl.com\/wp-content\/uploads\/mini-cuscinetti-combinati-registrabili.jpg 308w, https:\/\/www.formesrl.com\/wp-content\/uploads\/mini-cuscinetti-combinati-registrabili-300x103.jpg 300w\" sizes=\"auto, (max-width: 308px) 100vw, 308px\" \/><\/a><\/div>\n<div class=\"blocchettodx\">\n<p>Representan la evoluci\u00f3n alternativa a la aplicaci\u00f3n del cojinete combinado fijo, que se puede utilizar cuando se requiere precisi\u00f3n de movimiento con posibilidad de un sucesivo ajuste lateral.<\/p>\n<p><a href=\"https:\/\/www.formesrl.com\/es\/productos\/cojinetes\/cojinetes-de-rodillos-cilindricos\/combinados-ajustables\">Ficha T\u00e9cnica Combinados ajustables<\/a><\/p>\n<\/div>\n<\/div>\n<div class=\"blocchettopagina clear\">\n<div class=\"titoloblocchetto\">\n<h3>Cojinetes Combinados Ajustables para Elevadas Capacidades<\/h3>\n<\/div>\n<div class=\"blocchettosx\"><a href=\"https:\/\/www.formesrl.com\/es\/productos\/cojinetes\/cojinetes-de-rodillos-cilindricos\/combinados-ajustables-para-elevadas-capacidades\"><img loading=\"lazy\" decoding=\"async\" class=\"alignnone size-full wp-image-1963\" title=\"mini-registrabili-portate-elevate\" alt=\"\" src=\"https:\/\/www.formesrl.com\/wp-content\/uploads\/mini-registrabili-portate-elevate.jpg\" width=\"308\" height=\"106\" srcset=\"https:\/\/www.formesrl.com\/wp-content\/uploads\/mini-registrabili-portate-elevate.jpg 308w, https:\/\/www.formesrl.com\/wp-content\/uploads\/mini-registrabili-portate-elevate-300x103.jpg 300w\" sizes=\"auto, (max-width: 308px) 100vw, 308px\" \/><\/a><\/div>\n<div class=\"blocchettodx\">\n<p>Se han desarrollados junto con los perfiles compuestos, igualmente id\u00f3neos para la manipulaci\u00f3n de grandes cargas optimizando los espacios. Presentan la peculiaridad de incorporar el rodillo de contraste ajustable en 8 posiciones.<\/p>\n<p><a href=\"https:\/\/www.formesrl.com\/es\/productos\/cojinetes\/cojinetes-de-rodillos-cilindricos\/combinados-ajustables-para-elevadas-capacidades\">Ficha T\u00e9cnica Combinados ajustables para elevadas capacidades C<\/a><\/p>\n<\/div>\n<\/div>\n<div class=\"blocchettopagina clear\">\n<div class=\"titoloblocchetto\">\n<h3>Ruedecillas con Perno<\/h3>\n<\/div>\n<div class=\"blocchettosx\"><a href=\"https:\/\/www.formesrl.com\/es\/productos\/cojinetes\/cojinetes-de-rodillos-cilindricos\/ruedecillas-con-perno\"><img loading=\"lazy\" decoding=\"async\" class=\"alignnone size-full wp-image-1840\" title=\"mini-rotelle-con-perno\" alt=\"\" src=\"https:\/\/www.formesrl.com\/wp-content\/uploads\/mini-rotelle-con-perno.jpg\" width=\"308\" height=\"106\" srcset=\"https:\/\/www.formesrl.com\/wp-content\/uploads\/mini-rotelle-con-perno.jpg 308w, https:\/\/www.formesrl.com\/wp-content\/uploads\/mini-rotelle-con-perno-300x103.jpg 300w\" sizes=\"auto, (max-width: 308px) 100vw, 308px\" \/><\/a><\/div>\n<div class=\"blocchettodx\">\n<p>Presentan la misma capacidad radial de los cojinetes combinados de los cuales derivan. Para utilizar en las aplicaciones que no necesitan contraste lateral de la carga o cuando la gu\u00eda lateral se realiza a trav\u00e9s de un sistema aut\u00f3nomo.<\/p>\n<p><a href=\"https:\/\/www.formesrl.com\/es\/productos\/cojinetes\/cojinetes-de-rodillos-cilindricos\/ruedecillas-con-perno\">Ficha T\u00e9cnica Ruedecillas con perno<\/a><\/p>\n<\/div>\n<\/div>\n<div class=\"blocchettopagina clear\">\n<div class=\"titoloblocchetto\">\n<h3>Planchas para Cojinetes<\/h3>\n<\/div>\n<div class=\"blocchettosx\"><a href=\"https:\/\/www.formesrl.com\/es\/productos\/cojinetes\/cojinetes-de-rodillos-cilindricos\/planchas-para-cojinetes-combinados\"><img loading=\"lazy\" decoding=\"async\" class=\"alignnone size-full wp-image-1842\" title=\"mini-piastre-portacuscinetto\" alt=\"\" src=\"https:\/\/www.formesrl.com\/wp-content\/uploads\/mini-piastre-portacuscinetto.jpg\" width=\"308\" height=\"106\" srcset=\"https:\/\/www.formesrl.com\/wp-content\/uploads\/mini-piastre-portacuscinetto.jpg 308w, https:\/\/www.formesrl.com\/wp-content\/uploads\/mini-piastre-portacuscinetto-300x103.jpg 300w\" sizes=\"auto, (max-width: 308px) 100vw, 308px\" \/><\/a><\/div>\n<div class=\"blocchettodx\">\n<p>Combinadas con cojinetes combinados o ruedecillas con perno, permiten el montaje con bulones. Esta caracter\u00edstica resulta muy valorada en los sistemas de automaci\u00f3n y manipulaci\u00f3n, ya que facilita las sucesivas intervenciones de mantenimiento.<\/p>\n<p><a href=\"https:\/\/www.formesrl.com\/es\/productos\/cojinetes\/cojinetes-de-rodillos-cilindricos\/planchas-para-cojinetes-combinados\">Ficha T\u00e9cnica Planchas para cojinetes combinados<\/a><\/p>\n<\/div>\n<\/div>\n<p><\/p>","protected":false},"excerpt":{"rendered":"<p>La capacidad de carga de los cojinetes combinados y de las ruedecillas se ha calculado seg\u00fan las normas DIN\/ISO 281\/1 e ISO 76; las tolerancias dimensionales respetan la norma DIN 620. La realizaci\u00f3n de rodillos de completo llenado asegura la m\u00e1xima capacidad de carga. La elecci\u00f3n de aceros ligados de cementaci\u00f3n, cementados y forjados, para [&hellip;]<\/p>\n","protected":false},"author":1,"featured_media":0,"parent":134,"menu_order":2,"comment_status":"open","ping_status":"open","template":"","meta":{"footnotes":""},"class_list":["post-138","page","type-page","status-publish","hentry"],"_links":{"self":[{"href":"https:\/\/www.formesrl.com\/es\/wp-json\/wp\/v2\/pages\/138","targetHints":{"allow":["GET"]}}],"collection":[{"href":"https:\/\/www.formesrl.com\/es\/wp-json\/wp\/v2\/pages"}],"about":[{"href":"https:\/\/www.formesrl.com\/es\/wp-json\/wp\/v2\/types\/page"}],"author":[{"embeddable":true,"href":"https:\/\/www.formesrl.com\/es\/wp-json\/wp\/v2\/users\/1"}],"replies":[{"embeddable":true,"href":"https:\/\/www.formesrl.com\/es\/wp-json\/wp\/v2\/comments?post=138"}],"version-history":[{"count":63,"href":"https:\/\/www.formesrl.com\/es\/wp-json\/wp\/v2\/pages\/138\/revisions"}],"predecessor-version":[{"id":3530,"href":"https:\/\/www.formesrl.com\/es\/wp-json\/wp\/v2\/pages\/138\/revisions\/3530"}],"up":[{"embeddable":true,"href":"https:\/\/www.formesrl.com\/es\/wp-json\/wp\/v2\/pages\/134"}],"wp:attachment":[{"href":"https:\/\/www.formesrl.com\/es\/wp-json\/wp\/v2\/media?parent=138"}],"curies":[{"name":"wp","href":"https:\/\/api.w.org\/{rel}","templated":true}]}}