
{"id":142,"date":"2010-05-12T15:17:01","date_gmt":"2010-05-12T15:17:01","guid":{"rendered":"http:\/\/www.formesrl.com\/?page_id=142"},"modified":"2023-08-07T09:53:35","modified_gmt":"2023-08-07T09:53:35","slug":"cuscinetti-a-sfere","status":"publish","type":"page","link":"https:\/\/www.formesrl.com\/es\/productos\/cojinetes\/cojinetes-de-esferas\/","title":{"rendered":"Cojinetes de Esferas"},"content":{"rendered":"<p><img loading=\"lazy\" decoding=\"async\" class=\"alignnone size-full wp-image-2037\" title=\"banner-cusc-sfere1\" alt=\"\" src=\"https:\/\/www.formesrl.com\/wp-content\/uploads\/banner-cusc-sfere1.jpg\" width=\"640\" height=\"178\" srcset=\"https:\/\/www.formesrl.com\/wp-content\/uploads\/banner-cusc-sfere1.jpg 640w, https:\/\/www.formesrl.com\/wp-content\/uploads\/banner-cusc-sfere1-300x83.jpg 300w\" sizes=\"auto, (max-width: 640px) 100vw, 640px\" \/><\/p>\n<div class=\"blocchettopagina clear\">\n<div class=\"titoloblocchetto\">\n<h3>Cojinetes de esferas<\/h3>\n<\/div>\n<div class=\"blocchettosx\"><a href=\"https:\/\/www.formesrl.com\/es\/productos\/cojinetes\/cojinetes-de-esferas\/cojinete-de-esferas\"><img loading=\"lazy\" decoding=\"async\" class=\"alignnone size-full wp-image-1720\" title=\"mini-cuscinetti-sfera\" alt=\"\" src=\"https:\/\/www.formesrl.com\/wp-content\/uploads\/mini-cuscinetti-sfera.jpg\" width=\"308\" height=\"106\" srcset=\"https:\/\/www.formesrl.com\/wp-content\/uploads\/mini-cuscinetti-sfera.jpg 308w, https:\/\/www.formesrl.com\/wp-content\/uploads\/mini-cuscinetti-sfera-300x103.jpg 300w\" sizes=\"auto, (max-width: 308px) 100vw, 308px\" \/><\/a><a href=\"https:\/\/www.formesrl.com\/es\/productos\/cojinetes\/cojinetes-de-esferas\/cojinete-de-esferas\"><img loading=\"lazy\" decoding=\"async\" class=\"alignnone size-full wp-image-2043\" title=\"mini-cuscinetti-sfere-particolare\" alt=\"\" src=\"https:\/\/www.formesrl.com\/wp-content\/uploads\/mini-cuscinetti-sfere-particolare.jpg\" width=\"308\" height=\"106\" srcset=\"https:\/\/www.formesrl.com\/wp-content\/uploads\/mini-cuscinetti-sfere-particolare.jpg 308w, https:\/\/www.formesrl.com\/wp-content\/uploads\/mini-cuscinetti-sfere-particolare-300x103.jpg 300w\" sizes=\"auto, (max-width: 308px) 100vw, 308px\" \/><\/a><\/div>\n<div class=\"blocchettodx\">\n<p style=\"text-align: justify;\">Los cojinetes de esferas de la serie MRS, calculados seg\u00fan la normativa DIN-ISO 620, est\u00e1n destinados para el uso en los perfiles de acero tipo EC y ET e id\u00f3neos para la construcci\u00f3n de montantes, para carretillas de peque\u00f1a capacidad.<br \/>\nEl anillo exterior fabricado de cementaci\u00f3n y la secci\u00f3n de elevado espesor presenta la superficie exterior convexa, perfectamente conectada con el lateral frontal.<br \/>\nLos cojinetes de esferas son estancos del tipo 2RS y lubricados con grasa de litio de grado \u00ab3\u00bb.<\/p>\n<p style=\"text-align: justify;\"><a href=\"https:\/\/www.formesrl.com\/es\/productos\/cojinetes\/cojinetes-de-esferas\/cojinete-de-esferas\">Ficha T\u00e9cnica Cojinetes de esferas<\/a><\/p>\n<\/div>\n<\/div>\n<div class=\"blocchettopagina clear\">\n<div class=\"titoloblocchetto\">\n<h3>Grupos de gu\u00eda<\/h3>\n<\/div>\n<div class=\"blocchettosx\"><a href=\"https:\/\/www.formesrl.com\/es\/productos\/cojinetes\/cojinetes-de-esferas\/grupos-de-guia\"><img loading=\"lazy\" decoding=\"async\" class=\"alignnone size-full wp-image-1845\" title=\"mini-gruppi-di-guida\" alt=\"\" src=\"https:\/\/www.formesrl.com\/wp-content\/uploads\/mini-gruppi-di-guida.jpg\" width=\"308\" height=\"106\" srcset=\"https:\/\/www.formesrl.com\/wp-content\/uploads\/mini-gruppi-di-guida.jpg 308w, https:\/\/www.formesrl.com\/wp-content\/uploads\/mini-gruppi-di-guida-300x103.jpg 300w\" sizes=\"auto, (max-width: 308px) 100vw, 308px\" \/><\/a><a href=\"https:\/\/www.formesrl.com\/es\/productos\/cojinetes\/cojinetes-de-esferas\/grupos-de-guia\"><img loading=\"lazy\" decoding=\"async\" class=\"alignnone size-full wp-image-2041\" title=\"mini-cuscinetti-regolabili\" alt=\"\" src=\"https:\/\/www.formesrl.com\/wp-content\/uploads\/mini-cuscinetti-regolabili.jpg\" width=\"308\" height=\"106\" srcset=\"https:\/\/www.formesrl.com\/wp-content\/uploads\/mini-cuscinetti-regolabili.jpg 308w, https:\/\/www.formesrl.com\/wp-content\/uploads\/mini-cuscinetti-regolabili-300x103.jpg 300w\" sizes=\"auto, (max-width: 308px) 100vw, 308px\" \/><\/a><\/div>\n<div class=\"blocchettodx\">\n<p style=\"text-align: justify;\">Los grupos de gu\u00eda de esferas son la elecci\u00f3n econ\u00f3mica \u00f3ptima para fabricar los montantes y los sistemas de manipulaci\u00f3n de cargas hasta 2 t combinados con los correspondientes perfiles.<br \/>\nEl contraste a los empujes laterales se compensa con un pat\u00edn de poliamida de alta resistencia.<br \/>\nEl ajuste del eje se realiza mediante interposici\u00f3n de anillos estampados entre perno y ruedecilla o con una espiga y disco que act\u00faa sobre el pat\u00edn.<\/p>\n<p style=\"text-align: justify;\"><a href=\"https:\/\/www.formesrl.com\/es\/productos\/cojinetes\/cojinetes-de-esferas\/grupos-de-guia\">Ficha T\u00e9cnica Grupos de gu\u00eda<\/a><\/p>\n<\/div>\n<\/div>\n<p><\/p>","protected":false},"excerpt":{"rendered":"<p>Cojinetes de esferas Los cojinetes de esferas de la serie MRS, calculados seg\u00fan la normativa DIN-ISO 620, est\u00e1n destinados para el uso en los perfiles de acero tipo EC y ET e id\u00f3neos para la construcci\u00f3n de montantes, para carretillas de peque\u00f1a capacidad. El anillo exterior fabricado de cementaci\u00f3n y la secci\u00f3n de elevado espesor [&hellip;]<\/p>\n","protected":false},"author":1,"featured_media":0,"parent":134,"menu_order":2,"comment_status":"open","ping_status":"open","template":"","meta":{"footnotes":""},"class_list":["post-142","page","type-page","status-publish","hentry"],"_links":{"self":[{"href":"https:\/\/www.formesrl.com\/es\/wp-json\/wp\/v2\/pages\/142","targetHints":{"allow":["GET"]}}],"collection":[{"href":"https:\/\/www.formesrl.com\/es\/wp-json\/wp\/v2\/pages"}],"about":[{"href":"https:\/\/www.formesrl.com\/es\/wp-json\/wp\/v2\/types\/page"}],"author":[{"embeddable":true,"href":"https:\/\/www.formesrl.com\/es\/wp-json\/wp\/v2\/users\/1"}],"replies":[{"embeddable":true,"href":"https:\/\/www.formesrl.com\/es\/wp-json\/wp\/v2\/comments?post=142"}],"version-history":[{"count":47,"href":"https:\/\/www.formesrl.com\/es\/wp-json\/wp\/v2\/pages\/142\/revisions"}],"predecessor-version":[{"id":3528,"href":"https:\/\/www.formesrl.com\/es\/wp-json\/wp\/v2\/pages\/142\/revisions\/3528"}],"up":[{"embeddable":true,"href":"https:\/\/www.formesrl.com\/es\/wp-json\/wp\/v2\/pages\/134"}],"wp:attachment":[{"href":"https:\/\/www.formesrl.com\/es\/wp-json\/wp\/v2\/media?parent=142"}],"curies":[{"name":"wp","href":"https:\/\/api.w.org\/{rel}","templated":true}]}}