
{"id":158,"date":"2010-05-12T16:10:39","date_gmt":"2010-05-12T16:10:39","guid":{"rendered":"http:\/\/www.formesrl.com\/?page_id=158"},"modified":"2015-09-25T14:20:53","modified_gmt":"2015-09-25T14:20:53","slug":"cuscinetti-a-sfere","status":"publish","type":"page","link":"https:\/\/www.formesrl.com\/es\/productos\/cojinetes\/cojinetes-de-esferas\/cojinete-de-esferas\/","title":{"rendered":"Ficha T\u00e9cnica Cojinetes de esferas"},"content":{"rendered":"<p><\/p>\n<table class=\"schedaprodotto\">\n<tbody>\n<tr>\n<td class=\"immaginescheda\"><img loading=\"lazy\" decoding=\"async\" class=\"alignnone size-full wp-image-1694\" title=\"MRS\" alt=\"\" src=\"https:\/\/www.formesrl.com\/wp-content\/uploads\/MRS.png\" width=\"330\" height=\"356\" srcset=\"https:\/\/www.formesrl.com\/wp-content\/uploads\/MRS.png 330w, https:\/\/www.formesrl.com\/wp-content\/uploads\/MRS-278x300.png 278w\" sizes=\"auto, (max-width: 330px) 100vw, 330px\" \/><\/td>\n<td class=\"cellatabellamateriale\">\n<table class=\"tabellamateriale\">\n<tbody>\n<tr>\n<th colspan=\"2\">MATERIAL<\/th>\n<\/tr>\n<tr>\n<td class=\"etichettamateriale\">Anillos exteriores<\/td>\n<td class=\"materiale\">ACERO UNI 17MnCr5\/<br \/>\nDIN 17MnCr5\/ WNr.1.3521<br \/>\n(CTRs 58\u00f760HRc)<\/td>\n<\/tr>\n<tr>\n<td class=\"etichettamateriale\">Anillos interiores<\/td>\n<td class=\"materiale\">ACERO UNI 100Cr6\/<br \/>\nDIN 100Cr6\/ WNr.1.3505<br \/>\n(TRs 60\u00f762 HRc)<\/td>\n<\/tr>\n<tr>\n<td class=\"fineetichettamateriale\">Esferas<\/td>\n<td class=\"finemateriale\">ACERO UNI 100Cr6\/<br \/>\nDIN 100Cr6\/ WNr.1.3505<br \/>\n(TRs 61\u00f763 HRc)<\/td>\n<\/tr>\n<tr>\n<th class=\"download\" colspan=\"2\"><a href=\"\/img\/prodotti\/pdf\/CUSCINETTI A SFEREES.pdf\" target=\"_blank\"><img loading=\"lazy\" decoding=\"async\" alt=\"\" src=\"\/img\/pdf.gif\" width=\"23\" height=\"24\" border=\"0\" \/>DESCARGAR P\u00c1GINA<\/a><\/th>\n<\/tr>\n<tr>\n<td><\/td>\n<td><\/td>\n<td><\/td>\n<\/tr>\n<\/tbody>\n<\/table>\n<\/td>\n<\/tr>\n<\/tbody>\n<\/table>\n<h4>TOLERANCIAS DIMENSIONALES, JUEGOS, CAPACIDAD DE CARGA<\/h4>\n<table class=\"schedaprodotto\">\n<tbody>\n<tr>\n<td>Tolerancias de elaboraci\u00f3n<br \/>\nClase de precisi\u00f3n<br \/>\nJuegos radiales<br \/>\nCoeficientes de carga<\/td>\n<td>Seg\u00fan Norma DIN 620.<br \/>\nP \u00abO\u00bb.<br \/>\nSeg\u00fan Norma DIN 620.<br \/>\nSe han calculado utilizando las normas DIN &#8211; ISO 281\/1\/ DIN &#8211; ISO 76.<\/td>\n<\/tr>\n<\/tbody>\n<\/table>\n<table class=\"tabellaprodotto\">\n<tbody>\n<tr class=\"rigabianca\" align=\"center\">\n<td class=\"intestazionitabella\"><img decoding=\"async\" alt=\"\" src=\"\/img\/diapo_logo.jpg\" \/><\/td>\n<td class=\"intestazionitabella\" colspan=\"4\">Dimensiones<\/td>\n<td class=\"intestazionitabella\" colspan=\"2\">Capacidad<br \/>\nde Carga<\/td>\n<td class=\"intestazionitabella\" rowspan=\"2\">Peso<br \/>\ng<\/td>\n<td class=\"intestazionitabella\" rowspan=\"2\">Perfil \u2013 Tipo<\/td>\n<\/tr>\n<tr class=\"rigabianca\" align=\"center\">\n<td class=\"intestazionitabella\">TIPO<\/td>\n<td class=\"intestazionitabella\">d<br \/>\nmm<\/td>\n<td class=\"intestazionitabella\">D<br \/>\nmm<\/td>\n<td class=\"intestazionitabella\">B<br \/>\nmm<\/td>\n<td class=\"intestazionitabella\">R<br \/>\nmm<\/td>\n<td class=\"intestazionitabella\">C<br \/>\nKN<\/td>\n<td class=\"intestazionitabella\">C<sub>0<\/sub><br \/>\nKN<\/td>\n<\/tr>\n<tr class=\"rigabianca\" align=\"center\">\n<td class=\"codiceprodotto\">MRS 900<\/td>\n<td class=\"datonumerico\">25<\/td>\n<td class=\"datonumerico\">52,4<\/td>\n<td class=\"datonumerico\">17<\/td>\n<td class=\"datonumerico\">3<\/td>\n<td class=\"datonumerico\">7,2<\/td>\n<td class=\"datonumerico\">5<\/td>\n<td class=\"datonumerico\">170<\/td>\n<td class=\"sinistra\">EC 053<\/td>\n<\/tr>\n<tr class=\"rigadispari\" align=\"center\">\n<td class=\"codiceprodotto\">MRS 948<\/td>\n<td class=\"datonumerico\">25<\/td>\n<td class=\"datonumerico\">62,4<\/td>\n<td class=\"datonumerico\">20<\/td>\n<td class=\"datonumerico\">3<\/td>\n<td class=\"datonumerico\">14,3<\/td>\n<td class=\"datonumerico\">9,7<\/td>\n<td class=\"datonumerico\">320<\/td>\n<td class=\"sinistra\">EC062 (2890)<\/td>\n<\/tr>\n<tr class=\"rigabianca\" align=\"center\">\n<td class=\"codiceprodotto\">MRS 901<\/td>\n<td class=\"datonumerico\">30<\/td>\n<td class=\"datonumerico\">70<\/td>\n<td class=\"datonumerico\">22<\/td>\n<td class=\"datonumerico\">5<\/td>\n<td class=\"datonumerico\">19,6<\/td>\n<td class=\"datonumerico\">13,7<\/td>\n<td class=\"datonumerico\">400<\/td>\n<td class=\"sinistra\">EC070 (2867)-ET070 (3018)<\/td>\n<\/tr>\n<tr class=\"rigadispari\" align=\"center\">\n<td class=\"codiceprodotto\">MRS 907<\/td>\n<td class=\"datonumerico\">30<\/td>\n<td class=\"datonumerico\">78<\/td>\n<td class=\"datonumerico\">22<\/td>\n<td class=\"datonumerico\">5<\/td>\n<td class=\"datonumerico\">19,6<\/td>\n<td class=\"datonumerico\">13,7<\/td>\n<td class=\"datonumerico\">565<\/td>\n<td class=\"sinistra\">EC078 (2810) &#8211; ET078 (3019)<\/td>\n<\/tr>\n<\/tbody>\n<\/table>\n<p><\/p>","protected":false},"excerpt":{"rendered":"<p>MATERIAL Anillos exteriores ACERO UNI 17MnCr5\/ DIN 17MnCr5\/ WNr.1.3521 (CTRs 58\u00f760HRc) Anillos interiores ACERO UNI 100Cr6\/ DIN 100Cr6\/ WNr.1.3505 (TRs 60\u00f762 HRc) Esferas ACERO UNI 100Cr6\/ DIN 100Cr6\/ WNr.1.3505 (TRs 61\u00f763 HRc) DESCARGAR P\u00c1GINA TOLERANCIAS DIMENSIONALES, JUEGOS, CAPACIDAD DE CARGA Tolerancias de elaboraci\u00f3n Clase de precisi\u00f3n Juegos radiales Coeficientes de carga Seg\u00fan Norma DIN 620. [&hellip;]<\/p>\n","protected":false},"author":1,"featured_media":0,"parent":142,"menu_order":1,"comment_status":"open","ping_status":"open","template":"","meta":{"footnotes":""},"class_list":["post-158","page","type-page","status-publish","hentry"],"_links":{"self":[{"href":"https:\/\/www.formesrl.com\/es\/wp-json\/wp\/v2\/pages\/158","targetHints":{"allow":["GET"]}}],"collection":[{"href":"https:\/\/www.formesrl.com\/es\/wp-json\/wp\/v2\/pages"}],"about":[{"href":"https:\/\/www.formesrl.com\/es\/wp-json\/wp\/v2\/types\/page"}],"author":[{"embeddable":true,"href":"https:\/\/www.formesrl.com\/es\/wp-json\/wp\/v2\/users\/1"}],"replies":[{"embeddable":true,"href":"https:\/\/www.formesrl.com\/es\/wp-json\/wp\/v2\/comments?post=158"}],"version-history":[{"count":37,"href":"https:\/\/www.formesrl.com\/es\/wp-json\/wp\/v2\/pages\/158\/revisions"}],"predecessor-version":[{"id":1088,"href":"https:\/\/www.formesrl.com\/es\/wp-json\/wp\/v2\/pages\/158\/revisions\/1088"}],"up":[{"embeddable":true,"href":"https:\/\/www.formesrl.com\/es\/wp-json\/wp\/v2\/pages\/142"}],"wp:attachment":[{"href":"https:\/\/www.formesrl.com\/es\/wp-json\/wp\/v2\/media?parent=158"}],"curies":[{"name":"wp","href":"https:\/\/api.w.org\/{rel}","templated":true}]}}