
{"id":225,"date":"2010-05-20T15:05:14","date_gmt":"2010-05-20T15:05:14","guid":{"rendered":"http:\/\/www.formesrl.com\/?page_id=225"},"modified":"2023-08-07T09:00:04","modified_gmt":"2023-08-07T09:00:04","slug":"profili-laminati","status":"publish","type":"page","link":"https:\/\/www.formesrl.com\/es\/productos\/perfiles-de-acero\/perfiles-laminados\/","title":{"rendered":"Perfiles laminados"},"content":{"rendered":"<p><img decoding=\"async\" class=\"bannerpagina\" src=\"\/bannerini\/tutti.jpg\" alt=\"\" \/><\/p>\n<div class=\"blocchettopagina clear\">\n<div class=\"titoloblocchetto\" style=\"width: 640px;\">\n<h3>Perfiles Laminados en Caliente en \u00abC\u00bb<\/h3>\n<\/div>\n<div class=\"blocchettosx\">\n<p><a href=\"https:\/\/www.formesrl.com\/es\/productos\/perfiles-de-acero\/perfiles-laminados\/laminados-en-caliente-en-c\"><img loading=\"lazy\" decoding=\"async\" class=\"alignnone size-full wp-image-1678\" title=\"profili-a-c\" src=\"https:\/\/www.formesrl.com\/wp-content\/uploads\/profili-a-c.jpg\" alt=\"Profili laminati a caldo a C\" width=\"308\" height=\"106\" srcset=\"https:\/\/www.formesrl.com\/wp-content\/uploads\/profili-a-c.jpg 308w, https:\/\/www.formesrl.com\/wp-content\/uploads\/profili-a-c-300x103.jpg 300w\" sizes=\"auto, (max-width: 308px) 100vw, 308px\" \/><\/a><\/p>\n<\/div>\n<div class=\"blocchettodx\">\n<p>Secci\u00f3n en \u201cC\u201d estructurada.<br \/>\nPrincipalmente destinada a la construcci\u00f3n de columnas de elevaci\u00f3n y gu\u00edas horizontales de los sistemas de manipulaci\u00f3n con capacidades de 1 a 8 t<\/p>\n<p><a href=\"https:\/\/www.formesrl.com\/es\/productos\/perfiles-de-acero\/perfiles-laminados\/laminados-en-caliente-en-c\/\">Ficha T\u00e9cnica Laminados en C<\/a><\/p>\n<\/div>\n<\/div>\n<div class=\"blocchettopagina clear\">\n<div class=\"titoloblocchetto\" style=\"width: 640px;\">\n<h3>Perfiles Laminados en Caliente en \u00abI\u00bb<\/h3>\n<\/div>\n<div class=\"blocchettosx\">\n<p><a href=\"https:\/\/www.formesrl.com\/es\/productos\/perfiles-de-acero\/perfiles-laminados\/laminados-en-caliente-en-i\"><img loading=\"lazy\" decoding=\"async\" class=\"alignnone size-full wp-image-1625\" title=\"laminati-a-i\" src=\"https:\/\/www.formesrl.com\/wp-content\/uploads\/laminati-a-i.jpg\" alt=\"\" width=\"308\" height=\"106\" srcset=\"https:\/\/www.formesrl.com\/wp-content\/uploads\/laminati-a-i.jpg 308w, https:\/\/www.formesrl.com\/wp-content\/uploads\/laminati-a-i-300x103.jpg 300w\" sizes=\"auto, (max-width: 308px) 100vw, 308px\" \/><\/a><\/p>\n<\/div>\n<div class=\"blocchettodx\">\n<p>Secci\u00f3n en \u201cI\u201d estructurada.<br \/>\nNormalmente usada en la construcci\u00f3n de montantes de carretillas elevadoras; combina propiedades de capacidad y resistencia a la flexi\u00f3n.<br \/>\ncapacidad y resistencia a la flexi\u00f3n.<br \/>\nLas capacidades var\u00edan de 1 a 6 t<\/p>\n<p><a href=\"https:\/\/www.formesrl.com\/es\/productos\/perfiles-de-acero\/perfiles-laminados\/laminados-en-caliente-en-i\">Ficha T\u00e9cnica Laminados en I<\/a><\/p>\n<\/div>\n<\/div>\n<div class=\"blocchettopagina clear\">\n<div class=\"titoloblocchetto\" style=\"width: 640px;\">\n<h3 style=\"text-align: justify;\">Perfil Laminado en \u201cC\u201d con lateral<\/h3>\n<\/div>\n<div class=\"blocchettosx\"><a href=\"https:\/\/www.formesrl.com\/es\/productos\/perfiles-de-acero\/perfiles-laminados\/laminados-en-c-con-lateral\"><img loading=\"lazy\" decoding=\"async\" class=\"alignnone size-full wp-image-1621\" title=\"laminato-a-caldo-costola\" src=\"https:\/\/www.formesrl.com\/wp-content\/uploads\/laminato-a-caldo-costola1.jpg\" alt=\"\" width=\"308\" height=\"106\" srcset=\"https:\/\/www.formesrl.com\/wp-content\/uploads\/laminato-a-caldo-costola1.jpg 308w, https:\/\/www.formesrl.com\/wp-content\/uploads\/laminato-a-caldo-costola1-300x103.jpg 300w\" sizes=\"auto, (max-width: 308px) 100vw, 308px\" \/><\/a><\/div>\n<div class=\"blocchettodx\">\n<p style=\"text-align: justify;\">Destinado a la construcci\u00f3n de montantes de carretillas elevadoras; permite reducir el espacio lateral manteniendo la alineaci\u00f3n frontal de los perfiles.<\/p>\n<p><a href=\"https:\/\/www.formesrl.com\/es\/productos\/perfiles-de-acero\/perfiles-laminados\/laminados-en-c-con-lateral\">Ficha T\u00e9cnica Laminados en C con lateral<\/a><\/p>\n<\/div>\n<\/div>\n<p><\/p>","protected":false},"excerpt":{"rendered":"<p>Perfiles Laminados en Caliente en \u00abC\u00bb Secci\u00f3n en \u201cC\u201d estructurada. Principalmente destinada a la construcci\u00f3n de columnas de elevaci\u00f3n y gu\u00edas horizontales de los sistemas de manipulaci\u00f3n con capacidades de 1 a 8 t Ficha T\u00e9cnica Laminados en C Perfiles Laminados en Caliente en \u00abI\u00bb Secci\u00f3n en \u201cI\u201d estructurada. Normalmente usada en la construcci\u00f3n de [&hellip;]<\/p>\n","protected":false},"author":1,"featured_media":0,"parent":58,"menu_order":1,"comment_status":"open","ping_status":"open","template":"","meta":{"footnotes":""},"class_list":["post-225","page","type-page","status-publish","hentry"],"_links":{"self":[{"href":"https:\/\/www.formesrl.com\/es\/wp-json\/wp\/v2\/pages\/225","targetHints":{"allow":["GET"]}}],"collection":[{"href":"https:\/\/www.formesrl.com\/es\/wp-json\/wp\/v2\/pages"}],"about":[{"href":"https:\/\/www.formesrl.com\/es\/wp-json\/wp\/v2\/types\/page"}],"author":[{"embeddable":true,"href":"https:\/\/www.formesrl.com\/es\/wp-json\/wp\/v2\/users\/1"}],"replies":[{"embeddable":true,"href":"https:\/\/www.formesrl.com\/es\/wp-json\/wp\/v2\/comments?post=225"}],"version-history":[{"count":116,"href":"https:\/\/www.formesrl.com\/es\/wp-json\/wp\/v2\/pages\/225\/revisions"}],"predecessor-version":[{"id":3523,"href":"https:\/\/www.formesrl.com\/es\/wp-json\/wp\/v2\/pages\/225\/revisions\/3523"}],"up":[{"embeddable":true,"href":"https:\/\/www.formesrl.com\/es\/wp-json\/wp\/v2\/pages\/58"}],"wp:attachment":[{"href":"https:\/\/www.formesrl.com\/es\/wp-json\/wp\/v2\/media?parent=225"}],"curies":[{"name":"wp","href":"https:\/\/api.w.org\/{rel}","templated":true}]}}