
{"id":24,"date":"2010-05-06T12:54:21","date_gmt":"2010-05-06T12:54:21","guid":{"rendered":"http:\/\/www.formesrl.com\/?page_id=24"},"modified":"2013-12-10T08:51:35","modified_gmt":"2013-12-10T08:51:35","slug":"prodotti","status":"publish","type":"page","link":"https:\/\/www.formesrl.com\/es\/productos\/","title":{"rendered":"Productos y servicios"},"content":{"rendered":"<p><\/p>\n<p><p>\t<script type=\"text\/javascript\">\/\/ <![CDATA[\n\t\t$(document).ready(function() {\n\t\t\t$('#slider').s3Slider({\n\t\t\t\ttimeOut: 3000\n\t\t\t});\n\t\t});\n\/\/ ]]><\/script><\/p>\n<div id=\"slider\">\n<ul id=\"sliderContent\">\n<li class=\"sliderImage\"><img decoding=\"async\" src=\"\/bannerini\/banner-prodotti2.jpg\" alt=\"\" \/><span class=\"bottom\"> <\/span><\/li>\n<li class=\"sliderImage\"><img decoding=\"async\" src=\"\/bannerini\/banner-prodotti7.jpg\" alt=\"\" \/><span class=\"bottom\"> <\/span><\/li>\n<li class=\"sliderImage\"><img decoding=\"async\" src=\"\/bannerini\/banner-cuscinetti-tutti.jpg\" alt=\"\" \/><span class=\"bottom\"> <\/span><\/li>\n<li class=\"sliderImage\"><img decoding=\"async\" src=\"\/bannerini\/banner-prodotti6.jpg\" alt=\"\" \/><span class=\"bottom\"> <\/span><\/li>\n<li class=\"sliderImage\"><img decoding=\"async\" src=\"\/bannerini\/banner-prodotti1.jpg\" alt=\"\" \/><span class=\"bottom\"> <\/span><\/li>\n<li class=\"sliderImage\"><img decoding=\"async\" src=\"\/img\/trasparente.png\" alt=\"\" \/><span class=\"bottom\"> <\/span><\/li>\n<\/ul>\n<\/div>\n<p>En el sector de la manipulaci\u00f3n y en el \u00e1mbito de productos afines y sin\u00e9rgicos, Forme srl ha desarrollado diferentes oportunidad de compra y servicios para los usuarios.<\/p>\n<p><em>Forme<\/em> pone a disposici\u00f3n toda su experiencia con un servicio directo e inmediato de asesoramiento t\u00e9cnico y log\u00edstico.<\/p>\n<div class=\"blocchettopagina clear\">\n<div class=\"titoloblocchetto\">\n<h3>Perfiles para sistemas de elevaci\u00f3n<\/h3>\n<\/div>\n<div class=\"blocchettosx\"><a href=https:\/\/www.formesrl.com\/es\/productos\/perfiles-de-acero\/perfiles-laminados\/laminados-en-caliente-en-c><img loading=\"lazy\" decoding=\"async\" class=\"alignnone size-full wp-image-1858\" title=\"mini-laminati-a-c-4\" alt=\"\" src=\"https:\/\/www.formesrl.com\/wp-content\/uploads\/mini-laminati-a-c-4.jpg\" width=\"308\" height=\"106\" srcset=\"https:\/\/www.formesrl.com\/wp-content\/uploads\/mini-laminati-a-c-4.jpg 308w, https:\/\/www.formesrl.com\/wp-content\/uploads\/mini-laminati-a-c-4-300x103.jpg 300w\" sizes=\"auto, (max-width: 308px) 100vw, 308px\" \/><\/a><a href=https:\/\/www.formesrl.com\/es\/productos\/perfiles-de-acero\/perfiles-laminados\/laminados-en-caliente-en-i><img loading=\"lazy\" decoding=\"async\" class=\"alignnone size-full wp-image-1859\" title=\"mini-laminati-a-i\" alt=\"\" src=\"https:\/\/www.formesrl.com\/wp-content\/uploads\/mini-laminati-a-i.jpg\" width=\"308\" height=\"106\" srcset=\"https:\/\/www.formesrl.com\/wp-content\/uploads\/mini-laminati-a-i.jpg 308w, https:\/\/www.formesrl.com\/wp-content\/uploads\/mini-laminati-a-i-300x103.jpg 300w\" sizes=\"auto, (max-width: 308px) 100vw, 308px\" \/><\/a><\/div>\n<div class=\"blocchettodx\">\n<p>La organizaci\u00f3n de la empresa permite ofrecer inmediatamente la gama completa de perfiles laminados de la serie \u201cC\u201d e \u201cI\u201d, para sistemas de elevaci\u00f3n, en barras con una longitud comercial de 10 a 12 m o cortados a medida.<br \/>\nA petici\u00f3n se realizan cortes inclinados en un arco de 105\u00b0. Si fuera necesaria una mayor precisi\u00f3n,<em>Forme <\/em>propone los perfiles laminados fresados en el plano de apoyo y de deslizamiento, con longitudes m\u00e1ximas de 9,5 m.<\/p>\n<\/div>\n<\/div>\n<div class=\"blocchettopagina clear\">\n<div class=\"titoloblocchetto\">\n<h3>Perfiles para manipulaci\u00f3n de cargas peque\u00f1as<\/h3>\n<\/div>\n<div class=\"blocchettosx\"><a href=https:\/\/www.formesrl.com\/es\/productos\/perfiles-de-acero\/perfiles-especiales\/laminados-en-frio><img loading=\"lazy\" decoding=\"async\" class=\"alignnone size-full wp-image-1697\" title=\"mini-rullato-a-freddo\" alt=\"\" src=\"https:\/\/www.formesrl.com\/wp-content\/uploads\/mini-rullato-a-freddo.jpg\" width=\"308\" height=\"106\" srcset=\"https:\/\/www.formesrl.com\/wp-content\/uploads\/mini-rullato-a-freddo.jpg 308w, https:\/\/www.formesrl.com\/wp-content\/uploads\/mini-rullato-a-freddo-300x103.jpg 300w\" sizes=\"auto, (max-width: 308px) 100vw, 308px\" \/><\/a><\/div>\n<div class=\"blocchettodx\">\n<p>La soluci\u00f3n ideal para la manipulaci\u00f3n de cargas peque\u00f1as es el perfil en \u201cC\u201d laminado en fr\u00edo, ligero y resistente, disponible para la pronta entrega.<\/p>\n<\/div>\n<\/div>\n<div class=\"blocchettopagina clear\">\n<div class=\"titoloblocchetto\">\n<h3>Perfiles para manipulaci\u00f3n de cargas pesadas<\/h3>\n<\/div>\n<div class=\"blocchettosx\"><a href=https:\/\/www.formesrl.com\/es\/productos\/perfiles-de-acero\/perfiles-compuestos><img loading=\"lazy\" decoding=\"async\" class=\"alignnone size-full wp-image-1705\" title=\"mini-composti-a-I-pesante\" alt=\"\" src=\"https:\/\/www.formesrl.com\/wp-content\/uploads\/mini-composti-a-I-pesante.jpg\" width=\"308\" height=\"106\" srcset=\"https:\/\/www.formesrl.com\/wp-content\/uploads\/mini-composti-a-I-pesante.jpg 308w, https:\/\/www.formesrl.com\/wp-content\/uploads\/mini-composti-a-I-pesante-300x103.jpg 300w\" sizes=\"auto, (max-width: 308px) 100vw, 308px\" \/><\/a><\/div>\n<div class=\"blocchettodx\">\n<p>Para la manipulaci\u00f3n de cargas superiores a 8 toneladas. Forme propone la gama de perfiles compuestos en \u201cC\u201d y en \u201cI\u201d soldados y fresados que combinan solidez y precisi\u00f3n. Esta serie de perfiles est\u00e1 disponible exclusivamente a petici\u00f3n, los tiempos de entrega, razonablemente r\u00e1pidos, siempre se acuerdan de antemano y se respetan.<\/p>\n<\/div>\n<\/div>\n<div class=\"blocchettopagina clear\">\n<div class=\"titoloblocchetto\">\n<h3>Cojinetes de esferas o de rodillos<\/h3>\n<\/div>\n<div class=\"blocchettosx\"><a href=https:\/\/www.formesrl.com\/es\/productos\/cojinetes><img loading=\"lazy\" decoding=\"async\" class=\"alignnone size-full wp-image-1835\" title=\"mini-cuscinetti-combinati-fissi\" alt=\"\" src=\"https:\/\/www.formesrl.com\/wp-content\/uploads\/mini-cuscinetti-combinati-fissi.jpg\" width=\"308\" height=\"106\" srcset=\"https:\/\/www.formesrl.com\/wp-content\/uploads\/mini-cuscinetti-combinati-fissi.jpg 308w, https:\/\/www.formesrl.com\/wp-content\/uploads\/mini-cuscinetti-combinati-fissi-300x103.jpg 300w\" sizes=\"auto, (max-width: 308px) 100vw, 308px\" \/><\/a><\/div>\n<div class=\"blocchettodx\">\n<p>En combinaci\u00f3n con cada perfil, <em>Forme <\/em>propone, con pronta entrega, una gama completa de cojinetes de esferas o de rodillos adecuados para cualquier aplicaci\u00f3n.<\/p>\n<\/div>\n<\/div>\n<div class=\"blocchettopagina clear\">\n<div class=\"titoloblocchetto\">\n<h3>y adem\u00e1s<\/h3>\n<\/div>\n<div class=\"blocchettosx\"><a href=https:\/\/www.formesrl.com\/es\/productos\/perfiles-de-acero\/perfiles-especiales><img loading=\"lazy\" decoding=\"async\" class=\"alignnone size-full wp-image-1872\" title=\"mini-portaforche\" alt=\"\" src=\"https:\/\/www.formesrl.com\/wp-content\/uploads\/mini-portaforche.jpg\" width=\"308\" height=\"106\" srcset=\"https:\/\/www.formesrl.com\/wp-content\/uploads\/mini-portaforche.jpg 308w, https:\/\/www.formesrl.com\/wp-content\/uploads\/mini-portaforche-300x103.jpg 300w\" sizes=\"auto, (max-width: 308px) 100vw, 308px\" \/><\/a><\/div>\n<div class=\"blocchettodx\">\n<p>Realizaci\u00f3n de planchas porta-horquillas con perfil FEM fresado, fase de aplanado, perforaci\u00f3n >45 mm, descargas y perfiles biselados y platos laminados.<\/p>\n<\/div>\n<\/div>\n<p><!-- br--><br \/>\n<!-- br--><\/p>","protected":false},"excerpt":{"rendered":"<p>En el sector de la manipulaci\u00f3n y en el \u00e1mbito de productos afines y sin\u00e9rgicos, Forme srl ha desarrollado diferentes oportunidad de compra y servicios para los usuarios. Forme pone a disposici\u00f3n toda su experiencia con un servicio directo e inmediato de asesoramiento t\u00e9cnico y log\u00edstico. Perfiles para sistemas de elevaci\u00f3n La organizaci\u00f3n de la [&hellip;]<\/p>\n","protected":false},"author":1,"featured_media":0,"parent":0,"menu_order":3,"comment_status":"open","ping_status":"open","template":"","meta":{"footnotes":""},"class_list":["post-24","page","type-page","status-publish","hentry"],"_links":{"self":[{"href":"https:\/\/www.formesrl.com\/es\/wp-json\/wp\/v2\/pages\/24","targetHints":{"allow":["GET"]}}],"collection":[{"href":"https:\/\/www.formesrl.com\/es\/wp-json\/wp\/v2\/pages"}],"about":[{"href":"https:\/\/www.formesrl.com\/es\/wp-json\/wp\/v2\/types\/page"}],"author":[{"embeddable":true,"href":"https:\/\/www.formesrl.com\/es\/wp-json\/wp\/v2\/users\/1"}],"replies":[{"embeddable":true,"href":"https:\/\/www.formesrl.com\/es\/wp-json\/wp\/v2\/comments?post=24"}],"version-history":[{"count":57,"href":"https:\/\/www.formesrl.com\/es\/wp-json\/wp\/v2\/pages\/24\/revisions"}],"predecessor-version":[{"id":3221,"href":"https:\/\/www.formesrl.com\/es\/wp-json\/wp\/v2\/pages\/24\/revisions\/3221"}],"wp:attachment":[{"href":"https:\/\/www.formesrl.com\/es\/wp-json\/wp\/v2\/media?parent=24"}],"curies":[{"name":"wp","href":"https:\/\/api.w.org\/{rel}","templated":true}]}}