
{"id":28,"date":"2010-05-07T10:35:39","date_gmt":"2010-05-07T10:35:39","guid":{"rendered":"http:\/\/www.formesrl.com\/?page_id=28"},"modified":"2018-01-16T08:34:20","modified_gmt":"2018-01-16T08:34:20","slug":"azienda","status":"publish","type":"page","link":"https:\/\/www.formesrl.com\/es\/empresa\/","title":{"rendered":"Empresa"},"content":{"rendered":"<p><script type=\"text\/javascript\">\/\/ <![CDATA[\n \t\t$(document).ready(function() { \t\t\t$('#slider').s3Slider({ \t\t\t\ttimeOut: 3000 \t\t\t}); \t\t});\n\/\/ ]]><\/script><\/p>\n<div id=\"slider\">\n<ul id=\"sliderContent\">\n<li class=\"sliderImage\"><img decoding=\"async\" src=\"\/bannerini\/azienda.jpg\" alt=\"\" \/><span class=\"bottom\"> <\/span><\/li>\n<li class=\"sliderImage\"><img decoding=\"async\" src=\"\/bannerini\/azienda5.jpg\" alt=\"\" \/><span class=\"bottom\"> <\/span><\/li>\n<li class=\"sliderImage\"><img decoding=\"async\" src=\"\/bannerini\/azienda4.jpg\" alt=\"\" \/><span class=\"bottom\"> <\/span><\/li>\n<li class=\"sliderImage\"><img decoding=\"async\" src=\"\/bannerini\/azienda7.jpg\" alt=\"\" \/><span class=\"bottom\"> <\/span><\/li>\n<li class=\"sliderImage\"><img decoding=\"async\" src=\"\/bannerini\/azienda.jpg\" alt=\"\" \/><span class=\"bottom\"> <\/span><\/li>\n<\/ul>\n<\/div>\n<p>Ubicada en Caorso, en la provincia de Piacenza, f\u00e1cilmente alcanzable por autopista desde cualquier sitio, , <em>Forme <\/em>entr\u00f3 en el ilimitado mercado del acero a finales de los a\u00f1os 90 con una gama alternativa de perfiles laminados en caliente. Acogida favorablemente por el mercado nacional, en el curso de los a\u00f1os consigui\u00f3 conquistar tambi\u00e9n la confianza de los mercados exteriores gracias a la ampliaci\u00f3n de la gama de productos y a la prestaci\u00f3n de servicios \u00fanicos (pronta entrega, corte a medida, elaboraciones especiales, etc.). Hoy en d\u00eda <em> Forme <\/em>exporta, adem\u00e1s que en toda Europa, tambi\u00e9n en muchos otros lugares del mundo. En una sociedad de los consumos donde durante a\u00f1os la competencia ha promovido la opci\u00f3n de producir siempre m\u00e1s, en plantas m\u00e1s grandes, introduciendo en el mercado productos de bajo coste y de escasa calidad, <em>Forme <\/em> ha elegido \u201cla calidad al precio justo\u201d mirando al crecimiento como a una constante mejora del producto y de los servicios prestados. La satisfacci\u00f3n del Cliente es tambi\u00e9n la satisfacci\u00f3n de <em> Forme <\/em> y de todos los que trabajan para que sea eficiente y competitiva.<\/p>\n<h3>Estructura y organizaci\u00f3n<\/h3>\n<p>Forme s.r.l. opera en una \u00e1rea repartida en una amplia explanada y tres naves. Para la nave \u201chist\u00f3rica\u201d la propiedad ha querido mantener la estructura de los a\u00f1os 50 que se integra de forma original, arm\u00f3nica y agradable con las naves de nueva construcci\u00f3n. La secci\u00f3n de producci\u00f3n cuenta con dos m\u00e1quinas fresadoras tipo cepillo para la elaboraci\u00f3n de los perfiles y una prensa de nueva generaci\u00f3n para optimizar la rectitud del perfil. La secci\u00f3n de servicios est\u00e1 equipado para el corte a medida y el corte inclinado de los perfiles. El almac\u00e9n y el departamento de env\u00edos est\u00e1n preparados para la \u201cpronta entrega\u201d. Forme s.r.l est\u00e1 dirigida por un Consejo de Administraci\u00f3n compuesto por todos los socios que operan activamente en la empresa. Flexible, din\u00e1mica, atenta a los problemas del medio ambiente y multi\u00e9tnica, <em> Forme <\/em>ha conseguido crear un equipo de trabajo muy unido donde las relaciones personales y la seguridad juegan un papel fundamental.<\/p>\n<h3 style=\"text-align: justify;\">Curiosidad<\/h3>\n<p style=\"text-align: justify;\">Cuando se decide crear una empresa, uno de los problemas que hay que solucionar es el nombre de la empresa. El tema es muy complejo y existen distintas corrientes de pensamiento: \u00bfDebe sorprender? \u00bfDebe hacer referencia a la propiedad? \u00bfDebe hacer referencia al servicio prestado o al producto comercializado?, etc.. Todo correcto, entonces \u00bfpor qu\u00e9 \u201cForme\u201d? El nombre se debe a una \u201cidea\u201d en sentido estricto, \u201cForma mentis\u201d locuci\u00f3n latina, plural \u201cFormae mentis\u201d, o sea estructura de la mente, forma de pensar, etc\u2026 Entonces, \u201cFormae\u201d . Lamentablemente, el lat\u00edn es una lengua en desuso y su transcripci\u00f3n no ha sido correcta. As\u00ed que, por una idea y un error de transcripci\u00f3n, ha nacido \u201cForme s.r.l.\u201d .<\/p>\n<h3 style=\"text-align: justify;\">Datos de la empresa<\/h3>\n<p>Forme s.r.l.<br \/>\nvia Stefano Fermi 1\/A<br \/>\n29012 CAORSO (PC)<br \/>\nN\u00ba de Iva 00903400331<br \/>\nC\u00f3digo fiscal 00903400331<br \/>\nInscrita en el Registro Mercantil de Piacenza<br \/>\nN\u00famero de inscripci\u00f3n Registro Mercantil 00903400331<br \/>\nN\u00famero REA : Pc-113954<br \/>\nCapital social \u20ac 100.000,00 totalmente desembolsado<br \/>\n<\/p>","protected":false},"excerpt":{"rendered":"<p>Ubicada en Caorso, en la provincia de Piacenza, f\u00e1cilmente alcanzable por autopista desde cualquier sitio, , Forme entr\u00f3 en el ilimitado mercado del acero a finales de los a\u00f1os 90 con una gama alternativa de perfiles laminados en caliente. Acogida favorablemente por el mercado nacional, en el curso de los a\u00f1os consigui\u00f3 conquistar tambi\u00e9n la [&hellip;]<\/p>\n","protected":false},"author":1,"featured_media":0,"parent":0,"menu_order":2,"comment_status":"open","ping_status":"open","template":"","meta":{"footnotes":""},"class_list":["post-28","page","type-page","status-publish","hentry"],"_links":{"self":[{"href":"https:\/\/www.formesrl.com\/es\/wp-json\/wp\/v2\/pages\/28","targetHints":{"allow":["GET"]}}],"collection":[{"href":"https:\/\/www.formesrl.com\/es\/wp-json\/wp\/v2\/pages"}],"about":[{"href":"https:\/\/www.formesrl.com\/es\/wp-json\/wp\/v2\/types\/page"}],"author":[{"embeddable":true,"href":"https:\/\/www.formesrl.com\/es\/wp-json\/wp\/v2\/users\/1"}],"replies":[{"embeddable":true,"href":"https:\/\/www.formesrl.com\/es\/wp-json\/wp\/v2\/comments?post=28"}],"version-history":[{"count":70,"href":"https:\/\/www.formesrl.com\/es\/wp-json\/wp\/v2\/pages\/28\/revisions"}],"predecessor-version":[{"id":3496,"href":"https:\/\/www.formesrl.com\/es\/wp-json\/wp\/v2\/pages\/28\/revisions\/3496"}],"wp:attachment":[{"href":"https:\/\/www.formesrl.com\/es\/wp-json\/wp\/v2\/media?parent=28"}],"curies":[{"name":"wp","href":"https:\/\/api.w.org\/{rel}","templated":true}]}}