
{"id":35,"date":"2010-05-07T10:40:56","date_gmt":"2010-05-07T10:40:56","guid":{"rendered":"http:\/\/www.formesrl.com\/?page_id=35"},"modified":"2013-12-04T12:37:23","modified_gmt":"2013-12-04T12:37:23","slug":"profili-in-acciaio-applicazioni","status":"publish","type":"page","link":"https:\/\/www.formesrl.com\/es\/perfiles-de-acero-aplicacion\/","title":{"rendered":"Sectores de Aplicaci\u00f3n"},"content":{"rendered":"<p>Los perfiles laminados y la producci\u00f3n colateral facilitan los fabricantes y los dise\u00f1adores en la elecci\u00f3n de soluciones sencillas y eficaces.<br \/>\nLas aplicaciones para todos los sectores industriales y comerciales son infinitas.<br \/>\nS\u00f3lo a t\u00edtulo de ejemplo, mostramos algunos tipos de aplicaci\u00f3n de los perfiles en distintos sectores de la industria y del comercio.<\/p>\n<table class=\"tabellaapplicazioni\" width=\"100%\">\n<tbody>\n<tr>\n<td width=\"33%\"><img loading=\"lazy\" decoding=\"async\" class=\"alignnone size-full wp-image-1605\" title=\"muletto\" alt=\"\" src=\"https:\/\/www.formesrl.com\/wp-content\/uploads\/muletto.jpg\" width=\"200\" height=\"107\" \/><\/p>\n<h4>Carretillas elevadoras<\/h4>\n<p>&#8211; Perfiles para montantes<\/td>\n<td width=\"33%\"><img loading=\"lazy\" decoding=\"async\" class=\"alignnone size-full wp-image-457\" title=\"COMPATTATORE\" alt=\"\" src=\"https:\/\/www.formesrl.com\/wp-content\/uploads\/2010\/05\/COMPATTATORE.jpg\" width=\"200\" height=\"107\" \/><\/p>\n<h4>Compactadores de residuos<\/h4>\n<p>&#8211; Veh\u00edculos para recogida<\/td>\n<td width=\"34%\"><img loading=\"lazy\" decoding=\"async\" class=\"alignnone size-full wp-image-461\" title=\"PALETIZZATORI\" alt=\"\" src=\"https:\/\/www.formesrl.com\/wp-content\/uploads\/2010\/05\/PALETIZZATORI.jpg\" width=\"200\" height=\"107\" \/><\/p>\n<h4>Industria alimentaria o gen\u00e9rica<\/h4>\n<p>&#8211; Paletizadoras<\/td>\n<\/tr>\n<tr>\n<td><img loading=\"lazy\" decoding=\"async\" class=\"alignnone size-full wp-image-463\" title=\"ECOLOGIA\" alt=\"\" src=\"https:\/\/www.formesrl.com\/wp-content\/uploads\/2010\/05\/ECOLOGIA.jpg\" width=\"200\" height=\"107\" \/><\/p>\n<h4>Ecolog\u00eda<\/h4>\n<p>&#8211; Barredoras<br \/>\n&#8211; Puntos limpios ocultos<\/td>\n<td><img loading=\"lazy\" decoding=\"async\" class=\"alignnone size-full wp-image-465\" title=\"AGRICOLO\" alt=\"\" src=\"https:\/\/www.formesrl.com\/wp-content\/uploads\/2010\/05\/AGRICOLO.jpg\" width=\"200\" height=\"107\" \/><\/p>\n<h4>Agricultura<\/h4>\n<p>&#8211; Perfiles para tractores<br \/>\n&#8211; Carretillas para recogida<\/td>\n<td><img loading=\"lazy\" decoding=\"async\" class=\"alignnone size-full wp-image-467\" title=\"MARMO\" alt=\"\" src=\"https:\/\/www.formesrl.com\/wp-content\/uploads\/2010\/05\/MARMO.jpg\" width=\"200\" height=\"107\" \/><\/p>\n<h4>Industria del m\u00e1rmol<\/h4>\n<p>&#8211; Marcos cortabloques<br \/>\n&#8211; Sistemas de carga\/descarga placas<\/td>\n<\/tr>\n<tr>\n<td><img loading=\"lazy\" decoding=\"async\" class=\"alignnone size-full wp-image-469\" title=\"PARCHEGGI\" alt=\"\" src=\"https:\/\/www.formesrl.com\/wp-content\/uploads\/2010\/05\/PARCHEGGI.jpg\" width=\"200\" height=\"107\" \/><\/p>\n<h4>Aparcamientos<\/h4>\n<p>&#8211; Plataformas elevadoras<br \/>\n&#8211; Rampas<\/td>\n<td><img loading=\"lazy\" decoding=\"async\" class=\"alignnone size-full wp-image-474\" title=\"SOLLEVAMENTO\" alt=\"\" src=\"https:\/\/www.formesrl.com\/wp-content\/uploads\/2010\/05\/SOLLEVAMENTO.jpg\" width=\"200\" height=\"107\" \/><\/p>\n<h4>Manipulaci\u00f3n y elevaci\u00f3n<\/h4>\n<p>&#8211; Aplicaci\u00f3n para manipulaci\u00f3n<br \/>\ncargas de 500 a 40.000 Kg<\/td>\n<td><img loading=\"lazy\" decoding=\"async\" class=\"alignnone size-full wp-image-473\" title=\"SIDERURGIA\" alt=\"\" src=\"https:\/\/www.formesrl.com\/wp-content\/uploads\/2010\/05\/SIDERURGIA.jpg\" width=\"200\" height=\"107\" \/><\/p>\n<h4>Industria sider\u00fargica<\/h4>\n<p>&#8211; Sistemas de automaci\u00f3n<br \/>\n&#8211; Sistemas de posicionamiento<br \/>\n&#8211; Empaquetado y l\u00edneas de corte<br \/>\n&#8211; Flejado<br \/>\n&#8211; L\u00edneas de refrigeraci\u00f3n<\/td>\n<\/tr>\n<tr>\n<td>y adem\u00e1s :<\/p>\n<h4>Industria del ladrillo<\/h4>\n<p>&#8211; Sistemas de moldeado<br \/>\n&#8211; Apiladoras<br \/>\n&#8211; L\u00edneas de empaquetado<\/p>\n<h4>Industria del espect\u00e1culo<\/h4>\n<p>&#8211; Palcos para teatros y Televisi\u00f3n<\/td>\n<td><\/td>\n<\/tr>\n<\/tbody>\n<\/table>\n<p><\/p>","protected":false},"excerpt":{"rendered":"<p>Los perfiles laminados y la producci\u00f3n colateral facilitan los fabricantes y los dise\u00f1adores en la elecci\u00f3n de soluciones sencillas y eficaces. Las aplicaciones para todos los sectores industriales y comerciales son infinitas. S\u00f3lo a t\u00edtulo de ejemplo, mostramos algunos tipos de aplicaci\u00f3n de los perfiles en distintos sectores de la industria y del comercio. Carretillas [&hellip;]<\/p>\n","protected":false},"author":1,"featured_media":0,"parent":0,"menu_order":4,"comment_status":"open","ping_status":"open","template":"","meta":{"footnotes":""},"class_list":["post-35","page","type-page","status-publish","hentry"],"_links":{"self":[{"href":"https:\/\/www.formesrl.com\/es\/wp-json\/wp\/v2\/pages\/35","targetHints":{"allow":["GET"]}}],"collection":[{"href":"https:\/\/www.formesrl.com\/es\/wp-json\/wp\/v2\/pages"}],"about":[{"href":"https:\/\/www.formesrl.com\/es\/wp-json\/wp\/v2\/types\/page"}],"author":[{"embeddable":true,"href":"https:\/\/www.formesrl.com\/es\/wp-json\/wp\/v2\/users\/1"}],"replies":[{"embeddable":true,"href":"https:\/\/www.formesrl.com\/es\/wp-json\/wp\/v2\/comments?post=35"}],"version-history":[{"count":43,"href":"https:\/\/www.formesrl.com\/es\/wp-json\/wp\/v2\/pages\/35\/revisions"}],"predecessor-version":[{"id":3207,"href":"https:\/\/www.formesrl.com\/es\/wp-json\/wp\/v2\/pages\/35\/revisions\/3207"}],"wp:attachment":[{"href":"https:\/\/www.formesrl.com\/es\/wp-json\/wp\/v2\/media?parent=35"}],"curies":[{"name":"wp","href":"https:\/\/api.w.org\/{rel}","templated":true}]}}