
{"id":36,"date":"2010-05-07T10:39:41","date_gmt":"2010-05-07T10:39:41","guid":{"rendered":"http:\/\/www.formesrl.com\/?page_id=36"},"modified":"2026-03-24T19:31:45","modified_gmt":"2026-03-24T19:31:45","slug":"contatti","status":"publish","type":"page","link":"https:\/\/www.formesrl.com\/es\/contactos\/","title":{"rendered":"Contactos"},"content":{"rendered":"<p><img loading=\"lazy\" decoding=\"async\" class=\"alignnone size-full wp-image-1966 bannerpagina\" title=\"banner_contatti\" alt=\"\" src=\"https:\/\/www.formesrl.com\/wp-content\/uploads\/banner_contatti.jpg\" width=\"640\" height=\"178\" srcset=\"https:\/\/www.formesrl.com\/wp-content\/uploads\/banner_contatti.jpg 640w, https:\/\/www.formesrl.com\/wp-content\/uploads\/banner_contatti-300x83.jpg 300w\" sizes=\"auto, (max-width: 640px) 100vw, 640px\" \/><\/p>\n<table class=\"tabellacontatti\" width=\"100%\" border=\"1\">\n<tbody>\n<tr>\n<td>\n<h3>Forme s.r.l.<\/h3>\n<p>Via Stefano Fermi 1\/A<br \/>\n29012 Caorso (Pc)<\/p>\n<h4>Tel.<\/h4>\n<p>+39 0523 814016<\/p>\n<h4>Fax<\/h4>\n<p>+39 0523 814463<\/td>\n<td>\n<h4>Ventas<\/h4>\n<p>simone.chinosi@formesrl.com<br \/>\nformesrl.commerciale@legalmail.it<\/p>\n<h4>Producci\u00f3n<\/h4>\n<p>danilo.rossi@formesrl.com<\/p>\n<h4>Env\u00edos<\/h4>\n<p>lorena.ferrari@formesrl.com<\/p>\n<h4>Administraci\u00f3n<\/h4>\n<p>amministrazione@formesrl.com<br \/>\nformesrl.amministrazione@legalmail.it<\/td>\n<\/tr>\n<tr>\n<td colspan=\"2\" valign=\"bottom\" height=\"20\"><span class=\"pagcontatti\"> El titular del Tratamiento de datos es Forme srl \u2013 <a href=\"https:\/\/www.formesrl.com\/es\/privacidad\" target=\"_blank\" rel=\"noopener\"><span style=\"color: #003366;\"><span style=\"text-decoration: underline;\"><span style=\"color: #003366; text-decoration: underline;\">Pol\u00edtica<\/span><\/span><\/span><\/a><\/span><a href=\"https:\/\/www.formesrl.com\/es\/privacidad\" target=\"_blank\" rel=\"noopener\"><span class=\"pagcontatti\"><span style=\"color: #003366;\"><span style=\"text-decoration: underline;\"><span style=\"color: #003366; text-decoration: underline;\">de Privacidad<\/span><\/span><\/span><\/span><\/a><span class=\"pagcontatti\"><span style=\"color: #003366;\">&#8211;<\/span> <span style=\"text-decoration: underline; color: #003366;\"><span style=\"text-decoration: underline;\"><a href=\"https:\/\/www.formesrl.com\/en\/cookie_policy\" target=\"_blank\" rel=\"noopener\"><span style=\"color: #003366; text-decoration: underline;\">Cookie Policy<\/span><\/a><\/span><\/span><br \/>\n<\/span><\/td>\n<\/tr>\n<tr>\n<td colspan=\"2\" valign=\"bottom\">\n<div class=\"wpcf7 no-js\" id=\"wpcf7-f5486-o4\" lang=\"it-IT\" dir=\"ltr\" data-wpcf7-id=\"5486\">\n<div class=\"screen-reader-response\"><p role=\"status\" aria-live=\"polite\" aria-atomic=\"true\"><\/p> <ul><\/ul><\/div>\n<form action=\"\/es\/wp-json\/wp\/v2\/pages\/36#wpcf7-f5486-o4\" method=\"post\" class=\"wpcf7-form init\" aria-label=\"Modulo di contatto\" novalidate=\"novalidate\" data-status=\"init\">\n<fieldset class=\"hidden-fields-container\"><input type=\"hidden\" name=\"_wpcf7\" value=\"5486\" \/><input type=\"hidden\" name=\"_wpcf7_version\" value=\"6.1.5\" \/><input type=\"hidden\" name=\"_wpcf7_locale\" value=\"it_IT\" \/><input type=\"hidden\" name=\"_wpcf7_unit_tag\" value=\"wpcf7-f5486-o4\" \/><input type=\"hidden\" name=\"_wpcf7_container_post\" value=\"0\" \/><input type=\"hidden\" name=\"_wpcf7_posted_data_hash\" value=\"\" \/><input type=\"hidden\" name=\"_wpcf7_recaptcha_response\" value=\"\" \/>\n<\/fieldset>\n<p><label> Seleccionar destinatario:<br \/>\n<span class=\"wpcf7-form-control-wrap\" data-name=\"destinatario\"><select class=\"wpcf7-form-control wpcf7-select wpcf7-validates-as-required\" aria-required=\"true\" aria-invalid=\"false\" name=\"destinatario\"><option value=\"Administraci\u00f3n\">Administraci\u00f3n<\/option><option value=\"Ventas\">Ventas<\/option><option value=\"Producci\u00f3n\">Producci\u00f3n<\/option><option value=\"Env\u00edos\">Env\u00edos<\/option><\/select><\/span><br \/>\n<\/label>\n<\/p>\n<p><label> Nombre<br \/>\n<span class=\"wpcf7-form-control-wrap\" data-name=\"your-name\"><input size=\"40\" maxlength=\"400\" class=\"wpcf7-form-control wpcf7-text wpcf7-validates-as-required\" autocomplete=\"name\" aria-required=\"true\" aria-invalid=\"false\" value=\"\" type=\"text\" name=\"your-name\" \/><\/span> <\/label>\n<\/p>\n<p><label> Correo electr\u00f3nico<br \/>\n<span class=\"wpcf7-form-control-wrap\" data-name=\"your-email\"><input size=\"40\" maxlength=\"400\" class=\"wpcf7-form-control wpcf7-email wpcf7-validates-as-required wpcf7-text wpcf7-validates-as-email\" autocomplete=\"email\" aria-required=\"true\" aria-invalid=\"false\" value=\"\" type=\"email\" name=\"your-email\" \/><\/span> <\/label>\n<\/p>\n<p><label> Asunto<br \/>\n<span class=\"wpcf7-form-control-wrap\" data-name=\"your-subject\"><input size=\"40\" maxlength=\"400\" class=\"wpcf7-form-control wpcf7-text wpcf7-validates-as-required\" aria-required=\"true\" aria-invalid=\"false\" value=\"\" type=\"text\" name=\"your-subject\" \/><\/span> <\/label>\n<\/p>\n<p><label> Tu mensaje (opcional)<br \/>\n<span class=\"wpcf7-form-control-wrap\" data-name=\"your-message\"><textarea cols=\"40\" rows=\"10\" maxlength=\"2000\" class=\"wpcf7-form-control wpcf7-textarea\" aria-invalid=\"false\" name=\"your-message\"><\/textarea><\/span> <\/label>\n<\/p>\n<p><input class=\"wpcf7-form-control wpcf7-submit has-spinner\" type=\"submit\" value=\"Enviar\" \/>\n<\/p><div class=\"wpcf7-response-output\" aria-hidden=\"true\"><\/div>\n<\/form>\n<\/div>\n<\/td>\n<\/tr>\n<\/tbody>\n<\/table>\n<p><\/p>","protected":false},"excerpt":{"rendered":"<p>Forme s.r.l. Via Stefano Fermi 1\/A 29012 Caorso (Pc) Tel. +39 0523 814016 Fax +39 0523 814463 Ventas simone.chinosi@formesrl.com formesrl.commerciale@legalmail.it Producci\u00f3n danilo.rossi@formesrl.com Env\u00edos lorena.ferrari@formesrl.com Administraci\u00f3n amministrazione@formesrl.com formesrl.amministrazione@legalmail.it El titular del Tratamiento de datos es Forme srl \u2013 Pol\u00edticade Privacidad&#8211; Cookie Policy<\/p>\n","protected":false},"author":1,"featured_media":0,"parent":0,"menu_order":6,"comment_status":"closed","ping_status":"closed","template":"","meta":{"footnotes":""},"class_list":["post-36","page","type-page","status-publish","hentry"],"_links":{"self":[{"href":"https:\/\/www.formesrl.com\/es\/wp-json\/wp\/v2\/pages\/36","targetHints":{"allow":["GET"]}}],"collection":[{"href":"https:\/\/www.formesrl.com\/es\/wp-json\/wp\/v2\/pages"}],"about":[{"href":"https:\/\/www.formesrl.com\/es\/wp-json\/wp\/v2\/types\/page"}],"author":[{"embeddable":true,"href":"https:\/\/www.formesrl.com\/es\/wp-json\/wp\/v2\/users\/1"}],"replies":[{"embeddable":true,"href":"https:\/\/www.formesrl.com\/es\/wp-json\/wp\/v2\/comments?post=36"}],"version-history":[{"count":144,"href":"https:\/\/www.formesrl.com\/es\/wp-json\/wp\/v2\/pages\/36\/revisions"}],"predecessor-version":[{"id":5492,"href":"https:\/\/www.formesrl.com\/es\/wp-json\/wp\/v2\/pages\/36\/revisions\/5492"}],"wp:attachment":[{"href":"https:\/\/www.formesrl.com\/es\/wp-json\/wp\/v2\/media?parent=36"}],"curies":[{"name":"wp","href":"https:\/\/api.w.org\/{rel}","templated":true}]}}