
{"id":414,"date":"2010-06-17T11:56:05","date_gmt":"2010-06-17T11:56:05","guid":{"rendered":"http:\/\/www.formesrl.com\/?page_id=414"},"modified":"2018-11-26T08:30:22","modified_gmt":"2018-11-26T08:30:22","slug":"privacy","status":"publish","type":"page","link":"https:\/\/www.formesrl.com\/es\/privacidad\/","title":{"rendered":"Privacidad"},"content":{"rendered":"<p><\/p>\n<h3><b style=\"font-size: 13px;\">Responsable del tratamiento de los datos<\/b><\/h3>\n<p>FORME S.R.L.<\/p>\n<p>\u00a0<\/p>\n<p><b>Direcci\u00f3n de correo electr\u00f3nico del responsable del tratamiento:<\/b> <a href=\"mailto:amministrazione@formesrl.com\">amministrazione@formesrl.com<\/a><\/p>\n<p>\u00a0<\/p>\n<p><b>Tipos de datos recopilados<\/b><\/p>\n<p>Entre los datos personales recopilados por este sitio web, ya sea de forma aut\u00f3noma o a trav\u00e9s de terceros, se encuentran los siguientes: nombre, apellidos y correo electr\u00f3nico.<\/p>\n<p>Los detalles completos de cada tipo de datos recopilados se proporcionan en las secciones correspondientes de esta declaraci\u00f3n de confidencialidad o por medio de textos informativos espec\u00edficos que aparecen antes de recopilar dichos datos.<br \/>\nLos datos personales pueden ser proporcionados libremente por el usuario o, en el caso de datos de uso, recopilados autom\u00e1ticamente durante la utilizaci\u00f3n de este sitio web.<\/p>\n<p>A menos que se especifique lo contrario, todos los datos solicitados por este sitio web son obligatorios. Si el usuario se niega a comunicarlos, podr\u00eda ser imposible prestar el servicio. En los casos en los que el sitio web indique determinados datos como facultativos, el usuario podr\u00e1 abstenerse de comunicar dichos datos sin que ello tenga consecuencia alguna en la disponibilidad del servicio o en su funcionamiento.<br \/>\nSe invita a los usuarios que tengan dudas sobre cu\u00e1les datos son obligatorios a ponerse en contacto con el responsable del tratamiento.<br \/>\nEl posible uso de <i>cookies<\/i> \u2014u otras herramientas de seguimiento\u2014 por parte del sitio web o de los propietarios de servicios de terceros utilizados por el sitio web, a menos que se especifique lo contrario, tiene por objeto prestar el servicio solicitado por el usuario, adem\u00e1s de los otros fines descritos en este documento y en la pol\u00edtica de <i>cookies<\/i>, si est\u00e1 disponible.<\/p>\n<p>El usuario asume la responsabilidad de los datos personales de terceros obtenidos, publicados o compartidos a trav\u00e9s del sitio web y garantiza el derecho a comunicarlos o difundirlos, eximiendo al responsable del tratamiento de cualquier responsabilidad frente a terceros.<\/p>\n<p>\u00a0<\/p>\n<p><b>M\u00e9todo y lugar de tratamiento de los datos recopilados<\/b><\/p>\n<p>\u00a0<\/p>\n<p><b>M\u00e9todos de tratamiento<\/b><\/p>\n<p>El responsable del tratamiento toma medidas de seguridad adecuadas para evitar el acceso, la divulgaci\u00f3n, la modificaci\u00f3n o la destrucci\u00f3n sin autorizaci\u00f3n de los datos personales.<\/p>\n<p>El tratamiento se realiza mediante instrumentos inform\u00e1ticos y\/o telem\u00e1ticos, con m\u00e9todos organizativos y l\u00f3gicas estrictamente relacionados con los fines indicados. Adem\u00e1s del responsable del tratamiento, en algunos casos podr\u00edan tener acceso a los datos otros individuos implicados en la organizaci\u00f3n del sitio web (personal administrativo, comercial y de marketing, abogados, administradores de sistema), o bien entidades externas (tales como terceros proveedores de servicios t\u00e9cnicos, mensajeros, proveedores del servicio de <i>hosting<\/i>, sociedades inform\u00e1ticas, agencias de comunicaci\u00f3n), que de ser necesario tambi\u00e9n podr\u00edan ser nombrados encargados del tratamiento por el responsable del tratamiento. La lista actualizada de los encargados del tratamiento puede solicitarse al responsable del tratamiento en cualquier momento.<\/p>\n<p>\u00a0<\/p>\n<p><b>Base jur\u00eddica del tratamiento<\/b><\/p>\n<p>El responsable tratar\u00e1 los datos personales del usuario en el caso de que se cumpla alguna de las siguientes condiciones:<\/p>\n<ul>\n<li>El usuario ha dado su consentimiento para uno o varios fines espec\u00edficos. Cabe se\u00f1alar que en algunos ordenamientos jur\u00eddicos el responsable puede estar autorizado a tratar datos personales sin el consentimiento del Usuario o sin otra de las bases jur\u00eddicas especificadas a continuaci\u00f3n hasta que el usuario se oponga (\u00abopt-out\u00bb) a dicho tratamiento. Sin embargo, esto no aplica si el tratamiento de datos personales se rige por la legislaci\u00f3n europea sobre protecci\u00f3n de datos personales.<\/li>\n<li>El tratamiento es necesario para la ejecuci\u00f3n de un contrato con el usuario y\/o para la ejecuci\u00f3n de medidas precontractuales.<\/li>\n<li>El tratamiento es necesario para el cumplimiento de una obligaci\u00f3n legal a la que est\u00e1 sujeto el responsable del tratamiento.<\/li>\n<li>El tratamiento es necesario para el cumplimiento de una misi\u00f3n de inter\u00e9s p\u00fablico o en el ejercicio de poderes p\u00fablicos conferidos al responsable del tratamiento.<\/li>\n<li>El tratamiento es necesario para la satisfacci\u00f3n de intereses leg\u00edtimos perseguidos por el responsable del tratamiento o por un tercero.<\/li>\n<\/ul>\n<p>Aun as\u00ed, siempre es posible pedir al responsable del tratamiento que aclare la base jur\u00eddica concreta de cada tratamiento y, en particular, que especifique si el tratamiento se basa en la ley, est\u00e1 previsto en un contrato o es necesario para la celebraci\u00f3n de un contrato.<\/p>\n<p>\u00a0<\/p>\n<p><b>Lugar<\/b><\/p>\n<p>Los datos se tratan en las sedes operativas del responsable y en cualquier otro lugar donde se encuentren las partes involucradas en el tratamiento. Para m\u00e1s informaci\u00f3n, p\u00f3ngase en contacto con el responsable del tratamiento.<br \/>\nLos datos personales del usuario pueden ser transferidos a un pa\u00eds distinto de aquel donde se encuentra el usuario. Para obtener m\u00e1s informaci\u00f3n sobre el lugar de tratamiento, el usuario puede consultar la secci\u00f3n relativa a los detalles del tratamiento de los datos personales.<\/p>\n<p>El usuario tiene derecho a obtener informaci\u00f3n sobre la base jur\u00eddica para la transferencia de datos a pa\u00edses que est\u00e1n fuera de la Uni\u00f3n Europea o a una organizaci\u00f3n internacional regida por el Derecho internacional p\u00fablico o constituida por dos o m\u00e1s pa\u00edses, como las Naciones Unidas, as\u00ed como sobre las medidas de seguridad adoptadas por el responsable para proteger los datos.<\/p>\n<p>En el caso de que se produzca alguna de las transferencias reci\u00e9n descritas, el usuario podr\u00e1 consultar las secciones correspondientes de este documento o solicitar informaci\u00f3n al responsable del tratamiento contactando con el mismo a trav\u00e9s de los datos que figuran al principio de este documento.<\/p>\n<p>\u00a0<\/p>\n<p><b>Periodo de conservaci\u00f3n<\/b><\/p>\n<p>Los datos ser\u00e1n tratados y conservados durante el tiempo necesario para cumplir los fines para los que fueron recopilados.<\/p>\n<p>Por lo tanto:<\/p>\n<ul>\n<li>Los datos personales recopilados para fines relacionados con la ejecuci\u00f3n de un contrato entre el responsable del tratamiento y el usuario se conservar\u00e1n hasta que se complete la ejecuci\u00f3n de dicho contrato.<\/li>\n<li>Los datos personales recopilados para fines relacionados con el inter\u00e9s leg\u00edtimo del responsable del tratamiento ser\u00e1n conservados hasta la satisfacci\u00f3n de dicho inter\u00e9s. El usuario puede obtener m\u00e1s informaci\u00f3n sobre el inter\u00e9s leg\u00edtimo perseguido por el responsable del tratamiento en las secciones correspondientes de este documento o poni\u00e9ndose en contacto con el responsable del tratamiento.<\/li>\n<\/ul>\n<p>Cuando el tratamiento se base en el consentimiento del usuario, el responsable del tratamiento podr\u00e1 conservar los datos personales durante m\u00e1s tiempo, hasta que se retire dicho consentimiento. Adem\u00e1s, el responsable del tratamiento podr\u00eda estar obligado a conservar los datos personales durante un periodo m\u00e1s largo para cumplir con una obligaci\u00f3n legal o por orden de las autoridades.<\/p>\n<p>Al final del periodo de conservaci\u00f3n, los datos personales ser\u00e1n eliminados. Por lo tanto, al vencer dicho plazo, ya no se podr\u00e1n ejercer los derechos de acceso, cancelaci\u00f3n, rectificaci\u00f3n y portabilidad de los datos.<\/p>\n<p>\u00a0<\/p>\n<p><b>Fines del tratamiento de los datos recopilados<\/b><\/p>\n<p>Los datos del usuario se recopilan para permitir que el responsable del tratamiento preste sus servicios, as\u00ed como para los siguientes fines: contactar con el usuario.<\/p>\n<p>Para obtener informaci\u00f3n m\u00e1s detallada sobre los fines del tratamiento y sobre los datos personales espec\u00edficamente relevantes para cada fin, el usuario puede consultar las secciones correspondientes de este documento.<\/p>\n<p>\u00a0<\/p>\n<p><b>Detalles sobre el tratamiento de los datos personales<\/b><\/p>\n<p>Los datos personales se recopilan para los siguientes fines y utilizando los siguientes servicios:<\/p>\n<ul>\n<li><b>Contactar con el usuario<\/b><\/li>\n<\/ul>\n<p>\u00a0<\/p>\n<p><b>Derechos del usuario<\/b><\/p>\n<p>Los usuarios pueden ejercer ciertos derechos con respecto a los datos tratados por el responsable.<\/p>\n<p>En particular, el usuario tiene derecho a:<\/p>\n<ul>\n<li><b>retirar el consentimiento en cualquier momento.<\/b> El usuario puede retirar el consentimiento al tratamiento de sus datos personales previamente expresado.<\/li>\n<li><b>oponerse al tratamiento de sus datos.<\/b> El usuario puede oponerse al tratamiento de sus datos cuando este tenga lugar sobre una base jur\u00eddica distinta a la del consentimiento. En la secci\u00f3n siguiente se ofrecen m\u00e1s detalles sobre el derecho de oposici\u00f3n.<\/li>\n<li><b>acceder a sus datos.<\/b> El usuario tiene derecho a obtener informaci\u00f3n sobre los datos tratados por el responsable y sobre determinados aspectos del tratamiento, as\u00ed como a recibir una copia de los datos tratados.<\/li>\n<li><b>verificar y solicitar la rectificaci\u00f3n.<\/b> El usuario puede verificar la exactitud de sus datos y solicitar su actualizaci\u00f3n o correcci\u00f3n.<\/li>\n<li><b>obtener la limitaci\u00f3n del tratamiento.<\/b> Cuando se cumplen determinadas condiciones, el usuario puede solicitar que se limite el tratamiento de sus datos. En dicho caso, el responsable no tratar\u00e1 los datos para ning\u00fan otro fin que no sea su conservaci\u00f3n.<\/li>\n<li><b>obtener la cancelaci\u00f3n o eliminaci\u00f3n de sus datos personales.<\/b> Cuando se cumplen determinadas condiciones, el usuario puede solicitar la cancelaci\u00f3n de sus datos por parte del responsable del tratamiento.<\/li>\n<li><b>recibir sus datos o transmitirlos a otro responsable.<\/b> El usuario tiene derecho a recibir sus datos en un formato estructurado, de uso com\u00fan y legible por un dispositivo autom\u00e1tico y, cuando sea t\u00e9cnicamente posible, a obtener su transferencia sin obst\u00e1culos a otro responsable. Esta disposici\u00f3n es aplicable cuando los datos son tratados de forma automatizada y el tratamiento se basa en el consentimiento del usuario, en un contrato del que el usuario es parte o en medidas contractuales relacionadas con el mismo.<\/li>\n<li><b>presentar una reclamaci\u00f3n.<\/b> El usuario puede presentar una reclamaci\u00f3n ante la autoridad de control de la protecci\u00f3n de datos personales competente o emprender acciones legales.<\/li>\n<\/ul>\n<p>\u00a0<\/p>\n<p><b>Detalles sobre el derecho de oposici\u00f3n<\/b><\/p>\n<p>Cuando los datos personales sean tratados en aras del inter\u00e9s p\u00fablico, en el ejercicio de los poderes p\u00fablicos conferidos al responsable o para perseguir un inter\u00e9s leg\u00edtimo del responsable, el usuario tiene derecho a oponerse al tratamiento por motivos relacionados con su situaci\u00f3n particular.<\/p>\n<p>Se recuerda a los usuarios que, si sus datos son tratados con fines de marketing directo, pueden oponerse al tratamiento sin indicar el motivo. Para saber si el responsable trata los datos con fines de marketing directo, los usuarios pueden consultar las secciones correspondientes de este documento.<\/p>\n<p>\u00a0<\/p>\n<p><b>C\u00f3mo ejercer sus derechos<\/b><\/p>\n<p>Para ejercer sus derechos, los usuarios pueden enviar una solicitud a los datos de contacto del responsable del tratamiento que se indican en este documento. Las solicitudes se presentar\u00e1n gratuitamente y ser\u00e1n tramitadas por el responsable del tratamiento lo antes posible y, en cualquier caso, en el plazo de un mes.<\/p>\n<p>\u00a0<\/p>\n<p><b>Informaci\u00f3n adicional sobre el tratamiento<\/b><\/p>\n<p>\u00a0<\/p>\n<p><b>Defensa en juicio<\/b><\/p>\n<p>Los datos personales del usuario podr\u00e1n ser utilizados por el responsable del tratamiento durante juicios o en sus fases preparatorias para la defensa contra abusos en el uso de esta aplicaci\u00f3n o de los servicios relacionados por parte del usuario.<\/p>\n<p>El usuario declara ser consciente de que el responsable del tratamiento podr\u00eda estar obligado a revelar los datos por orden de las autoridades p\u00fablicas.<\/p>\n<p>\u00a0<\/p>\n<p><b>Declaraciones espec\u00edficas<\/b><\/p>\n<p>A petici\u00f3n del usuario, adem\u00e1s de la informaci\u00f3n contenida en esta declaraci\u00f3n de confidencialidad, el sitio web podr\u00eda proporcionar al usuario informaci\u00f3n adicional y contextual sobre servicios espec\u00edficos o sobre la recopilaci\u00f3n y el tratamiento de los datos personales.<\/p>\n<p>\u00a0<\/p>\n<p><b>Registro de sistema y mantenimiento<\/b><\/p>\n<p>Por necesidades relacionadas con el funcionamiento y el mantenimiento, el sitio web y los servicios de terceros utilizados por el mismo pueden recopilar registros de sistema, es decir, archivos que registran las interacciones y tambi\u00e9n pueden contener datos personales, como la direcci\u00f3n IP del usuario.<\/p>\n<p>\u00a0<\/p>\n<p><b>Informaci\u00f3n no contenida en esta declaraci\u00f3n<\/b><\/p>\n<p>En cualquier momento se podr\u00e1 solicitar m\u00e1s informaci\u00f3n sobre el tratamiento de los datos personales al responsable del tratamiento utilizando los datos de contacto.<\/p>\n<p>\u00a0<\/p>\n<p><b>Cambios a esta declaraci\u00f3n de confidencialidad<\/b><\/p>\n<p>El responsable del tratamiento se reserva el derecho a modificar esta declaraci\u00f3n de confidencialidad en cualquier momento informando a los usuarios de esta p\u00e1gina y, cuando sea t\u00e9cnica y legalmente posible, enviando una notificaci\u00f3n a los usuarios a trav\u00e9s de uno de los datos de contacto que obran en poder del responsable del tratamiento. Por favor, consulte esta p\u00e1gina regularmente, haciendo referencia a la fecha del \u00faltimo cambio indicado al final de la misma.<\/p>\n<p>Si los cambios implican un tratamiento cuya base jur\u00eddica es el consentimiento, el responsable del tratamiento solicitar\u00e1 nuevamente el consentimiento del usuario si fuera necesario.<\/p>\n<p><b>\u00a0<\/b><\/p>","protected":false},"excerpt":{"rendered":"<p>Responsable del tratamiento de los datos FORME S.R.L. \u00a0 Direcci\u00f3n de correo electr\u00f3nico del responsable del tratamiento: amministrazione@formesrl.com \u00a0 Tipos de datos recopilados Entre los datos personales recopilados por este sitio web, ya sea de forma aut\u00f3noma o a trav\u00e9s de terceros, se encuentran los siguientes: nombre, apellidos y correo electr\u00f3nico. Los detalles completos de [&hellip;]<\/p>\n","protected":false},"author":1,"featured_media":0,"parent":0,"menu_order":7,"comment_status":"open","ping_status":"open","template":"","meta":{"footnotes":""},"class_list":["post-414","page","type-page","status-publish","hentry"],"_links":{"self":[{"href":"https:\/\/www.formesrl.com\/es\/wp-json\/wp\/v2\/pages\/414","targetHints":{"allow":["GET"]}}],"collection":[{"href":"https:\/\/www.formesrl.com\/es\/wp-json\/wp\/v2\/pages"}],"about":[{"href":"https:\/\/www.formesrl.com\/es\/wp-json\/wp\/v2\/types\/page"}],"author":[{"embeddable":true,"href":"https:\/\/www.formesrl.com\/es\/wp-json\/wp\/v2\/users\/1"}],"replies":[{"embeddable":true,"href":"https:\/\/www.formesrl.com\/es\/wp-json\/wp\/v2\/comments?post=414"}],"version-history":[{"count":43,"href":"https:\/\/www.formesrl.com\/es\/wp-json\/wp\/v2\/pages\/414\/revisions"}],"predecessor-version":[{"id":416,"href":"https:\/\/www.formesrl.com\/es\/wp-json\/wp\/v2\/pages\/414\/revisions\/416"}],"wp:attachment":[{"href":"https:\/\/www.formesrl.com\/es\/wp-json\/wp\/v2\/media?parent=414"}],"curies":[{"name":"wp","href":"https:\/\/api.w.org\/{rel}","templated":true}]}}