
{"id":58,"date":"2010-05-11T13:18:36","date_gmt":"2010-05-11T13:18:36","guid":{"rendered":"http:\/\/www.formesrl.com\/prodotti\/profili"},"modified":"2013-12-09T14:25:49","modified_gmt":"2013-12-09T14:25:49","slug":"profili-in-acciaio","status":"publish","type":"page","link":"https:\/\/www.formesrl.com\/es\/productos\/perfiles-de-acero\/","title":{"rendered":"Perfiles"},"content":{"rendered":"<p><script type=\"text\/javascript\">\/\/ <![CDATA[\n$(document).ready(function() { $('#slider').s3Slider({ timeOut: 3000 }); }); \/\/ ]]>\n\/\/ ]]><\/script><\/p>\n<div id=\"slider\">\n<ul id=\"sliderContent\">\n<li class=\"sliderImage\"><img decoding=\"async\" alt=\"\" src=\"\/bannerini\/banner-speciali2.jpg\" \/><\/li>\n<li class=\"sliderImage\"><img decoding=\"async\" alt=\"\" src=\"\/bannerini\/profili-a-i-640.jpg\" \/><\/li>\n<li class=\"sliderImage\"><img decoding=\"async\" alt=\"\" src=\"\/wp-content\/uploads\/banner-seriepesante.jpg\" \/><\/li>\n<li class=\"sliderImage\"><img decoding=\"async\" alt=\"\" src=\"\/bannerini\/banner-profili-a-c.jpg\" \/><\/li>\n<li class=\"sliderImage\"><img decoding=\"async\" alt=\"\" src=\"\/bannerini\/banner-speciali3.jpg\" \/><\/li>\n<li class=\"sliderImage\"><img decoding=\"async\" alt=\"\" src=\"\/img\/trasparente.png\" \/><\/li>\n<\/ul>\n<\/div>\n<div class=\"clear\" id=\"container-profili\" style=\"width: 98%;\">\n<div style=\"width: 380px; float: left;\"><img loading=\"lazy\" decoding=\"async\" class=\"alignnone size-full wp-image-1923\" title=\"Assieme pag.3\" alt=\"\" src=\"https:\/\/www.formesrl.com\/wp-content\/uploads\/Assieme-pag.3.png\" width=\"363\" height=\"311\" srcset=\"https:\/\/www.formesrl.com\/wp-content\/uploads\/Assieme-pag.3.png 363w, https:\/\/www.formesrl.com\/wp-content\/uploads\/Assieme-pag.3-300x257.png 300w\" sizes=\"auto, (max-width: 363px) 100vw, 363px\" \/><\/div>\n<div style=\"width: 240px; float: right;\">\n<h3>C\u00f3mo evaluar la elecci\u00f3n de perfil y cojinete<\/h3>\n<p>Los elementos de la elecci\u00f3n de un perfil en funci\u00f3n de las distintas aplicaciones son infinitos. Una condici\u00f3n que recomendamos para comprobar la correcta elecci\u00f3n de nuestros perfiles laminados o compuestos es el control de la presi\u00f3n espec\u00edfica ejercida por el cojinete o rodillo en la base de deslizamiento del perfil (ley de Hertz). <strong>El valor calculado no debe superar la presi\u00f3n espec\u00edfica de 860 N\/mm\u00b2<\/strong>.\n<\/div>\n<\/div>\n<div class=\"clear\"><script type=\"text\/javascript\" src=\"\/js\/hertz.js\"><\/script><\/p>\n<form id=\"formcalcolo\" action=\"#\">\n<table>\n<tbody>\n<tr>\n<td id=\"errori\"><\/td>\n<\/tr>\n<tr>\n<td>\n<h3>Fase 1: Calculo de la carga aplicada al cojinete<\/h3>\n<\/td>\n<\/tr>\n<tr>\n<td><strong>P<\/strong>: Peso de la carga para manipular<\/td>\n<\/tr>\n<tr>\n<td><input id=\"peso\" type=\"text\" name=\"peso\" onchange=\"nascondi(2)\" \/> Kg<\/td>\n<\/tr>\n<tr>\n<td><strong>b<\/strong>: Centro de gravedad de la carga desde el punto de suspensi\u00f3n<\/td>\n<\/tr>\n<tr>\n<td><input id=\"baricentro\" type=\"text\" name=\"baricentro\" onchange=\"nascondi(2)\" \/> mm<\/td>\n<\/tr>\n<tr>\n<td><strong>I<\/strong>: Distancia entre ejes de los cojinetes \t<\/td>\n<\/tr>\n<tr>\n<td><input id=\"distanza\" type=\"text\" name=\"distanza\" onchange=\"nascondi(2)\" \/> mm<\/td>\n<\/tr>\n<tr>\n<td><\/td>\n<\/tr>\n<tr>\n<td><input onclick=\"calcola()\" type=\"button\" value=\"submit\" \/><\/td>\n<\/tr>\n<\/tbody>\n<\/table>\n<div id=\"fase2\" style=\"visibility: hidden;\">\n<table>\n<tbody>\n<tr>\n<td>\n<h3>Fase 2: Elecion del perfil<\/h3>\n<\/td>\n<\/tr>\n<tr>\n<td><\/td>\n<\/tr>\n<tr>\n<td>\n<span id=\"valoreczero\"><br \/>\n<\/span><\/td>\n<\/tr>\n<tr>\n<td>\n<select name=\"cuscinetto\" id=\"cuscinetto\" onchange=\"nascondi(3)\"><option value=\"MSG \">Elegir un perfil con carga suportada suficiente<\/option><option value=\"MR.000 \">Carga suportada 6.900N : EC.053<\/option><option value=\"MR.021 \">Carga suportada 8.750N : EC.062<br \/>\n<\/option><option value=\"MR.022 \">Carga suportada 11.300N : EC.070 &#8211; ET.070 &#8211; ECC.070<br \/>\n<\/option><option value=\"MR.023 \">Carga suportada 12.600N : EC.078 &#8211; ET.078 &#8211; ECC.078<br \/>\n<\/option><option value=\"MR.025 \">Carga suportada 19.700N : EC.089 &#8211; ET.089<br \/>\n<\/option><option value=\"MR.027 \">Carga suportada 24.000N : EC.108 &#8211; ET.108 &#8211; FI 108<br \/>\n<\/option><option value=\"MR.029 \">Carga suportada 31.150N : EC.123 &#8211; ET.123 &#8211; FI 123 &#8211; FC 123L<br \/>\n<\/option><option value=\"MR.038A\">Carga suportada 50.150N : FM 165 &#8211; FM 165R &#8211; FC 165 &#8211; FC 165R<br \/>\n<\/option><option value=\"MR.030 \">Carga suportada 54.350N : EC.149 &#8211; FI 149 &#8211; FC 149L<br \/>\n<\/option><option value=\"MR.012A\">Carga suportada 67.400N : FM 190 &#8211; FC 190<br \/>\n<\/option><option value=\"MR.013A\">Carga suportada 100.350N : FM 220 &#8211; FC 220<br \/>\n<\/option><option value=\"MR.014A\">Carga suportada 124.150N : FM 250 &#8211; FC 250<br \/>\n<\/option><option value=\"MR.015A\">Carga suportada 170.300N : FM 280 &#8211; FM 280R &#8211; FC 280 &#8211; FC 280R<br \/>\n<\/option><\/select><\/p>\n<p><input id=\"Czero\" type=\"hidden\" name=\"Czero\" \/><\/td>\n<\/tr>\n<tr>\n<td><\/td>\n<\/tr>\n<tr>\n<td><input onclick=\"verifica()\" type=\"button\" value=\"submit\" \/><\/td>\n<\/tr>\n<\/tbody>\n<\/table>\n<\/div>\n<div id=\"fase3\" style=\"visibility: hidden;\">\n<table>\n<tbody>\n<tr>\n<td>\n<h3>Fase 3: Evaluaci\u00f3n y resultados<\/h3>\n<\/td>\n<\/tr>\n<tr>\n<td> <span id=\"hertzeffettivo\"><br \/>\n<\/span><\/td>\n<\/tr>\n<\/tbody>\n<\/table>\n<\/div>\n<\/form>\n<\/div>\n<p><script type=\"text\/javascript\">\/\/ <![CDATA[ verificaBack(); \/\/ ]]><\/script><\/p>\n<p><\/p>","protected":false},"excerpt":{"rendered":"<p>C\u00f3mo evaluar la elecci\u00f3n de perfil y cojinete Los elementos de la elecci\u00f3n de un perfil en funci\u00f3n de las distintas aplicaciones son infinitos. Una condici\u00f3n que recomendamos para comprobar la correcta elecci\u00f3n de nuestros perfiles laminados o compuestos es el control de la presi\u00f3n espec\u00edfica ejercida por el cojinete o rodillo en la base [&hellip;]<\/p>\n","protected":false},"author":1,"featured_media":0,"parent":24,"menu_order":1,"comment_status":"open","ping_status":"open","template":"","meta":{"footnotes":""},"class_list":["post-58","page","type-page","status-publish","hentry"],"_links":{"self":[{"href":"https:\/\/www.formesrl.com\/es\/wp-json\/wp\/v2\/pages\/58","targetHints":{"allow":["GET"]}}],"collection":[{"href":"https:\/\/www.formesrl.com\/es\/wp-json\/wp\/v2\/pages"}],"about":[{"href":"https:\/\/www.formesrl.com\/es\/wp-json\/wp\/v2\/types\/page"}],"author":[{"embeddable":true,"href":"https:\/\/www.formesrl.com\/es\/wp-json\/wp\/v2\/users\/1"}],"replies":[{"embeddable":true,"href":"https:\/\/www.formesrl.com\/es\/wp-json\/wp\/v2\/comments?post=58"}],"version-history":[{"count":122,"href":"https:\/\/www.formesrl.com\/es\/wp-json\/wp\/v2\/pages\/58\/revisions"}],"predecessor-version":[{"id":3218,"href":"https:\/\/www.formesrl.com\/es\/wp-json\/wp\/v2\/pages\/58\/revisions\/3218"}],"up":[{"embeddable":true,"href":"https:\/\/www.formesrl.com\/es\/wp-json\/wp\/v2\/pages\/24"}],"wp:attachment":[{"href":"https:\/\/www.formesrl.com\/es\/wp-json\/wp\/v2\/media?parent=58"}],"curies":[{"name":"wp","href":"https:\/\/api.w.org\/{rel}","templated":true}]}}