
{"id":722,"date":"2010-07-15T11:53:19","date_gmt":"2010-07-15T11:53:19","guid":{"rendered":"http:\/\/www.formesrl.com\/?page_id=722"},"modified":"2015-09-14T14:48:19","modified_gmt":"2015-09-14T14:48:19","slug":"note-legali","status":"publish","type":"page","link":"https:\/\/www.formesrl.com\/es\/avisos-legales\/","title":{"rendered":"Avisos legales"},"content":{"rendered":"<p><\/p>\n<h4>Uso de los contenidos<\/h4>\n<p>El usuario est\u00e1 autorizado a utilizar la documentaci\u00f3n y los contenidos disponibles en esta web, almacenando los datos en su ordenador o imprimiendo extractos de las p\u00e1ginas, incluso los dise\u00f1os t\u00e9cnicos preparados en PDF y DWG, siempre que:<br \/>\n1) el uso de dicha documentaci\u00f3n tenga \u00fanicamente una finalidad de informaci\u00f3n personal y no comercial y que la misma no sea copiada, reproducida, transferida, publicada, divulgada o distribuida, incluso parcialmente, sin espec\u00edfica autorizaci\u00f3n de Forme srl.<br \/>\n2) no se realicen modificaciones de ninguna parte de la documentaci\u00f3n.<\/p>\n<h4>Uso del \u201cC\u00e1lculo autom\u00e1tico\u201d de la f\u00f3rmula de Hertz<\/h4>\n<p>El uso del c\u00e1lculo autom\u00e1tico de la f\u00f3rmula de Hertz requiere la correcta introducci\u00f3n de todos los par\u00e1metros solicitados. La falta o la incorrecta introducci\u00f3n de uno solo de los datos solicitados influye de forma determinante sobre el resultado que, por lo tanto, no ser\u00e1 fiable.<br \/>\nForme srl no ser\u00e1 responsable por un uso incorrecto del \u201cC\u00e1lculo autom\u00e1tico\u201d de la f\u00f3rmula de Hertz.<\/p>","protected":false},"excerpt":{"rendered":"<p>Uso de los contenidos El usuario est\u00e1 autorizado a utilizar la documentaci\u00f3n y los contenidos disponibles en esta web, almacenando los datos en su ordenador o imprimiendo extractos de las p\u00e1ginas, incluso los dise\u00f1os t\u00e9cnicos preparados en PDF y DWG, siempre que: 1) el uso de dicha documentaci\u00f3n tenga \u00fanicamente una finalidad de informaci\u00f3n personal [&hellip;]<\/p>\n","protected":false},"author":1,"featured_media":0,"parent":0,"menu_order":15,"comment_status":"open","ping_status":"open","template":"","meta":{"footnotes":""},"class_list":["post-722","page","type-page","status-publish","hentry"],"_links":{"self":[{"href":"https:\/\/www.formesrl.com\/es\/wp-json\/wp\/v2\/pages\/722","targetHints":{"allow":["GET"]}}],"collection":[{"href":"https:\/\/www.formesrl.com\/es\/wp-json\/wp\/v2\/pages"}],"about":[{"href":"https:\/\/www.formesrl.com\/es\/wp-json\/wp\/v2\/types\/page"}],"author":[{"embeddable":true,"href":"https:\/\/www.formesrl.com\/es\/wp-json\/wp\/v2\/users\/1"}],"replies":[{"embeddable":true,"href":"https:\/\/www.formesrl.com\/es\/wp-json\/wp\/v2\/comments?post=722"}],"version-history":[{"count":23,"href":"https:\/\/www.formesrl.com\/es\/wp-json\/wp\/v2\/pages\/722\/revisions"}],"predecessor-version":[{"id":3315,"href":"https:\/\/www.formesrl.com\/es\/wp-json\/wp\/v2\/pages\/722\/revisions\/3315"}],"wp:attachment":[{"href":"https:\/\/www.formesrl.com\/es\/wp-json\/wp\/v2\/media?parent=722"}],"curies":[{"name":"wp","href":"https:\/\/api.w.org\/{rel}","templated":true}]}}