
{"id":120,"date":"2010-05-12T14:19:53","date_gmt":"2010-05-12T14:19:53","guid":{"rendered":"http:\/\/www.formesrl.com\/?page_id=120"},"modified":"2023-09-26T17:17:29","modified_gmt":"2023-09-26T17:17:29","slug":"profili-composti","status":"publish","type":"page","link":"https:\/\/www.formesrl.com\/fr\/produits\/profiles-en-acier\/profiles-composes\/","title":{"rendered":"Profil\u00e9s compos\u00e9s"},"content":{"rendered":"<p><img loading=\"lazy\" decoding=\"async\" class=\"alignnone size-full wp-image-1961 bannerpagina\" title=\"banner-seriepesante\" src=\"https:\/\/www.formesrl.com\/wp-content\/uploads\/banner-seriepesante.jpg\" alt=\"\" width=\"640\" height=\"178\" srcset=\"https:\/\/www.formesrl.com\/wp-content\/uploads\/banner-seriepesante.jpg 640w, https:\/\/www.formesrl.com\/wp-content\/uploads\/banner-seriepesante-300x83.jpg 300w\" sizes=\"auto, (max-width: 640px) 100vw, 640px\" \/><\/p>\n<div class=\"blocchettopagina clear\">\n<div class=\"titoloblocchetto\" style=\"width: 640px;\">\n<h3>Profil\u00e9s compos\u00e9s en \u201cI\u201d s\u00e9rie lourde<\/h3>\n<\/div>\n<div class=\"blocchettosx\">\n<p><a href=\"https:\/\/www.formesrl.com\/fr\/prodotti\/profili-in-acciaio\/profili-composti\/profili-saldati-grande-portata\"><img loading=\"lazy\" decoding=\"async\" class=\"alignnone size-full wp-image-1705\" title=\"mini-composti-a-I-pesante\" src=\"https:\/\/www.formesrl.com\/wp-content\/uploads\/mini-composti-a-I-pesante.jpg\" alt=\"\" width=\"308\" height=\"106\" srcset=\"https:\/\/www.formesrl.com\/wp-content\/uploads\/mini-composti-a-I-pesante.jpg 308w, https:\/\/www.formesrl.com\/wp-content\/uploads\/mini-composti-a-I-pesante-300x103.jpg 300w\" sizes=\"auto, (max-width: 308px) 100vw, 308px\" \/><\/a><\/p>\n<p><a href=\"https:\/\/www.formesrl.com\/fr\/prodotti\/profili-in-acciaio\/profili-composti\/profili-saldati-grande-portata\"><img loading=\"lazy\" decoding=\"async\" class=\"alignnone size-full wp-image-1757\" title=\"particolare_combinato_i\" src=\"https:\/\/www.formesrl.com\/wp-content\/uploads\/particolare_combinato_i.jpg\" alt=\"\" width=\"308\" height=\"106\" srcset=\"https:\/\/www.formesrl.com\/wp-content\/uploads\/particolare_combinato_i.jpg 308w, https:\/\/www.formesrl.com\/wp-content\/uploads\/particolare_combinato_i-300x103.jpg 300w\" sizes=\"auto, (max-width: 308px) 100vw, 308px\" \/><\/a><\/p>\n<\/div>\n<div class=\"blocchettodx\">\n<p>Soud\u00e9s et frais\u00e9s.<br \/>\nIls sont con\u00e7us surtout pour la production de montants de chariots \u00e9l\u00e9vateurs ayant des charges sup\u00e9rieures \u00e0 8 t.<br \/>\nIls sont indiqu\u00e9s comme \u00e9l\u00e9ments structuraux dans la construction de syst\u00e8mes de levage et de manutention.<br \/>\nLongueur standard 6.000 mm.<br \/>\nCette s\u00e9rie est produite exclusivement sur commande.<\/p>\n<p><strong>Sur demande:<\/strong><br \/>\n&#8211; Ex\u00e9cution selon dessin du client.<br \/>\n&#8211; D\u00e9gagements et per\u00e7ages pour roulements.<br \/>\n&#8211; Mat\u00e9riau sp\u00e9cial (Weldox \u2013 StE 690V \u2013 EN 10137 \u2013 2)<\/p>\n<p style=\"text-align: justify;\"><a href=\"https:\/\/www.formesrl.com\/fr\/prodotti\/profili-in-acciaio\/profili-composti\/profili-saldati-grande-portata\">Fiche technique compos\u00e9s en I s\u00e9rie lourde<\/a><\/p>\n<\/div>\n<\/div>\n<div class=\"blocchettopagina clear\">\n<div class=\"titoloblocchetto\" style=\"width: 640px;\">\n<h3>Profil\u00e9s compos\u00e9s en \u201cC\u201d s\u00e9rie lourde<\/h3>\n<\/div>\n<div class=\"blocchettosx\"><a href=\"https:\/\/www.formesrl.com\/fr\/prodotti\/profili-in-acciaio\/profili-composti\/profili-saldati-a-c-2\"><img loading=\"lazy\" decoding=\"async\" class=\"alignnone size-full wp-image-1706\" title=\"mini-composti-a-C-pesante\" src=\"https:\/\/www.formesrl.com\/wp-content\/uploads\/mini-composti-a-C-pesante.jpg\" alt=\"\" width=\"308\" height=\"106\" srcset=\"https:\/\/www.formesrl.com\/wp-content\/uploads\/mini-composti-a-C-pesante.jpg 308w, https:\/\/www.formesrl.com\/wp-content\/uploads\/mini-composti-a-C-pesante-300x103.jpg 300w\" sizes=\"auto, (max-width: 308px) 100vw, 308px\" \/><\/a><br \/>\n<a href=\"https:\/\/www.formesrl.com\/fr\/prodotti\/profili-in-acciaio\/profili-composti\/profili-saldati-a-c-2\"><img loading=\"lazy\" decoding=\"async\" class=\"alignnone size-full wp-image-1953\" title=\"mini-pesante-a-c-dettaglio\" src=\"https:\/\/www.formesrl.com\/wp-content\/uploads\/mini-pesante-a-c-dettaglio.jpg\" alt=\"\" width=\"308\" height=\"106\" srcset=\"https:\/\/www.formesrl.com\/wp-content\/uploads\/mini-pesante-a-c-dettaglio.jpg 308w, https:\/\/www.formesrl.com\/wp-content\/uploads\/mini-pesante-a-c-dettaglio-300x103.jpg 300w\" sizes=\"auto, (max-width: 308px) 100vw, 308px\" \/><\/a><\/div>\n<div class=\"blocchettodx\">\n<p style=\"text-align: justify;\">Soud\u00e9s et frais\u00e9s.<br \/>\nDans les cas o\u00f9 les charges d\u00e9passent les 8 t, ces profil\u00e9s donnent une opportunit\u00e9 efficace d&rsquo;utilisation dans les syst\u00e8mes de levage en g\u00e9n\u00e9ral.<br \/>\nLa structure de ces profil\u00e9s, particuli\u00e8rement solide, permet de r\u00e9aliser une installation en utilisant le profil\u00e9 comme \u00e9l\u00e9ment portant.<br \/>\nCette s\u00e9rie est produite exclusivement sur commande.<br \/>\nLongueur standard 6.000 mm.<\/p>\n<p style=\"text-align: justify;\">\n<strong>Sur demande:<\/strong><br \/>\n&#8211; Ex\u00e9cution selon dessin du client.<br \/>\n&#8211; D\u00e9gagement et per\u00e7age pour roulements.<br \/>\n&#8211; Mat\u00e9riau sp\u00e9cial (Weldox \u2013 StE 690V \u2013 EN 10137 \u2013 2)<\/p>\n<p style=\"text-align: justify;\"><a href=\"https:\/\/www.formesrl.com\/fr\/prodotti\/profili-in-acciaio\/profili-composti\/profili-saldati-a-c-2\">Fiche Technique Compos\u00e9s en C s\u00e9rie lourde<\/a><\/p>\n<\/div>\n<\/div>\n<div class=\"blocchettopagina clear\">\n<div class=\"titoloblocchetto\" style=\"width: 640px;\">\n<h3>Profil\u00e9s compos\u00e9s en \u201cI\u201d s\u00e9rie l\u00e9g\u00e8re<\/h3>\n<\/div>\n<div class=\"blocchettosx\"><a href=\"https:\/\/www.formesrl.com\/fr\/prodotti\/profili-in-acciaio\/profili-composti\/profili-saldati-a-i\"><img loading=\"lazy\" decoding=\"async\" class=\"alignnone size-full wp-image-1955\" title=\"mini-leggera-a-i\" src=\"https:\/\/www.formesrl.com\/wp-content\/uploads\/mini-leggera-a-i.jpg\" alt=\"\" width=\"308\" height=\"106\" srcset=\"https:\/\/www.formesrl.com\/wp-content\/uploads\/mini-leggera-a-i.jpg 308w, https:\/\/www.formesrl.com\/wp-content\/uploads\/mini-leggera-a-i-300x103.jpg 300w\" sizes=\"auto, (max-width: 308px) 100vw, 308px\" \/><\/a><a href=\"https:\/\/www.formesrl.com\/fr\/prodotti\/profili-in-acciaio\/profili-composti\/profili-saldati-a-i\"><img loading=\"lazy\" decoding=\"async\" class=\"alignnone size-full wp-image-1957\" title=\"mini-leggera-a-i-particolare\" src=\"https:\/\/www.formesrl.com\/wp-content\/uploads\/mini-leggera-a-i-particolare.jpg\" alt=\"\" width=\"308\" height=\"106\" srcset=\"https:\/\/www.formesrl.com\/wp-content\/uploads\/mini-leggera-a-i-particolare.jpg 308w, https:\/\/www.formesrl.com\/wp-content\/uploads\/mini-leggera-a-i-particolare-300x103.jpg 300w\" sizes=\"auto, (max-width: 308px) 100vw, 308px\" \/><\/a><\/div>\n<div class=\"blocchettodx\">\n<p style=\"text-align: justify;\">Soud\u00e9s et frais\u00e9s.<br \/>\nInterchangeables avec les profil\u00e9s lamin\u00e9s correspondants.<br \/>\nIls sont employ\u00e9s dans la construction de montants et chariots \u00e9l\u00e9vateurs dans les applications qui demandent pr\u00e9cision et rigidit\u00e9 consid\u00e9rables dans les grandes lev\u00e9es.<br \/>\nLongueur standard 6.000 mm. .<\/p>\n<p style=\"text-align: justify;\">\n<strong>Sur demande:<\/strong><br \/>\n&#8211; Longueurs diff\u00e9rentes sur mesure.<br \/>\n&#8211; Ex\u00e9cution selon dessin du client.<br \/>\n&#8211; D\u00e9gagements et per\u00e7age pour roulements.<br \/>\n&#8211; Mat\u00e9riau sp\u00e9cial (Weldox \u2013 StE 690V \u2013 EN 10137 \u2013 2)<\/p>\n<p style=\"text-align: justify;\"><a href=\"https:\/\/www.formesrl.com\/fr\/prodotti\/profili-in-acciaio\/profili-composti\/profili-saldati-a-i\">Fiche Technique Compos\u00e9s en I s\u00e9rie l\u00e9g\u00e8re<\/a><\/p>\n<\/div>\n<\/div>\n<div class=\"blocchettopagina clear\">\n<div class=\"titoloblocchetto\" style=\"width: 640px;\">\n<h3>Profil\u00e9s compos\u00e9s en \u201cC\u201d s\u00e9rie l\u00e9g\u00e8re.<\/h3>\n<\/div>\n<div class=\"blocchettosx\"><a href=\"https:\/\/www.formesrl.com\/fr\/prodotti\/profili-in-acciaio\/profili-composti\/profili-saldati-media-portata\"><img loading=\"lazy\" decoding=\"async\" class=\"alignnone size-full wp-image-2114\" title=\"mini-composto-c-leggera\" src=\"https:\/\/www.formesrl.com\/wp-content\/uploads\/mini-composto-c-leggera.jpg\" alt=\"\" width=\"308\" height=\"106\" srcset=\"https:\/\/www.formesrl.com\/wp-content\/uploads\/mini-composto-c-leggera.jpg 308w, https:\/\/www.formesrl.com\/wp-content\/uploads\/mini-composto-c-leggera-300x103.jpg 300w\" sizes=\"auto, (max-width: 308px) 100vw, 308px\" \/><\/a><a href=\"https:\/\/www.formesrl.com\/fr\/prodotti\/profili-in-acciaio\/profili-composti\/profili-saldati-media-portata\"><img loading=\"lazy\" decoding=\"async\" class=\"alignnone size-full wp-image-2116\" title=\"mini-composto-c-leggera-particolare\" src=\"https:\/\/www.formesrl.com\/wp-content\/uploads\/mini-composto-c-leggera-particolare.jpg\" alt=\"\" width=\"308\" height=\"106\" srcset=\"https:\/\/www.formesrl.com\/wp-content\/uploads\/mini-composto-c-leggera-particolare.jpg 308w, https:\/\/www.formesrl.com\/wp-content\/uploads\/mini-composto-c-leggera-particolare-300x103.jpg 300w\" sizes=\"auto, (max-width: 308px) 100vw, 308px\" \/><\/a><\/div>\n<div class=\"blocchettodx\">\n<p style=\"text-align: justify;\">Soud\u00e9s et frais\u00e9s.<br \/>\nIls remplacent les profil\u00e9s lamin\u00e9s correspondants dans les utilisations o\u00f9 pr\u00e9cision et interchangeabilit\u00e9 des composants sont demand\u00e9es.<br \/>\nLongueur standard 6.000 mm.<\/p>\n<p style=\"text-align: justify;\">\n<strong>Sur demande:<\/strong><br \/>\n&#8211; Longueurs diff\u00e9rentes sur mesure.<br \/>\n&#8211; Ex\u00e9cution selon dessin du client.<br \/>\n&#8211; D\u00e9gagements et per\u00e7age pour roulements.<br \/>\n&#8211; Mat\u00e9riau sp\u00e9cial (Weldox \u2013 StE 690V \u2013 EN 10137 \u2013 2)<\/p>\n<p style=\"text-align: justify;\"><a href=\"https:\/\/www.formesrl.com\/fr\/prodotti\/profili-in-acciaio\/profili-composti\/profili-saldati-media-portata\">Fiche Technique Compos\u00e9s en C s\u00e9rie l\u00e9g\u00e8re<\/a><\/p>\n<\/div>\n<\/div>\n<p><\/p>","protected":false},"excerpt":{"rendered":"<p>Profil\u00e9s compos\u00e9s en \u201cI\u201d s\u00e9rie lourde Soud\u00e9s et frais\u00e9s. Ils sont con\u00e7us surtout pour la production de montants de chariots \u00e9l\u00e9vateurs ayant des charges sup\u00e9rieures \u00e0 8 t. Ils sont indiqu\u00e9s comme \u00e9l\u00e9ments structuraux dans la construction de syst\u00e8mes de levage et de manutention. Longueur standard 6.000 mm. Cette s\u00e9rie est produite exclusivement sur commande. [&hellip;]<\/p>\n","protected":false},"author":1,"featured_media":0,"parent":58,"menu_order":2,"comment_status":"open","ping_status":"open","template":"","meta":{"footnotes":""},"class_list":["post-120","page","type-page","status-publish","hentry"],"_links":{"self":[{"href":"https:\/\/www.formesrl.com\/fr\/wp-json\/wp\/v2\/pages\/120","targetHints":{"allow":["GET"]}}],"collection":[{"href":"https:\/\/www.formesrl.com\/fr\/wp-json\/wp\/v2\/pages"}],"about":[{"href":"https:\/\/www.formesrl.com\/fr\/wp-json\/wp\/v2\/types\/page"}],"author":[{"embeddable":true,"href":"https:\/\/www.formesrl.com\/fr\/wp-json\/wp\/v2\/users\/1"}],"replies":[{"embeddable":true,"href":"https:\/\/www.formesrl.com\/fr\/wp-json\/wp\/v2\/comments?post=120"}],"version-history":[{"count":76,"href":"https:\/\/www.formesrl.com\/fr\/wp-json\/wp\/v2\/pages\/120\/revisions"}],"predecessor-version":[{"id":3534,"href":"https:\/\/www.formesrl.com\/fr\/wp-json\/wp\/v2\/pages\/120\/revisions\/3534"}],"up":[{"embeddable":true,"href":"https:\/\/www.formesrl.com\/fr\/wp-json\/wp\/v2\/pages\/58"}],"wp:attachment":[{"href":"https:\/\/www.formesrl.com\/fr\/wp-json\/wp\/v2\/media?parent=120"}],"curies":[{"name":"wp","href":"https:\/\/api.w.org\/{rel}","templated":true}]}}