
{"id":123,"date":"2010-05-12T14:27:44","date_gmt":"2010-05-12T14:27:44","guid":{"rendered":"http:\/\/www.formesrl.com\/?page_id=123"},"modified":"2013-12-04T09:56:12","modified_gmt":"2013-12-04T09:56:12","slug":"profili-saldati-media-portata","status":"publish","type":"page","link":"https:\/\/www.formesrl.com\/fr\/produits\/profiles-en-acier\/profiles-composes\/serie-legere-en-c\/","title":{"rendered":"Fiche Technique Profil\u00e9s Compos\u00e9s S\u00e9rie l\u00e9g\u00e8re en \u00ab\u00a0C\u00a0\u00bb"},"content":{"rendered":"<p><\/p>\n<table class=\"schedaprodotto\">\n<tbody>\n<tr>\n<td class=\"immaginescheda\"><img loading=\"lazy\" decoding=\"async\" class=\"alignnone size-full wp-image-1386\" title=\"FC simboliL\" src=\"https:\/\/www.formesrl.com\/wp-content\/uploads\/FC-simboliL.png\" alt=\"\" width=\"310\" height=\"460\" srcset=\"https:\/\/www.formesrl.com\/wp-content\/uploads\/FC-simboliL.png 310w, https:\/\/www.formesrl.com\/wp-content\/uploads\/FC-simboliL-202x300.png 202w\" sizes=\"auto, (max-width: 310px) 100vw, 310px\" \/><\/td>\n<td class=\"cellatabellamateriale\">\n<table class=\"tabellamateriale\">\n<tbody>\n<tr>\n<th colspan=\"2\">MAT\u00c9RIAU<\/th>\n<\/tr>\n<tr>\n<td class=\"etichettamateriale\">UNI<\/td>\n<td class=\"materiale\">Fe 510.C<\/td>\n<\/tr>\n<tr>\n<td class=\"etichettamateriale\">DIN<\/td>\n<td class=\"materiale\">St 52-3<\/td>\n<\/tr>\n<tr>\n<td class=\"etichettamateriale\">W Nr.<\/td>\n<td class=\"materiale\">1.0553<\/td>\n<\/tr>\n<tr>\n<td class=\"fineetichettamateriale\">EN 10025<\/td>\n<td class=\"finemateriale\">S355J0<\/td>\n<\/tr>\n<tr>\n<td><\/td>\n<td><\/td>\n<td><\/td>\n<\/tr>\n<\/tbody>\n<\/table>\n<\/td>\n<\/tr>\n<\/tbody>\n<\/table>\n<table class=\"tabellaprodotto\">\n<tbody>\n<tr class=\"rigabianca\" align=\"center\">\n<td class=\"intestazionitabella\"><img decoding=\"async\" src=\"\/img\/diapo_logo.jpg\" alt=\"\" \/><\/td>\n<td class=\"intestazionitabella\" colspan=\"8\">Dimensions<\/td>\n<td class=\"intestazionitabella\" rowspan=\"2\">Masse<br \/>\nlin\u00e9aire<br \/>\nkg\/m<\/td>\n<td class=\"intestazionitabella\" colspan=\"2\">Moment<br \/>\nd&rsquo;inertie<\/td>\n<td class=\"intestazionitabella\" colspan=\"2\">Modules de<br \/>\nr\u00e9sistance<\/td>\n<td class=\"intestazionitabella\" colspan=\"2\" rowspan=\"2\"><span>Download<\/span><\/td>\n<\/tr>\n<tr class=\"rigabianca\" align=\"center\">\n<td class=\"intestazionitabella\">TYPE<\/td>\n<td class=\"intestazionitabella\">C<br \/>\nmm.<\/td>\n<td class=\"intestazionitabella\">H<br \/>\nmm.<\/td>\n<td class=\"intestazionitabella\">B<br \/>\nmm.<\/td>\n<td class=\"intestazionitabella\">S<br \/>\nmm.<\/td>\n<td class=\"intestazionitabella\">B1<br \/>\nmm.<\/td>\n<td class=\"intestazionitabella\">k<br \/>\nmm.<\/td>\n<td class=\"intestazionitabella\">Ex<br \/>\nmm.<\/td>\n<td class=\"intestazionitabella\">Ey<br \/>\nmm.<\/td>\n<td class=\"intestazionitabella\"><span>Jx<br \/>\n<\/span>cm<sup><small>4<\/small><\/sup><\/td>\n<td class=\"intestazionitabella\"><span>Jy<br \/>\n<\/span>cm<sup><small>4<\/small><\/sup><\/td>\n<td class=\"intestazionitabella\"><span>Wx<br \/>\n<\/span>cm<sup><small>3<\/small><\/sup><\/td>\n<td class=\"intestazionitabella\"><span>Wy<br \/>\n<\/span>cm<sup><small>3<\/small><\/sup><\/td>\n<\/tr>\n<tr class=\"rigabianca\" align=\"center\">\n<td class=\"codiceprodotto\">FC 123L<\/td>\n<td class=\"datonumerico\">123,3<\/td>\n<td class=\"datonumerico\">175<\/td>\n<td class=\"datonumerico\">66<\/td>\n<td class=\"datonumerico\">16<\/td>\n<td class=\"datonumerico\">50<\/td>\n<td class=\"datonumerico\">13<\/td>\n<td class=\"datonumerico\">87,5<\/td>\n<td class=\"datonumerico\">23,77<\/td>\n<td class=\"datonumerico\">42,37<\/td>\n<td class=\"datonumerico\">2181,5<\/td>\n<td class=\"datonumerico\">206<\/td>\n<td class=\"datonumerico\">249,3<\/td>\n<td class=\"datonumerico\">86,7<\/td>\n<td class=\"scaricamento\" valign=\"middle\"><a href=\"\/img\/prodotti\/pdf\/FC 123L.pdf\" target=\"_blank\"><img loading=\"lazy\" decoding=\"async\" src=\"\/img\/pdf.gif\" border=\"0\" alt=\"\" width=\"23\" height=\"24\" \/><\/a><\/td>\n<td class=\"scaricamento\" valign=\"middle\"><a href=\"\/img\/prodotti\/dwg\/FC 123L.dwg\"><img loading=\"lazy\" decoding=\"async\" src=\"\/img\/dwg.gif\" border=\"0\" alt=\"\" width=\"23\" height=\"24\" \/><\/a><\/td>\n<\/tr>\n<tr class=\"rigadispari\" align=\"center\">\n<td class=\"codiceprodotto\">FC 149L<\/td>\n<td class=\"datonumerico\">149,4<\/td>\n<td class=\"datonumerico\">202<\/td>\n<td class=\"datonumerico\">71,2<\/td>\n<td class=\"datonumerico\">19,4<\/td>\n<td class=\"datonumerico\">51,8<\/td>\n<td class=\"datonumerico\">15<\/td>\n<td class=\"datonumerico\">101<\/td>\n<td class=\"datonumerico\">24,26<\/td>\n<td class=\"datonumerico\">52,31<\/td>\n<td class=\"datonumerico\">3480,6<\/td>\n<td class=\"datonumerico\">276,5<\/td>\n<td class=\"datonumerico\">344,6<\/td>\n<td class=\"datonumerico\">114<\/td>\n<td class=\"scaricamento\" valign=\"middle\"><a href=\"\/img\/prodotti\/pdf\/FC 149L.pdf\" target=\"_blank\"><img loading=\"lazy\" decoding=\"async\" src=\"\/img\/pdf.gif\" border=\"0\" alt=\"\" width=\"23\" height=\"24\" \/><\/a><\/td>\n<td class=\"scaricamento\" valign=\"middle\"><a href=\"\/img\/prodotti\/dwg\/FC 149L.dwg\"><img loading=\"lazy\" decoding=\"async\" src=\"\/img\/dwg.gif\" border=\"0\" alt=\"\" width=\"23\" height=\"24\" \/><\/a><\/td>\n<\/tr>\n<\/tbody>\n<\/table>\n<p><img loading=\"lazy\" decoding=\"async\" class=\"alignnone size-full wp-image-842\" title=\"ERRORI\" src=\"https:\/\/www.formesrl.com\/wp-content\/uploads\/ERRORI-fr.png\" alt=\"\" width=\"590\" height=\"177\" \/><\/p>\n<\/p>\n<p><\/p>","protected":false},"excerpt":{"rendered":"<p>MAT\u00c9RIAU UNI Fe 510.C DIN St 52-3 W Nr. 1.0553 EN 10025 S355J0 Dimensions Masse lin\u00e9aire kg\/m Moment d&rsquo;inertie Modules de r\u00e9sistance Download TYPE C mm. H mm. B mm. S mm. B1 mm. k mm. Ex mm. Ey mm. Jx cm4 Jy cm4 Wx cm3 Wy cm3 FC 123L 123,3 175 66 16 50 [&hellip;]<\/p>\n","protected":false},"author":1,"featured_media":0,"parent":120,"menu_order":1,"comment_status":"open","ping_status":"closed","template":"","meta":{"footnotes":""},"class_list":["post-123","page","type-page","status-publish","hentry"],"_links":{"self":[{"href":"https:\/\/www.formesrl.com\/fr\/wp-json\/wp\/v2\/pages\/123","targetHints":{"allow":["GET"]}}],"collection":[{"href":"https:\/\/www.formesrl.com\/fr\/wp-json\/wp\/v2\/pages"}],"about":[{"href":"https:\/\/www.formesrl.com\/fr\/wp-json\/wp\/v2\/types\/page"}],"author":[{"embeddable":true,"href":"https:\/\/www.formesrl.com\/fr\/wp-json\/wp\/v2\/users\/1"}],"replies":[{"embeddable":true,"href":"https:\/\/www.formesrl.com\/fr\/wp-json\/wp\/v2\/comments?post=123"}],"version-history":[{"count":78,"href":"https:\/\/www.formesrl.com\/fr\/wp-json\/wp\/v2\/pages\/123\/revisions"}],"predecessor-version":[{"id":3157,"href":"https:\/\/www.formesrl.com\/fr\/wp-json\/wp\/v2\/pages\/123\/revisions\/3157"}],"up":[{"embeddable":true,"href":"https:\/\/www.formesrl.com\/fr\/wp-json\/wp\/v2\/pages\/120"}],"wp:attachment":[{"href":"https:\/\/www.formesrl.com\/fr\/wp-json\/wp\/v2\/media?parent=123"}],"curies":[{"name":"wp","href":"https:\/\/api.w.org\/{rel}","templated":true}]}}