
{"id":125,"date":"2010-05-12T14:32:20","date_gmt":"2010-05-12T14:32:20","guid":{"rendered":"http:\/\/www.formesrl.com\/?page_id=125"},"modified":"2013-12-04T09:57:48","modified_gmt":"2013-12-04T09:57:48","slug":"profili-saldati-a-i","status":"publish","type":"page","link":"https:\/\/www.formesrl.com\/fr\/produits\/profiles-en-acier\/profiles-composes\/serie-legere-en-i\/","title":{"rendered":"Fiche Technique Profil\u00e9s Compos\u00e9s S\u00e9rie l\u00e9g\u00e8re en \u00ab\u00a0I\u00a0\u00bb"},"content":{"rendered":"<p><\/p>\n<table class=\"schedaprodotto\">\n<tbody>\n<tr>\n<td class=\"immaginescheda\"><img loading=\"lazy\" decoding=\"async\" class=\"alignnone size-full wp-image-1390\" title=\"FI simboli\" src=\"https:\/\/www.formesrl.com\/wp-content\/uploads\/FI-simboli.png\" alt=\"\" width=\"330\" height=\"433\" srcset=\"https:\/\/www.formesrl.com\/wp-content\/uploads\/FI-simboli.png 330w, https:\/\/www.formesrl.com\/wp-content\/uploads\/FI-simboli-228x300.png 228w\" sizes=\"auto, (max-width: 330px) 100vw, 330px\" \/><\/td>\n<td class=\"cellatabellamateriale\">\n<table class=\"tabellamateriale\">\n<tbody>\n<tr>\n<th colspan=\"2\">MAT\u00c9RIAU<\/th>\n<\/tr>\n<tr>\n<td class=\"etichettamateriale\">UNI<\/td>\n<td class=\"materiale\">Fe 510.C<\/td>\n<\/tr>\n<tr>\n<td class=\"etichettamateriale\">DIN<\/td>\n<td class=\"materiale\">St 52-3<\/td>\n<\/tr>\n<tr>\n<td class=\"etichettamateriale\">W Nr.<\/td>\n<td class=\"materiale\">1.0553<\/td>\n<\/tr>\n<tr>\n<td class=\"fineetichettamateriale\">EN 10025<\/td>\n<td class=\"finemateriale\">S355J0<\/td>\n<\/tr>\n<tr>\n<td><\/td>\n<td><\/td>\n<\/tr>\n<\/tbody>\n<\/table>\n<\/td>\n<\/tr>\n<\/tbody>\n<\/table>\n<table class=\"tabellaprodotto\" align=\"center\">\n<tbody>\n<tr class=\"rigabianca\" align=\"center\">\n<td class=\"intestazionitabella\"><img decoding=\"async\" src=\"\/img\/diapo_logo.jpg\" alt=\"\" \/><\/td>\n<td class=\"intestazionitabella\" colspan=\"8\">Dimensions<\/td>\n<td class=\"intestazionitabella\" rowspan=\"2\">Masse<\/p>\n<p>lin\u00e9aire<\/p>\n<p>Kg\/m<\/td>\n<td class=\"intestazionitabella\" colspan=\"2\">Moment<\/p>\n<p>d&rsquo;inertie<\/td>\n<td class=\"intestazionitabella\" colspan=\"2\">Modules de<\/p>\n<p>r\u00e9sistance<\/td>\n<td class=\"intestazionitabella\" colspan=\"2\" rowspan=\"2\"><span>Download<\/span><\/td>\n<\/tr>\n<tr class=\"rigabianca\" align=\"center\">\n<td class=\"intestazionitabella\">TYPE<\/td>\n<td class=\"intestazionitabella\">C<\/p>\n<p>mm.<\/td>\n<td class=\"intestazionitabella\">H<\/p>\n<p>mm.<\/td>\n<td class=\"intestazionitabella\">B<\/p>\n<p>mm.<\/td>\n<td class=\"intestazionitabella\">S<\/p>\n<p>mm.<\/td>\n<td class=\"intestazionitabella\">B1<\/p>\n<p>mm.<\/td>\n<td class=\"intestazionitabella\">k<\/p>\n<p>mm.<\/td>\n<td class=\"intestazionitabella\">Ex<\/p>\n<p>mm.<\/td>\n<td class=\"intestazionitabella\">Ey<\/p>\n<p>mm.<\/td>\n<td class=\"intestazionitabella\"><span>Jx<\/p>\n<p>cm<sup><small>4<\/small><\/sup><\/span><\/td>\n<td class=\"intestazionitabella\"><span>Jy<\/p>\n<p>cm<sup><small>4<\/small><\/sup><\/span><\/td>\n<td class=\"intestazionitabella\"><span>Wx<\/p>\n<p>cm<sup><small>3<\/small><\/sup><\/span><\/td>\n<td class=\"intestazionitabella\"><span>Wy<\/p>\n<p>cm<sup><small>3<\/small><\/sup><\/span><\/td>\n<\/tr>\n<tr class=\"rigabianca\" align=\"center\">\n<td class=\"codiceprodotto\">FI.108<\/td>\n<td class=\"datonumerico\">108<\/td>\n<td class=\"datonumerico\">153<\/td>\n<td class=\"datonumerico\">80<\/td>\n<td class=\"datonumerico\">13<\/td>\n<td class=\"datonumerico\">33,5<\/td>\n<td class=\"datonumerico\">13,5<\/td>\n<td class=\"datonumerico\">76,5<\/td>\n<td class=\"datonumerico\">40<\/td>\n<td class=\"datonumerico\">39,8<\/td>\n<td class=\"datonumerico\">1708<\/td>\n<td class=\"datonumerico\">194<\/td>\n<td class=\"datonumerico\">223,3<\/td>\n<td class=\"datonumerico\">48,5<\/td>\n<td class=\"scaricamento\" valign=\"middle\"><a href=\"\/img\/prodotti\/pdf\/FI 108.pdf\" target=\"_blank\"><img loading=\"lazy\" decoding=\"async\" src=\"\/img\/pdf.gif\" border=\"0\" alt=\"\" width=\"23\" height=\"24\" \/><\/a><\/td>\n<td class=\"scaricamento\" valign=\"middle\"><a href=\"\/img\/prodotti\/dwg\/FI 108.dwg\"><img loading=\"lazy\" decoding=\"async\" src=\"\/img\/dwg.gif\" border=\"0\" alt=\"\" width=\"23\" height=\"24\" \/><\/a><\/td>\n<\/tr>\n<tr class=\"rigadispari\" align=\"center\">\n<td class=\"codiceprodotto\">FI.123<\/td>\n<td class=\"datonumerico\">123,3<\/td>\n<td class=\"datonumerico\">176<\/td>\n<td class=\"datonumerico\">90<\/td>\n<td class=\"datonumerico\">15<\/td>\n<td class=\"datonumerico\">37,5<\/td>\n<td class=\"datonumerico\">15<\/td>\n<td class=\"datonumerico\">88<\/td>\n<td class=\"datonumerico\">45<\/td>\n<td class=\"datonumerico\">52,3<\/td>\n<td class=\"datonumerico\">2952,9<\/td>\n<td class=\"datonumerico\">323,8<\/td>\n<td class=\"datonumerico\">335,6<\/td>\n<td class=\"datonumerico\">71,9<\/td>\n<td class=\"scaricamento\" valign=\"middle\"><a href=\"\/img\/prodotti\/pdf\/FI 123.pdf\" target=\"_blank\"><img loading=\"lazy\" decoding=\"async\" src=\"\/img\/pdf.gif\" border=\"0\" alt=\"\" width=\"23\" height=\"24\" \/><\/a><\/td>\n<td class=\"scaricamento\" valign=\"middle\"><a href=\"\/img\/prodotti\/dwg\/FI 123.dwg\"><img loading=\"lazy\" decoding=\"async\" src=\"\/img\/dwg.gif\" border=\"0\" alt=\"\" width=\"23\" height=\"24\" \/><\/a><\/td>\n<\/tr>\n<tr class=\"rigabianca\" align=\"center\">\n<td class=\"codiceprodotto\">FI.149<\/td>\n<td class=\"datonumerico\">149,3<\/td>\n<td class=\"datonumerico\">205<\/td>\n<td class=\"datonumerico\">118<\/td>\n<td class=\"datonumerico\">18<\/td>\n<td class=\"datonumerico\">50<\/td>\n<td class=\"datonumerico\">15<\/td>\n<td class=\"datonumerico\">102,5<\/td>\n<td class=\"datonumerico\">59<\/td>\n<td class=\"datonumerico\">72,9<\/td>\n<td class=\"datonumerico\">5742,6<\/td>\n<td class=\"datonumerico\">769,5<\/td>\n<td class=\"datonumerico\">560,3<\/td>\n<td class=\"datonumerico\">130,4<\/td>\n<td class=\"scaricamento\" valign=\"middle\"><a href=\"\/img\/prodotti\/pdf\/FI 149.pdf\" target=\"_blank\"><img loading=\"lazy\" decoding=\"async\" src=\"\/img\/pdf.gif\" border=\"0\" alt=\"\" width=\"23\" height=\"24\" \/><\/a><\/td>\n<td class=\"scaricamento\" valign=\"middle\"><a href=\"\/img\/prodotti\/dwg\/FI 149.dwg\"><img loading=\"lazy\" decoding=\"async\" src=\"\/img\/dwg.gif\" border=\"0\" alt=\"\" width=\"23\" height=\"24\" \/><\/a><\/td>\n<\/tr>\n<\/tbody>\n<\/table>\n<p><img loading=\"lazy\" decoding=\"async\" class=\"alignnone size-full wp-image-842\" title=\"ERRORI\" src=\"https:\/\/www.formesrl.com\/wp-content\/uploads\/ERRORI-fr.png\" alt=\"\" width=\"590\" height=\"177\" \/><\/p>","protected":false},"excerpt":{"rendered":"<p>MAT\u00c9RIAU UNI Fe 510.C DIN St 52-3 W Nr. 1.0553 EN 10025 S355J0 Dimensions Masse lin\u00e9aire Kg\/m Moment d&rsquo;inertie Modules de r\u00e9sistance Download TYPE C mm. H mm. B mm. S mm. B1 mm. k mm. Ex mm. Ey mm. Jx cm4 Jy cm4 Wx cm3 Wy cm3 FI.108 108 153 80 13 33,5 13,5 [&hellip;]<\/p>\n","protected":false},"author":1,"featured_media":0,"parent":120,"menu_order":2,"comment_status":"open","ping_status":"closed","template":"","meta":{"footnotes":""},"class_list":["post-125","page","type-page","status-publish","hentry"],"_links":{"self":[{"href":"https:\/\/www.formesrl.com\/fr\/wp-json\/wp\/v2\/pages\/125","targetHints":{"allow":["GET"]}}],"collection":[{"href":"https:\/\/www.formesrl.com\/fr\/wp-json\/wp\/v2\/pages"}],"about":[{"href":"https:\/\/www.formesrl.com\/fr\/wp-json\/wp\/v2\/types\/page"}],"author":[{"embeddable":true,"href":"https:\/\/www.formesrl.com\/fr\/wp-json\/wp\/v2\/users\/1"}],"replies":[{"embeddable":true,"href":"https:\/\/www.formesrl.com\/fr\/wp-json\/wp\/v2\/comments?post=125"}],"version-history":[{"count":73,"href":"https:\/\/www.formesrl.com\/fr\/wp-json\/wp\/v2\/pages\/125\/revisions"}],"predecessor-version":[{"id":3188,"href":"https:\/\/www.formesrl.com\/fr\/wp-json\/wp\/v2\/pages\/125\/revisions\/3188"}],"up":[{"embeddable":true,"href":"https:\/\/www.formesrl.com\/fr\/wp-json\/wp\/v2\/pages\/120"}],"wp:attachment":[{"href":"https:\/\/www.formesrl.com\/fr\/wp-json\/wp\/v2\/media?parent=125"}],"curies":[{"name":"wp","href":"https:\/\/api.w.org\/{rel}","templated":true}]}}