
{"id":129,"date":"2010-05-12T14:41:43","date_gmt":"2010-05-12T14:41:43","guid":{"rendered":"http:\/\/www.formesrl.com\/?page_id=129"},"modified":"2015-09-16T13:16:11","modified_gmt":"2015-09-16T13:16:11","slug":"profili-saldati-grande-portata","status":"publish","type":"page","link":"https:\/\/www.formesrl.com\/fr\/produits\/profiles-en-acier\/profiles-composes\/profiles-soudees-grand-charges\/","title":{"rendered":"Fiche Technique Profil\u00e9s Compos\u00e9s S\u00e9rie lourde en \u00ab\u00a0I\u00a0\u00bb"},"content":{"rendered":"<p><\/p>\n<table class=\"schedaprodotto\">\n<tbody>\n<tr>\n<td class=\"immaginescheda\"><img loading=\"lazy\" decoding=\"async\" class=\"alignnone size-full wp-image-1398\" title=\"FM simboli\" alt=\"\" src=\"https:\/\/www.formesrl.com\/wp-content\/uploads\/FM-simboli.png\" width=\"330\" height=\"454\" srcset=\"https:\/\/www.formesrl.com\/wp-content\/uploads\/FM-simboli.png 330w, https:\/\/www.formesrl.com\/wp-content\/uploads\/FM-simboli-218x300.png 218w\" sizes=\"auto, (max-width: 330px) 100vw, 330px\" \/><\/td>\n<td class=\"cellatabellamateriale\">\n<table style=\"margin-left: 30px; margin-bottom: 30px; border: 1px solid coral; padding: 10px;\">\n<tbody>\n<tr>\n<td><a href=\"https:\/\/www.formesrl.com\/wp-content\/uploads\/FM-piena-penetrazione2.png\"><img loading=\"lazy\" decoding=\"async\" class=\"alignnone size-full wp-image-3370\" alt=\"FM piena penetrazione2\" src=\"https:\/\/www.formesrl.com\/wp-content\/uploads\/FM-piena-penetrazione2.png\" width=\"250\" height=\"171\" \/><\/a><\/p>\n<p>\u00a0<\/p>\n<p><b>SUR DEMANDE:<\/b><br \/>\n<b>Profil soud\u00e9e a pleine penetration<\/b><\/td>\n<\/tr>\n<\/tbody>\n<\/table>\n<table class=\"tabellamateriale\" width=\"170\">\n<tbody>\n<tr>\n<th colspan=\"2\">MAT\u00c9RIAU<\/th>\n<\/tr>\n<tr>\n<td class=\"etichettamateriale\">UNI<\/td>\n<td class=\"materiale\">Fe 510.C<\/td>\n<\/tr>\n<tr>\n<td class=\"etichettamateriale\">DIN<\/td>\n<td class=\"materiale\">St 52-3<\/td>\n<\/tr>\n<tr>\n<td class=\"etichettamateriale\">W Nr.<\/td>\n<td class=\"materiale\">1.0553<\/td>\n<\/tr>\n<tr>\n<td class=\"fineetichettamateriale\">EN 10025<\/td>\n<td class=\"finemateriale\">S355J0<\/td>\n<\/tr>\n<tr>\n<td><\/td>\n<td><\/td>\n<\/tr>\n<\/tbody>\n<\/table>\n<\/td>\n<\/tr>\n<\/tbody>\n<\/table>\n<table class=\"tabellaprodotto\">\n<tbody>\n<tr class=\"rigabianca\" align=\"center\">\n<td class=\"intestazionitabella\"><img decoding=\"async\" alt=\"\" src=\"\/img\/diapo_logo.jpg\" \/><\/td>\n<td class=\"intestazionitabella\" colspan=\"9\">Dimensions<\/td>\n<td class=\"intestazionitabella\" rowspan=\"2\">Masse<br \/>\nlin\u00e9aire<br \/>\nKg\/m<\/td>\n<td class=\"intestazionitabella\" colspan=\"2\">Moment<br \/>\nd&rsquo;inertie<\/td>\n<td class=\"intestazionitabella\" colspan=\"2\">Modules de<br \/>\nr\u00e9sistance<\/td>\n<td class=\"intestazionitabella\" rowspan=\"2\" colspan=\"2\"><span>Download<\/span><\/td>\n<\/tr>\n<tr class=\"rigabianca\" align=\"center\">\n<td class=\"intestazionitabella\">TYPE<\/td>\n<td class=\"intestazionitabella\">C<br \/>\nmm.<\/td>\n<td class=\"intestazionitabella\">H<br \/>\nmm.<\/td>\n<td class=\"intestazionitabella\">B<br \/>\nmm.<\/td>\n<td class=\"intestazionitabella\">S<br \/>\nmm.<\/td>\n<td class=\"intestazionitabella\">D<br \/>\nmm.<\/td>\n<td class=\"intestazionitabella\">B1<br \/>\nmm.<\/td>\n<td class=\"intestazionitabella\">F<br \/>\nmm.<\/td>\n<td class=\"intestazionitabella\">Ex<br \/>\nmm.<\/td>\n<td class=\"intestazionitabella\">Ey<br \/>\nmm.<\/td>\n<td class=\"intestazionitabella\"><span>Jx<\/span><br \/>\ncm<sup><small>4<\/small><\/sup><\/td>\n<td class=\"intestazionitabella\"><span>Jy<\/span><br \/>\ncm<sup><small>4<\/small><\/sup><\/td>\n<td class=\"intestazionitabella\"><span>Wx<\/span><br \/>\ncm<sup><small>3<\/small><\/sup><\/td>\n<td class=\"intestazionitabella\"><span>Wy<\/span><br \/>\ncm<sup><small>3<\/small><\/sup><\/td>\n<\/tr>\n<tr class=\"rigabianca\" align=\"center\">\n<td class=\"codiceprodotto\">FM.165<\/td>\n<td class=\"datonumerico\">165,4<\/td>\n<td class=\"datonumerico\">230<\/td>\n<td class=\"datonumerico\">95<\/td>\n<td class=\"datonumerico\">16<\/td>\n<td class=\"datonumerico\">70<\/td>\n<td class=\"datonumerico\">39,5<\/td>\n<td class=\"datonumerico\">1<\/td>\n<td class=\"datonumerico\">115<\/td>\n<td class=\"datonumerico\">47,5<\/td>\n<td class=\"datonumerico\">72,7<\/td>\n<td class=\"datonumerico\">6894<\/td>\n<td class=\"datonumerico\">472<\/td>\n<td class=\"datonumerico\">600<\/td>\n<td class=\"datonumerico\">99<\/td>\n<td class=\"scaricamento\" valign=\"middle\"><a href=\"\/img\/prodotti\/pdf\/FM 165.pdf\" target=\"_blank\"><img loading=\"lazy\" decoding=\"async\" alt=\"\" src=\"\/img\/pdf.gif\" width=\"23\" height=\"24\" border=\"0\" \/><\/a><\/td>\n<td class=\"scaricamento\" valign=\"middle\"><a href=\"\/img\/prodotti\/dwg\/FM 165.dwg\"><img loading=\"lazy\" decoding=\"async\" alt=\"\" src=\"\/img\/dwg.gif\" width=\"23\" height=\"24\" border=\"0\" \/><\/a><\/td>\n<\/tr>\n<tr class=\"rigadispari\" align=\"center\">\n<td class=\"codiceprodotto\">FM.165R<\/td>\n<td class=\"datonumerico\">165,4<\/td>\n<td class=\"datonumerico\">230<\/td>\n<td class=\"datonumerico\">115<\/td>\n<td class=\"datonumerico\">16<\/td>\n<td class=\"datonumerico\">70<\/td>\n<td class=\"datonumerico\">49,5<\/td>\n<td class=\"datonumerico\">1<\/td>\n<td class=\"datonumerico\">115<\/td>\n<td class=\"datonumerico\">57,5<\/td>\n<td class=\"datonumerico\">81,05<\/td>\n<td class=\"datonumerico\">8072<\/td>\n<td class=\"datonumerico\">826<\/td>\n<td class=\"datonumerico\">702<\/td>\n<td class=\"datonumerico\">144<\/td>\n<td class=\"scaricamento\" valign=\"middle\"><a href=\"\/img\/prodotti\/pdf\/FM 165R.pdf\" target=\"_blank\"><img loading=\"lazy\" decoding=\"async\" alt=\"\" src=\"\/img\/pdf.gif\" width=\"23\" height=\"24\" border=\"0\" \/><\/a><\/td>\n<td class=\"scaricamento\" valign=\"middle\"><a href=\"\/img\/prodotti\/dwg\/FM 165R.dwg\"><img loading=\"lazy\" decoding=\"async\" alt=\"\" src=\"\/img\/dwg.gif\" width=\"23\" height=\"24\" border=\"0\" \/><\/a><\/td>\n<\/tr>\n<tr class=\"rigabianca\" align=\"center\">\n<td class=\"codiceprodotto\">FM.190<\/td>\n<td class=\"datonumerico\">190,4<\/td>\n<td class=\"datonumerico\">255<\/td>\n<td class=\"datonumerico\">130<\/td>\n<td class=\"datonumerico\">20<\/td>\n<td class=\"datonumerico\">70<\/td>\n<td class=\"datonumerico\">55<\/td>\n<td class=\"datonumerico\">2<\/td>\n<td class=\"datonumerico\">127,5<\/td>\n<td class=\"datonumerico\">65<\/td>\n<td class=\"datonumerico\">100,4<\/td>\n<td class=\"datonumerico\">12002<\/td>\n<td class=\"datonumerico\">1203<\/td>\n<td class=\"datonumerico\">941<\/td>\n<td class=\"datonumerico\">185<\/td>\n<td class=\"scaricamento\" valign=\"middle\"><a href=\"\/img\/prodotti\/pdf\/FM 190.pdf\" target=\"_blank\"><img loading=\"lazy\" decoding=\"async\" alt=\"\" src=\"\/img\/pdf.gif\" width=\"23\" height=\"24\" border=\"0\" \/><\/a><\/td>\n<td class=\"scaricamento\" valign=\"middle\"><a href=\"\/img\/prodotti\/dwg\/FM 190.dwg\"><img loading=\"lazy\" decoding=\"async\" alt=\"\" src=\"\/img\/dwg.gif\" width=\"23\" height=\"24\" border=\"0\" \/><\/a><\/td>\n<\/tr>\n<tr class=\"rigadispari\" align=\"center\">\n<td class=\"codiceprodotto\">FM.220<\/td>\n<td class=\"datonumerico\">220,4<\/td>\n<td class=\"datonumerico\">295<\/td>\n<td class=\"datonumerico\">150<\/td>\n<td class=\"datonumerico\">20<\/td>\n<td class=\"datonumerico\">90<\/td>\n<td class=\"datonumerico\">65<\/td>\n<td class=\"datonumerico\">2<\/td>\n<td class=\"datonumerico\">147,5<\/td>\n<td class=\"datonumerico\">75<\/td>\n<td class=\"datonumerico\">127,5<\/td>\n<td class=\"datonumerico\">20991<\/td>\n<td class=\"datonumerico\">2119<\/td>\n<td class=\"datonumerico\">1423<\/td>\n<td class=\"datonumerico\">283<\/td>\n<td class=\"scaricamento\" valign=\"middle\"><a href=\"\/img\/prodotti\/pdf\/FM 220.pdf\" target=\"_blank\"><img loading=\"lazy\" decoding=\"async\" alt=\"\" src=\"\/img\/pdf.gif\" width=\"23\" height=\"24\" border=\"0\" \/><\/a><\/td>\n<td class=\"scaricamento\" valign=\"middle\"><a href=\"\/img\/prodotti\/dwg\/FM 220.dwg\"><img loading=\"lazy\" decoding=\"async\" alt=\"\" src=\"\/img\/dwg.gif\" width=\"23\" height=\"24\" border=\"0\" \/><\/a><\/td>\n<\/tr>\n<tr class=\"rigabianca\" align=\"center\">\n<td class=\"codiceprodotto\">FM.250<\/td>\n<td class=\"datonumerico\">250,4<\/td>\n<td class=\"datonumerico\">345<\/td>\n<td class=\"datonumerico\">160<\/td>\n<td class=\"datonumerico\">25<\/td>\n<td class=\"datonumerico\">90<\/td>\n<td class=\"datonumerico\">67,5<\/td>\n<td class=\"datonumerico\">2<\/td>\n<td class=\"datonumerico\">172,5<\/td>\n<td class=\"datonumerico\">80<\/td>\n<td class=\"datonumerico\">172,7<\/td>\n<td class=\"datonumerico\">37838<\/td>\n<td class=\"datonumerico\">3274<\/td>\n<td class=\"datonumerico\">2206<\/td>\n<td class=\"datonumerico\">409<\/td>\n<td class=\"scaricamento\" valign=\"middle\"><a href=\"\/img\/prodotti\/pdf\/FM 250.pdf\" target=\"_blank\"><img loading=\"lazy\" decoding=\"async\" alt=\"\" src=\"\/img\/pdf.gif\" width=\"23\" height=\"24\" border=\"0\" \/><\/a><\/td>\n<td class=\"scaricamento\" valign=\"middle\"><a href=\"\/img\/prodotti\/dwg\/FM 250.dwg\"><img loading=\"lazy\" decoding=\"async\" alt=\"\" src=\"\/img\/dwg.gif\" width=\"23\" height=\"24\" border=\"0\" \/><\/a><\/td>\n<\/tr>\n<tr class=\"rigadispari\" align=\"center\">\n<td class=\"codiceprodotto\">FM.280<\/td>\n<td class=\"datonumerico\">280,4<\/td>\n<td class=\"datonumerico\">375<\/td>\n<td class=\"datonumerico\">190<\/td>\n<td class=\"datonumerico\">30<\/td>\n<td class=\"datonumerico\">120<\/td>\n<td class=\"datonumerico\">80<\/td>\n<td class=\"datonumerico\">2<\/td>\n<td class=\"datonumerico\">187,5<\/td>\n<td class=\"datonumerico\">95<\/td>\n<td class=\"datonumerico\">212,8<\/td>\n<td class=\"datonumerico\">55163<\/td>\n<td class=\"datonumerico\">5492<\/td>\n<td class=\"datonumerico\">2942<\/td>\n<td class=\"datonumerico\">578<\/td>\n<td class=\"scaricamento\" valign=\"middle\"><a href=\"\/img\/prodotti\/pdf\/FM 280.pdf\" target=\"_blank\"><img loading=\"lazy\" decoding=\"async\" alt=\"\" src=\"\/img\/pdf.gif\" width=\"23\" height=\"24\" border=\"0\" \/><\/a><\/td>\n<td class=\"scaricamento\" valign=\"middle\"><a href=\"\/img\/prodotti\/dwg\/FM 280.dwg\"><img loading=\"lazy\" decoding=\"async\" alt=\"\" src=\"\/img\/dwg.gif\" width=\"23\" height=\"24\" border=\"0\" \/><\/a><\/td>\n<\/tr>\n<tr class=\"rigabianca\" align=\"center\">\n<td class=\"codiceprodotto\">FM.280R<\/td>\n<td class=\"datonumerico\">280,4<\/td>\n<td class=\"datonumerico\">395<\/td>\n<td class=\"datonumerico\">190<\/td>\n<td class=\"datonumerico\">30<\/td>\n<td class=\"datonumerico\">120<\/td>\n<td class=\"datonumerico\">80<\/td>\n<td class=\"datonumerico\">2<\/td>\n<td class=\"datonumerico\">197,5<\/td>\n<td class=\"datonumerico\">95<\/td>\n<td class=\"datonumerico\">242,4<\/td>\n<td class=\"datonumerico\">69246<\/td>\n<td class=\"datonumerico\">6634<\/td>\n<td class=\"datonumerico\">3506<\/td>\n<td class=\"datonumerico\">698<\/td>\n<td class=\"scaricamento\" valign=\"middle\"><a href=\"\/img\/prodotti\/pdf\/FM 280R.pdf\" target=\"_blank\"><img loading=\"lazy\" decoding=\"async\" alt=\"\" src=\"\/img\/pdf.gif\" width=\"23\" height=\"24\" border=\"0\" \/><\/a><\/td>\n<td class=\"scaricamento\" valign=\"middle\"><a href=\"\/img\/prodotti\/dwg\/FM 280R.dwg\"><img loading=\"lazy\" decoding=\"async\" alt=\"\" src=\"\/img\/dwg.gif\" width=\"23\" height=\"24\" border=\"0\" \/><\/a><\/td>\n<\/tr>\n<\/tbody>\n<\/table>\n<p><img loading=\"lazy\" decoding=\"async\" class=\"alignnone size-full wp-image-842\" title=\"ERRORI\" alt=\"\" src=\"https:\/\/www.formesrl.com\/wp-content\/uploads\/ERRORI-fr.png\" width=\"590\" height=\"177\" \/><\/p>","protected":false},"excerpt":{"rendered":"<p>\u00a0 SUR DEMANDE: Profil soud\u00e9e a pleine penetration MAT\u00c9RIAU UNI Fe 510.C DIN St 52-3 W Nr. 1.0553 EN 10025 S355J0 Dimensions Masse lin\u00e9aire Kg\/m Moment d&rsquo;inertie Modules de r\u00e9sistance Download TYPE C mm. H mm. B mm. S mm. D mm. B1 mm. F mm. Ex mm. Ey mm. Jx cm4 Jy cm4 Wx [&hellip;]<\/p>\n","protected":false},"author":1,"featured_media":0,"parent":120,"menu_order":4,"comment_status":"open","ping_status":"closed","template":"","meta":{"footnotes":""},"class_list":["post-129","page","type-page","status-publish","hentry"],"_links":{"self":[{"href":"https:\/\/www.formesrl.com\/fr\/wp-json\/wp\/v2\/pages\/129","targetHints":{"allow":["GET"]}}],"collection":[{"href":"https:\/\/www.formesrl.com\/fr\/wp-json\/wp\/v2\/pages"}],"about":[{"href":"https:\/\/www.formesrl.com\/fr\/wp-json\/wp\/v2\/types\/page"}],"author":[{"embeddable":true,"href":"https:\/\/www.formesrl.com\/fr\/wp-json\/wp\/v2\/users\/1"}],"replies":[{"embeddable":true,"href":"https:\/\/www.formesrl.com\/fr\/wp-json\/wp\/v2\/comments?post=129"}],"version-history":[{"count":79,"href":"https:\/\/www.formesrl.com\/fr\/wp-json\/wp\/v2\/pages\/129\/revisions"}],"predecessor-version":[{"id":219,"href":"https:\/\/www.formesrl.com\/fr\/wp-json\/wp\/v2\/pages\/129\/revisions\/219"}],"up":[{"embeddable":true,"href":"https:\/\/www.formesrl.com\/fr\/wp-json\/wp\/v2\/pages\/120"}],"wp:attachment":[{"href":"https:\/\/www.formesrl.com\/fr\/wp-json\/wp\/v2\/media?parent=129"}],"curies":[{"name":"wp","href":"https:\/\/api.w.org\/{rel}","templated":true}]}}