
{"id":134,"date":"2010-05-12T14:48:51","date_gmt":"2010-05-12T14:48:51","guid":{"rendered":"http:\/\/www.formesrl.com\/prodotti\/cuscinetti"},"modified":"2013-12-10T09:00:15","modified_gmt":"2013-12-10T09:00:15","slug":"cuscinetti","status":"publish","type":"page","link":"https:\/\/www.formesrl.com\/fr\/produits\/roulements\/","title":{"rendered":"Roulements"},"content":{"rendered":"<p><script type=\"text\/javascript\">\/\/ <![CDATA[\n \t\t$(document).ready(function() { \t\t\t$('#slider').s3Slider({ \t\t\t\ttimeOut: 3000 \t\t\t}); \t\t}); \/\/ ]]>\n\/\/ ]]><\/script><\/p>\n<div id=\"slider\">\n<ul id=\"sliderContent\">\n<li class=\"sliderImage\"><img decoding=\"async\" src=\"\/bannerini\/banner-cuscinetti-tutti-part.jpg\" alt=\"\" \/><span class=\"bottom\"> <\/span><\/li>\n<li class=\"sliderImage\"><img decoding=\"async\" src=\"\/bannerini\/banner-cuscinetto-portate-elevate.jpg\" alt=\"\" \/><span class=\"bottom\"> <\/span><\/li>\n<li class=\"sliderImage\"><img decoding=\"async\" src=\"\/bannerini\/banner-cuscinetti-regolabili.jpg\" alt=\"\" \/><span class=\"bottom\"> <\/span><\/li>\n<li class=\"sliderImage\"><img decoding=\"async\" src=\"\/bannerini\/banner-cuscinetti-sfere.jpg\" alt=\"\" \/><span class=\"bottom\"> <\/span><\/li>\n<li class=\"sliderImage\"><img decoding=\"async\" src=\"\/bannerini\/banner-cuscinetti-piastre.jpg\" alt=\"\" \/><span class=\"bottom\"> <\/span><\/li>\n<li class=\"sliderImage\"><img decoding=\"async\" src=\"\/bannerini\/banner-cuscinetti-rotelle.jpg\" alt=\"\" \/><span class=\"bottom\"> <\/span><\/li>\n<li class=\"sliderImage\"><img decoding=\"async\" src=\"\/img\/trasparente.png\" alt=\"\" \/><span class=\"bottom\"> <\/span><\/li>\n<\/ul>\n<\/div>\n<p style=\"text-align: justify;\">L\u2019entr\u00e9e sur le march\u00e9 des profil\u00e9s lamin\u00e9s pour chariots \u00e9l\u00e9vateurs a stimul\u00e9 la production de roulements sp\u00e9ciaux. Ces roulements, con\u00e7us comme des roulettes, ont la t\u00e2che de supporter la charge et de permettre sa translation verticale ou horizontale. L\u2019utilisation des roulements a \u00e9t\u00e9  amplement appliqu\u00e9e non seulement aux chariots \u00e9l\u00e9vateurs, mais aussi dans tous les domaines industriels et civils, dans le cas o\u00f9 le d\u00e9placement ou la manutention des masses constituant la charge soient n\u00e9cessaires.<\/p>\n<p style=\"text-align: justify;\">L\u2019id\u00e9e d\u2019optimiser l\u2019encombrement, la performance et la pr\u00e9cision a donn\u00e9 naissance au roulement combin\u00e9 \u00e0 rouleaux, qui assure une capacit\u00e9 de charge radiale sup\u00e9rieure \u00e0 la performance du profil\u00e9 correspondant.<br \/>\nA la capacit\u00e9 de charge radiale \u00e9lev\u00e9e, s\u2019ajoute une port\u00e9e lat\u00e9rale consid\u00e9rable, au moyen d\u2019un rouleau de contraste ins\u00e9r\u00e9 dans l\u2019encombrement du roulement.<\/p>\n<p style=\"text-align: justify;\">La gamme de roulements sp\u00e9ciaux pour profil\u00e9s a \u00e9volu\u00e9 avec le temps, s\u2019\u00e9tendant aux profil\u00e9s frais\u00e9s et aux profil\u00e9s compos\u00e9s. Actuellement nos clients peuvent choisir parmi des typologies diff\u00e9rentes: les roulements combin\u00e9s \u00e0 rouleaux, les simples roulettes \u00e0 rouleaux avec ou sans pivot et les roulettes sph\u00e9riques pour des charges inf\u00e9rieures \u00e0 2 t.<\/p>\n<p><\/p>","protected":false},"excerpt":{"rendered":"<p>L\u2019entr\u00e9e sur le march\u00e9 des profil\u00e9s lamin\u00e9s pour chariots \u00e9l\u00e9vateurs a stimul\u00e9 la production de roulements sp\u00e9ciaux. Ces roulements, con\u00e7us comme des roulettes, ont la t\u00e2che de supporter la charge et de permettre sa translation verticale ou horizontale. L\u2019utilisation des roulements a \u00e9t\u00e9 amplement appliqu\u00e9e non seulement aux chariots \u00e9l\u00e9vateurs, mais aussi dans tous les [&hellip;]<\/p>\n","protected":false},"author":1,"featured_media":0,"parent":24,"menu_order":2,"comment_status":"open","ping_status":"open","template":"","meta":{"footnotes":""},"class_list":["post-134","page","type-page","status-publish","hentry"],"_links":{"self":[{"href":"https:\/\/www.formesrl.com\/fr\/wp-json\/wp\/v2\/pages\/134","targetHints":{"allow":["GET"]}}],"collection":[{"href":"https:\/\/www.formesrl.com\/fr\/wp-json\/wp\/v2\/pages"}],"about":[{"href":"https:\/\/www.formesrl.com\/fr\/wp-json\/wp\/v2\/types\/page"}],"author":[{"embeddable":true,"href":"https:\/\/www.formesrl.com\/fr\/wp-json\/wp\/v2\/users\/1"}],"replies":[{"embeddable":true,"href":"https:\/\/www.formesrl.com\/fr\/wp-json\/wp\/v2\/comments?post=134"}],"version-history":[{"count":37,"href":"https:\/\/www.formesrl.com\/fr\/wp-json\/wp\/v2\/pages\/134\/revisions"}],"predecessor-version":[{"id":3223,"href":"https:\/\/www.formesrl.com\/fr\/wp-json\/wp\/v2\/pages\/134\/revisions\/3223"}],"up":[{"embeddable":true,"href":"https:\/\/www.formesrl.com\/fr\/wp-json\/wp\/v2\/pages\/24"}],"wp:attachment":[{"href":"https:\/\/www.formesrl.com\/fr\/wp-json\/wp\/v2\/media?parent=134"}],"curies":[{"name":"wp","href":"https:\/\/api.w.org\/{rel}","templated":true}]}}