
{"id":135,"date":"2010-05-12T15:07:12","date_gmt":"2010-05-12T15:07:12","guid":{"rendered":"http:\/\/www.formesrl.com\/?page_id=135"},"modified":"2015-09-25T14:49:57","modified_gmt":"2015-09-25T14:49:57","slug":"pulegge-rinvio-catene","status":"publish","type":"page","link":"https:\/\/www.formesrl.com\/fr\/produits\/roulements\/poulies-de-renvoi-des-chaines\/","title":{"rendered":"Poulies de renvoi des cha\u00eenes"},"content":{"rendered":"<p><\/p>\n<table>\n<tbody>\n<tr>\n<td class=\"immaginescheda\"><img loading=\"lazy\" decoding=\"async\" class=\"alignnone size-full wp-image-1588\" title=\"Carrucola1\" alt=\"\" src=\"https:\/\/www.formesrl.com\/wp-content\/uploads\/Carrucola1.png\" width=\"280\" height=\"366\" srcset=\"https:\/\/www.formesrl.com\/wp-content\/uploads\/Carrucola1.png 280w, https:\/\/www.formesrl.com\/wp-content\/uploads\/Carrucola1-229x300.png 229w\" sizes=\"auto, (max-width: 280px) 100vw, 280px\" \/><\/td>\n<td class=\"immaginescheda\"><img loading=\"lazy\" decoding=\"async\" class=\"alignnone size-full wp-image-1594\" title=\"Carrucola2\" alt=\"\" src=\"https:\/\/www.formesrl.com\/wp-content\/uploads\/Carrucola2.png\" width=\"280\" height=\"369\" srcset=\"https:\/\/www.formesrl.com\/wp-content\/uploads\/Carrucola2.png 280w, https:\/\/www.formesrl.com\/wp-content\/uploads\/Carrucola2-227x300.png 227w\" sizes=\"auto, (max-width: 280px) 100vw, 280px\" \/><\/td>\n<\/tr>\n<tr>\n<td><\/td>\n<td><\/td>\n<td><\/td>\n<\/tr>\n<\/tbody>\n<\/table>\n<table style=\"height: 42px;\" width=\"530\">\n<tbody>\n<tr>\n<td><\/td>\n<td><\/td>\n<td>\n<h4 style=\"text-align: center;\">VERSION \u00ab\u00a0A\u00a0\u00bb<\/h4>\n<\/td>\n<td><\/td>\n<td><\/td>\n<td><\/td>\n<td>\n<h4 style=\"text-align: center;\">VERSION \u00ab\u00a0B\u00a0\u00bb<\/h4>\n<\/td>\n<\/tr>\n<\/tbody>\n<\/table>\n<table style=\"height: 30px;\" width=\"580\">\n<tbody>\n<tr align=\"center\">\n<td><\/td>\n<td><\/td>\n<\/tr>\n<\/tbody>\n<\/table>\n<table width=\"640\">\n<tbody>\n<tr>\n<td><\/td>\n<td>\n<table class=\"tabellamateriale\" align=\"right\">\n<tbody>\n<tr>\n<th colspan=\"2\">MAT\u00c9RIAU<\/th>\n<\/tr>\n<tr>\n<td class=\"etichettamateriale\">Bagues externes<\/td>\n<td class=\"materiale\">ACIER UNI 17MnCr5\/<br \/>\nDIN 17MnCr5\/ WNr.1.3521<br \/>\n(CTRs 58\u00f760HRc)<\/td>\n<\/tr>\n<tr>\n<td class=\"etichettamateriale\">Bagues internes<\/td>\n<td class=\"materiale\">ACIER UNI 100Cr6\/<br \/>\nDIN 100Cr6\/ WNr.1.3505<br \/>\n(TRs 60\u00f762 HRc)<\/td>\n<\/tr>\n<tr>\n<td class=\"fineetichettamateriale\">Corps de roulement<\/td>\n<td class=\"finemateriale\">ACIER UNI 100Cr6\/<br \/>\nDIN 100Cr6\/ WNr.1.3505<br \/>\n(TRs 61\u00f763 HRc)<\/td>\n<\/tr>\n<tr>\n<th class=\"download\" colspan=\"2\"><a href=\"\/img\/prodotti\/pdf\/PULEGGEFR.pdf\" target=\"_blank\"><img loading=\"lazy\" decoding=\"async\" alt=\"\" src=\"\/img\/pdf.gif\" width=\"23\" height=\"24\" border=\"0\" \/>TELECHARGEZ PAGE<\/a><\/th>\n<\/tr>\n<tr>\n<td><\/td>\n<td><\/td>\n<td><\/td>\n<\/tr>\n<\/tbody>\n<\/table>\n<\/td>\n<\/tr>\n<\/tbody>\n<\/table>\n<table style=\"height: 30px;\" width=\"580\">\n<tbody>\n<tr align=\"center\">\n<td><\/td>\n<td><\/td>\n<\/tr>\n<\/tbody>\n<\/table>\n<h4>TOL\u00c9RANCES DIMENSIONNELLES, JEUX, CAPACIT\u00c9 DE CHARGE<\/h4>\n<table class=\"schedaprodotto\">\n<tbody>\n<tr>\n<td>Tol\u00e9rances d&rsquo;usinage<br \/>\nClasse di pr\u00e9cision<br \/>\nJeux radiaux<br \/>\nCoefficient de charge<\/td>\n<td>Aux Normes DIN 620.<br \/>\nP.\u00a0\u00bbO\u00a0\u00bb.<br \/>\nAux Normes DIN 620.<br \/>\nIls sont calcul\u00e9s par moyen des normes DIN &#8211; ISO 281\/1\/DIN &#8211; ISO 76.<\/td>\n<\/tr>\n<\/tbody>\n<\/table>\n<table class=\"tabellaprodotto\">\n<tbody>\n<tr align=\"center\">\n<td class=\"intestazionitabella\"><span><img decoding=\"async\" alt=\"\" src=\"\/img\/diapo_logo.jpg\" \/><\/span><\/td>\n<td class=\"intestazionitabella\" colspan=\"7\">\n<div>Dimensions<\/div>\n<\/td>\n<td class=\"intestazionitabella\" colspan=\"2\">Capacit\u00e9 de charge<\/td>\n<td class=\"intestazionitabella\" rowspan=\"2\">Poids<br \/>\nKg<\/td>\n<td class=\"intestazionitabella\" rowspan=\"2\" colspan=\"3\">Type de cha\u00eene<\/td>\n<td class=\"intestazionitabella\" rowspan=\"2\">Version<\/td>\n<\/tr>\n<tr align=\"center\">\n<td class=\"intestazionitabella\">\n<div>TYPE<br \/>\n2RS<\/div>\n<\/td>\n<td class=\"intestazionitabella\">d<br \/>\nmm<\/td>\n<td class=\"intestazionitabella\">D<br \/>\nmm<\/td>\n<td class=\"intestazionitabella\">H<br \/>\nmm<\/td>\n<td class=\"intestazionitabella\">E<br \/>\nmm<\/td>\n<td class=\"intestazionitabella\">G<br \/>\nmm<\/td>\n<td class=\"intestazionitabella\">A<br \/>\nmm<\/td>\n<td class=\"intestazionitabella\">F<br \/>\nmm<\/td>\n<td class=\"intestazionitabella\">C<br \/>\nKN<\/td>\n<td class=\"intestazionitabella\">Co<br \/>\nKN<\/td>\n<\/tr>\n<tr class=\"rigabianca\" align=\"center\">\n<td class=\"codiceprodotto\">MR.051<\/td>\n<td class=\"datonumerico\">40<\/td>\n<td class=\"datonumerico\">70<\/td>\n<td class=\"datonumerico\">26,5<\/td>\n<td class=\"datonumerico\">25<\/td>\n<td class=\"datonumerico\">19<\/td>\n<td class=\"datonumerico\">78<\/td>\n<td class=\"datonumerico\">50<\/td>\n<td class=\"datonumerico\">44<\/td>\n<td class=\"datonumerico\">46<\/td>\n<td class=\"datonumerico\">0,50<\/td>\n<td class=\"datonumerico\">BL 534<\/td>\n<td class=\"datonumerico\">AL 544<\/td>\n<td class=\"datonumerico\">LL 1044<\/td>\n<td class=\"datonumerico\">A<\/td>\n<\/tr>\n<tr class=\"rigadispari\" align=\"center\">\n<td class=\"codiceprodotto\">\n<div>MR.052<\/div>\n<\/td>\n<td class=\"datonumerico\">40<\/td>\n<td class=\"datonumerico\">80<\/td>\n<td class=\"datonumerico\">28<\/td>\n<td class=\"datonumerico\">26<\/td>\n<td class=\"datonumerico\">19<\/td>\n<td class=\"datonumerico\">90<\/td>\n<td class=\"datonumerico\">50<\/td>\n<td class=\"datonumerico\">50<\/td>\n<td class=\"datonumerico\">54<\/td>\n<td class=\"datonumerico\">0,75<\/td>\n<td class=\"datonumerico\">BL 534<\/td>\n<td class=\"datonumerico\">AL 544<\/td>\n<td class=\"datonumerico\">LL 1244<\/td>\n<td class=\"datonumerico\">A<\/td>\n<\/tr>\n<tr class=\"rigabianca\" align=\"center\">\n<td class=\"codiceprodotto\">\n<div>MR.053<\/div>\n<\/td>\n<td class=\"datonumerico\">40<\/td>\n<td class=\"datonumerico\">85<\/td>\n<td class=\"datonumerico\">38<\/td>\n<td class=\"datonumerico\">36<\/td>\n<td class=\"datonumerico\">28<\/td>\n<td class=\"datonumerico\">98<\/td>\n<td class=\"datonumerico\">50<\/td>\n<td class=\"datonumerico\">64<\/td>\n<td class=\"datonumerico\">70<\/td>\n<td class=\"datonumerico\">1,20<\/td>\n<td class=\"datonumerico\">BL 634<\/td>\n<td class=\"datonumerico\">AL 644<\/td>\n<td class=\"datonumerico\">LL 1266<\/td>\n<td class=\"datonumerico\">A<\/td>\n<\/tr>\n<tr class=\"rigadispari\" align=\"center\">\n<td class=\"codiceprodotto\">\n<div>MR.054<\/div>\n<\/td>\n<td class=\"datonumerico\">40<\/td>\n<td class=\"datonumerico\">80<\/td>\n<td class=\"datonumerico\">43<\/td>\n<td class=\"datonumerico\">41<\/td>\n<td class=\"datonumerico\">33<\/td>\n<td class=\"datonumerico\">98<\/td>\n<td class=\"datonumerico\">50<\/td>\n<td class=\"datonumerico\">81<\/td>\n<td class=\"datonumerico\">87<\/td>\n<td class=\"datonumerico\">1,20<\/td>\n<td class=\"datonumerico\">BL 634<\/td>\n<td class=\"datonumerico\">AL 666<\/td>\n<td class=\"datonumerico\">LL 1288<\/td>\n<td class=\"datonumerico\">A<\/td>\n<\/tr>\n<tr class=\"rigabianca\" align=\"center\">\n<td class=\"codiceprodotto\">\n<div>MR.055<\/div>\n<\/td>\n<td class=\"datonumerico\">50<\/td>\n<td class=\"datonumerico\">100<\/td>\n<td class=\"datonumerico\">42<\/td>\n<td class=\"datonumerico\">40<\/td>\n<td class=\"datonumerico\">33<\/td>\n<td class=\"datonumerico\">115<\/td>\n<td class=\"datonumerico\">60<\/td>\n<td class=\"datonumerico\">89<\/td>\n<td class=\"datonumerico\">95<\/td>\n<td class=\"datonumerico\">1,70<\/td>\n<td class=\"datonumerico\">BL 834<\/td>\n<td class=\"datonumerico\">AL 844<\/td>\n<td class=\"datonumerico\">LL 1644<\/td>\n<td class=\"datonumerico\">A<\/td>\n<\/tr>\n<tr class=\"rigadispari\" align=\"center\">\n<td class=\"codiceprodotto\">\n<div>MR.056<\/div>\n<\/td>\n<td class=\"datonumerico\">55<\/td>\n<td class=\"datonumerico\">110<\/td>\n<td class=\"datonumerico\">58<\/td>\n<td class=\"datonumerico\">56<\/td>\n<td class=\"datonumerico\">45<\/td>\n<td class=\"datonumerico\">135<\/td>\n<td class=\"datonumerico\">65<\/td>\n<td class=\"datonumerico\">135<\/td>\n<td class=\"datonumerico\">146<\/td>\n<td class=\"datonumerico\">1,85<\/td>\n<td class=\"datonumerico\">BL 846<\/td>\n<td class=\"datonumerico\">AL 866<\/td>\n<td class=\"datonumerico\">LL 1666<\/td>\n<td class=\"datonumerico\">A<\/td>\n<\/tr>\n<tr class=\"rigabianca\" align=\"center\">\n<td class=\"codiceprodotto\">\n<div>MR.057<\/div>\n<\/td>\n<td class=\"datonumerico\">55<\/td>\n<td class=\"datonumerico\">130<\/td>\n<td class=\"datonumerico\">67<\/td>\n<td class=\"datonumerico\">65<\/td>\n<td class=\"datonumerico\">55<\/td>\n<td class=\"datonumerico\">158<\/td>\n<td class=\"datonumerico\">65<\/td>\n<td class=\"datonumerico\">200<\/td>\n<td class=\"datonumerico\">218<\/td>\n<td class=\"datonumerico\">3,10<\/td>\n<td class=\"datonumerico\">BL 1046<\/td>\n<td class=\"datonumerico\">AL 1066<\/td>\n<td class=\"datonumerico\">LL 2066<\/td>\n<td class=\"datonumerico\">A<\/td>\n<\/tr>\n<tr class=\"rigadispari\" align=\"center\">\n<td class=\"codiceprodotto\">MR.060<\/td>\n<td class=\"datonumerico\">80<\/td>\n<td class=\"datonumerico\">157<\/td>\n<td class=\"datonumerico\">68<\/td>\n<td class=\"datonumerico\">88<\/td>\n<td class=\"datonumerico\">72<\/td>\n<td class=\"datonumerico\">187<\/td>\n<td class=\"datonumerico\">100<\/td>\n<td class=\"datonumerico\">235<\/td>\n<td class=\"datonumerico\">276<\/td>\n<td class=\"datonumerico\">4,05<\/td>\n<td class=\"datonumerico\">BL 1246<\/td>\n<td class=\"datonumerico\">AL 1266<\/td>\n<td class=\"datonumerico\">LL 2466<\/td>\n<td class=\"datonumerico\">B<\/td>\n<\/tr>\n<tr class=\"rigabianca\" align=\"center\">\n<td class=\"codiceprodotto\">MR.061<\/td>\n<td class=\"datonumerico\">100<\/td>\n<td class=\"datonumerico\">184<\/td>\n<td class=\"datonumerico\">85<\/td>\n<td class=\"datonumerico\">106<\/td>\n<td class=\"datonumerico\">88<\/td>\n<td class=\"datonumerico\">218<\/td>\n<td class=\"datonumerico\">130<\/td>\n<td class=\"datonumerico\">318<\/td>\n<td class=\"datonumerico\">396<\/td>\n<td class=\"datonumerico\">16,30<\/td>\n<td class=\"datonumerico\">BL 1466<\/td>\n<td class=\"datonumerico\">AL 1466<\/td>\n<td class=\"datonumerico\">LL 2866<\/td>\n<td class=\"datonumerico\">B<\/td>\n<\/tr>\n<tr class=\"rigadispari\" align=\"center\">\n<td class=\"codiceprodotto\">MR.062<\/td>\n<td class=\"datonumerico\">110<\/td>\n<td class=\"datonumerico\">212<\/td>\n<td class=\"datonumerico\">95<\/td>\n<td class=\"datonumerico\">120<\/td>\n<td class=\"datonumerico\">98<\/td>\n<td class=\"datonumerico\">256<\/td>\n<td class=\"datonumerico\">150<\/td>\n<td class=\"datonumerico\">440<\/td>\n<td class=\"datonumerico\">600<\/td>\n<td class=\"datonumerico\">23,60<\/td>\n<td class=\"datonumerico\">BL 1666<\/td>\n<td class=\"datonumerico\">AL 1666<\/td>\n<td class=\"datonumerico\">LL 3266<\/td>\n<td class=\"datonumerico\">B<\/td>\n<\/tr>\n<tr class=\"rigabianca\" align=\"center\">\n<td class=\"codiceprodotto\">MR.063<\/td>\n<td class=\"datonumerico\">110<\/td>\n<td class=\"datonumerico\">212<\/td>\n<td class=\"datonumerico\">125<\/td>\n<td class=\"datonumerico\">150<\/td>\n<td class=\"datonumerico\">128<\/td>\n<td class=\"datonumerico\">256<\/td>\n<td class=\"datonumerico\">150<\/td>\n<td class=\"datonumerico\">618<\/td>\n<td class=\"datonumerico\">900<\/td>\n<td class=\"datonumerico\">29,00<\/td>\n<td class=\"datonumerico\">BL 1688<\/td>\n<td class=\"datonumerico\">AL 1688<\/td>\n<td class=\"datonumerico\">LL 3288<\/td>\n<td class=\"datonumerico\">B<\/td>\n<\/tr>\n<\/tbody>\n<\/table>\n<p><\/p>","protected":false},"excerpt":{"rendered":"<p>VERSION \u00ab\u00a0A\u00a0\u00bb VERSION \u00ab\u00a0B\u00a0\u00bb MAT\u00c9RIAU Bagues externes ACIER UNI 17MnCr5\/ DIN 17MnCr5\/ WNr.1.3521 (CTRs 58\u00f760HRc) Bagues internes ACIER UNI 100Cr6\/ DIN 100Cr6\/ WNr.1.3505 (TRs 60\u00f762 HRc) Corps de roulement ACIER UNI 100Cr6\/ DIN 100Cr6\/ WNr.1.3505 (TRs 61\u00f763 HRc) TELECHARGEZ PAGE TOL\u00c9RANCES DIMENSIONNELLES, JEUX, CAPACIT\u00c9 DE CHARGE Tol\u00e9rances d&rsquo;usinage Classe di pr\u00e9cision Jeux radiaux Coefficient de [&hellip;]<\/p>\n","protected":false},"author":1,"featured_media":0,"parent":134,"menu_order":3,"comment_status":"open","ping_status":"open","template":"","meta":{"footnotes":""},"class_list":["post-135","page","type-page","status-publish","hentry"],"_links":{"self":[{"href":"https:\/\/www.formesrl.com\/fr\/wp-json\/wp\/v2\/pages\/135","targetHints":{"allow":["GET"]}}],"collection":[{"href":"https:\/\/www.formesrl.com\/fr\/wp-json\/wp\/v2\/pages"}],"about":[{"href":"https:\/\/www.formesrl.com\/fr\/wp-json\/wp\/v2\/types\/page"}],"author":[{"embeddable":true,"href":"https:\/\/www.formesrl.com\/fr\/wp-json\/wp\/v2\/users\/1"}],"replies":[{"embeddable":true,"href":"https:\/\/www.formesrl.com\/fr\/wp-json\/wp\/v2\/comments?post=135"}],"version-history":[{"count":136,"href":"https:\/\/www.formesrl.com\/fr\/wp-json\/wp\/v2\/pages\/135\/revisions"}],"predecessor-version":[{"id":648,"href":"https:\/\/www.formesrl.com\/fr\/wp-json\/wp\/v2\/pages\/135\/revisions\/648"}],"up":[{"embeddable":true,"href":"https:\/\/www.formesrl.com\/fr\/wp-json\/wp\/v2\/pages\/134"}],"wp:attachment":[{"href":"https:\/\/www.formesrl.com\/fr\/wp-json\/wp\/v2\/media?parent=135"}],"curies":[{"name":"wp","href":"https:\/\/api.w.org\/{rel}","templated":true}]}}