
{"id":138,"date":"2010-05-12T15:13:01","date_gmt":"2010-05-12T15:13:01","guid":{"rendered":"http:\/\/www.formesrl.com\/?page_id=138"},"modified":"2023-08-07T10:01:50","modified_gmt":"2023-08-07T10:01:50","slug":"cuscinetti-a-rulli-cilindrici","status":"publish","type":"page","link":"https:\/\/www.formesrl.com\/fr\/produits\/roulements\/roulements-a-rouleaux-cylindriques\/","title":{"rendered":"Roulements \u00e0 rouleaux cylindriques"},"content":{"rendered":"<p><img decoding=\"async\" class=\"aligncenter size-full wp-image-1111\" title=\"Pag16\" src=\"https:\/\/www.formesrl.com\/wp-content\/uploads\/Pag16.png\" alt=\"width=\" height=\"426\" \/><\/p>\n<p>La capacit\u00e9 de charge des roulements combin\u00e9s et des roulettes est calcul\u00e9e selon les normes DIN\/ISO 281\/1 et ISO 76, tandis que les tol\u00e9rances dimensionnelles respectent la norme DIN 620.<\/p>\n<p>L\u2019ex\u00e9cution \u00e0 remplissage plein des rouleaux assure la capacit\u00e9 de charge maximale. Le choix d\u2019utiliser l\u2019acier alli\u00e9 pour c\u00e9mentation, c\u00e9ment\u00e9 et tremp\u00e9, pour construire les bagues ext\u00e9rieures des roulements, permet de les utiliser en pr\u00e9sence de possibles impacts auxquels ils pourraient \u00eatre expos\u00e9s pendant l\u2019utilisation.<\/p>\n<p>La tenue du type ZRS (\u00e9cran et caoutchouc) donne aux roulements une barri\u00e8re solide contre la crasse et une juste tenue du lubrifiant interne.<\/p>\n<p>Les roulements sont relubrifi\u00e9s par une graisse au lithium de degr\u00e9 \u00ab\u00a03\u00a0\u00bb.<\/p>\n<div class=\"blocchettopagina clear\">\n<div class=\"titoloblocchetto\">\n<h3>Roulements Combin\u00e9s Fixes<\/h3>\n<\/div>\n<div class=\"blocchettosx\"><a href=\"https:\/\/www.formesrl.com\/fr\/prodotti\/cuscinetti\/cuscinetti-a-rulli-cilindrici\/combinati-fissi-per-profili-a-c\"><img loading=\"lazy\" decoding=\"async\" class=\"alignnone size-full wp-image-1835\" title=\"mini-cuscinetti-combinati-fissi\" src=\"https:\/\/www.formesrl.com\/wp-content\/uploads\/mini-cuscinetti-combinati-fissi.jpg\" alt=\"\" width=\"308\" height=\"106\" srcset=\"https:\/\/www.formesrl.com\/wp-content\/uploads\/mini-cuscinetti-combinati-fissi.jpg 308w, https:\/\/www.formesrl.com\/wp-content\/uploads\/mini-cuscinetti-combinati-fissi-300x103.jpg 300w\" sizes=\"auto, (max-width: 308px) 100vw, 308px\" \/><\/a><a href=\"https:\/\/www.formesrl.com\/fr\/prodotti\/cuscinetti\/cuscinetti-a-rulli-cilindrici\/combinati-fissi-per-profili-a-i\"><img loading=\"lazy\" decoding=\"async\" class=\"alignnone size-full wp-image-1836\" title=\"mini-cuscinetti-combinati-fissi-particolare\" src=\"https:\/\/www.formesrl.com\/wp-content\/uploads\/mini-cuscinetti-combinati-fissi-particolare.jpg\" alt=\"\" width=\"308\" height=\"106\" srcset=\"https:\/\/www.formesrl.com\/wp-content\/uploads\/mini-cuscinetti-combinati-fissi-particolare.jpg 308w, https:\/\/www.formesrl.com\/wp-content\/uploads\/mini-cuscinetti-combinati-fissi-particolare-300x103.jpg 300w\" sizes=\"auto, (max-width: 308px) 100vw, 308px\" \/><\/a><\/div>\n<div class=\"blocchettodx\">\n<p>Ayant un bon rapport dimension\/performance, ils sont le choix optimal pour des emplois g\u00e9n\u00e9riques de levage et de manutention, en consid\u00e9ration aussi de leur co\u00fbt relativement contenu.<\/p>\n<p><a href=\"https:\/\/www.formesrl.com\/fr\/produits\/roulements\/roulements-a-rouleaux-cylindriques\/combines-fixes-pour-profiles-en-c\/\">Fiche Technique Roulements Combin\u00e9s Fixes pour profil\u00e9s en C<\/a><\/p>\n<p><a href=\"https:\/\/www.formesrl.com\/fr\/produits\/roulements\/roulements-a-rouleaux-cylindriques\/combines-fixes-pour-profiles-en-i\/\">Fiche Technique Roulements Combin\u00e9s Fixes pour profil\u00e9s en I<\/a><\/p>\n<p><a href=\"https:\/\/www.formesrl.com\/fr\/produits\/roulements\/roulements-a-rouleaux-cylindriques\/combines-fixes-pour-profiles-en-c-calibres\/\">Fiche Technique Roulements Combin\u00e9s Fixes pour profil\u00e9s en C calibr\u00e9s<\/a><\/p>\n<\/div>\n<\/div>\n<div class=\"blocchettopagina clear\">\n<div class=\"titoloblocchetto\">\n<h3>Roulements Combin\u00e9s R\u00e9glables<\/h3>\n<\/div>\n<div class=\"blocchettosx\"><a href=\"https:\/\/www.formesrl.com\/fr\/prodotti\/cuscinetti\/cuscinetti-a-rulli-cilindrici\/combinati-registrabili\"><img loading=\"lazy\" decoding=\"async\" class=\"alignnone size-full wp-image-1838\" title=\"mini-cuscinetti-combinati-registrabili\" src=\"https:\/\/www.formesrl.com\/wp-content\/uploads\/mini-cuscinetti-combinati-registrabili.jpg\" alt=\"\" width=\"308\" height=\"106\" srcset=\"https:\/\/www.formesrl.com\/wp-content\/uploads\/mini-cuscinetti-combinati-registrabili.jpg 308w, https:\/\/www.formesrl.com\/wp-content\/uploads\/mini-cuscinetti-combinati-registrabili-300x103.jpg 300w\" sizes=\"auto, (max-width: 308px) 100vw, 308px\" \/><\/a><\/div>\n<div class=\"blocchettodx\">\n<p>Ils repr\u00e9sentent l\u2019\u00e9volution alternative \u00e0 l\u2019application du roulement combin\u00e9 fixe, qui peut \u00eatre utilis\u00e9 quand la pr\u00e9cision du mouvement et la possibilit\u00e9 de r\u00e9glage successif sont n\u00e9cessaires.<\/p>\n<p><a href=\"https:\/\/www.formesrl.com\/fr\/produits\/roulements\/roulements-a-rouleaux-cylindriques\/combines-reglables\/\">Fiche Technique Roulements Combin\u00e9s R\u00e9glables <\/a><\/p>\n<\/div>\n<\/div>\n<div class=\"blocchettopagina clear\">\n<div class=\"titoloblocchetto\">\n<h3>Roulements Combin\u00e9s R\u00e9glables pour Charges \u00c9lev\u00e9es<\/h3>\n<\/div>\n<div class=\"blocchettosx\"><a href=\"https:\/\/www.formesrl.com\/fr\/prodotti\/cuscinetti\/cuscinetti-a-rulli-cilindrici\/combinati-registrabili-per-portate-elevate\"><img loading=\"lazy\" decoding=\"async\" class=\"alignnone size-full wp-image-1963\" title=\"mini-registrabili-portate-elevate\" src=\"https:\/\/www.formesrl.com\/wp-content\/uploads\/mini-registrabili-portate-elevate.jpg\" alt=\"\" width=\"308\" height=\"106\" srcset=\"https:\/\/www.formesrl.com\/wp-content\/uploads\/mini-registrabili-portate-elevate.jpg 308w, https:\/\/www.formesrl.com\/wp-content\/uploads\/mini-registrabili-portate-elevate-300x103.jpg 300w\" sizes=\"auto, (max-width: 308px) 100vw, 308px\" \/><\/a><\/div>\n<div class=\"blocchettodx\">\n<p>Ils ont \u00e9t\u00e9 mis \u00e0 point avec les profil\u00e9s compos\u00e9s, avec lesquels ils partagent la manutention de charges \u00e9lev\u00e9es en optimisant les encombrements. Ils ont la particularit\u00e9 d\u2019avoir le rouleau de contraste r\u00e9glable en 8 positions.<\/p>\n<p><a href=\"https:\/\/www.formesrl.com\/fr\/produits\/roulements\/roulements-a-rouleaux-cylindriques\/roulements-combines-reglables-pour-charges-elevees\/\">Fiche Technique Roulements Combin\u00e9s R\u00e9glables pour Charges Elev\u00e9es C<\/a><\/p>\n<\/div>\n<\/div>\n<div class=\"blocchettopagina clear\">\n<div class=\"titoloblocchetto\">\n<h3>Roulettes \u00e0 Pivot<\/h3>\n<\/div>\n<div class=\"blocchettosx\"><a href=\"https:\/\/www.formesrl.com\/fr\/prodotti\/cuscinetti\/cuscinetti-a-rulli-cilindrici\/rotelle-con-perno\"><img loading=\"lazy\" decoding=\"async\" class=\"alignnone size-full wp-image-1840\" title=\"mini-rotelle-con-perno\" src=\"https:\/\/www.formesrl.com\/wp-content\/uploads\/mini-rotelle-con-perno.jpg\" alt=\"\" width=\"308\" height=\"106\" srcset=\"https:\/\/www.formesrl.com\/wp-content\/uploads\/mini-rotelle-con-perno.jpg 308w, https:\/\/www.formesrl.com\/wp-content\/uploads\/mini-rotelle-con-perno-300x103.jpg 300w\" sizes=\"auto, (max-width: 308px) 100vw, 308px\" \/><\/a><\/div>\n<div class=\"blocchettodx\">\n<p>Elles ont la m\u00eame port\u00e9e radiale des roulements combin\u00e9s, dont elles sont obtenues. Elles peuvent \u00eatre utilis\u00e9es pour des applications qui ne n\u00e9cessitent pas de contraste lat\u00e9ral de la charge ou dans les cas o\u00f9 la guide lat\u00e9rale est g\u00e9r\u00e9e par un syst\u00e8me autonome.<\/p>\n<p><a href=\"https:\/\/www.formesrl.com\/fr\/produits\/roulements\/roulements-a-rouleaux-cylindriques\/roulettes-a-pivot\/\">Fiche Technique Roulettes \u00e0 Pivot<\/a><\/p>\n<\/div>\n<\/div>\n<div class=\"blocchettopagina clear\">\n<div class=\"titoloblocchetto\">\n<h3>Plaques pour Roulements<\/h3>\n<\/div>\n<div class=\"blocchettosx\"><a href=\"https:\/\/www.formesrl.com\/fr\/prodotti\/cuscinetti\/cuscinetti-a-rulli-cilindrici\/piastre-per-cuscinetti-combinati\"><img loading=\"lazy\" decoding=\"async\" class=\"alignnone size-full wp-image-1842\" title=\"mini-piastre-portacuscinetto\" src=\"https:\/\/www.formesrl.com\/wp-content\/uploads\/mini-piastre-portacuscinetto.jpg\" alt=\"\" width=\"308\" height=\"106\" srcset=\"https:\/\/www.formesrl.com\/wp-content\/uploads\/mini-piastre-portacuscinetto.jpg 308w, https:\/\/www.formesrl.com\/wp-content\/uploads\/mini-piastre-portacuscinetto-300x103.jpg 300w\" sizes=\"auto, (max-width: 308px) 100vw, 308px\" \/><\/a><\/div>\n<div class=\"blocchettodx\">\n<p>Coupl\u00e9es aux roulements combin\u00e9s ou aux roulettes \u00e0 pivot, elle permettent l\u2019assemblage boulonn\u00e9. Cette caract\u00e9ristique est tr\u00e8s appr\u00e9ci\u00e9 pour les syst\u00e8mes d\u2019automatisation et de manutention, car elle simplifie les interventions d\u2019entretien successives.<\/p>\n<p><a href=\"https:\/\/www.formesrl.com\/fr\/produits\/roulements\/roulements-a-rouleaux-cylindriques\/plaques-pour-roulements-combines\/\">Fiche Technique Plaques pour Roulements Combin\u00e9s<\/a><\/p>\n<\/div>\n<\/div>\n<p><\/p>","protected":false},"excerpt":{"rendered":"<p>La capacit\u00e9 de charge des roulements combin\u00e9s et des roulettes est calcul\u00e9e selon les normes DIN\/ISO 281\/1 et ISO 76, tandis que les tol\u00e9rances dimensionnelles respectent la norme DIN 620. L\u2019ex\u00e9cution \u00e0 remplissage plein des rouleaux assure la capacit\u00e9 de charge maximale. Le choix d\u2019utiliser l\u2019acier alli\u00e9 pour c\u00e9mentation, c\u00e9ment\u00e9 et tremp\u00e9, pour construire les [&hellip;]<\/p>\n","protected":false},"author":1,"featured_media":0,"parent":134,"menu_order":2,"comment_status":"open","ping_status":"open","template":"","meta":{"footnotes":""},"class_list":["post-138","page","type-page","status-publish","hentry"],"_links":{"self":[{"href":"https:\/\/www.formesrl.com\/fr\/wp-json\/wp\/v2\/pages\/138","targetHints":{"allow":["GET"]}}],"collection":[{"href":"https:\/\/www.formesrl.com\/fr\/wp-json\/wp\/v2\/pages"}],"about":[{"href":"https:\/\/www.formesrl.com\/fr\/wp-json\/wp\/v2\/types\/page"}],"author":[{"embeddable":true,"href":"https:\/\/www.formesrl.com\/fr\/wp-json\/wp\/v2\/users\/1"}],"replies":[{"embeddable":true,"href":"https:\/\/www.formesrl.com\/fr\/wp-json\/wp\/v2\/comments?post=138"}],"version-history":[{"count":63,"href":"https:\/\/www.formesrl.com\/fr\/wp-json\/wp\/v2\/pages\/138\/revisions"}],"predecessor-version":[{"id":3530,"href":"https:\/\/www.formesrl.com\/fr\/wp-json\/wp\/v2\/pages\/138\/revisions\/3530"}],"up":[{"embeddable":true,"href":"https:\/\/www.formesrl.com\/fr\/wp-json\/wp\/v2\/pages\/134"}],"wp:attachment":[{"href":"https:\/\/www.formesrl.com\/fr\/wp-json\/wp\/v2\/media?parent=138"}],"curies":[{"name":"wp","href":"https:\/\/api.w.org\/{rel}","templated":true}]}}