
{"id":140,"date":"2010-05-12T15:15:28","date_gmt":"2010-05-12T15:15:28","guid":{"rendered":"http:\/\/www.formesrl.com\/?page_id=140"},"modified":"2013-12-04T10:37:33","modified_gmt":"2013-12-04T10:37:33","slug":"servizi","status":"publish","type":"page","link":"https:\/\/www.formesrl.com\/fr\/produits\/services\/","title":{"rendered":"Services"},"content":{"rendered":"<p><img loading=\"lazy\" decoding=\"async\" class=\"alignnone bannerpagina size-full wp-image-1709\" title=\"banner-servizi\" src=\"https:\/\/www.formesrl.com\/wp-content\/uploads\/banner-servizi.jpg\" alt=\"\" width=\"640\" height=\"178\" srcset=\"https:\/\/www.formesrl.com\/wp-content\/uploads\/banner-servizi.jpg 640w, https:\/\/www.formesrl.com\/wp-content\/uploads\/banner-servizi-300x83.jpg 300w\" sizes=\"auto, (max-width: 640px) 100vw, 640px\" \/><\/p>\n<div class=\"containerblocchetti\">\n<div class=\"blocchettosx\">\n<h3 style=\"text-align: justify;\"><strong>Coupe sur mesure<\/strong><\/h3>\n<p><img loading=\"lazy\" decoding=\"async\" class=\"alignnone size-full wp-image-1714\" title=\"mini-taglio\" src=\"https:\/\/www.formesrl.com\/wp-content\/uploads\/mini-taglio.jpg\" alt=\"\" width=\"308\" height=\"106\" srcset=\"https:\/\/www.formesrl.com\/wp-content\/uploads\/mini-taglio.jpg 308w, https:\/\/www.formesrl.com\/wp-content\/uploads\/mini-taglio-300x103.jpg 300w\" sizes=\"auto, (max-width: 308px) 100vw, 308px\" \/><\/p>\n<p style=\"text-align: justify;\">Le profil\u00e9 est livr\u00e9, sur demande du client, en barres coup\u00e9es sur mesure avec une tol\u00e9rance de -0+3 mm. Les barres sont ainsi pr\u00eates  \u00e0 l&rsquo;usage, sans d\u00e9chets et sans frais suppl\u00e9mentaires.<br \/>\n<strong>Le service de coupe sur mesure est compl\u00e8tement gratuit.<\/strong><\/p>\n<p style=\"text-align: justify;\">\n<\/div>\n<div class=\"blocchettodx\">\n<h3 style=\"text-align: justify;\"><strong>Livraison imm\u00e9diate<\/strong><\/h3>\n<p><img loading=\"lazy\" decoding=\"async\" class=\"alignnone size-full wp-image-1715\" title=\"mini-prontaconsegna\" src=\"https:\/\/www.formesrl.com\/wp-content\/uploads\/mini-prontaconsegna.jpg\" alt=\"\" width=\"308\" height=\"106\" srcset=\"https:\/\/www.formesrl.com\/wp-content\/uploads\/mini-prontaconsegna.jpg 308w, https:\/\/www.formesrl.com\/wp-content\/uploads\/mini-prontaconsegna-300x103.jpg 300w\" sizes=\"auto, (max-width: 308px) 100vw, 308px\" \/><\/p>\n<p style=\"text-align: justify;\">Le profil\u00e9 lamin\u00e9 a un delai de livraison tr\u00e8s court.<br \/>\nLe mat\u00e9riel est toujours en stock et la commande est pass\u00e9e tout de suite au d\u00e9pt. de coupe et, s&rsquo;il le faut, elle peut \u00eatre ex\u00e9cut\u00e9e en quelques heures.<\/p>\n<p style=\"text-align: justify;\">\n<\/div>\n<div class=\"blocchettosx\">\n<h3 style=\"text-align: justify;\"><strong>Exp\u00e9dition des marchandises <\/strong><\/h3>\n<p><img loading=\"lazy\" decoding=\"async\" class=\"alignnone size-full wp-image-1716\" title=\"mini-trasporto\" src=\"https:\/\/www.formesrl.com\/wp-content\/uploads\/mini-trasporto.jpg\" alt=\"\" width=\"308\" height=\"106\" srcset=\"https:\/\/www.formesrl.com\/wp-content\/uploads\/mini-trasporto.jpg 308w, https:\/\/www.formesrl.com\/wp-content\/uploads\/mini-trasporto-300x103.jpg 300w\" sizes=\"auto, (max-width: 308px) 100vw, 308px\" \/><\/p>\n<p style=\"text-align: justify;\">Souvent les clients ne sont pas \u00e9quip\u00e9s avec des moyens capables de transporter ce type de marchandise et il doivent utiliser des transporteurs \u00e0 des prix excessifs.<br \/>\n<em>Forme<\/em> offre la possibilit\u00e9 d&rsquo;utiliser des transporteurs \u00e0 des prix de convention et de charger ce co\u00fbt au client dans sa facture de vente.\n<\/p>\n<p style=\"text-align: justify;\">\n<\/div>\n<div class=\"blocchettodx\">\n<h3 style=\"text-align: justify;\"><strong>Service apr\u00e8s-vente<\/strong><\/h3>\n<p style=\"text-align: justify;\"><em><img loading=\"lazy\" decoding=\"async\" class=\"alignnone size-full wp-image-1969\" title=\"mini-postvendita\" src=\"https:\/\/www.formesrl.com\/wp-content\/uploads\/mini-postvendita.jpg\" alt=\"\" width=\"308\" height=\"106\" srcset=\"https:\/\/www.formesrl.com\/wp-content\/uploads\/mini-postvendita.jpg 308w, https:\/\/www.formesrl.com\/wp-content\/uploads\/mini-postvendita-300x103.jpg 300w\" sizes=\"auto, (max-width: 308px) 100vw, 308px\" \/><\/em><\/p>\n<p style=\"text-align: justify;\"><em>Forme<\/em> offre \u00e0 ses clients un service technique pr\u00e9-vente et apr\u00e8s-vente. Nos ing\u00e9nieurs sont disponibles pour donner tous les conseils n\u00e9cessaires pour le choix du profil\u00e9s \u00e0 utilser,  pour leur utilisation correcte et  pour le type de roulement \u00e0 utiliser.<br \/>\n<em>Forme<\/em> garantie toujours ses produits s&rsquo;ils sont utilis\u00e9es correctement.\n<\/p>\n<p style=\"text-align: justify;\">\n<\/div>\n<\/div>\n<p><\/p>","protected":false},"excerpt":{"rendered":"<p>Coupe sur mesure Le profil\u00e9 est livr\u00e9, sur demande du client, en barres coup\u00e9es sur mesure avec une tol\u00e9rance de -0+3 mm. Les barres sont ainsi pr\u00eates \u00e0 l&rsquo;usage, sans d\u00e9chets et sans frais suppl\u00e9mentaires. Le service de coupe sur mesure est compl\u00e8tement gratuit. Livraison imm\u00e9diate Le profil\u00e9 lamin\u00e9 a un delai de livraison tr\u00e8s [&hellip;]<\/p>\n","protected":false},"author":1,"featured_media":0,"parent":24,"menu_order":3,"comment_status":"open","ping_status":"open","template":"","meta":{"footnotes":""},"class_list":["post-140","page","type-page","status-publish","hentry"],"_links":{"self":[{"href":"https:\/\/www.formesrl.com\/fr\/wp-json\/wp\/v2\/pages\/140","targetHints":{"allow":["GET"]}}],"collection":[{"href":"https:\/\/www.formesrl.com\/fr\/wp-json\/wp\/v2\/pages"}],"about":[{"href":"https:\/\/www.formesrl.com\/fr\/wp-json\/wp\/v2\/types\/page"}],"author":[{"embeddable":true,"href":"https:\/\/www.formesrl.com\/fr\/wp-json\/wp\/v2\/users\/1"}],"replies":[{"embeddable":true,"href":"https:\/\/www.formesrl.com\/fr\/wp-json\/wp\/v2\/comments?post=140"}],"version-history":[{"count":30,"href":"https:\/\/www.formesrl.com\/fr\/wp-json\/wp\/v2\/pages\/140\/revisions"}],"predecessor-version":[{"id":3205,"href":"https:\/\/www.formesrl.com\/fr\/wp-json\/wp\/v2\/pages\/140\/revisions\/3205"}],"up":[{"embeddable":true,"href":"https:\/\/www.formesrl.com\/fr\/wp-json\/wp\/v2\/pages\/24"}],"wp:attachment":[{"href":"https:\/\/www.formesrl.com\/fr\/wp-json\/wp\/v2\/media?parent=140"}],"curies":[{"name":"wp","href":"https:\/\/api.w.org\/{rel}","templated":true}]}}