
{"id":144,"date":"2010-05-12T15:36:07","date_gmt":"2010-05-12T15:36:07","guid":{"rendered":"http:\/\/www.formesrl.com\/?page_id=144"},"modified":"2014-05-19T16:11:48","modified_gmt":"2014-05-19T16:11:48","slug":"combinati-registrabili","status":"publish","type":"page","link":"https:\/\/www.formesrl.com\/fr\/produits\/roulements\/roulements-a-rouleaux-cylindriques\/combines-reglables\/","title":{"rendered":"Fiche Technique Roulements Combin\u00e9s r\u00e9glables"},"content":{"rendered":"<p><\/p>\n<table class=\"schedaprodotto\">\n<tbody>\n<tr>\n<td class=\"immaginescheda\"><img loading=\"lazy\" decoding=\"async\" class=\"alignnone size-full wp-image-1915\" title=\"Pag19\" src=\"https:\/\/www.formesrl.com\/wp-content\/uploads\/Pag19.png\" alt=\"\" width=\"330\" height=\"404\" srcset=\"https:\/\/www.formesrl.com\/wp-content\/uploads\/Pag19.png 330w, https:\/\/www.formesrl.com\/wp-content\/uploads\/Pag19-245x300.png 245w\" sizes=\"auto, (max-width: 330px) 100vw, 330px\" \/><\/td>\n<td class=\"cellatabellamateriale\">\n<table class=\"tabellamateriale\">\n<tbody>\n<tr>\n<th colspan=\"2\">MAT\u00c9RIAU<\/th>\n<\/tr>\n<tr>\n<td class=\"etichettamateriale\">Bagues externes<\/td>\n<td class=\"materiale\">ACIER UNI 17MnCr5\/<br \/>\nDIN 17MnCr5\/ WNr.1.3521<br \/>\n(CTRs 58\u00f760HRc)<\/td>\n<\/tr>\n<tr>\n<td class=\"etichettamateriale\">Bagues internes<\/td>\n<td class=\"materiale\">ACIER UNI 100Cr6\/<br \/>\nDIN 100Cr6\/ WNr.1.3505<br \/>\n(TRs 60\u00f762 HRc)<\/td>\n<\/tr>\n<tr>\n<td class=\"etichettamateriale\">Corps de roulement<\/td>\n<td class=\"materiale\">ACIER UNI 100Cr6\/<br \/>\nDIN 100Cr6\/ WNr.1.3505<br \/>\n(TRs 61\u00f763 HRc)<\/td>\n<\/tr>\n<tr>\n<td class=\"fineetichettamateriale\">Pivot principal<\/td>\n<td class=\"finemateriale\">UNI Fe510.C\/DIN St 52.3\/<br \/>\nWNr. 1.0553<\/td>\n<\/tr>\n<tr>\n<th class=\"download\" colspan=\"2\"><a href=\"\/img\/prodotti\/pdf\/Pag19_ver3.pdf\" target=\"_blank\"><img loading=\"lazy\" decoding=\"async\" src=\"\/img\/pdf.gif\" border=\"0\" alt=\"\" width=\"23\" height=\"24\" \/> TELECHARGEZ DESSIN TECHNIQUE<\/a><\/th>\n<\/tr>\n<tr>\n<th class=\"download\" colspan=\"2\"><a href=\"\/img\/prodotti\/pdf\/PAGINA11FR.pdf\" target=\"_blank\"><img loading=\"lazy\" decoding=\"async\" src=\"\/img\/pdf.gif\" border=\"0\" alt=\"\" width=\"23\" height=\"24\" \/> TELECHARGEZ PAGE<\/a><\/th>\n<\/tr>\n<tr>\n<td><\/td>\n<td><\/td>\n<td><\/td>\n<\/tr>\n<\/tbody>\n<\/table>\n<\/td>\n<\/tr>\n<\/tbody>\n<\/table>\n<h4>TOL\u00c9RANCES  DIMENSIONNELLES, JEUX, CAPACIT\u00c9 DE CHARGE<\/h4>\n<table class=\"schedaprodotto\">\n<tbody>\n<tr>\n<td>Tol\u00e9rances d&rsquo;usinage<br \/>\nClasse di pr\u00e9cision<br \/>\nJeux radiaux<br \/>\nCoefficient de charge\n<\/td>\n<td>Aux Normes DIN 620.<br \/>\nP \u00ab\u00a0O\u00a0\u00bb.<br \/>\nAux Normes DIN 620.<br \/>\nIls sont calcul\u00e9s par moyen des normes DIN &#8211; ISO 281\/1\/ DIN &#8211; ISO 76.<\/td>\n<\/tr>\n<\/tbody>\n<\/table>\n<table id=\"tabellaridotta\" class=\"tabellaprodotto\">\n<tbody>\n<tr align=\"center\">\n<td class=\"intestazionitabella\"><img decoding=\"async\" src=\"\/img\/diapo_logo.jpg\" alt=\"\" \/><\/td>\n<td class=\"intestazionitabella\" colspan=\"9\">\n<div>Dimensions<\/div>\n<\/td>\n<td class=\"intestazionitabella\" colspan=\"4\">Capacit\u00e9 de charge<\/td>\n<td class=\"intestazionitabella\" rowspan=\"2\">Poids<br \/>\nKg<\/td>\n<td class=\"intestazionitabella\" rowspan=\"2\">Profil\u00e9s-type<\/td>\n<\/tr>\n<tr align=\"center\">\n<td class=\"intestazionitabella\">\n<div>\n<p>TYPE<br \/>\n2 ZRS<\/p>\n<\/div>\n<\/td>\n<td class=\"intestazionitabella\">d<br \/>\nmm<\/td>\n<td class=\"intestazionitabella\">D<br \/>\nmm<\/td>\n<td class=\"intestazionitabella\">H<br \/>\nmm<\/td>\n<td class=\"intestazionitabella\">T<br \/>\nmm<\/td>\n<td class=\"intestazionitabella\">L<br \/>\nmm<\/td>\n<td class=\"intestazionitabella\">B<br \/>\nmm<\/td>\n<td class=\"intestazionitabella\">A<br \/>\nmm<\/td>\n<td class=\"intestazionitabella\">S<br \/>\nmm<\/td>\n<td class=\"intestazionitabella\">r<br \/>\nmm<\/td>\n<td class=\"intestazionitabella\">C<br \/>\nKN<\/td>\n<td class=\"intestazionitabella\">C<sub><span>0<\/span><\/sub><br \/>\nKN<\/td>\n<td class=\"intestazionitabella\">C<span><sub>A<\/sub><\/span><br \/>\nKN<\/td>\n<td class=\"intestazionitabella\">C<span><sub>0A<\/sub><\/span><br \/>\nKN<\/td>\n<\/tr>\n<tr class=\"rigabianca\" align=\"center\">\n<td class=\"codiceprodotto\">\n<div>MR.146<\/div>\n<\/td>\n<td class=\"datonumerico\">30<\/td>\n<td class=\"datonumerico\">62<\/td>\n<td class=\"datonumerico\">43<\/td>\n<td class=\"datonumerico\">42<\/td>\n<td class=\"datonumerico\">33<\/td>\n<td class=\"datonumerico\">20<\/td>\n<td class=\"datonumerico\">5,5<\/td>\n<td class=\"datonumerico\">16<\/td>\n<td class=\"datonumerico\">3<\/td>\n<td class=\"datonumerico\">31<\/td>\n<td class=\"datonumerico\">35,5<\/td>\n<td class=\"datonumerico\">8<\/td>\n<td class=\"datonumerico\">8<\/td>\n<td class=\"datonumerico\">0,56<\/td>\n<td class=\"sinistra\">EC062 (2890)<\/td>\n<\/tr>\n<tr class=\"rigadispari\" align=\"center\">\n<td class=\"codiceprodotto\">\n<div>MR.147<\/div>\n<\/td>\n<td class=\"datonumerico\">35<\/td>\n<td class=\"datonumerico\">70,1<\/td>\n<td class=\"datonumerico\">48<\/td>\n<td class=\"datonumerico\">48<\/td>\n<td class=\"datonumerico\">40<\/td>\n<td class=\"datonumerico\">23<\/td>\n<td class=\"datonumerico\">6,5<\/td>\n<td class=\"datonumerico\">16<\/td>\n<td class=\"datonumerico\">4<\/td>\n<td class=\"datonumerico\">45,5<\/td>\n<td class=\"datonumerico\">51<\/td>\n<td class=\"datonumerico\">8<\/td>\n<td class=\"datonumerico\">8<\/td>\n<td class=\"datonumerico\">0,85<\/td>\n<td class=\"sinistra\">EC070 (2867)<\/td>\n<\/tr>\n<tr class=\"rigabianca\" align=\"center\">\n<td class=\"codiceprodotto\">\n<div>MR.148<\/div>\n<\/td>\n<td class=\"datonumerico\">40<\/td>\n<td class=\"datonumerico\">77,7<\/td>\n<td class=\"datonumerico\">50,5<\/td>\n<td class=\"datonumerico\">54<\/td>\n<td class=\"datonumerico\">39,5<\/td>\n<td class=\"datonumerico\">23<\/td>\n<td class=\"datonumerico\">7<\/td>\n<td class=\"datonumerico\">21<\/td>\n<td class=\"datonumerico\">4<\/td>\n<td class=\"datonumerico\">48<\/td>\n<td class=\"datonumerico\">56,8<\/td>\n<td class=\"datonumerico\">14<\/td>\n<td class=\"datonumerico\">14<\/td>\n<td class=\"datonumerico\">1,02<\/td>\n<td class=\"sinistra\">EC078 (2810)<\/td>\n<\/tr>\n<tr class=\"rigadispari\" align=\"center\">\n<td class=\"codiceprodotto\">\n<div>MR.149<\/div>\n<\/td>\n<td class=\"datonumerico\">40<\/td>\n<td class=\"datonumerico\">78,1<\/td>\n<td class=\"datonumerico\">45<\/td>\n<td class=\"datonumerico\">54<\/td>\n<td class=\"datonumerico\">34<\/td>\n<td class=\"datonumerico\">23<\/td>\n<td class=\"datonumerico\">7<\/td>\n<td class=\"datonumerico\">21<\/td>\n<td class=\"datonumerico\">4<\/td>\n<td class=\"datonumerico\">48<\/td>\n<td class=\"datonumerico\">56,8<\/td>\n<td class=\"datonumerico\">14<\/td>\n<td class=\"datonumerico\">14<\/td>\n<td class=\"datonumerico\">0,92<\/td>\n<td class=\"sinistra\">ET078 (3019)<\/td>\n<\/tr>\n<tr class=\"rigabianca\" align=\"center\">\n<td class=\"codiceprodotto\">\n<div>MR.150<\/div>\n<\/td>\n<td class=\"datonumerico\">45<\/td>\n<td class=\"datonumerico\">88,4<\/td>\n<td class=\"datonumerico\">61<\/td>\n<td class=\"datonumerico\">59<\/td>\n<td class=\"datonumerico\">48<\/td>\n<td class=\"datonumerico\">30<\/td>\n<td class=\"datonumerico\">7<\/td>\n<td class=\"datonumerico\">21<\/td>\n<td class=\"datonumerico\">3<\/td>\n<td class=\"datonumerico\">68<\/td>\n<td class=\"datonumerico\">72<\/td>\n<td class=\"datonumerico\">15<\/td>\n<td class=\"datonumerico\">15<\/td>\n<td class=\"datonumerico\">1,70<\/td>\n<td class=\"sinistra\">EC089 (2811)<\/td>\n<\/tr>\n<tr class=\"rigadispari\" align=\"center\">\n<td class=\"codiceprodotto\">\n<div>MR.151<\/div>\n<\/td>\n<td class=\"datonumerico\">50<\/td>\n<td class=\"datonumerico\">101,9<\/td>\n<td class=\"datonumerico\">50,5<\/td>\n<td class=\"datonumerico\">67<\/td>\n<td class=\"datonumerico\">37,5<\/td>\n<td class=\"datonumerico\">28<\/td>\n<td class=\"datonumerico\">7<\/td>\n<td class=\"datonumerico\">21<\/td>\n<td class=\"datonumerico\">3<\/td>\n<td class=\"datonumerico\">73<\/td>\n<td class=\"datonumerico\">82<\/td>\n<td class=\"datonumerico\">18<\/td>\n<td class=\"datonumerico\">19<\/td>\n<td class=\"datonumerico\">1,85<\/td>\n<td class=\"sinistra\">(2912)<\/td>\n<\/tr>\n<tr class=\"rigabianca\" align=\"center\">\n<td class=\"codiceprodotto\">\n<div>MR.142<\/div>\n<\/td>\n<td class=\"datonumerico\">60<\/td>\n<td class=\"datonumerico\">107,7<\/td>\n<td class=\"datonumerico\">69<\/td>\n<td class=\"datonumerico\">71<\/td>\n<td class=\"datonumerico\">55<\/td>\n<td class=\"datonumerico\">31<\/td>\n<td class=\"datonumerico\">8<\/td>\n<td class=\"datonumerico\">33<\/td>\n<td class=\"datonumerico\">5<\/td>\n<td class=\"datonumerico\">81<\/td>\n<td class=\"datonumerico\">95<\/td>\n<td class=\"datonumerico\">31<\/td>\n<td class=\"datonumerico\">36<\/td>\n<td class=\"datonumerico\">2,80<\/td>\n<td class=\"sinistra\">EC108 &#8211; (2862)<\/td>\n<\/tr>\n<tr class=\"rigadispari\" align=\"center\">\n<td class=\"codiceprodotto\">\n<div>MR.152<\/div>\n<\/td>\n<td class=\"datonumerico\">55<\/td>\n<td class=\"datonumerico\">108,5<\/td>\n<td class=\"datonumerico\">58,5<\/td>\n<td class=\"datonumerico\">71<\/td>\n<td class=\"datonumerico\">44,5<\/td>\n<td class=\"datonumerico\">31<\/td>\n<td class=\"datonumerico\">8<\/td>\n<td class=\"datonumerico\">33<\/td>\n<td class=\"datonumerico\">5<\/td>\n<td class=\"datonumerico\">81<\/td>\n<td class=\"datonumerico\">95<\/td>\n<td class=\"datonumerico\">31<\/td>\n<td class=\"datonumerico\">36<\/td>\n<td class=\"datonumerico\">2,40<\/td>\n<td class=\"sinistra\">ET108 (3100)<\/td>\n<\/tr>\n<tr class=\"rigabianca\" align=\"center\">\n<td class=\"codiceprodotto\">MR.153<\/td>\n<td class=\"datonumerico\">60<\/td>\n<td class=\"datonumerico\">123<\/td>\n<td class=\"datonumerico\">75,8<\/td>\n<td class=\"datonumerico\">80<\/td>\n<td class=\"datonumerico\">59,5<\/td>\n<td class=\"datonumerico\">37<\/td>\n<td class=\"datonumerico\">8<\/td>\n<td class=\"datonumerico\">33<\/td>\n<td class=\"datonumerico\">5<\/td>\n<td class=\"datonumerico\">110<\/td>\n<td class=\"datonumerico\">132<\/td>\n<td class=\"datonumerico\">31<\/td>\n<td class=\"datonumerico\">36<\/td>\n<td class=\"datonumerico\">4,08<\/td>\n<td class=\"sinistra\">EC123 &#8211; FI123 (2891)<\/td>\n<\/tr>\n<tr class=\"rigadispari\" align=\"center\">\n<td class=\"codiceprodotto\">MR.154<\/td>\n<td class=\"datonumerico\">60<\/td>\n<td class=\"datonumerico\">149<\/td>\n<td class=\"datonumerico\">89<\/td>\n<td class=\"datonumerico\">103<\/td>\n<td class=\"datonumerico\">69<\/td>\n<td class=\"datonumerico\">43<\/td>\n<td class=\"datonumerico\">15<\/td>\n<td class=\"datonumerico\">50<\/td>\n<td class=\"datonumerico\">5<\/td>\n<td class=\"datonumerico\">151<\/td>\n<td class=\"datonumerico\">192<\/td>\n<td class=\"datonumerico\">68<\/td>\n<td class=\"datonumerico\">71<\/td>\n<td class=\"datonumerico\">6,70<\/td>\n<td class=\"sinistra\">FI149 &#8211; EC149 (2757)<\/td>\n<\/tr>\n<tr class=\"rigabianca\">\n<td class=\"codiceprodotto\" colspan=\"18\">\n<div>Le r\u00e9glage de la dimension \u201cA\u201d se fait par des bagues d&rsquo;\u00e9paisseur ins\u00e9r\u00e9es entre le support principal et le support du roulement de guide lat\u00e9ral.<\/div>\n<div>Des bagues de r\u00e9glage ayant \u00e9paisseur variable de 0,5; 1 mm sont disponibles.<\/div>\n<\/td>\n<\/tr>\n<\/tbody>\n<\/table>\n<p><\/p>","protected":false},"excerpt":{"rendered":"<p>MAT\u00c9RIAU Bagues externes ACIER UNI 17MnCr5\/ DIN 17MnCr5\/ WNr.1.3521 (CTRs 58\u00f760HRc) Bagues internes ACIER UNI 100Cr6\/ DIN 100Cr6\/ WNr.1.3505 (TRs 60\u00f762 HRc) Corps de roulement ACIER UNI 100Cr6\/ DIN 100Cr6\/ WNr.1.3505 (TRs 61\u00f763 HRc) Pivot principal UNI Fe510.C\/DIN St 52.3\/ WNr. 1.0553 TELECHARGEZ DESSIN TECHNIQUE TELECHARGEZ PAGE TOL\u00c9RANCES DIMENSIONNELLES, JEUX, CAPACIT\u00c9 DE CHARGE Tol\u00e9rances d&rsquo;usinage [&hellip;]<\/p>\n","protected":false},"author":1,"featured_media":0,"parent":138,"menu_order":5,"comment_status":"open","ping_status":"open","template":"","meta":{"footnotes":""},"class_list":["post-144","page","type-page","status-publish","hentry"],"_links":{"self":[{"href":"https:\/\/www.formesrl.com\/fr\/wp-json\/wp\/v2\/pages\/144","targetHints":{"allow":["GET"]}}],"collection":[{"href":"https:\/\/www.formesrl.com\/fr\/wp-json\/wp\/v2\/pages"}],"about":[{"href":"https:\/\/www.formesrl.com\/fr\/wp-json\/wp\/v2\/types\/page"}],"author":[{"embeddable":true,"href":"https:\/\/www.formesrl.com\/fr\/wp-json\/wp\/v2\/users\/1"}],"replies":[{"embeddable":true,"href":"https:\/\/www.formesrl.com\/fr\/wp-json\/wp\/v2\/comments?post=144"}],"version-history":[{"count":49,"href":"https:\/\/www.formesrl.com\/fr\/wp-json\/wp\/v2\/pages\/144\/revisions"}],"predecessor-version":[{"id":3247,"href":"https:\/\/www.formesrl.com\/fr\/wp-json\/wp\/v2\/pages\/144\/revisions\/3247"}],"up":[{"embeddable":true,"href":"https:\/\/www.formesrl.com\/fr\/wp-json\/wp\/v2\/pages\/138"}],"wp:attachment":[{"href":"https:\/\/www.formesrl.com\/fr\/wp-json\/wp\/v2\/media?parent=144"}],"curies":[{"name":"wp","href":"https:\/\/api.w.org\/{rel}","templated":true}]}}