
{"id":147,"date":"2010-05-12T15:39:44","date_gmt":"2010-05-12T15:39:44","guid":{"rendered":"http:\/\/www.formesrl.com\/?page_id=147"},"modified":"2023-09-26T18:25:41","modified_gmt":"2023-09-26T18:25:41","slug":"combinati-fissi-per-profili-a-i","status":"publish","type":"page","link":"https:\/\/www.formesrl.com\/fr\/produits\/roulements\/roulements-a-rouleaux-cylindriques\/combines-fixes-pour-profiles-en-i\/","title":{"rendered":"Fiche Technique Roulements Combin\u00e9s fixes pour profil\u00e9s en \u00ab\u00a0I\u00a0\u00bb"},"content":{"rendered":"<p>&nbsp;<\/p>\n<table class=\"schedaprodotto\">\n<tbody>\n<tr>\n<td class=\"immaginescheda\"><img loading=\"lazy\" decoding=\"async\" class=\"alignnone size-full wp-image-1911\" title=\"Pag.combinati fissi\" src=\"https:\/\/www.formesrl.com\/wp-content\/uploads\/Pag.combinati-fissi.png\" alt=\"\" width=\"330\" height=\"473\" srcset=\"https:\/\/www.formesrl.com\/wp-content\/uploads\/Pag.combinati-fissi.png 330w, https:\/\/www.formesrl.com\/wp-content\/uploads\/Pag.combinati-fissi-209x300.png 209w\" sizes=\"auto, (max-width: 330px) 100vw, 330px\" \/><\/td>\n<td class=\"cellatabellamateriale\">\n<table class=\"tabellamateriale\">\n<tbody>\n<tr>\n<th colspan=\"2\">MAT\u00c9RIAU<\/th>\n<\/tr>\n<tr>\n<td class=\"etichettamateriale\">Bagues externes<\/td>\n<td class=\"materiale\">ACIER UNI 17MnCr5\/<br \/>\nDIN 17MnCr5\/ WNr.1.3521<br \/>\n(CTRs 58\u00f760HRc)<\/td>\n<\/tr>\n<tr>\n<td class=\"etichettamateriale\">Bagues internes<\/td>\n<td class=\"materiale\">ACIER UNI 100Cr6\/<br \/>\nDIN 100Cr6\/ WNr.1.3505<br \/>\n(TRs 60\u00f762 HRc)<\/td>\n<\/tr>\n<tr>\n<td class=\"etichettamateriale\">Corps de roulement<\/td>\n<td class=\"materiale\">ACIER UNI 100Cr6\/<br \/>\nDIN 100Cr6\/ WNr.1.3505<br \/>\n(TRs 61\u00f763 HRc)<\/td>\n<\/tr>\n<tr>\n<td class=\"fineetichettamateriale\">Pivot principal<\/td>\n<td class=\"finemateriale\">UNI Fe510.C\/DIN St 52.3\/<br \/>\nWNr. 1.0553<\/td>\n<\/tr>\n<tr>\n<th class=\"download\" colspan=\"2\"><a href=\"\/img\/prodotti\/pdf\/Pag.combinati fissi_ver3.pdf\" target=\"_blank\" rel=\"noopener\"><img loading=\"lazy\" decoding=\"async\" src=\"\/img\/pdf.gif\" alt=\"\" width=\"23\" height=\"24\" border=\"0\" \/> TELECHARGEZ DESSIN TECHNIQUE <\/a><\/th>\n<\/tr>\n<tr>\n<th class=\"download\" colspan=\"2\"><a href=\"\/img\/prodotti\/pdf\/PAGINA9FR.pdf\" target=\"_blank\" rel=\"noopener\"><img loading=\"lazy\" decoding=\"async\" src=\"\/img\/pdf.gif\" alt=\"\" width=\"23\" height=\"24\" border=\"0\" \/> TELECHARGEZ PAGE <\/a><\/th>\n<\/tr>\n<tr>\n<td><\/td>\n<td><\/td>\n<td><\/td>\n<\/tr>\n<\/tbody>\n<\/table>\n<\/td>\n<\/tr>\n<\/tbody>\n<\/table>\n<h4>TOL\u00c9RANCES DIMENSIONNELLES, JEUX, CAPACIT\u00c9 DE CHARGE<\/h4>\n<table class=\"schedaprodotto\">\n<tbody>\n<tr>\n<td>Tol\u00e9rances d&rsquo;usinage<br \/>\nClasse di pr\u00e9cision<br \/>\nJeux radiaux<br \/>\nCoefficient de charge<\/td>\n<td>Aux Normes DIN 620.<br \/>\nP \u00ab\u00a0O\u00a0\u00bb.<br \/>\nAux Normes DIN 620.<br \/>\nIls sont calcul\u00e9s par moyen des normes DIN &#8211; ISO 281\/1\/ DIN &#8211; ISO 76.<\/td>\n<\/tr>\n<\/tbody>\n<\/table>\n<table class=\"tabellaprodotto\">\n<tbody>\n<tr class=\"rigabianca\" align=\"center\">\n<td class=\"intestazionitabella\"><img decoding=\"async\" src=\"\/img\/diapo_logo.jpg\" alt=\"\" \/><\/td>\n<td class=\"intestazionitabella\" colspan=\"10\">\n<div>Dimensions<\/div>\n<\/td>\n<td class=\"intestazionitabella\" colspan=\"4\">Capacit\u00e9 de charge<\/td>\n<td class=\"intestazionitabella\" rowspan=\"2\">Poids<br \/>\nKG<\/td>\n<td class=\"intestazionitabella\" rowspan=\"2\">Profil\u00e9s-type<\/td>\n<\/tr>\n<tr class=\"rigabianca\" align=\"center\">\n<td class=\"intestazionitabella\">TYPE<br \/>\n2 ZRS<\/td>\n<td class=\"intestazionitabella\">d<br \/>\nmm<\/td>\n<td class=\"intestazionitabella\">D<br \/>\nmm<\/td>\n<td class=\"intestazionitabella\">H<br \/>\nmm<\/td>\n<td class=\"intestazionitabella\">B<br \/>\nmm<\/td>\n<td class=\"intestazionitabella\">G<br \/>\nmm<\/td>\n<td class=\"intestazionitabella\">L<br \/>\nmm<\/td>\n<td class=\"intestazionitabella\">F<br \/>\nmm<\/td>\n<td class=\"intestazionitabella\">T<br \/>\nmm<\/td>\n<td class=\"intestazionitabella\">R<br \/>\nmm<\/td>\n<td class=\"intestazionitabella\"><span class=\"simbolo\">\u03b1 <\/span><\/td>\n<td class=\"intestazionitabella\">C<br \/>\nKN<\/td>\n<td class=\"intestazionitabella\">C<sub>0<br \/>\n<\/sub>KN<\/td>\n<td class=\"intestazionitabella\">C<sub>A<\/sub><br \/>\nKN<\/td>\n<td class=\"intestazionitabella\">C<sub>0A<\/sub><br \/>\nKN<\/td>\n<\/tr>\n<tr class=\"rigabianca\" align=\"center\">\n<td class=\"codiceprodotto\">\n<div>MR.032<\/div>\n<\/td>\n<td class=\"datonumerico\">35<\/td>\n<td class=\"datonumerico\">70,1<\/td>\n<td class=\"datonumerico\">40,5<\/td>\n<td class=\"datonumerico\">23<\/td>\n<td class=\"datonumerico\">5<\/td>\n<td class=\"datonumerico\">30,5<\/td>\n<td class=\"datonumerico\">10<\/td>\n<td class=\"datonumerico\">48<\/td>\n<td class=\"datonumerico\">22<\/td>\n<td class=\"datonumerico\">20\u00b0<\/td>\n<td class=\"datonumerico\">45,5<\/td>\n<td class=\"datonumerico\">51<\/td>\n<td class=\"datonumerico\">14<\/td>\n<td class=\"datonumerico\">13<\/td>\n<td class=\"datonumerico\">0,74<\/td>\n<td class=\"sinistra\">ET070 (3018)<\/td>\n<\/tr>\n<tr class=\"rigadispari\" align=\"center\">\n<td class=\"codiceprodotto\">\n<div>MR.024<\/div>\n<\/td>\n<td class=\"datonumerico\">40<\/td>\n<td class=\"datonumerico\">78,3<\/td>\n<td class=\"datonumerico\">40,7<\/td>\n<td class=\"datonumerico\">23<\/td>\n<td class=\"datonumerico\">3<\/td>\n<td class=\"datonumerico\">29<\/td>\n<td class=\"datonumerico\">11,7<\/td>\n<td class=\"datonumerico\">54<\/td>\n<td class=\"datonumerico\">24<\/td>\n<td class=\"datonumerico\">20\u00b0<\/td>\n<td class=\"datonumerico\">48<\/td>\n<td class=\"datonumerico\">57<\/td>\n<td class=\"datonumerico\">18<\/td>\n<td class=\"datonumerico\">18<\/td>\n<td class=\"datonumerico\">0,88<\/td>\n<td class=\"sinistra\">ET078 (3019)<\/td>\n<\/tr>\n<tr class=\"rigabianca\" align=\"center\">\n<td class=\"codiceprodotto\">\n<div>MR.035\/A<\/div>\n<\/td>\n<td class=\"datonumerico\">45<\/td>\n<td class=\"datonumerico\">88,9<\/td>\n<td class=\"datonumerico\">52<\/td>\n<td class=\"datonumerico\">30<\/td>\n<td class=\"datonumerico\">5,5<\/td>\n<td class=\"datonumerico\">39<\/td>\n<td class=\"datonumerico\">12,5<\/td>\n<td class=\"datonumerico\">59<\/td>\n<td class=\"datonumerico\">26<\/td>\n<td class=\"datonumerico\">20\u00b0<\/td>\n<td class=\"datonumerico\">68<\/td>\n<td class=\"datonumerico\">72<\/td>\n<td class=\"datonumerico\">23<\/td>\n<td class=\"datonumerico\">23<\/td>\n<td class=\"datonumerico\">1,58<\/td>\n<td class=\"sinistra\">ET089 (3020)<\/td>\n<\/tr>\n<tr class=\"rigadispari\" align=\"center\">\n<td class=\"codiceprodotto\">\n<div>MR.028<\/div>\n<\/td>\n<td class=\"datonumerico\">55<\/td>\n<td class=\"datonumerico\">108,55<\/td>\n<td class=\"datonumerico\">53<\/td>\n<td class=\"datonumerico\">31<\/td>\n<td class=\"datonumerico\">5<\/td>\n<td class=\"datonumerico\">39<\/td>\n<td class=\"datonumerico\">14<\/td>\n<td class=\"datonumerico\">71<\/td>\n<td class=\"datonumerico\">34<\/td>\n<td class=\"datonumerico\">20\u00b0<\/td>\n<td class=\"datonumerico\">81<\/td>\n<td class=\"datonumerico\">95<\/td>\n<td class=\"datonumerico\">31<\/td>\n<td class=\"datonumerico\">36<\/td>\n<td class=\"datonumerico\">2,22<\/td>\n<td class=\"sinistra\">ET108 (3100)<\/td>\n<\/tr>\n<\/tbody>\n<\/table>\n<p><\/p>","protected":false},"excerpt":{"rendered":"<p>&nbsp; MAT\u00c9RIAU Bagues externes ACIER UNI 17MnCr5\/ DIN 17MnCr5\/ WNr.1.3521 (CTRs 58\u00f760HRc) Bagues internes ACIER UNI 100Cr6\/ DIN 100Cr6\/ WNr.1.3505 (TRs 60\u00f762 HRc) Corps de roulement ACIER UNI 100Cr6\/ DIN 100Cr6\/ WNr.1.3505 (TRs 61\u00f763 HRc) Pivot principal UNI Fe510.C\/DIN St 52.3\/ WNr. 1.0553 TELECHARGEZ DESSIN TECHNIQUE TELECHARGEZ PAGE TOL\u00c9RANCES DIMENSIONNELLES, JEUX, CAPACIT\u00c9 DE CHARGE Tol\u00e9rances [&hellip;]<\/p>\n","protected":false},"author":1,"featured_media":0,"parent":138,"menu_order":3,"comment_status":"open","ping_status":"open","template":"","meta":{"footnotes":""},"class_list":["post-147","page","type-page","status-publish","hentry"],"_links":{"self":[{"href":"https:\/\/www.formesrl.com\/fr\/wp-json\/wp\/v2\/pages\/147","targetHints":{"allow":["GET"]}}],"collection":[{"href":"https:\/\/www.formesrl.com\/fr\/wp-json\/wp\/v2\/pages"}],"about":[{"href":"https:\/\/www.formesrl.com\/fr\/wp-json\/wp\/v2\/types\/page"}],"author":[{"embeddable":true,"href":"https:\/\/www.formesrl.com\/fr\/wp-json\/wp\/v2\/users\/1"}],"replies":[{"embeddable":true,"href":"https:\/\/www.formesrl.com\/fr\/wp-json\/wp\/v2\/comments?post=147"}],"version-history":[{"count":51,"href":"https:\/\/www.formesrl.com\/fr\/wp-json\/wp\/v2\/pages\/147\/revisions"}],"predecessor-version":[{"id":3537,"href":"https:\/\/www.formesrl.com\/fr\/wp-json\/wp\/v2\/pages\/147\/revisions\/3537"}],"up":[{"embeddable":true,"href":"https:\/\/www.formesrl.com\/fr\/wp-json\/wp\/v2\/pages\/138"}],"wp:attachment":[{"href":"https:\/\/www.formesrl.com\/fr\/wp-json\/wp\/v2\/media?parent=147"}],"curies":[{"name":"wp","href":"https:\/\/api.w.org\/{rel}","templated":true}]}}