
{"id":150,"date":"2010-05-12T15:47:51","date_gmt":"2010-05-12T15:47:51","guid":{"rendered":"http:\/\/www.formesrl.com\/?page_id=150"},"modified":"2014-07-15T15:46:23","modified_gmt":"2014-07-15T15:46:23","slug":"combinati-fissi-per-profili-a-c","status":"publish","type":"page","link":"https:\/\/www.formesrl.com\/fr\/produits\/roulements\/roulements-a-rouleaux-cylindriques\/combines-fixes-pour-profiles-en-c\/","title":{"rendered":"Fiche Technique Roulements Combin\u00e9s fixes pour profil\u00e9s en \u00ab\u00a0C\u00a0\u00bb"},"content":{"rendered":"<p><\/p>\n<table class=\"schedaprodotto\">\n<tbody>\n<tr>\n<td class=\"immaginescheda\"><img loading=\"lazy\" decoding=\"async\" class=\"alignnone size-full wp-image-1907\" title=\"Pag17\" alt=\"\" src=\"https:\/\/www.formesrl.com\/wp-content\/uploads\/Pag17.png\" width=\"330\" height=\"431\" srcset=\"https:\/\/www.formesrl.com\/wp-content\/uploads\/Pag17.png 330w, https:\/\/www.formesrl.com\/wp-content\/uploads\/Pag17-229x300.png 229w\" sizes=\"auto, (max-width: 330px) 100vw, 330px\" \/><\/td>\n<td class=\"cellatabellamateriale\">\n<table class=\"tabellamateriale\">\n<tbody>\n<tr>\n<th colspan=\"2\">MAT\u00c9RIAU<\/th>\n<\/tr>\n<tr>\n<td class=\"etichettamateriale\">Bagues externes<\/td>\n<td class=\"materiale\">ACIER UNI 17MnCr5\/<br \/>\nDIN 17MnCr5\/ WNr.1.3521<br \/>\n(CTRs 58\u00f760HRc)<\/td>\n<\/tr>\n<tr>\n<td class=\"etichettamateriale\">Bagues internes<\/td>\n<td class=\"materiale\">ACIER UNI 100Cr6\/<br \/>\nDIN 100Cr6\/ WNr.1.3505<br \/>\n(TRs 60\u00f762 HRc)<\/td>\n<\/tr>\n<tr>\n<td class=\"etichettamateriale\">Corps de roulement<\/td>\n<td class=\"materiale\">ACIER UNI 100Cr6\/<br \/>\nDIN 100Cr6\/ WNr.1.3505<br \/>\n(TRs 61\u00f763 HRc)<\/td>\n<\/tr>\n<tr>\n<td class=\"fineetichettamateriale\">Pivot principal<\/td>\n<td class=\"finemateriale\">UNI Fe510.C\/DIN St 52.3\/<br \/>\nWNr. 1.0553<\/td>\n<\/tr>\n<tr>\n<th class=\"download\" colspan=\"2\"><a href=\"\/img\/prodotti\/pdf\/Pag17_ver3.pdf\" target=\"_blank\"><img loading=\"lazy\" decoding=\"async\" alt=\"\" src=\"\/img\/pdf.gif\" width=\"23\" height=\"24\" border=\"0\" \/>TELECHARGEZ DESSIN TECHNIQUE<\/a><\/th>\n<\/tr>\n<tr>\n<th class=\"download\" colspan=\"2\"><a href=\"\/img\/prodotti\/pdf\/PAGINA8FR.pdf\" target=\"_blank\"><img loading=\"lazy\" decoding=\"async\" alt=\"\" src=\"\/img\/pdf.gif\" width=\"23\" height=\"24\" border=\"0\" \/>TELECHARGEZ PAGE<\/a><\/th>\n<\/tr>\n<tr>\n<td><\/td>\n<td><\/td>\n<td><\/td>\n<\/tr>\n<\/tbody>\n<\/table>\n<\/td>\n<\/tr>\n<\/tbody>\n<\/table>\n<h4>TOL\u00c9RANCES DIMENSIONNELLES, JEUX, CAPACIT\u00c9 DE CHARGE<\/h4>\n<table class=\"schedaprodotto\">\n<tbody>\n<tr>\n<td>Tol\u00e9rances d&rsquo;usinage<br \/>\nClasse di pr\u00e9cision<br \/>\nJeux radiaux<br \/>\nCoefficient de charge<\/td>\n<td>Aux Normes DIN 620.<br \/>\nP \u00ab\u00a0O\u00a0\u00bb.<br \/>\nAux Normes DIN 620.<br \/>\nIls sont calcul\u00e9s par moyen des normes DIN &#8211; ISO 281\/1\/ DIN &#8211; ISO 76.<\/td>\n<\/tr>\n<\/tbody>\n<\/table>\n<table class=\"tabellaprodotto\">\n<tbody>\n<tr class=\"rigabianca\" align=\"center\">\n<td class=\"intestazionitabella\"><img decoding=\"async\" alt=\"\" src=\"\/img\/diapo_logo.jpg\" \/><\/td>\n<td class=\"intestazionitabella\" colspan=\"10\">\n<div>Dimensions<\/div>\n<\/td>\n<td class=\"intestazionitabella\" colspan=\"4\">Capacit\u00e9 de charge<\/td>\n<td class=\"intestazionitabella\" rowspan=\"2\">Poids<br \/>\nKG<\/td>\n<td class=\"intestazionitabella\" rowspan=\"2\">Profil\u00e9s-type<\/td>\n<\/tr>\n<tr class=\"rigabianca\" align=\"center\">\n<td class=\"intestazionitabella\">\n<div>\n<p>TYPE<\/p>\n<p>2 ZRS<\/p>\n<\/div>\n<\/td>\n<td class=\"intestazionitabella\">d<br \/>\nmm<\/td>\n<td class=\"intestazionitabella\">D<br \/>\nmm<\/td>\n<td class=\"intestazionitabella\">H<br \/>\nmm<\/td>\n<td class=\"intestazionitabella\">B<br \/>\nmm<\/td>\n<td class=\"intestazionitabella\">G<br \/>\nmm<\/td>\n<td class=\"intestazionitabella\">L<br \/>\nmm<\/td>\n<td class=\"intestazionitabella\">F<br \/>\nmm<\/td>\n<td class=\"intestazionitabella\">T<br \/>\nmm<\/td>\n<td class=\"intestazionitabella\">R<br \/>\nmm<\/td>\n<td class=\"intestazionitabella\"><span class=\"simbolo\">\u03b1 <\/span><\/td>\n<td class=\"intestazionitabella\">C<br \/>\nKN<\/td>\n<td class=\"intestazionitabella\">C<sub><span>0<\/span><br \/>\n<\/sub>KN<\/td>\n<td class=\"intestazionitabella\">C<span><sub>A<\/sub><\/span><br \/>\nKN<\/td>\n<td class=\"intestazionitabella\">C<span><sub>0A<\/sub><\/span><br \/>\nKN<\/td>\n<\/tr>\n<tr class=\"rigabianca\" align=\"center\">\n<td class=\"codiceprodotto\">\n<div>MR.000<sup class=\"simbolo\">*<\/sup><\/div>\n<\/td>\n<td class=\"datonumerico\">30<\/td>\n<td class=\"datonumerico\">52,5<\/td>\n<td class=\"datonumerico\">33<\/td>\n<td class=\"datonumerico\">17<\/td>\n<td class=\"datonumerico\">5<\/td>\n<td class=\"datonumerico\">27<\/td>\n<td class=\"datonumerico\">6<\/td>\n<td class=\"datonumerico\">40<\/td>\n<td class=\"datonumerico\">15<\/td>\n<td class=\"datonumerico\">15\u00b0<\/td>\n<td class=\"datonumerico\">24<\/td>\n<td class=\"datonumerico\">32<\/td>\n<td class=\"datonumerico\">7<\/td>\n<td class=\"datonumerico\">7<\/td>\n<td class=\"datonumerico\">0,38<\/td>\n<td class=\"sinistra\">EC053<\/td>\n<\/tr>\n<tr class=\"rigadispari\" align=\"center\">\n<td class=\"codiceprodotto\">\n<div>MR.021<sup class=\"simbolo\">*<\/sup><\/div>\n<\/td>\n<td class=\"datonumerico\">30<\/td>\n<td class=\"datonumerico\">62<\/td>\n<td class=\"datonumerico\">37,5<\/td>\n<td class=\"datonumerico\">20<\/td>\n<td class=\"datonumerico\">8<\/td>\n<td class=\"datonumerico\">30,5<\/td>\n<td class=\"datonumerico\">7<\/td>\n<td class=\"datonumerico\">42<\/td>\n<td class=\"datonumerico\">20<\/td>\n<td class=\"datonumerico\">20\u00b0<\/td>\n<td class=\"datonumerico\">31<\/td>\n<td class=\"datonumerico\">35,5<\/td>\n<td class=\"datonumerico\">11<\/td>\n<td class=\"datonumerico\">11,5<\/td>\n<td class=\"datonumerico\">0,52<\/td>\n<td class=\"sinistra\">EC062 (2890)<\/td>\n<\/tr>\n<tr class=\"rigabianca\" align=\"center\">\n<td class=\"codiceprodotto\">\n<div>MR.022<\/div>\n<\/td>\n<td class=\"datonumerico\">35<\/td>\n<td class=\"datonumerico\">70,1<\/td>\n<td class=\"datonumerico\">44<\/td>\n<td class=\"datonumerico\">23<\/td>\n<td class=\"datonumerico\">10,5<\/td>\n<td class=\"datonumerico\">36<\/td>\n<td class=\"datonumerico\">8<\/td>\n<td class=\"datonumerico\">48<\/td>\n<td class=\"datonumerico\">22<\/td>\n<td class=\"datonumerico\">20\u00b0<\/td>\n<td class=\"datonumerico\">45,5<\/td>\n<td class=\"datonumerico\">51<\/td>\n<td class=\"datonumerico\">14<\/td>\n<td class=\"datonumerico\">13<\/td>\n<td class=\"datonumerico\">0,80<\/td>\n<td class=\"sinistra\">EC070 (2867)<\/td>\n<\/tr>\n<tr class=\"rigadispari\" align=\"center\">\n<td class=\"codiceprodotto\">\n<div>MR.023<\/div>\n<\/td>\n<td class=\"datonumerico\">40<\/td>\n<td class=\"datonumerico\">77,7<\/td>\n<td class=\"datonumerico\">48<\/td>\n<td class=\"datonumerico\">23<\/td>\n<td class=\"datonumerico\">10,5<\/td>\n<td class=\"datonumerico\">36,5<\/td>\n<td class=\"datonumerico\">11,5<\/td>\n<td class=\"datonumerico\">54<\/td>\n<td class=\"datonumerico\">24<\/td>\n<td class=\"datonumerico\">20\u00b0<\/td>\n<td class=\"datonumerico\">48<\/td>\n<td class=\"datonumerico\">56,8<\/td>\n<td class=\"datonumerico\">18<\/td>\n<td class=\"datonumerico\">18<\/td>\n<td class=\"datonumerico\">1,02<\/td>\n<td class=\"sinistra\">EC078 (2810)<\/td>\n<\/tr>\n<tr class=\"rigabianca\" align=\"center\">\n<td class=\"codiceprodotto\">\n<div>MR.025<\/div>\n<\/td>\n<td class=\"datonumerico\">45<\/td>\n<td class=\"datonumerico\">88,4<\/td>\n<td class=\"datonumerico\">57<\/td>\n<td class=\"datonumerico\">30<\/td>\n<td class=\"datonumerico\">10,5<\/td>\n<td class=\"datonumerico\">44<\/td>\n<td class=\"datonumerico\">13<\/td>\n<td class=\"datonumerico\">59<\/td>\n<td class=\"datonumerico\">26<\/td>\n<td class=\"datonumerico\">20\u00b0<\/td>\n<td class=\"datonumerico\">68<\/td>\n<td class=\"datonumerico\">72<\/td>\n<td class=\"datonumerico\">23<\/td>\n<td class=\"datonumerico\">23<\/td>\n<td class=\"datonumerico\">1,61<\/td>\n<td class=\"sinistra\">EC089 (2811)<\/td>\n<\/tr>\n<tr class=\"rigadispari\" align=\"center\">\n<td class=\"codiceprodotto\">\n<div>MR.027<\/div>\n<\/td>\n<td class=\"datonumerico\">60<\/td>\n<td class=\"datonumerico\">107,7<\/td>\n<td class=\"datonumerico\">69<\/td>\n<td class=\"datonumerico\">31<\/td>\n<td class=\"datonumerico\">20<\/td>\n<td class=\"datonumerico\">55<\/td>\n<td class=\"datonumerico\">14<\/td>\n<td class=\"datonumerico\">71<\/td>\n<td class=\"datonumerico\">34<\/td>\n<td class=\"datonumerico\">20\u00b0<\/td>\n<td class=\"datonumerico\">81<\/td>\n<td class=\"datonumerico\">95<\/td>\n<td class=\"datonumerico\">31<\/td>\n<td class=\"datonumerico\">36<\/td>\n<td class=\"datonumerico\">2,69<\/td>\n<td class=\"sinistra\">EC108 (2862)<\/td>\n<\/tr>\n<tr class=\"rigabianca\" align=\"center\">\n<td class=\"codiceprodotto\">\n<div>MR.029<\/div>\n<\/td>\n<td class=\"datonumerico\">60<\/td>\n<td class=\"datonumerico\">123<\/td>\n<td class=\"datonumerico\">72,3<\/td>\n<td class=\"datonumerico\">37<\/td>\n<td class=\"datonumerico\">14<\/td>\n<td class=\"datonumerico\">56<\/td>\n<td class=\"datonumerico\">16,3<\/td>\n<td class=\"datonumerico\">80<\/td>\n<td class=\"datonumerico\">40<\/td>\n<td class=\"datonumerico\">20\u00b0<\/td>\n<td class=\"datonumerico\">110<\/td>\n<td class=\"datonumerico\">132<\/td>\n<td class=\"datonumerico\">43<\/td>\n<td class=\"datonumerico\">50<\/td>\n<td class=\"datonumerico\">3,8<\/td>\n<td class=\"sinistra\">EC123 &#8211; FI123-FC123-ET123 (2891)<\/td>\n<\/tr>\n<tr class=\"rigadispari\" align=\"center\">\n<td class=\"codiceprodotto\">MR.030<\/td>\n<td class=\"datonumerico\">60<\/td>\n<td class=\"datonumerico\">149<\/td>\n<td class=\"datonumerico\">78,5<\/td>\n<td class=\"datonumerico\">45<\/td>\n<td class=\"datonumerico\">8<\/td>\n<td class=\"datonumerico\">58,5<\/td>\n<td class=\"datonumerico\">20<\/td>\n<td class=\"datonumerico\">103<\/td>\n<td class=\"datonumerico\">50<\/td>\n<td class=\"datonumerico\">15\u00b0<\/td>\n<td class=\"datonumerico\">151<\/td>\n<td class=\"datonumerico\">192<\/td>\n<td class=\"datonumerico\">68<\/td>\n<td class=\"datonumerico\">71<\/td>\n<td class=\"datonumerico\">6,65<\/td>\n<td class=\"sinistra\">EC149 &#8211; FI149 &#8211; FC149 (2757)<\/td>\n<\/tr>\n<tr class=\"rigabianca\" align=\"center\">\n<td class=\"codiceprodotto\">MR.191<\/td>\n<td class=\"datonumerico\">60<\/td>\n<td class=\"datonumerico\">149<\/td>\n<td class=\"datonumerico\">86<\/td>\n<td class=\"datonumerico\">45<\/td>\n<td class=\"datonumerico\">16,5<\/td>\n<td class=\"datonumerico\">67<\/td>\n<td class=\"datonumerico\">19<\/td>\n<td class=\"datonumerico\">107<\/td>\n<td class=\"datonumerico\">50<\/td>\n<td class=\"datonumerico\">15\u00b0<\/td>\n<td class=\"datonumerico\">151<\/td>\n<td class=\"datonumerico\">192<\/td>\n<td class=\"datonumerico\">68<\/td>\n<td class=\"datonumerico\">71<\/td>\n<td class=\"datonumerico\">7,40<\/td>\n<td class=\"sinistra\">EC149 &#8211; FI149 &#8211; FC149 (2757)<\/td>\n<\/tr>\n<tr class=\"rigadispari\">\n<td class=\"codiceprodotto\" colspan=\"18\">\n<div><sup class=\"simbolo\">*<\/sup>Roulement \u00e0 sec<\/div>\n<\/td>\n<\/tr>\n<\/tbody>\n<\/table>\n<p><\/p>","protected":false},"excerpt":{"rendered":"<p>MAT\u00c9RIAU Bagues externes ACIER UNI 17MnCr5\/ DIN 17MnCr5\/ WNr.1.3521 (CTRs 58\u00f760HRc) Bagues internes ACIER UNI 100Cr6\/ DIN 100Cr6\/ WNr.1.3505 (TRs 60\u00f762 HRc) Corps de roulement ACIER UNI 100Cr6\/ DIN 100Cr6\/ WNr.1.3505 (TRs 61\u00f763 HRc) Pivot principal UNI Fe510.C\/DIN St 52.3\/ WNr. 1.0553 TELECHARGEZ DESSIN TECHNIQUE TELECHARGEZ PAGE TOL\u00c9RANCES DIMENSIONNELLES, JEUX, CAPACIT\u00c9 DE CHARGE Tol\u00e9rances d&rsquo;usinage [&hellip;]<\/p>\n","protected":false},"author":1,"featured_media":0,"parent":138,"menu_order":2,"comment_status":"open","ping_status":"open","template":"","meta":{"footnotes":""},"class_list":["post-150","page","type-page","status-publish","hentry"],"_links":{"self":[{"href":"https:\/\/www.formesrl.com\/fr\/wp-json\/wp\/v2\/pages\/150","targetHints":{"allow":["GET"]}}],"collection":[{"href":"https:\/\/www.formesrl.com\/fr\/wp-json\/wp\/v2\/pages"}],"about":[{"href":"https:\/\/www.formesrl.com\/fr\/wp-json\/wp\/v2\/types\/page"}],"author":[{"embeddable":true,"href":"https:\/\/www.formesrl.com\/fr\/wp-json\/wp\/v2\/users\/1"}],"replies":[{"embeddable":true,"href":"https:\/\/www.formesrl.com\/fr\/wp-json\/wp\/v2\/comments?post=150"}],"version-history":[{"count":67,"href":"https:\/\/www.formesrl.com\/fr\/wp-json\/wp\/v2\/pages\/150\/revisions"}],"predecessor-version":[{"id":3252,"href":"https:\/\/www.formesrl.com\/fr\/wp-json\/wp\/v2\/pages\/150\/revisions\/3252"}],"up":[{"embeddable":true,"href":"https:\/\/www.formesrl.com\/fr\/wp-json\/wp\/v2\/pages\/138"}],"wp:attachment":[{"href":"https:\/\/www.formesrl.com\/fr\/wp-json\/wp\/v2\/media?parent=150"}],"curies":[{"name":"wp","href":"https:\/\/api.w.org\/{rel}","templated":true}]}}