
{"id":156,"date":"2010-05-12T16:05:54","date_gmt":"2010-05-12T16:05:54","guid":{"rendered":"http:\/\/www.formesrl.com\/?page_id=156"},"modified":"2015-09-25T13:53:22","modified_gmt":"2015-09-25T13:53:22","slug":"combinati-registrabili-per-portate-elevate","status":"publish","type":"page","link":"https:\/\/www.formesrl.com\/fr\/produits\/roulements\/roulements-a-rouleaux-cylindriques\/roulements-combines-reglables-pour-charges-elevees\/","title":{"rendered":"Fiche Technique Roulements Combin\u00e9s r\u00e9glables pour charges \u00e9lev\u00e9es"},"content":{"rendered":"<p><\/p>\n<table class=\"schedaprodotto\">\n<tbody>\n<tr>\n<td class=\"immaginescheda\"><img loading=\"lazy\" decoding=\"async\" class=\"alignnone size-full wp-image-1919\" title=\"Pag21\" alt=\"\" src=\"https:\/\/www.formesrl.com\/wp-content\/uploads\/Pag21.png\" width=\"330\" height=\"458\" srcset=\"https:\/\/www.formesrl.com\/wp-content\/uploads\/Pag21.png 330w, https:\/\/www.formesrl.com\/wp-content\/uploads\/Pag21-216x300.png 216w\" sizes=\"auto, (max-width: 330px) 100vw, 330px\" \/><\/td>\n<td class=\"cellatabellamateriale\">\n<table class=\"tabellamateriale\">\n<tbody>\n<tr>\n<th colspan=\"2\">MAT\u00c9RIAU<\/th>\n<\/tr>\n<tr>\n<td class=\"etichettamateriale\">Bagues externes<\/td>\n<td class=\"materiale\">ACIER UNI 17MnCr5\/<br \/>\nDIN 17MnCr5\/ WNr.1.3521<br \/>\n(CTRs 58\u00f760HRc)<\/td>\n<\/tr>\n<tr>\n<td class=\"etichettamateriale\">Bagues internes<\/td>\n<td class=\"materiale\">ACIER UNI 100Cr6\/<br \/>\nDIN 100Cr6\/ WNr.1.3505<br \/>\n(TRs 60\u00f762 HRc)<\/td>\n<\/tr>\n<tr>\n<td class=\"etichettamateriale\">Corps de roulement<\/td>\n<td class=\"materiale\">ACIER UNI 100Cr6\/<br \/>\nDIN 100Cr6\/ WNr.1.3505<br \/>\n(TRs 61\u00f763 HRc)<\/td>\n<\/tr>\n<tr>\n<td class=\"fineetichettamateriale\">Pivot principal<\/td>\n<td class=\"finemateriale\">UNI Fe510.C\/DIN St 52.3\/<br \/>\nWNr. 1.0553<\/td>\n<\/tr>\n<tr>\n<th class=\"download\" colspan=\"2\"><a href=\"\/img\/prodotti\/pdf\/Pag21.pdf\" target=\"_blank\"><img loading=\"lazy\" decoding=\"async\" alt=\"\" src=\"\/img\/pdf.gif\" width=\"23\" height=\"24\" border=\"0\" \/> TELECHARGEZ DESSIN TECHNIQUE<\/a><\/th>\n<\/tr>\n<tr>\n<th class=\"download\" colspan=\"2\"><a href=\"\/img\/prodotti\/pdf\/PORTATE ELEVATEFR.pdf\" target=\"_blank\"><img loading=\"lazy\" decoding=\"async\" alt=\"\" src=\"\/img\/pdf.gif\" width=\"23\" height=\"24\" border=\"0\" \/>TELECHARGEZ PAGE<\/a><\/th>\n<\/tr>\n<tr>\n<td><\/td>\n<td><\/td>\n<td><\/td>\n<\/tr>\n<\/tbody>\n<\/table>\n<\/td>\n<\/tr>\n<\/tbody>\n<\/table>\n<h4>TOL\u00c9RANCES DIMENSIONNELLES, JEUX, CAPACIT\u00c9 DE CHARGE<\/h4>\n<table class=\"schedaprodotto\">\n<tbody>\n<tr>\n<td>Tol\u00e9rances d&rsquo;usinage<br \/>\nClasse di pr\u00e9cision<br \/>\nJeux radiaux<br \/>\nCoefficient de charge<\/td>\n<td>Aux Normes DIN 620.<br \/>\nP \u00ab\u00a0O\u00a0\u00bb.<br \/>\nAux Normes DIN 620.<br \/>\nIls sont calcul\u00e9s par moyen des normes DIN &#8211; ISO 281\/1\/ DIN &#8211; ISO 76.<\/td>\n<\/tr>\n<\/tbody>\n<\/table>\n<table class=\"tabellaprodotto\" id=\"tabellaridotta\">\n<tbody>\n<tr class=\"rigabianca\" align=\"center\">\n<td class=\"intestazionitabella\"><img decoding=\"async\" alt=\"\" src=\"\/img\/diapo_logo.jpg\" \/><\/td>\n<td class=\"intestazionitabella\" colspan=\"11\">Dimensions<\/td>\n<td class=\"intestazionitabella\" colspan=\"4\">Capacit\u00e9 de charge<\/td>\n<td class=\"intestazionitabella\" rowspan=\"2\">Poids<br \/>\nKg<\/td>\n<td class=\"intestazionitabella\" rowspan=\"2\">Profil\u00e9s-type<\/td>\n<\/tr>\n<tr class=\"rigabianca\" align=\"center\">\n<td class=\"intestazionitabella\">\n<div>TYPE<br \/>\n2 ZRS<\/div>\n<\/td>\n<td class=\"intestazionitabella\">d<br \/>\nmm<\/td>\n<td class=\"intestazionitabella\">D<br \/>\nmm<\/td>\n<td class=\"intestazionitabella\">L <span><sub>min<\/sub><\/span><br \/>\nmm<\/td>\n<td class=\"intestazionitabella\">L <span><sub>max<\/sub><\/span><br \/>\nmm<\/td>\n<td class=\"intestazionitabella\">B<br \/>\nmm<\/td>\n<td class=\"intestazionitabella\">A<br \/>\nmm<\/td>\n<td class=\"intestazionitabella\">H<br \/>\nmm<\/td>\n<td class=\"intestazionitabella\">T<br \/>\nmm<\/td>\n<td class=\"intestazionitabella\">R<br \/>\nmm<\/td>\n<td class=\"intestazionitabella\">E<br \/>\nmm<\/td>\n<td class=\"intestazionitabella\">r<br \/>\nmm<\/td>\n<td class=\"intestazionitabella\">C<br \/>\nKN<\/td>\n<td class=\"intestazionitabella\">C<sub><span>0<\/span><br \/>\n<\/sub>KN<\/td>\n<td class=\"intestazionitabella\">C<span><sub>A<\/sub><\/span><br \/>\nKN<\/td>\n<td class=\"intestazionitabella\">C<span><sub>0A<\/sub><\/span><br \/>\nKN<\/td>\n<\/tr>\n<tr class=\"rigabianca\" align=\"center\">\n<td class=\"codiceprodotto\">\n<div>MR.038A<\/div>\n<\/td>\n<td class=\"datonumerico\">80<\/td>\n<td class=\"datonumerico\">165<\/td>\n<td class=\"datonumerico\">53<\/td>\n<td class=\"datonumerico\">56<\/td>\n<td class=\"datonumerico\">40<\/td>\n<td class=\"datonumerico\">5<\/td>\n<td class=\"datonumerico\">69<\/td>\n<td class=\"datonumerico\">113<\/td>\n<td class=\"datonumerico\">50<\/td>\n<td class=\"datonumerico\">135<\/td>\n<td class=\"datonumerico\">3<\/td>\n<td class=\"datonumerico\">190<\/td>\n<td class=\"datonumerico\">230<\/td>\n<td class=\"datonumerico\">68<\/td>\n<td class=\"datonumerico\">71<\/td>\n<td class=\"datonumerico\">7,30<\/td>\n<td class=\"sinistra\">FM165R &#8211; FM165 &#8211; FC165 &#8211; FC165R<\/td>\n<\/tr>\n<tr class=\"rigadispari\" align=\"center\">\n<td class=\"codiceprodotto\">\n<div>MR.012A<\/div>\n<\/td>\n<td class=\"datonumerico\">100<\/td>\n<td class=\"datonumerico\">190<\/td>\n<td class=\"datonumerico\">64,5<\/td>\n<td class=\"datonumerico\">67,5<\/td>\n<td class=\"datonumerico\">48<\/td>\n<td class=\"datonumerico\">6,5<\/td>\n<td class=\"datonumerico\">84,5<\/td>\n<td class=\"datonumerico\">124<\/td>\n<td class=\"datonumerico\">60<\/td>\n<td class=\"datonumerico\">160<\/td>\n<td class=\"datonumerico\">4<\/td>\n<td class=\"datonumerico\">207<\/td>\n<td class=\"datonumerico\">243<\/td>\n<td class=\"datonumerico\">73<\/td>\n<td class=\"datonumerico\">83<\/td>\n<td class=\"datonumerico\">10,60<\/td>\n<td class=\"sinistra\">FM190 &#8211; FC190<\/td>\n<\/tr>\n<tr class=\"rigabianca\" align=\"center\">\n<td class=\"codiceprodotto\">\n<div>MR.013A<\/div>\n<\/td>\n<td class=\"datonumerico\">110<\/td>\n<td class=\"datonumerico\">220<\/td>\n<td class=\"datonumerico\">74,5<\/td>\n<td class=\"datonumerico\">77,5<\/td>\n<td class=\"datonumerico\">58<\/td>\n<td class=\"datonumerico\">6,5<\/td>\n<td class=\"datonumerico\">94,5<\/td>\n<td class=\"datonumerico\">146<\/td>\n<td class=\"datonumerico\">75<\/td>\n<td class=\"datonumerico\">190<\/td>\n<td class=\"datonumerico\">5<\/td>\n<td class=\"datonumerico\">313<\/td>\n<td class=\"datonumerico\">387<\/td>\n<td class=\"datonumerico\">105<\/td>\n<td class=\"datonumerico\">136<\/td>\n<td class=\"datonumerico\">17,30<\/td>\n<td class=\"sinistra\">FM220 &#8211; FC220<\/td>\n<\/tr>\n<tr class=\"rigadispari\" align=\"center\">\n<td class=\"codiceprodotto\">\n<div>MR.014A<\/div>\n<\/td>\n<td class=\"datonumerico\">120<\/td>\n<td class=\"datonumerico\">250<\/td>\n<td class=\"datonumerico\">77<\/td>\n<td class=\"datonumerico\">80<\/td>\n<td class=\"datonumerico\">60<\/td>\n<td class=\"datonumerico\">7<\/td>\n<td class=\"datonumerico\">102<\/td>\n<td class=\"datonumerico\">168<\/td>\n<td class=\"datonumerico\">75<\/td>\n<td class=\"datonumerico\">220<\/td>\n<td class=\"datonumerico\">5<\/td>\n<td class=\"datonumerico\">327<\/td>\n<td class=\"datonumerico\">434<\/td>\n<td class=\"datonumerico\">105<\/td>\n<td class=\"datonumerico\">136<\/td>\n<td class=\"datonumerico\">23,90<\/td>\n<td class=\"sinistra\">FM250 &#8211; FC250<\/td>\n<\/tr>\n<tr class=\"rigabianca\" align=\"center\">\n<td class=\"codiceprodotto\">\n<div>MR.015A<\/div>\n<\/td>\n<td class=\"datonumerico\">150<\/td>\n<td class=\"datonumerico\">280<\/td>\n<td class=\"datonumerico\">89,5<\/td>\n<td class=\"datonumerico\">93,5<\/td>\n<td class=\"datonumerico\">72<\/td>\n<td class=\"datonumerico\">7,5<\/td>\n<td class=\"datonumerico\">119,5<\/td>\n<td class=\"datonumerico\">188<\/td>\n<td class=\"datonumerico\">90<\/td>\n<td class=\"datonumerico\">250<\/td>\n<td class=\"datonumerico\">5<\/td>\n<td class=\"datonumerico\">421<\/td>\n<td class=\"datonumerico\">625<\/td>\n<td class=\"datonumerico\">144<\/td>\n<td class=\"datonumerico\">210<\/td>\n<td class=\"datonumerico\">36,00<\/td>\n<td class=\"sinistra\">FM280 &#8211; FM280R<\/td>\n<\/tr>\n<\/tbody>\n<\/table>\n<p><\/p>","protected":false},"excerpt":{"rendered":"<p>MAT\u00c9RIAU Bagues externes ACIER UNI 17MnCr5\/ DIN 17MnCr5\/ WNr.1.3521 (CTRs 58\u00f760HRc) Bagues internes ACIER UNI 100Cr6\/ DIN 100Cr6\/ WNr.1.3505 (TRs 60\u00f762 HRc) Corps de roulement ACIER UNI 100Cr6\/ DIN 100Cr6\/ WNr.1.3505 (TRs 61\u00f763 HRc) Pivot principal UNI Fe510.C\/DIN St 52.3\/ WNr. 1.0553 TELECHARGEZ DESSIN TECHNIQUE TELECHARGEZ PAGE TOL\u00c9RANCES DIMENSIONNELLES, JEUX, CAPACIT\u00c9 DE CHARGE Tol\u00e9rances d&rsquo;usinage [&hellip;]<\/p>\n","protected":false},"author":1,"featured_media":0,"parent":138,"menu_order":7,"comment_status":"open","ping_status":"open","template":"","meta":{"footnotes":""},"class_list":["post-156","page","type-page","status-publish","hentry"],"_links":{"self":[{"href":"https:\/\/www.formesrl.com\/fr\/wp-json\/wp\/v2\/pages\/156","targetHints":{"allow":["GET"]}}],"collection":[{"href":"https:\/\/www.formesrl.com\/fr\/wp-json\/wp\/v2\/pages"}],"about":[{"href":"https:\/\/www.formesrl.com\/fr\/wp-json\/wp\/v2\/types\/page"}],"author":[{"embeddable":true,"href":"https:\/\/www.formesrl.com\/fr\/wp-json\/wp\/v2\/users\/1"}],"replies":[{"embeddable":true,"href":"https:\/\/www.formesrl.com\/fr\/wp-json\/wp\/v2\/comments?post=156"}],"version-history":[{"count":61,"href":"https:\/\/www.formesrl.com\/fr\/wp-json\/wp\/v2\/pages\/156\/revisions"}],"predecessor-version":[{"id":710,"href":"https:\/\/www.formesrl.com\/fr\/wp-json\/wp\/v2\/pages\/156\/revisions\/710"}],"up":[{"embeddable":true,"href":"https:\/\/www.formesrl.com\/fr\/wp-json\/wp\/v2\/pages\/138"}],"wp:attachment":[{"href":"https:\/\/www.formesrl.com\/fr\/wp-json\/wp\/v2\/media?parent=156"}],"curies":[{"name":"wp","href":"https:\/\/api.w.org\/{rel}","templated":true}]}}