
{"id":223,"date":"2010-05-20T15:03:38","date_gmt":"2010-05-20T15:03:38","guid":{"rendered":"http:\/\/www.formesrl.com\/?page_id=223"},"modified":"2023-09-26T17:22:54","modified_gmt":"2023-09-26T17:22:54","slug":"profili-speciali","status":"publish","type":"page","link":"https:\/\/www.formesrl.com\/fr\/produits\/profiles-en-acier\/profiles-speciaux\/","title":{"rendered":"Profil\u00e9s sp\u00e9ciaux"},"content":{"rendered":"<p><script type=\"text\/javascript\">\/\/ <![CDATA[ $(document).ready(function() { $('#slider').s3Slider({ timeOut: 3000 }); }); \/\/ ]]>\n\/\/ ]]><\/script><\/p>\n<div id=\"slider\">\n<ul id=\"sliderContent\">\n<li class=\"sliderImage\"><img decoding=\"async\" src=\"\/bannerini\/banner-speciali1.jpg\" alt=\"\" \/><\/li>\n<li class=\"sliderImage\"><img decoding=\"async\" src=\"\/bannerini\/banner-speciali3.jpg\" alt=\"\" \/><\/li>\n<li class=\"sliderImage\"><img decoding=\"async\" src=\"\/bannerini\/banner-speciali2.jpg\" alt=\"\" \/><\/li>\n<li class=\"sliderImage\"><img decoding=\"async\" src=\"\/img\/trasparente.png\" alt=\"\" \/><\/li>\n<\/ul>\n<\/div>\n<div class=\"blocchettopagina clear\">\n<div class=\"titoloblocchetto\">\n<h3>Profil\u00e9s calibr\u00e9s en \u201cC\u201d<\/h3>\n<\/div>\n<div class=\"blocchettosx\"><a href=\"https:\/\/www.formesrl.com\/fr\/prodotti\/profili-in-acciaio\/profili-speciali\/calibrati-a-c-2\"><img loading=\"lazy\" decoding=\"async\" class=\"alignnone size-full wp-image-1696\" title=\"profili-a-c-calibrati\" src=\"https:\/\/www.formesrl.com\/wp-content\/uploads\/profili-a-c-calibrati.jpg\" alt=\"\" width=\"308\" height=\"106\" srcset=\"https:\/\/www.formesrl.com\/wp-content\/uploads\/profili-a-c-calibrati.jpg 308w, https:\/\/www.formesrl.com\/wp-content\/uploads\/profili-a-c-calibrati-300x103.jpg 300w\" sizes=\"auto, (max-width: 308px) 100vw, 308px\" \/><\/a><\/div>\n<div class=\"blocchettodx\">\n<p style=\"text-align: justify;\">S\u00e9rie de profil\u00e9s d\u00e9riv\u00e9s des lamin\u00e9s en \u201cC\u201d..<\/p>\n<p>L&rsquo;usinage de la surface d&rsquo;appui et le fraisage de toutes les surfaces internes apportent \u00e0 ce profil\u00e9 davantage de pr\u00e9cision.<\/p>\n<p>De l&rsquo;union de ces profil\u00e9s avec la s\u00e9rie de roulements combin\u00e9s corr\u00e9spondante on obtient un syst\u00e8me de d\u00e9placement vertical ou horizontal de pr\u00e9cision remarquable et de grande charge.<\/p>\n<p>Longueur standard max 6.100 mm.<\/p>\n<p style=\"text-align: justify;\"><a href=\"https:\/\/www.formesrl.com\/fr\/produits\/profiles-en-acier\/profiles-speciaux\/calibres-en-c\/\">Fiche Technique Calibr\u00e9s en C<\/a><\/p>\n<\/div>\n<\/div>\n<div class=\"blocchettopagina clear\">\n<div class=\"titoloblocchetto\">\n<h3>Profil\u00e9s \u00e9tir\u00e9s \u00e0 Froid<\/h3>\n<\/div>\n<div class=\"blocchettosx\"><a href=\"https:\/\/www.formesrl.com\/fr\/prodotti\/profili-in-acciaio\/profili-speciali\/rullato\"><img loading=\"lazy\" decoding=\"async\" class=\"alignnone size-full wp-image-1697\" title=\"mini-rullato-a-freddo\" src=\"https:\/\/www.formesrl.com\/wp-content\/uploads\/mini-rullato-a-freddo.jpg\" alt=\"\" width=\"308\" height=\"106\" srcset=\"https:\/\/www.formesrl.com\/wp-content\/uploads\/mini-rullato-a-freddo.jpg 308w, https:\/\/www.formesrl.com\/wp-content\/uploads\/mini-rullato-a-freddo-300x103.jpg 300w\" sizes=\"auto, (max-width: 308px) 100vw, 308px\" \/><\/a><\/div>\n<div class=\"blocchettodx\">\n<p style=\"text-align: justify;\">Calibr\u00e9, obtenu par roulage de pr\u00e9cision.<\/p>\n<p>L\u00e9ger et \u00e9conomique, indiqu\u00e9 pour la manutention de charges l\u00e9g\u00e8res.<\/p>\n<p>Il peut \u00eatre facilement usin\u00e9 (per\u00e7age \u2013 taraudage \u2013 trous oblongs) et soud\u00e9.<\/p>\n<p>Ce profil\u00e9 est disponible en barres de 8000 mm de longueur ou coup\u00e9 sur mesure.<\/p>\n<p style=\"text-align: justify;\"><a href=\"https:\/\/www.formesrl.com\/fr\/produits\/profiles-en-acier\/profiles-speciaux\/etire\/\">Fiche Technique Etir\u00e9s \u00e0 froid<\/a><\/p>\n<\/div>\n<\/div>\n<div class=\"blocchettopagina clear\">\n<div class=\"titoloblocchetto\">\n<h3>Profil\u00e9s pour Plaques Porte-fourches<\/h3>\n<\/div>\n<div class=\"blocchettosx\"><a href=\"https:\/\/www.formesrl.com\/fr\/prodotti\/profili-in-acciaio\/profili-speciali\/piastre-portaforche\"><img loading=\"lazy\" decoding=\"async\" class=\"alignnone size-full wp-image-1699\" title=\"portaforche\" src=\"https:\/\/www.formesrl.com\/wp-content\/uploads\/portaforche.jpg\" alt=\"\" width=\"308\" height=\"106\" srcset=\"https:\/\/www.formesrl.com\/wp-content\/uploads\/portaforche.jpg 308w, https:\/\/www.formesrl.com\/wp-content\/uploads\/portaforche-300x103.jpg 300w\" sizes=\"auto, (max-width: 308px) 100vw, 308px\" \/><\/a><\/div>\n<div class=\"blocchettodx\">\n<p>Ces profil\u00e9s en acier sont d\u00e9riv\u00e9s des plaques lamin\u00e9es, frais\u00e9es sur le plan d&rsquo;appui des fourches et sur la dent unifi\u00e9e F.E.M., ils ont des surfaces r\u00e9guli\u00e8res et pr\u00e9cises avec des erreurs de rectilignit\u00e9 tr\u00e8s petites.<\/p>\n<p>Longueur standard max 6.000 mm.<\/p>\n<p><a href=\"https:\/\/www.formesrl.com\/fr\/produits\/profiles-en-acier\/profiles-speciaux\/plaques-porte-fourches\/\">Fiche Technique Profil\u00e9s pour plaques porte-fourches.<\/a><\/p>\n<\/div>\n<\/div>\n<p><\/p>","protected":false},"excerpt":{"rendered":"<p>Profil\u00e9s calibr\u00e9s en \u201cC\u201d S\u00e9rie de profil\u00e9s d\u00e9riv\u00e9s des lamin\u00e9s en \u201cC\u201d.. L&rsquo;usinage de la surface d&rsquo;appui et le fraisage de toutes les surfaces internes apportent \u00e0 ce profil\u00e9 davantage de pr\u00e9cision. De l&rsquo;union de ces profil\u00e9s avec la s\u00e9rie de roulements combin\u00e9s corr\u00e9spondante on obtient un syst\u00e8me de d\u00e9placement vertical ou horizontal de pr\u00e9cision [&hellip;]<\/p>\n","protected":false},"author":1,"featured_media":0,"parent":58,"menu_order":3,"comment_status":"open","ping_status":"open","template":"","meta":{"footnotes":""},"class_list":["post-223","page","type-page","status-publish","hentry"],"_links":{"self":[{"href":"https:\/\/www.formesrl.com\/fr\/wp-json\/wp\/v2\/pages\/223","targetHints":{"allow":["GET"]}}],"collection":[{"href":"https:\/\/www.formesrl.com\/fr\/wp-json\/wp\/v2\/pages"}],"about":[{"href":"https:\/\/www.formesrl.com\/fr\/wp-json\/wp\/v2\/types\/page"}],"author":[{"embeddable":true,"href":"https:\/\/www.formesrl.com\/fr\/wp-json\/wp\/v2\/users\/1"}],"replies":[{"embeddable":true,"href":"https:\/\/www.formesrl.com\/fr\/wp-json\/wp\/v2\/comments?post=223"}],"version-history":[{"count":49,"href":"https:\/\/www.formesrl.com\/fr\/wp-json\/wp\/v2\/pages\/223\/revisions"}],"predecessor-version":[{"id":3535,"href":"https:\/\/www.formesrl.com\/fr\/wp-json\/wp\/v2\/pages\/223\/revisions\/3535"}],"up":[{"embeddable":true,"href":"https:\/\/www.formesrl.com\/fr\/wp-json\/wp\/v2\/pages\/58"}],"wp:attachment":[{"href":"https:\/\/www.formesrl.com\/fr\/wp-json\/wp\/v2\/media?parent=223"}],"curies":[{"name":"wp","href":"https:\/\/api.w.org\/{rel}","templated":true}]}}