
{"id":225,"date":"2010-05-20T15:05:14","date_gmt":"2010-05-20T15:05:14","guid":{"rendered":"http:\/\/www.formesrl.com\/?page_id=225"},"modified":"2023-08-07T09:00:04","modified_gmt":"2023-08-07T09:00:04","slug":"profili-laminati","status":"publish","type":"page","link":"https:\/\/www.formesrl.com\/fr\/produits\/profiles-en-acier\/profiles-lamines\/","title":{"rendered":"Profil\u00e9s lamin\u00e9s"},"content":{"rendered":"<p><img decoding=\"async\" class=\"bannerpagina\" src=\"\/bannerini\/tutti.jpg\" alt=\"\" \/><\/p>\n<div class=\"blocchettopagina clear\">\n<div class=\"titoloblocchetto\" style=\"width: 640px;\">\n<h3>Profil\u00e9s lamin\u00e9s \u00e0 chaud en \u201cC\u201d<\/h3>\n<\/div>\n<div class=\"blocchettosx\">\n<p><a href=\"https:\/\/www.formesrl.com\/fr\/prodotti\/profili-in-acciaio\/profili-laminati\/laminati-a-caldo-a-c\"><img loading=\"lazy\" decoding=\"async\" class=\"alignnone size-full wp-image-1678\" title=\"profili-a-c\" src=\"https:\/\/www.formesrl.com\/wp-content\/uploads\/profili-a-c.jpg\" alt=\"Profili laminati a caldo a C\" width=\"308\" height=\"106\" srcset=\"https:\/\/www.formesrl.com\/wp-content\/uploads\/profili-a-c.jpg 308w, https:\/\/www.formesrl.com\/wp-content\/uploads\/profili-a-c-300x103.jpg 300w\" sizes=\"auto, (max-width: 308px) 100vw, 308px\" \/><\/a><\/p>\n<\/div>\n<div class=\"blocchettodx\">\n<p>Section en \u201cC\u201d structur\u00e9e.<\/p>\n<p>Il sont con\u00e7us principalement pour la construction de montants de levage et de guides horizontaux des syst\u00e8mes de manutention de charge de 1 \u00e0 8 t.<\/p>\n<p><a href=\"https:\/\/www.formesrl.com\/fr\/produits\/profiles-en-acier\/profiles-lamines\/lamines-a-chaud-en-c\/\">Fiche Technique Lamin\u00e9s en C<\/a><\/p>\n<\/div>\n<\/div>\n<div class=\"blocchettopagina clear\">\n<div class=\"titoloblocchetto\" style=\"width: 640px;\">\n<h3>Profil\u00e9s lamin\u00e9s \u00e0 chaud en \u201cI\u201d<\/h3>\n<\/div>\n<div class=\"blocchettosx\">\n<p><a href=\"https:\/\/www.formesrl.com\/fr\/prodotti\/profili-in-acciaio\/profili-laminati\/laminati-a-caldo-a-i\"><img loading=\"lazy\" decoding=\"async\" class=\"alignnone size-full wp-image-1625\" title=\"laminati-a-i\" src=\"https:\/\/www.formesrl.com\/wp-content\/uploads\/laminati-a-i.jpg\" alt=\"\" width=\"308\" height=\"106\" srcset=\"https:\/\/www.formesrl.com\/wp-content\/uploads\/laminati-a-i.jpg 308w, https:\/\/www.formesrl.com\/wp-content\/uploads\/laminati-a-i-300x103.jpg 300w\" sizes=\"auto, (max-width: 308px) 100vw, 308px\" \/><\/a><\/p>\n<\/div>\n<div class=\"blocchettodx\">\n<p>Section en \u201cI\u201d structur\u00e9e<\/p>\n<p>En g\u00e9n\u00e9ral ils sont utilis\u00e9s dans la construction des montants des chariots \u00e9l\u00e9vateurs et ils ont une grande capacit\u00e9 de charge et de r\u00e9sistence \u00e0 la fl\u00e9xion.<\/p>\n<p>Capacit\u00e9 de charge de 1 \u00e0 6 tonnes<\/p>\n<p><a href=\"https:\/\/www.formesrl.com\/fr\/produits\/profiles-en-acier\/profiles-lamines\/lamines-a-chaud-en-i\/\">Fiche Technique Lamin\u00e9s en I<\/a><\/p>\n<\/div>\n<\/div>\n<div class=\"blocchettopagina clear\">\n<div class=\"titoloblocchetto\" style=\"width: 640px;\">\n<h3 style=\"text-align: justify;\">Profil\u00e9 lamin\u00e9 en \u201cC\u201d avec flasque<\/h3>\n<\/div>\n<div class=\"blocchettosx\"><a href=\"https:\/\/www.formesrl.com\/fr\/prodotti\/profili-in-acciaio\/profili-laminati\/laminati-a-c-con-costola\"><img loading=\"lazy\" decoding=\"async\" class=\"alignnone size-full wp-image-1621\" title=\"laminato-a-caldo-costola\" src=\"https:\/\/www.formesrl.com\/wp-content\/uploads\/laminato-a-caldo-costola1.jpg\" alt=\"\" width=\"308\" height=\"106\" srcset=\"https:\/\/www.formesrl.com\/wp-content\/uploads\/laminato-a-caldo-costola1.jpg 308w, https:\/\/www.formesrl.com\/wp-content\/uploads\/laminato-a-caldo-costola1-300x103.jpg 300w\" sizes=\"auto, (max-width: 308px) 100vw, 308px\" \/><\/a><\/div>\n<div class=\"blocchettodx\">\n<p style=\"text-align: justify;\">Ce profil\u00e9 est con\u00e7u pour la construction des montants des chariots \u00e9l\u00e9vateurs et il permet de r\u00e9duire l&rsquo;encombrement lat\u00e9ral tout en gardant l&rsquo;alignement frontal des profil\u00e9s.<\/p>\n<p><a href=\"https:\/\/www.formesrl.com\/fr\/produits\/profiles-en-acier\/profiles-lamines\/lamines-en-c-a-flasque\/\">Fiche Technique Lamin\u00e9 en C avec flasque<\/a><\/p>\n<\/div>\n<\/div>\n<p><\/p>","protected":false},"excerpt":{"rendered":"<p>Profil\u00e9s lamin\u00e9s \u00e0 chaud en \u201cC\u201d Section en \u201cC\u201d structur\u00e9e. Il sont con\u00e7us principalement pour la construction de montants de levage et de guides horizontaux des syst\u00e8mes de manutention de charge de 1 \u00e0 8 t. Fiche Technique Lamin\u00e9s en C Profil\u00e9s lamin\u00e9s \u00e0 chaud en \u201cI\u201d Section en \u201cI\u201d structur\u00e9e En g\u00e9n\u00e9ral ils sont [&hellip;]<\/p>\n","protected":false},"author":1,"featured_media":0,"parent":58,"menu_order":1,"comment_status":"open","ping_status":"open","template":"","meta":{"footnotes":""},"class_list":["post-225","page","type-page","status-publish","hentry"],"_links":{"self":[{"href":"https:\/\/www.formesrl.com\/fr\/wp-json\/wp\/v2\/pages\/225","targetHints":{"allow":["GET"]}}],"collection":[{"href":"https:\/\/www.formesrl.com\/fr\/wp-json\/wp\/v2\/pages"}],"about":[{"href":"https:\/\/www.formesrl.com\/fr\/wp-json\/wp\/v2\/types\/page"}],"author":[{"embeddable":true,"href":"https:\/\/www.formesrl.com\/fr\/wp-json\/wp\/v2\/users\/1"}],"replies":[{"embeddable":true,"href":"https:\/\/www.formesrl.com\/fr\/wp-json\/wp\/v2\/comments?post=225"}],"version-history":[{"count":116,"href":"https:\/\/www.formesrl.com\/fr\/wp-json\/wp\/v2\/pages\/225\/revisions"}],"predecessor-version":[{"id":3523,"href":"https:\/\/www.formesrl.com\/fr\/wp-json\/wp\/v2\/pages\/225\/revisions\/3523"}],"up":[{"embeddable":true,"href":"https:\/\/www.formesrl.com\/fr\/wp-json\/wp\/v2\/pages\/58"}],"wp:attachment":[{"href":"https:\/\/www.formesrl.com\/fr\/wp-json\/wp\/v2\/media?parent=225"}],"curies":[{"name":"wp","href":"https:\/\/api.w.org\/{rel}","templated":true}]}}