
{"id":24,"date":"2010-05-06T12:54:21","date_gmt":"2010-05-06T12:54:21","guid":{"rendered":"http:\/\/www.formesrl.com\/?page_id=24"},"modified":"2013-12-10T08:51:35","modified_gmt":"2013-12-10T08:51:35","slug":"prodotti","status":"publish","type":"page","link":"https:\/\/www.formesrl.com\/fr\/produits\/","title":{"rendered":"Produits et Services"},"content":{"rendered":"<p><\/p>\n<p><p>\t<script type=\"text\/javascript\">\/\/ <![CDATA[\n\t\t$(document).ready(function() {\n\t\t\t$('#slider').s3Slider({\n\t\t\t\ttimeOut: 3000\n\t\t\t});\n\t\t});\n\/\/ ]]><\/script><\/p>\n<div id=\"slider\">\n<ul id=\"sliderContent\">\n<li class=\"sliderImage\"><img decoding=\"async\" src=\"\/bannerini\/banner-prodotti2.jpg\" alt=\"\" \/><span class=\"bottom\"> <\/span><\/li>\n<li class=\"sliderImage\"><img decoding=\"async\" src=\"\/bannerini\/banner-prodotti7.jpg\" alt=\"\" \/><span class=\"bottom\"> <\/span><\/li>\n<li class=\"sliderImage\"><img decoding=\"async\" src=\"\/bannerini\/banner-cuscinetti-tutti.jpg\" alt=\"\" \/><span class=\"bottom\"> <\/span><\/li>\n<li class=\"sliderImage\"><img decoding=\"async\" src=\"\/bannerini\/banner-prodotti6.jpg\" alt=\"\" \/><span class=\"bottom\"> <\/span><\/li>\n<li class=\"sliderImage\"><img decoding=\"async\" src=\"\/bannerini\/banner-prodotti1.jpg\" alt=\"\" \/><span class=\"bottom\"> <\/span><\/li>\n<li class=\"sliderImage\"><img decoding=\"async\" src=\"\/img\/trasparente.png\" alt=\"\" \/><span class=\"bottom\"> <\/span><\/li>\n<\/ul>\n<\/div>\n<p>Forme srl a d\u00e9velopp\u00e9 un vaste \u00e9ventail de produits et de services dans le domaine de la manutention et dans les domaines collat\u00e9raux.<\/p>\n<p><em>Forme<\/em> met \u00e0 disposition tout son savoir faire et offre un service direct et imm\u00e9diat d&rsquo;aide technique et pratique.<\/p>\n<div class=\"blocchettopagina clear\">\n<div class=\"titoloblocchetto\">\n<h3>Profil\u00e9s pour syst\u00e8mes de lavage<\/h3>\n<\/div>\n<div class=\"blocchettosx\"><a href=\"https:\/\/www.formesrl.com\/fr\/prodotti\/profili-in-acciaio\/profili-laminati\/laminati-a-caldo-a-c\"><img loading=\"lazy\" decoding=\"async\" class=\"alignnone size-full wp-image-1858\" title=\"mini-laminati-a-c-4\" alt=\"\" src=\"https:\/\/www.formesrl.com\/wp-content\/uploads\/mini-laminati-a-c-4.jpg\" width=\"308\" height=\"106\" srcset=\"https:\/\/www.formesrl.com\/wp-content\/uploads\/mini-laminati-a-c-4.jpg 308w, https:\/\/www.formesrl.com\/wp-content\/uploads\/mini-laminati-a-c-4-300x103.jpg 300w\" sizes=\"auto, (max-width: 308px) 100vw, 308px\" \/><\/a><a href=\"https:\/\/www.formesrl.com\/fr\/prodotti\/profili-in-acciaio\/profili-laminati\/laminati-a-caldo-a-i\"><img loading=\"lazy\" decoding=\"async\" class=\"alignnone size-full wp-image-1859\" title=\"mini-laminati-a-i\" alt=\"\" src=\"https:\/\/www.formesrl.com\/wp-content\/uploads\/mini-laminati-a-i.jpg\" width=\"308\" height=\"106\" srcset=\"https:\/\/www.formesrl.com\/wp-content\/uploads\/mini-laminati-a-i.jpg 308w, https:\/\/www.formesrl.com\/wp-content\/uploads\/mini-laminati-a-i-300x103.jpg 300w\" sizes=\"auto, (max-width: 308px) 100vw, 308px\" \/><\/a><\/div>\n<div class=\"blocchettodx\">\n<p>L\u2019organisation de l&rsquo;entreprise permet d&rsquo;avoir la disponibililt\u00e9 en stock de la gamme compl\u00e8te de profil\u00e9s lamin\u00e9s des s\u00e9ries \u201cC\u201d et \u201cI\u201d, pour syst\u00e8mes de levage, en barres de 10 \u00e0 12 m\u00e8tres de longueur commerciale ou coup\u00e9es sur demande.<\/p>\n<p>Sur demande, nous r\u00e9alisons aussi des coupes inclin\u00e9es developp\u00e9es dans un arc de 105\u00b0. Dans le cas o\u00f9 une plus grande pr\u00e9cision serait n\u00e9cessaire, <em> Forme <\/em>propose les profil\u00e9s lamin\u00e9s frais\u00e9s sur la surface d&rsquo;appui et de glissement, avec longueur maximum de 9,5 m\u00e8tres.<\/p>\n<\/div>\n<\/div>\n<div class=\"blocchettopagina clear\">\n<div class=\"titoloblocchetto\">\n<h3>Profil\u00e9s pour manutention de petites charges<\/h3>\n<\/div>\n<div class=\"blocchettosx\"><a href=\"https:\/\/www.formesrl.com\/fr\/prodotti\/profili-in-acciaio\/profili-speciali\/rullato\"><img loading=\"lazy\" decoding=\"async\" class=\"alignnone size-full wp-image-1697\" title=\"mini-rullato-a-freddo\" alt=\"\" src=\"https:\/\/www.formesrl.com\/wp-content\/uploads\/mini-rullato-a-freddo.jpg\" width=\"308\" height=\"106\" srcset=\"https:\/\/www.formesrl.com\/wp-content\/uploads\/mini-rullato-a-freddo.jpg 308w, https:\/\/www.formesrl.com\/wp-content\/uploads\/mini-rullato-a-freddo-300x103.jpg 300w\" sizes=\"auto, (max-width: 308px) 100vw, 308px\" \/><\/a><\/div>\n<div class=\"blocchettodx\">\n<p>La solution id\u00e9ale pour la manutention de petites charges est le profil\u00e9 en \u201cC\u201d \u00e9tir\u00e9 \u00e0 froid, l\u00e9ger et r\u00e9sistent, disponible en stock.<\/p>\n<\/div>\n<\/div>\n<div class=\"blocchettopagina clear\">\n<div class=\"titoloblocchetto\">\n<h3>Profil\u00e9s pour manutention de grandes charges<\/h3>\n<\/div>\n<div class=\"blocchettosx\"><a href=\"https:\/\/www.formesrl.com\/fr\/prodotti\/profili-in-acciaio\/profili-composti\"><img loading=\"lazy\" decoding=\"async\" class=\"alignnone size-full wp-image-1705\" title=\"mini-composti-a-I-pesante\" alt=\"\" src=\"https:\/\/www.formesrl.com\/wp-content\/uploads\/mini-composti-a-I-pesante.jpg\" width=\"308\" height=\"106\" srcset=\"https:\/\/www.formesrl.com\/wp-content\/uploads\/mini-composti-a-I-pesante.jpg 308w, https:\/\/www.formesrl.com\/wp-content\/uploads\/mini-composti-a-I-pesante-300x103.jpg 300w\" sizes=\"auto, (max-width: 308px) 100vw, 308px\" \/><\/a><\/div>\n<div class=\"blocchettodx\">\n<p>Pour la manutention de charges sup\u00e9rieures \u00e0 8 t,<em> Forme<\/em> propose la gamme de profil\u00e9s compos\u00e9s en \u201cC\u201d et en \u201cI\u201d soud\u00e9s et frais\u00e9s qui rassemblent des caract\u00e9ristiques de solidit\u00e9 et pr\u00e9cision. Cette s\u00e9ries de profil\u00e9s est disponible seulement sur demande, les delais de livraison sont relativement courts, ils sont toujours \u00e9tablis en accord avec le client et ponctuellement respect\u00e9s.<\/p>\n<\/div>\n<\/div>\n<div class=\"blocchettopagina clear\">\n<div class=\"titoloblocchetto\">\n<h3>Roulements \u00e0 billes ou \u00e0 rouleaux<\/h3>\n<\/div>\n<div class=\"blocchettosx\"><a href=\"https:\/\/www.formesrl.com\/fr\/prodotti\/cuscinetti\"><img loading=\"lazy\" decoding=\"async\" class=\"alignnone size-full wp-image-1835\" title=\"mini-cuscinetti-combinati-fissi\" alt=\"\" src=\"https:\/\/www.formesrl.com\/wp-content\/uploads\/mini-cuscinetti-combinati-fissi.jpg\" width=\"308\" height=\"106\" srcset=\"https:\/\/www.formesrl.com\/wp-content\/uploads\/mini-cuscinetti-combinati-fissi.jpg 308w, https:\/\/www.formesrl.com\/wp-content\/uploads\/mini-cuscinetti-combinati-fissi-300x103.jpg 300w\" sizes=\"auto, (max-width: 308px) 100vw, 308px\" \/><\/a><\/div>\n<div class=\"blocchettodx\">\n<p>En assortiment \u00e0 chaque profil\u00e9,<em> Forme<\/em> propose une gamme compl\u00e8te de roulements \u00e0 billes ou \u00e0 rouleaux indiqu\u00e9s pour toute application et disponibles en stock.<\/p>\n<\/div>\n<\/div>\n<div class=\"blocchettopagina clear\">\n<div class=\"titoloblocchetto\">\n<h3>en outre&#8230;<\/h3>\n<\/div>\n<div class=\"blocchettosx\"><a href=\"https:\/\/www.formesrl.com\/fr\/prodotti\/profili-in-acciaio\/profili-speciali\"><img loading=\"lazy\" decoding=\"async\" class=\"alignnone size-full wp-image-1872\" title=\"mini-portaforche\" alt=\"\" src=\"https:\/\/www.formesrl.com\/wp-content\/uploads\/mini-portaforche.jpg\" width=\"308\" height=\"106\" srcset=\"https:\/\/www.formesrl.com\/wp-content\/uploads\/mini-portaforche.jpg 308w, https:\/\/www.formesrl.com\/wp-content\/uploads\/mini-portaforche-300x103.jpg 300w\" sizes=\"auto, (max-width: 308px) 100vw, 308px\" \/><\/a><\/div>\n<div class=\"blocchettodx\">\n<p>R\u00e9alisation de plaques porte-fourches avec profil\u00e9 FEM frais\u00e9, usinage de d\u00e9gauchissage, per\u00e7age >45 mm, d\u00e9gagements et chanfreins de profil\u00e9s et platines lamin\u00e9es.<\/p>\n<\/div>\n<\/div>\n<p><!-- br--><\/p>\n<p><!-- br--><\/p>","protected":false},"excerpt":{"rendered":"<p>Forme srl a d\u00e9velopp\u00e9 un vaste \u00e9ventail de produits et de services dans le domaine de la manutention et dans les domaines collat\u00e9raux. Forme met \u00e0 disposition tout son savoir faire et offre un service direct et imm\u00e9diat d&rsquo;aide technique et pratique. Profil\u00e9s pour syst\u00e8mes de lavage L\u2019organisation de l&rsquo;entreprise permet d&rsquo;avoir la disponibililt\u00e9 en [&hellip;]<\/p>\n","protected":false},"author":1,"featured_media":0,"parent":0,"menu_order":3,"comment_status":"open","ping_status":"open","template":"","meta":{"footnotes":""},"class_list":["post-24","page","type-page","status-publish","hentry"],"_links":{"self":[{"href":"https:\/\/www.formesrl.com\/fr\/wp-json\/wp\/v2\/pages\/24","targetHints":{"allow":["GET"]}}],"collection":[{"href":"https:\/\/www.formesrl.com\/fr\/wp-json\/wp\/v2\/pages"}],"about":[{"href":"https:\/\/www.formesrl.com\/fr\/wp-json\/wp\/v2\/types\/page"}],"author":[{"embeddable":true,"href":"https:\/\/www.formesrl.com\/fr\/wp-json\/wp\/v2\/users\/1"}],"replies":[{"embeddable":true,"href":"https:\/\/www.formesrl.com\/fr\/wp-json\/wp\/v2\/comments?post=24"}],"version-history":[{"count":57,"href":"https:\/\/www.formesrl.com\/fr\/wp-json\/wp\/v2\/pages\/24\/revisions"}],"predecessor-version":[{"id":3221,"href":"https:\/\/www.formesrl.com\/fr\/wp-json\/wp\/v2\/pages\/24\/revisions\/3221"}],"wp:attachment":[{"href":"https:\/\/www.formesrl.com\/fr\/wp-json\/wp\/v2\/media?parent=24"}],"curies":[{"name":"wp","href":"https:\/\/api.w.org\/{rel}","templated":true}]}}