
{"id":28,"date":"2010-05-07T10:35:39","date_gmt":"2010-05-07T10:35:39","guid":{"rendered":"http:\/\/www.formesrl.com\/?page_id=28"},"modified":"2018-01-16T08:34:20","modified_gmt":"2018-01-16T08:34:20","slug":"azienda","status":"publish","type":"page","link":"https:\/\/www.formesrl.com\/fr\/entreprise\/","title":{"rendered":"Entreprise"},"content":{"rendered":"<p><script type=\"text\/javascript\">\/\/ <![CDATA[\n   \t\t$(document).ready(function() { \t\t\t$('#slider').s3Slider({ \t\t\t\ttimeOut: 3000 \t\t\t}); \t\t});\n\/\/ ]]><\/script><\/p>\n<div id=\"slider\">\n<ul id=\"sliderContent\">\n<li class=\"sliderImage\"><img decoding=\"async\" src=\"\/bannerini\/azienda.jpg\" alt=\"\" \/><span class=\"bottom\"> <\/span><\/li>\n<li class=\"sliderImage\"><img decoding=\"async\" src=\"\/bannerini\/azienda5.jpg\" alt=\"\" \/><span class=\"bottom\"> <\/span><\/li>\n<li class=\"sliderImage\"><img decoding=\"async\" src=\"\/bannerini\/azienda4.jpg\" alt=\"\" \/><span class=\"bottom\"> <\/span><\/li>\n<li class=\"sliderImage\"><img decoding=\"async\" src=\"\/bannerini\/azienda7.jpg\" alt=\"\" \/><span class=\"bottom\"> <\/span><\/li>\n<li class=\"sliderImage\"><img decoding=\"async\" src=\"\/bannerini\/azienda.jpg\" alt=\"\" \/><span class=\"bottom\"> <\/span><\/li>\n<\/ul>\n<\/div>\n<p>Forme se trouve \u00e0 Caorso, dans la province de Piacenza, localit\u00e9 o\u00f9 on arrive facilement par autoroute  en provenance de toutes les directions. L&rsquo;entreprise d\u00e9marre son activit\u00e9 dans l&rsquo;immense march\u00e9 de l&rsquo;acier \u00e0 la fin des ann\u00e9es &rsquo;90 avec une nouvelle gamme de profil\u00e9s lamin\u00e9s \u00e0 chaud. Le march\u00e9 national lui est tout de suite favorable et, dans les ann\u00e9es suivantes, le succ\u00e9s arrive aussi des march\u00e9s \u00e9trangers gr\u00e2ce \u00e0 une plus grande gamme de produits et aux services sp\u00e9ciaux offerts \u00e0 la client\u00e8le (disponibilit\u00e9 en stock, coupe sur mesure, usinage sp\u00e9ciaux, etc.)<br \/>\n\u00c0 pr\u00e9sent, <em>Forme<\/em> exporte non seulement  en Europe mais aussi dans de nombreux pays du monde. Dans  une soci\u00e9t\u00e9 o\u00f9 la comp\u00e9tition a favoris\u00e9 le choix de produire toujours davantage, dans des usines de plus en plus grandes introduisant sur le march\u00e9 des produits \u00e0 bas prix et, souvent, de basse qualit\u00e9, <em>Forme<\/em> a choisi \u201cla qualit\u00e9 au prix correct\u201d consid\u00e9rant la croissance comme une am\u00e9lioration constante des produits et des services offerts. La satisfaction du Client est aussi  la satisfaction de Forme et de tout son personnel qui travaille pour qu&rsquo;elle soit efficace et performante.<\/p>\n<h3>Structure et organisation<\/h3>\n<p>Forme s.r.l. est install\u00e9e sur un terrain o\u00f9 se trouvent trois hangars et une esplanade. Le b\u00e2timent le plus ancien date des ann\u00e9es  &rsquo;50 et la propri\u00e9t\u00e9 a voulu garder son architecture d&rsquo;origine qui s&rsquo;int\u00e8gre de fa\u00e7on harmonieuse et agr\u00e9able avec les deux b\u00e2timents industriels plus r\u00e9cents et modernes. Le d\u00e9partement de la production est \u00e9quip\u00e9 avec deux fraises \u00e0 raboter pour l&rsquo;usinage des profil\u00e9s et une presse de nouvelle g\u00e9n\u00e9ration pour optimiser la rectilignit\u00e9 du profil\u00e9. Le d\u00e9partement des services \u00e0 la client\u00e8le est \u00e9quip\u00e9 pour la coupe sur mesure et pour la coupe inclin\u00e9e des profil\u00e9s. Les d\u00e9partements du stock des produits finis et des exp\u00e9ditions sont organis\u00e9s pour la livraison imm\u00e9diate. Forme s.r.l est g\u00e9r\u00e9e par un Conseil d&rsquo;Administration dont les membres sont tous concr\u00e8tement actifs  dans la soci\u00e9te.  Flexible, dynamique, sensible \u00e0 l&rsquo;\u00e9cologie  et pluriethnique, <em>Forme<\/em> a r\u00e9ussi a cr\u00e9er un groupe de travail tr\u00e8s homog\u00e8ne o\u00f9 les rapports humains et la s\u00e9curit\u00e9 sont prioritaires.<\/p>\n<h3 style=\"text-align: justify;\">Curiosit\u00e9<\/h3>\n<p style=\"text-align: justify;\">Au moment o\u00f9 on d\u00e9cide de donner vie \u00e0 une nouvelle activit\u00e9, un des premiers probl\u00e8mes \u00e0 resoudre est le choix du nom de l&rsquo;entreprise. Le sujet est complexe et il y a plusieurs courants de pens\u00e9e: le nom doit \u00e9tonner, il doit avoir une ref\u00e9rence \u00e0 la propri\u00e9t\u00e9, au service ou aux produits offerts, etc.  Mais alors pourquoi \u201cForme\u201d? Le nom prend son origine d&rsquo;une \u201cid\u00e9e\u201d au sens strict du mot: \u201cForma mentis\u201d locution latine, dont le pluriel est  \u201cFormae mentis\u201d structure de l&rsquo;\u00e9sprit, fa\u00e7on de penser, etc. Donc \u201cFormae\u201d . Malheureusement le latin est une langue tomb\u00e9e en d\u00e9su\u00e9tude et la transcription a \u00e9t\u00e9 incorrecte. Et c&rsquo;est ainsi que d&rsquo;une id\u00e9e et d&rsquo;une erreur de transcription \u201cForme s.r.l.\u201d a eu son origine.<\/p>\n<h3 style=\"text-align: justify;\">Coordonn\u00e9es de la soci\u00e9t\u00e9<\/h3>\n<p>Forme s.r.l.<br \/>\nvia Stefano Fermi 1\/A<br \/>\n29012 CAORSO (PC)<br \/>\nTVA 00903400331<br \/>\nCode fiscal 00903400331<br \/>\nRegistre du Commerce de Piacenza<br \/>\nInscription au  Registre des Entreprises 00903400331<br \/>\nInscription REA : Pc-113954<br \/>\nCapital social \u20ac 100.000,00 enti\u00e8rement vers\u00e9.<\/p>","protected":false},"excerpt":{"rendered":"<p>Forme se trouve \u00e0 Caorso, dans la province de Piacenza, localit\u00e9 o\u00f9 on arrive facilement par autoroute en provenance de toutes les directions. L&rsquo;entreprise d\u00e9marre son activit\u00e9 dans l&rsquo;immense march\u00e9 de l&rsquo;acier \u00e0 la fin des ann\u00e9es &rsquo;90 avec une nouvelle gamme de profil\u00e9s lamin\u00e9s \u00e0 chaud. Le march\u00e9 national lui est tout de suite [&hellip;]<\/p>\n","protected":false},"author":1,"featured_media":0,"parent":0,"menu_order":2,"comment_status":"open","ping_status":"open","template":"","meta":{"footnotes":""},"class_list":["post-28","page","type-page","status-publish","hentry"],"_links":{"self":[{"href":"https:\/\/www.formesrl.com\/fr\/wp-json\/wp\/v2\/pages\/28","targetHints":{"allow":["GET"]}}],"collection":[{"href":"https:\/\/www.formesrl.com\/fr\/wp-json\/wp\/v2\/pages"}],"about":[{"href":"https:\/\/www.formesrl.com\/fr\/wp-json\/wp\/v2\/types\/page"}],"author":[{"embeddable":true,"href":"https:\/\/www.formesrl.com\/fr\/wp-json\/wp\/v2\/users\/1"}],"replies":[{"embeddable":true,"href":"https:\/\/www.formesrl.com\/fr\/wp-json\/wp\/v2\/comments?post=28"}],"version-history":[{"count":70,"href":"https:\/\/www.formesrl.com\/fr\/wp-json\/wp\/v2\/pages\/28\/revisions"}],"predecessor-version":[{"id":3496,"href":"https:\/\/www.formesrl.com\/fr\/wp-json\/wp\/v2\/pages\/28\/revisions\/3496"}],"wp:attachment":[{"href":"https:\/\/www.formesrl.com\/fr\/wp-json\/wp\/v2\/media?parent=28"}],"curies":[{"name":"wp","href":"https:\/\/api.w.org\/{rel}","templated":true}]}}