
{"id":35,"date":"2010-05-07T10:40:56","date_gmt":"2010-05-07T10:40:56","guid":{"rendered":"http:\/\/www.formesrl.com\/?page_id=35"},"modified":"2013-12-04T12:37:23","modified_gmt":"2013-12-04T12:37:23","slug":"profili-in-acciaio-applicazioni","status":"publish","type":"page","link":"https:\/\/www.formesrl.com\/fr\/profiles-en-acier-domaines-de-utilisation\/","title":{"rendered":"Domaines d&rsquo;utilisation"},"content":{"rendered":"<p>Les profil\u00e9s lamin\u00e9s et les produits collat\u00e9raux aident les constructeurs et les ing\u00e9nieurs dans le choix de solutions simples et efficaces.<br \/>\nLes utilisations dans les domaines industriels et commeciaux sont innombrables.<br \/>\nA titre d&rsquo;exemple nous vous proposons une liste des utilisations des profil\u00e9s dans des diff\u00e9rents domaines de l&rsquo;industrie et du commerce.<\/p>\n<table class=\"tabellaapplicazioni\" width=\"100%\">\n<tbody>\n<tr>\n<td width=\"33%\"><img loading=\"lazy\" decoding=\"async\" class=\"alignnone size-full wp-image-1605\" title=\"muletto\" alt=\"\" src=\"https:\/\/www.formesrl.com\/wp-content\/uploads\/muletto.jpg\" width=\"200\" height=\"107\" \/><\/p>\n<h4>Chariots \u00e9l\u00e9vateurs<\/h4>\n<p>&#8211; profil\u00e9s pour montants<\/td>\n<td width=\"33%\"><img loading=\"lazy\" decoding=\"async\" class=\"alignnone size-full wp-image-457\" title=\"COMPATTATORE\" alt=\"\" src=\"https:\/\/www.formesrl.com\/wp-content\/uploads\/2010\/05\/COMPATTATORE.jpg\" width=\"200\" height=\"107\" \/><\/p>\n<h4>Compacteurs \u00e0 d\u00e9chets<\/h4>\n<p>&#8211; v\u00e9hicules de ramassage<\/td>\n<td width=\"34%\"><img loading=\"lazy\" decoding=\"async\" class=\"alignnone size-full wp-image-461\" title=\"PALETIZZATORI\" alt=\"\" src=\"https:\/\/www.formesrl.com\/wp-content\/uploads\/2010\/05\/PALETIZZATORI.jpg\" width=\"200\" height=\"107\" \/><\/p>\n<h4>Industrie alimentaire ou industrie en g\u00e9n\u00e9ral<\/h4>\n<p>&#8211; palettiseurs<\/td>\n<\/tr>\n<tr>\n<td><img loading=\"lazy\" decoding=\"async\" class=\"alignnone size-full wp-image-463\" title=\"ECOLOGIA\" alt=\"\" src=\"https:\/\/www.formesrl.com\/wp-content\/uploads\/2010\/05\/ECOLOGIA.jpg\" width=\"200\" height=\"107\" \/><\/p>\n<h4>Ecologie<\/h4>\n<p>&#8211; Balayeuses<br \/>\n&#8211; Il\u00f4ts \u00e9cologiques enterr\u00e9s<\/td>\n<td><img loading=\"lazy\" decoding=\"async\" class=\"alignnone size-full wp-image-465\" title=\"AGRICOLO\" alt=\"\" src=\"https:\/\/www.formesrl.com\/wp-content\/uploads\/2010\/05\/AGRICOLO.jpg\" width=\"200\" height=\"107\" \/><\/p>\n<h4>Agriculture<\/h4>\n<p>&#8211; Montants pour tracteurs<br \/>\n&#8211; Chariots de ferme<\/td>\n<td><img loading=\"lazy\" decoding=\"async\" class=\"alignnone size-full wp-image-467\" title=\"MARMO\" alt=\"\" src=\"https:\/\/www.formesrl.com\/wp-content\/uploads\/2010\/05\/MARMO.jpg\" width=\"200\" height=\"107\" \/><\/p>\n<h4>Industrie du marbre<\/h4>\n<p>&#8211; Machines \u00e0 d\u00e9couper<br \/>\n&#8211; Syst\u00e8mes de manutention des blocs<\/td>\n<\/tr>\n<tr>\n<td><img loading=\"lazy\" decoding=\"async\" class=\"alignnone size-full wp-image-469\" title=\"PARCHEGGI\" alt=\"\" src=\"https:\/\/www.formesrl.com\/wp-content\/uploads\/2010\/05\/PARCHEGGI.jpg\" width=\"200\" height=\"107\" \/><\/p>\n<h4>Parkings<\/h4>\n<p>&#8211; Plate-formes d&rsquo;\u00e9l\u00e9vation<br \/>\n&#8211; Rampes<\/td>\n<td><img loading=\"lazy\" decoding=\"async\" class=\"alignnone size-full wp-image-474\" title=\"SOLLEVAMENTO\" alt=\"\" src=\"https:\/\/www.formesrl.com\/wp-content\/uploads\/2010\/05\/SOLLEVAMENTO.jpg\" width=\"200\" height=\"107\" \/><\/p>\n<h4>Manutention et levage<\/h4>\n<p>&#8211; Syst\u00e8mes pour manutention de charges de 500 \u00e0 40.000 Kg.<\/td>\n<td><img loading=\"lazy\" decoding=\"async\" class=\"alignnone size-full wp-image-473\" title=\"SIDERURGIA\" alt=\"\" src=\"https:\/\/www.formesrl.com\/wp-content\/uploads\/2010\/05\/SIDERURGIA.jpg\" width=\"200\" height=\"107\" \/><\/p>\n<h4>Siderurgie<\/h4>\n<p>&#8211; Syst\u00e8me d&rsquo;automation<br \/>\n&#8211; Syst\u00e8mes de positionnement<br \/>\n&#8211; Conditionnement et lignes de coupe<br \/>\n&#8211; Cerclage<br \/>\n&#8211; Lignes de refroidissement<\/td>\n<\/tr>\n<tr>\n<td>en outre :<\/p>\n<h4>Industrie des constructions<\/h4>\n<p>&#8211; Syst\u00e8mes de moulage<br \/>\n&#8211; Syst\u00e8mes \u00e0 empiler<br \/>\n&#8211; Lignes de conditionnement<\/p>\n<h4>Industrie du spectacle<\/h4>\n<p>&#8211; Sc\u00e8nes et \u00e9strades pour th\u00e9\u00e2tre et t\u00e9l\u00e9vision<\/td>\n<td><\/td>\n<\/tr>\n<\/tbody>\n<\/table>\n<p><\/p>","protected":false},"excerpt":{"rendered":"<p>Les profil\u00e9s lamin\u00e9s et les produits collat\u00e9raux aident les constructeurs et les ing\u00e9nieurs dans le choix de solutions simples et efficaces. Les utilisations dans les domaines industriels et commeciaux sont innombrables. A titre d&rsquo;exemple nous vous proposons une liste des utilisations des profil\u00e9s dans des diff\u00e9rents domaines de l&rsquo;industrie et du commerce. Chariots \u00e9l\u00e9vateurs &#8211; [&hellip;]<\/p>\n","protected":false},"author":1,"featured_media":0,"parent":0,"menu_order":4,"comment_status":"open","ping_status":"open","template":"","meta":{"footnotes":""},"class_list":["post-35","page","type-page","status-publish","hentry"],"_links":{"self":[{"href":"https:\/\/www.formesrl.com\/fr\/wp-json\/wp\/v2\/pages\/35","targetHints":{"allow":["GET"]}}],"collection":[{"href":"https:\/\/www.formesrl.com\/fr\/wp-json\/wp\/v2\/pages"}],"about":[{"href":"https:\/\/www.formesrl.com\/fr\/wp-json\/wp\/v2\/types\/page"}],"author":[{"embeddable":true,"href":"https:\/\/www.formesrl.com\/fr\/wp-json\/wp\/v2\/users\/1"}],"replies":[{"embeddable":true,"href":"https:\/\/www.formesrl.com\/fr\/wp-json\/wp\/v2\/comments?post=35"}],"version-history":[{"count":43,"href":"https:\/\/www.formesrl.com\/fr\/wp-json\/wp\/v2\/pages\/35\/revisions"}],"predecessor-version":[{"id":3207,"href":"https:\/\/www.formesrl.com\/fr\/wp-json\/wp\/v2\/pages\/35\/revisions\/3207"}],"wp:attachment":[{"href":"https:\/\/www.formesrl.com\/fr\/wp-json\/wp\/v2\/media?parent=35"}],"curies":[{"name":"wp","href":"https:\/\/api.w.org\/{rel}","templated":true}]}}