
{"id":3544,"date":"2023-09-29T08:44:30","date_gmt":"2023-09-29T08:44:30","guid":{"rendered":"https:\/\/www.formesrl.com\/?page_id=3544"},"modified":"2023-09-29T08:56:58","modified_gmt":"2023-09-29T08:56:58","slug":"scheda-tecnica-profili-composti-serie-pesante-a-c-2","status":"publish","type":"page","link":"https:\/\/www.formesrl.com\/fr\/produits\/profiles-en-acier\/profiles-composes\/profiles-soudees-en-c\/","title":{"rendered":"Fiche Technique Profil\u00e9s Compos\u00e9s S\u00e9rie lourde en \u201cC\u201d"},"content":{"rendered":"<p><\/p>\n<table>\n<tbody>\n<tr>\n<td class=\"immaginescheda\"><img loading=\"lazy\" decoding=\"async\" class=\"alignnone size-full wp-image-1475\" title=\"FC simboli\" alt=\"\" src=\"https:\/\/www.formesrl.com\/wp-content\/uploads\/FC-simboli.png\" width=\"280\" height=\"458\" srcset=\"https:\/\/www.formesrl.com\/wp-content\/uploads\/FC-simboli.png 280w, https:\/\/www.formesrl.com\/wp-content\/uploads\/FC-simboli-183x300.png 183w\" sizes=\"auto, (max-width: 280px) 100vw, 280px\" \/><\/td>\n<td class=\"cellatabellamateriale\">\n<table style=\"margin-left: 30px; margin-bottom: 30px; border: 1px solid coral; padding: 10px;\">\n<tbody>\n<tr>\n<td><a href=\"https:\/\/www.formesrl.com\/wp-content\/uploads\/prova3.png\"><img loading=\"lazy\" decoding=\"async\" class=\"alignnone size-full wp-image-3367\" alt=\"prova3\" src=\"https:\/\/www.formesrl.com\/wp-content\/uploads\/prova3.png\" width=\"250\" height=\"191\" \/><\/a><\/p>\n<p>\u00a0<\/p>\n<p><b>SUR DEMANDE:<\/b><br \/>\n<b>Profil soud\u00e9e a pleine penetration<\/b><\/td>\n<\/tr>\n<\/tbody>\n<\/table>\n<table class=\"tabellamateriale\" width=\"170\">\n<tbody>\n<tr>\n<th colspan=\"2\">MAT\u00c9RIAU<\/th>\n<\/tr>\n<tr>\n<td class=\"etichettamateriale\">UNI<\/td>\n<td class=\"materiale\">Fe 510.C<\/td>\n<\/tr>\n<tr>\n<td class=\"etichettamateriale\">DIN<\/td>\n<td class=\"materiale\">St 52-3<\/td>\n<\/tr>\n<tr>\n<td class=\"etichettamateriale\">W Nr.<\/td>\n<td class=\"materiale\">1.0553<\/td>\n<\/tr>\n<tr>\n<td class=\"fineetichettamateriale\">EN 10025<\/td>\n<td class=\"finemateriale\">S355J0<\/td>\n<\/tr>\n<tr>\n<td><\/td>\n<td><\/td>\n<\/tr>\n<\/tbody>\n<\/table>\n<\/td>\n<\/tr>\n<\/tbody>\n<\/table>\n<table class=\"tabellaprodotto\" id=\"tabellaridotta\">\n<tbody>\n<tr class=\"rigabianca\" align=\"center\">\n<td class=\"intestazionitabella\"><img decoding=\"async\" alt=\"\" src=\"\/img\/diapo_logo.jpg\" \/><\/td>\n<td class=\"intestazionitabella\" colspan=\"9\">Dimensions<\/td>\n<td class=\"intestazionitabella\" rowspan=\"2\">Masse<br \/>\nlin\u00e9aire<br \/>\nKg\/m<\/td>\n<td class=\"intestazionitabella\" colspan=\"2\">Moment<br \/>\nd&rsquo;inertie<\/td>\n<td class=\"intestazionitabella\" colspan=\"2\">Modules de<br \/>\nr\u00e9sistance<\/td>\n<td class=\"intestazionitabella\" rowspan=\"2\" colspan=\"2\"><span>Download<\/span><\/td>\n<\/tr>\n<tr class=\"rigabianca\" align=\"center\">\n<td class=\"intestazionitabella\">TYPE<\/td>\n<td class=\"intestazionitabella\">C<br \/>\nmm.<\/td>\n<td class=\"intestazionitabella\">H<br \/>\nmm.<\/td>\n<td class=\"intestazionitabella\">B<br \/>\nmm.<\/td>\n<td class=\"intestazionitabella\">S<br \/>\nmm.<\/td>\n<td class=\"intestazionitabella\">D<br \/>\nmm.<\/td>\n<td class=\"intestazionitabella\">B1<br \/>\nmm.<\/td>\n<td class=\"intestazionitabella\">A<br \/>\nmm.<\/td>\n<td class=\"intestazionitabella\">Ex<br \/>\nmm.<\/td>\n<td class=\"intestazionitabella\">Ey<br \/>\nmm.<\/td>\n<td class=\"intestazionitabella\">Jx<br \/>\ncm<span><sup><small>4<\/small><\/sup><\/span><\/td>\n<td class=\"intestazionitabella\">Jy<br \/>\ncm<span><sup><small>4<\/small><\/sup><\/span><\/td>\n<td class=\"intestazionitabella\">Wx<br \/>\ncm<span><sup><small>3<\/small><\/sup><\/span><\/td>\n<td class=\"intestazionitabella\">Wy<br \/>\ncm<span><sup><small>3<\/small><\/sup><\/span><\/td>\n<\/tr>\n<tr class=\"rigabianca\" align=\"center\">\n<td class=\"codiceprodotto\">FC 165<\/td>\n<td class=\"datonumerico\">165,4<\/td>\n<td class=\"datonumerico\">230<\/td>\n<td class=\"datonumerico\">57,5<\/td>\n<td class=\"datonumerico\">18<\/td>\n<td class=\"datonumerico\">80<\/td>\n<td class=\"datonumerico\">39,5<\/td>\n<td class=\"datonumerico\">38,5<\/td>\n<td class=\"datonumerico\">115<\/td>\n<td class=\"datonumerico\">19,9<\/td>\n<td class=\"datonumerico\">53,3<\/td>\n<td class=\"datonumerico\">4410,5<\/td>\n<td class=\"datonumerico\">174,6<\/td>\n<td class=\"datonumerico\">383,5<\/td>\n<td class=\"datonumerico\">87,7<\/td>\n<td class=\"scaricamento\" valign=\"middle\"><a href=\"\/img\/prodotti\/pdf\/FC 165.pdf\" target=\"_blank\" rel=\"noopener\"><img loading=\"lazy\" decoding=\"async\" alt=\"\" src=\"\/img\/pdf.gif\" width=\"23\" height=\"24\" border=\"0\" \/><\/a><\/td>\n<td class=\"scaricamento\" valign=\"middle\"><a href=\"\/img\/prodotti\/dwg\/FC 165.dwg\"><img loading=\"lazy\" decoding=\"async\" alt=\"\" src=\"\/img\/dwg.gif\" width=\"23\" height=\"24\" border=\"0\" \/><\/a><\/td>\n<\/tr>\n<tr class=\"rigadispari\" align=\"center\">\n<td class=\"codiceprodotto\">FC165R<\/td>\n<td class=\"datonumerico\">\n<div>165,4<\/div>\n<\/td>\n<td class=\"datonumerico\">\n<div>230<\/div>\n<\/td>\n<td class=\"datonumerico\">\n<div>67,5<\/div>\n<\/td>\n<td class=\"datonumerico\">\n<div>18<\/div>\n<\/td>\n<td class=\"datonumerico\">\n<div>80<\/div>\n<\/td>\n<td class=\"datonumerico\">\n<div>49,5<\/div>\n<\/td>\n<td class=\"datonumerico\">48,5<\/td>\n<td class=\"datonumerico\">\n<div>115<\/div>\n<\/td>\n<td class=\"datonumerico\">23,6<\/td>\n<td class=\"datonumerico\">\n<div>58,4<\/div>\n<\/td>\n<td class=\"datonumerico\">\n<div>5047,3<\/div>\n<\/td>\n<td class=\"datonumerico\">\n<div>281,8<\/div>\n<\/td>\n<td class=\"datonumerico\">\n<div>438,9<\/div>\n<\/td>\n<td class=\"datonumerico\">\n<div>119,4<\/div>\n<\/td>\n<td class=\"scaricamento\" valign=\"middle\"><a href=\"\/img\/prodotti\/pdf\/FC 165R.pdf\" target=\"_blank\" rel=\"noopener\"><img loading=\"lazy\" decoding=\"async\" alt=\"\" src=\"\/img\/pdf.gif\" width=\"23\" height=\"24\" border=\"0\" \/><\/a><\/td>\n<td class=\"scaricamento\" valign=\"middle\"><a href=\"\/img\/prodotti\/dwg\/FC 165R.dwg\"><img loading=\"lazy\" decoding=\"async\" alt=\"\" src=\"\/img\/dwg.gif\" width=\"23\" height=\"24\" border=\"0\" \/><\/a><\/td>\n<\/tr>\n<tr class=\"rigabianca\" align=\"center\">\n<td class=\"codiceprodotto\">FC 190<\/td>\n<td class=\"datonumerico\">190,4<\/td>\n<td class=\"datonumerico\">255<\/td>\n<td class=\"datonumerico\">77<\/td>\n<td class=\"datonumerico\">22<\/td>\n<td class=\"datonumerico\">80<\/td>\n<td class=\"datonumerico\">55<\/td>\n<td class=\"datonumerico\">53<\/td>\n<td class=\"datonumerico\">127,5<\/td>\n<td class=\"datonumerico\">25,9<\/td>\n<td class=\"datonumerico\">73,7<\/td>\n<td class=\"datonumerico\">7631,6<\/td>\n<td class=\"datonumerico\">434,2<\/td>\n<td class=\"datonumerico\">598,6<\/td>\n<td class=\"datonumerico\">167,7<\/td>\n<td class=\"scaricamento\" valign=\"middle\"><a href=\"\/img\/prodotti\/pdf\/FC 190.pdf\" target=\"_blank\" rel=\"noopener\"><img loading=\"lazy\" decoding=\"async\" alt=\"\" src=\"\/img\/pdf.gif\" width=\"23\" height=\"24\" border=\"0\" \/><\/a><\/td>\n<td class=\"scaricamento\" valign=\"middle\"><a href=\"\/img\/prodotti\/dwg\/FC 190.dwg\"><img loading=\"lazy\" decoding=\"async\" alt=\"\" src=\"\/img\/dwg.gif\" width=\"23\" height=\"24\" border=\"0\" \/><\/a><\/td>\n<\/tr>\n<tr class=\"rigadispari\" align=\"center\">\n<td class=\"codiceprodotto\">FC 220<\/td>\n<td class=\"datonumerico\">220,4<\/td>\n<td class=\"datonumerico\">295<\/td>\n<td class=\"datonumerico\">85<\/td>\n<td class=\"datonumerico\">20<\/td>\n<td class=\"datonumerico\">125<\/td>\n<td class=\"datonumerico\">65<\/td>\n<td class=\"datonumerico\">62,5<\/td>\n<td class=\"datonumerico\">147,5<\/td>\n<td class=\"datonumerico\">29<\/td>\n<td class=\"datonumerico\">86,1<\/td>\n<td class=\"datonumerico\">12633<\/td>\n<td class=\"datonumerico\">6720,4<\/td>\n<td class=\"datonumerico\">856,4<\/td>\n<td class=\"datonumerico\">231,7<\/td>\n<td class=\"scaricamento\" valign=\"middle\"><a href=\"\/img\/prodotti\/pdf\/FC 220.pdf\" target=\"_blank\" rel=\"noopener\"><img loading=\"lazy\" decoding=\"async\" alt=\"\" src=\"\/img\/pdf.gif\" width=\"23\" height=\"24\" border=\"0\" \/><\/a><\/td>\n<td class=\"scaricamento\" valign=\"middle\"><a href=\"\/img\/prodotti\/dwg\/FC 220.dwg\"><img loading=\"lazy\" decoding=\"async\" alt=\"\" src=\"\/img\/dwg.gif\" width=\"23\" height=\"24\" border=\"0\" \/><\/a><\/td>\n<\/tr>\n<tr class=\"rigabianca\" align=\"center\">\n<td class=\"codiceprodotto\">FC 250<\/td>\n<td class=\"datonumerico\">250,4<\/td>\n<td class=\"datonumerico\">344<\/td>\n<td class=\"datonumerico\">94<\/td>\n<td class=\"datonumerico\">26,5<\/td>\n<td class=\"datonumerico\">125<\/td>\n<td class=\"datonumerico\">67,5<\/td>\n<td class=\"datonumerico\">65,5<\/td>\n<td class=\"datonumerico\">172<\/td>\n<td class=\"datonumerico\">32,4<\/td>\n<td class=\"datonumerico\">122,8<\/td>\n<td class=\"datonumerico\">23372<\/td>\n<td class=\"datonumerico\">1117,4<\/td>\n<td class=\"datonumerico\">1358,8<\/td>\n<td class=\"datonumerico\">344,9<\/td>\n<td class=\"scaricamento\" valign=\"middle\"><a href=\"\/img\/prodotti\/pdf\/FC 250.pdf\" target=\"_blank\" rel=\"noopener\"><img loading=\"lazy\" decoding=\"async\" alt=\"\" src=\"\/img\/pdf.gif\" width=\"23\" height=\"24\" border=\"0\" \/><\/a><\/td>\n<td class=\"scaricamento\" valign=\"middle\"><a href=\"\/img\/prodotti\/dwg\/FC 250.dwg\"><img loading=\"lazy\" decoding=\"async\" alt=\"\" src=\"\/img\/dwg.gif\" width=\"23\" height=\"24\" border=\"0\" \/><\/a><\/td>\n<\/tr>\n<tr class=\"rigadispari\" align=\"center\">\n<td class=\"codiceprodotto\">\n<div>FC 280<\/div>\n<\/td>\n<td class=\"datonumerico\">\n<div>280,4<\/div>\n<\/td>\n<td class=\"datonumerico\">\n<div>394<\/div>\n<\/td>\n<td class=\"datonumerico\">\n<div>114<\/div>\n<\/td>\n<td class=\"datonumerico\">\n<div>26,5<\/div>\n<\/td>\n<td class=\"datonumerico\">\n<div>125<\/div>\n<\/td>\n<td class=\"datonumerico\">\n<div>87,5<\/div>\n<\/td>\n<td class=\"datonumerico\">85,5<\/td>\n<td class=\"datonumerico\">\n<div>197<\/div>\n<\/td>\n<td class=\"datonumerico\">40,8<\/td>\n<td class=\"datonumerico\">\n<div>161,9<\/div>\n<\/td>\n<td class=\"datonumerico\">\n<div>42473<\/div>\n<\/td>\n<td class=\"datonumerico\">\n<div>2354,8<\/div>\n<\/td>\n<td class=\"datonumerico\">\n<div>2156,01<\/div>\n<\/td>\n<td class=\"datonumerico\">\n<div>577,03<\/div>\n<\/td>\n<td class=\"scaricamento\" valign=\"middle\"><a href=\"\/img\/prodotti\/pdf\/FC 280.pdf\" target=\"_blank\" rel=\"noopener\"><img loading=\"lazy\" decoding=\"async\" alt=\"\" src=\"\/img\/pdf.gif\" width=\"23\" height=\"24\" border=\"0\" \/><\/a><\/td>\n<td class=\"scaricamento\" valign=\"middle\"><a href=\"\/img\/prodotti\/dwg\/FC 280.dwg\"><img loading=\"lazy\" decoding=\"async\" alt=\"\" src=\"\/img\/dwg.gif\" width=\"23\" height=\"24\" border=\"0\" \/><\/a><\/td>\n<\/tr>\n<\/tbody>\n<\/table>\n<p><img loading=\"lazy\" decoding=\"async\" class=\"alignnone size-full wp-image-842\" title=\"ERRORI\" alt=\"\" src=\"https:\/\/www.formesrl.com\/wp-content\/uploads\/ERRORI-fr.png\" width=\"590\" height=\"177\" \/><\/p>","protected":false},"excerpt":{"rendered":"<p>\u00a0 SUR DEMANDE: Profil soud\u00e9e a pleine penetration MAT\u00c9RIAU UNI Fe 510.C DIN St 52-3 W Nr. 1.0553 EN 10025 S355J0 Dimensions Masse lin\u00e9aire Kg\/m Moment d&rsquo;inertie Modules de r\u00e9sistance Download TYPE C mm. H mm. B mm. S mm. D mm. B1 mm. A mm. Ex mm. Ey mm. Jx cm4 Jy cm4 Wx [&hellip;]<\/p>\n","protected":false},"author":1,"featured_media":0,"parent":120,"menu_order":3,"comment_status":"open","ping_status":"closed","template":"","meta":{"footnotes":""},"class_list":["post-3544","page","type-page","status-publish","hentry"],"_links":{"self":[{"href":"https:\/\/www.formesrl.com\/fr\/wp-json\/wp\/v2\/pages\/3544","targetHints":{"allow":["GET"]}}],"collection":[{"href":"https:\/\/www.formesrl.com\/fr\/wp-json\/wp\/v2\/pages"}],"about":[{"href":"https:\/\/www.formesrl.com\/fr\/wp-json\/wp\/v2\/types\/page"}],"author":[{"embeddable":true,"href":"https:\/\/www.formesrl.com\/fr\/wp-json\/wp\/v2\/users\/1"}],"replies":[{"embeddable":true,"href":"https:\/\/www.formesrl.com\/fr\/wp-json\/wp\/v2\/comments?post=3544"}],"version-history":[{"count":1,"href":"https:\/\/www.formesrl.com\/fr\/wp-json\/wp\/v2\/pages\/3544\/revisions"}],"predecessor-version":[{"id":3545,"href":"https:\/\/www.formesrl.com\/fr\/wp-json\/wp\/v2\/pages\/3544\/revisions\/3545"}],"up":[{"embeddable":true,"href":"https:\/\/www.formesrl.com\/fr\/wp-json\/wp\/v2\/pages\/120"}],"wp:attachment":[{"href":"https:\/\/www.formesrl.com\/fr\/wp-json\/wp\/v2\/media?parent=3544"}],"curies":[{"name":"wp","href":"https:\/\/api.w.org\/{rel}","templated":true}]}}