
{"id":36,"date":"2010-05-07T10:39:41","date_gmt":"2010-05-07T10:39:41","guid":{"rendered":"http:\/\/www.formesrl.com\/?page_id=36"},"modified":"2026-03-24T19:31:45","modified_gmt":"2026-03-24T19:31:45","slug":"contatti","status":"publish","type":"page","link":"https:\/\/www.formesrl.com\/fr\/contacts\/","title":{"rendered":"Contacts"},"content":{"rendered":"<p><img loading=\"lazy\" decoding=\"async\" class=\"alignnone size-full wp-image-1966 bannerpagina\" title=\"banner_contatti\" alt=\"\" src=\"https:\/\/www.formesrl.com\/wp-content\/uploads\/banner_contatti.jpg\" width=\"640\" height=\"178\" srcset=\"https:\/\/www.formesrl.com\/wp-content\/uploads\/banner_contatti.jpg 640w, https:\/\/www.formesrl.com\/wp-content\/uploads\/banner_contatti-300x83.jpg 300w\" sizes=\"auto, (max-width: 640px) 100vw, 640px\" \/><\/p>\n<table class=\"tabellacontatti\" width=\"100%\" border=\"1\">\n<tbody>\n<tr>\n<td>\n<h3>Forme s.r.l.<\/h3>\n<p>Via Stefano Fermi 1\/A<\/p>\n<p>29012 Caorso (Pc)<\/p>\n<h4>T\u00e9l.<\/h4>\n<p>+39 0523 814016<\/p>\n<h4>Fax<\/h4>\n<p>+39 0523 814463\n<\/td>\n<td>\n<h4>Dept. ventes<\/h4>\n<p>simone.chinosi@formesrl.com<\/p>\n<p>formesrl.commerciale@legalmail.it<\/p>\n<h4>Dept. production<\/h4>\n<p>danilo.rossi@formesrl.com<\/p>\n<h4>Dept. exp\u00e9ditions<\/h4>\n<p>lorena.ferrari@formesrl.com<\/p>\n<h4>Dept. comptabilit\u00e9<\/h4>\n<p>amministrazione@formesrl.com<\/p>\n<p>formesrl.amministrazione@legalmail.it<\/td>\n<\/tr>\n<tr>\n<td colspan=\"2\" valign=\"bottom\"><span class=\"pagcontatti\">Titulaire du Traitement des donn\u00e9es est Forme srl \u2013 <a href=\"https:\/\/www.formesrl.com\/fr\/respect-de-la-vie-privee\" target=\"_blank\" rel=\"noopener\"><span style=\"text-decoration: underline; color: #003366;\"><span style=\"text-decoration: underline;\"><span style=\"color: #003366; text-decoration: underline;\">Note d&rsquo;information sur le respect de la vie priv\u00e9e<\/span><\/span><\/span><\/a><span style=\"color: #003366;\"><span style=\"color: #888888;\">&#8211;<\/span><\/span><span style=\"text-decoration: underline; color: #003366;\"><span style=\"text-decoration: underline;\"><a href=\"https:\/\/www.formesrl.com\/en\/cookie_policy\" target=\"_blank\" rel=\"noopener\"><span style=\"color: #003366; text-decoration: underline;\">Coockie Policy<\/span><\/a><\/span><\/span><br \/>\n<\/span><\/td>\n<\/tr>\n<tr>\n<td colspan=\"2\" valign=\"bottom\">\n<div class=\"wpcf7 no-js\" id=\"wpcf7-f5486-o3\" lang=\"it-IT\" dir=\"ltr\" data-wpcf7-id=\"5486\">\n<div class=\"screen-reader-response\"><p role=\"status\" aria-live=\"polite\" aria-atomic=\"true\"><\/p> <ul><\/ul><\/div>\n<form action=\"\/fr\/wp-json\/wp\/v2\/pages\/36#wpcf7-f5486-o3\" method=\"post\" class=\"wpcf7-form init\" aria-label=\"Modulo di contatto\" novalidate=\"novalidate\" data-status=\"init\">\n<fieldset class=\"hidden-fields-container\"><input type=\"hidden\" name=\"_wpcf7\" value=\"5486\" \/><input type=\"hidden\" name=\"_wpcf7_version\" value=\"6.1.5\" \/><input type=\"hidden\" name=\"_wpcf7_locale\" value=\"it_IT\" \/><input type=\"hidden\" name=\"_wpcf7_unit_tag\" value=\"wpcf7-f5486-o3\" \/><input type=\"hidden\" name=\"_wpcf7_container_post\" value=\"0\" \/><input type=\"hidden\" name=\"_wpcf7_posted_data_hash\" value=\"\" \/><input type=\"hidden\" name=\"_wpcf7_recaptcha_response\" value=\"\" \/>\n<\/fieldset>\n<p><label> Choisir le destinataire:<br \/>\n<span class=\"wpcf7-form-control-wrap\" data-name=\"destinatario\"><select class=\"wpcf7-form-control wpcf7-select wpcf7-validates-as-required\" aria-required=\"true\" aria-invalid=\"false\" name=\"destinatario\"><option value=\"Administration\">Administration<\/option><option value=\"Ventes\">Ventes<\/option><option value=\"Production\">Production<\/option><option value=\"Exp\u00e9ditions\">Exp\u00e9ditions<\/option><\/select><\/span><br \/>\n<\/label>\n<\/p>\n<p><label> Nom<br \/>\n<span class=\"wpcf7-form-control-wrap\" data-name=\"your-name\"><input size=\"40\" maxlength=\"400\" class=\"wpcf7-form-control wpcf7-text wpcf7-validates-as-required\" autocomplete=\"name\" aria-required=\"true\" aria-invalid=\"false\" value=\"\" type=\"text\" name=\"your-name\" \/><\/span> <\/label>\n<\/p>\n<p><label> E-mail<br \/>\n<span class=\"wpcf7-form-control-wrap\" data-name=\"your-email\"><input size=\"40\" maxlength=\"400\" class=\"wpcf7-form-control wpcf7-email wpcf7-validates-as-required wpcf7-text wpcf7-validates-as-email\" autocomplete=\"email\" aria-required=\"true\" aria-invalid=\"false\" value=\"\" type=\"email\" name=\"your-email\" \/><\/span> <\/label>\n<\/p>\n<p><label> Objet<br \/>\n<span class=\"wpcf7-form-control-wrap\" data-name=\"your-subject\"><input size=\"40\" maxlength=\"400\" class=\"wpcf7-form-control wpcf7-text wpcf7-validates-as-required\" aria-required=\"true\" aria-invalid=\"false\" value=\"\" type=\"text\" name=\"your-subject\" \/><\/span> <\/label>\n<\/p>\n<p><label> Votre message (facultatif)<br \/>\n<span class=\"wpcf7-form-control-wrap\" data-name=\"your-message\"><textarea cols=\"40\" rows=\"10\" maxlength=\"2000\" class=\"wpcf7-form-control wpcf7-textarea\" aria-invalid=\"false\" name=\"your-message\"><\/textarea><\/span> <\/label>\n<\/p>\n<p><input class=\"wpcf7-form-control wpcf7-submit has-spinner\" type=\"submit\" value=\"Envoyer\" \/>\n<\/p><div class=\"wpcf7-response-output\" aria-hidden=\"true\"><\/div>\n<\/form>\n<\/div>\n<\/td>\n<\/tr>\n<\/tbody>\n<\/table>\n<p><\/p>","protected":false},"excerpt":{"rendered":"<p>Forme s.r.l. Via Stefano Fermi 1\/A 29012 Caorso (Pc) T\u00e9l. +39 0523 814016 Fax +39 0523 814463 Dept. ventes simone.chinosi@formesrl.com formesrl.commerciale@legalmail.it Dept. production danilo.rossi@formesrl.com Dept. exp\u00e9ditions lorena.ferrari@formesrl.com Dept. comptabilit\u00e9 amministrazione@formesrl.com formesrl.amministrazione@legalmail.it Titulaire du Traitement des donn\u00e9es est Forme srl \u2013 Note d&rsquo;information sur le respect de la vie priv\u00e9e&#8211;Coockie Policy<\/p>\n","protected":false},"author":1,"featured_media":0,"parent":0,"menu_order":6,"comment_status":"closed","ping_status":"closed","template":"","meta":{"footnotes":""},"class_list":["post-36","page","type-page","status-publish","hentry"],"_links":{"self":[{"href":"https:\/\/www.formesrl.com\/fr\/wp-json\/wp\/v2\/pages\/36","targetHints":{"allow":["GET"]}}],"collection":[{"href":"https:\/\/www.formesrl.com\/fr\/wp-json\/wp\/v2\/pages"}],"about":[{"href":"https:\/\/www.formesrl.com\/fr\/wp-json\/wp\/v2\/types\/page"}],"author":[{"embeddable":true,"href":"https:\/\/www.formesrl.com\/fr\/wp-json\/wp\/v2\/users\/1"}],"replies":[{"embeddable":true,"href":"https:\/\/www.formesrl.com\/fr\/wp-json\/wp\/v2\/comments?post=36"}],"version-history":[{"count":144,"href":"https:\/\/www.formesrl.com\/fr\/wp-json\/wp\/v2\/pages\/36\/revisions"}],"predecessor-version":[{"id":5492,"href":"https:\/\/www.formesrl.com\/fr\/wp-json\/wp\/v2\/pages\/36\/revisions\/5492"}],"wp:attachment":[{"href":"https:\/\/www.formesrl.com\/fr\/wp-json\/wp\/v2\/media?parent=36"}],"curies":[{"name":"wp","href":"https:\/\/api.w.org\/{rel}","templated":true}]}}