
{"id":59,"date":"2010-05-11T13:20:25","date_gmt":"2010-05-11T13:20:25","guid":{"rendered":"http:\/\/www.formesrl.com\/?page_id=59"},"modified":"2022-04-27T10:32:20","modified_gmt":"2022-04-27T10:32:20","slug":"piastre-portaforche","status":"publish","type":"page","link":"https:\/\/www.formesrl.com\/fr\/produits\/profiles-en-acier\/profiles-speciaux\/plaques-porte-fourches\/","title":{"rendered":"Fiche Technique Profil\u00e9s pour plaques porte-fourches"},"content":{"rendered":"<p><\/p>\n<table>\n<tbody>\n<tr>\n<td class=\"immaginescheda\" style=\"vertical-align: middle;\"><img loading=\"lazy\" decoding=\"async\" class=\"alignnone size-full wp-image-1780\" title=\"PPF\" alt=\"\" src=\"https:\/\/www.formesrl.com\/wp-content\/uploads\/PPF.png\" width=\"215\" height=\"393\" srcset=\"https:\/\/www.formesrl.com\/wp-content\/uploads\/PPF.png 215w, https:\/\/www.formesrl.com\/wp-content\/uploads\/PPF-164x300.png 164w\" sizes=\"auto, (max-width: 215px) 100vw, 215px\" \/><\/td>\n<td class=\"immaginescheda\" style=\"vertical-align: middle;\"><img loading=\"lazy\" decoding=\"async\" class=\"alignnone size-full wp-image-1781\" title=\"3402_01\" alt=\"\" src=\"https:\/\/www.formesrl.com\/wp-content\/uploads\/3402_01.png\" width=\"236\" height=\"337\" srcset=\"https:\/\/www.formesrl.com\/wp-content\/uploads\/3402_01.png 236w, https:\/\/www.formesrl.com\/wp-content\/uploads\/3402_01-210x300.png 210w\" sizes=\"auto, (max-width: 236px) 100vw, 236px\" \/><\/td>\n<td class=\"immaginescheda\" style=\"vertical-align: middle;\">\n<table class=\"tabellamateriale\">\n<tbody>\n<tr>\n<th colspan=\"2\">MAT\u00c9RIAU<\/th>\n<\/tr>\n<tr>\n<td class=\"etichettamateriale\">UNI<\/td>\n<td class=\"materiale\">Fe 510.C<\/td>\n<\/tr>\n<tr>\n<td class=\"etichettamateriale\">DIN<\/td>\n<td class=\"materiale\">St 52-3<\/td>\n<\/tr>\n<tr>\n<td class=\"etichettamateriale\">W Nr.<\/td>\n<td class=\"materiale\">1.0553<\/td>\n<\/tr>\n<tr>\n<td class=\"fineetichettamateriale\">EN 10025<\/td>\n<td class=\"finemateriale\">S355J0<\/td>\n<\/tr>\n<tr>\n<th class=\"download\" colspan=\"2\"><a href=\"\/img\/prodotti\/pdf\/PROFILI PIASTREFR.pdf\" target=\"_blank\"><img loading=\"lazy\" decoding=\"async\" alt=\"\" src=\"\/img\/pdf.gif\" width=\"23\" height=\"24\" border=\"0\" \/>TELECHARGEZ PAGE<\/a><\/th>\n<\/tr>\n<\/tbody>\n<\/table>\n<\/td>\n<\/tr>\n<\/tbody>\n<\/table>\n<table class=\"tabellaprodotto\">\n<tbody>\n<tr align=\"center\">\n<td class=\"intestazionitabella\"><img decoding=\"async\" alt=\"\" src=\"\/img\/diapo_logo.jpg\" \/><\/td>\n<td class=\"intestazionitabella\" colspan=\"2\">Dimensions<\/td>\n<td class=\"intestazionitabella\" rowspan=\"2\">Poids<br \/>\nKg\/m<\/td>\n<td class=\"intestazionitabella\" colspan=\"2\">Modules de<br \/>\nr\u00e9sistance<\/td>\n<td class=\"intestazionitabella\" rowspan=\"2\">Profil\u00e9<br \/>\nr\u00e9f.(1)<\/td>\n<td class=\"intestazionitabella\" rowspan=\"2\">Classe F.E.M<br \/>\nDIN 15173<\/td>\n<td class=\"intestazionitabella\" rowspan=\"2\">Dimensions de la Dent<br \/>\nTol\u00e9rances selon<br \/>\nDIN 7168<\/td>\n<\/tr>\n<tr align=\"center\">\n<td class=\"intestazionitabella\">TYPE<\/td>\n<td class=\"intestazionitabella\">h<br \/>\nmm<\/td>\n<td class=\"intestazionitabella\">b<br \/>\nmm<\/td>\n<td class=\"intestazionitabella\">Wx<br \/>\ncm<span style=\"font-size: xx-small;\"><sup><small>3<\/small><\/sup><\/span><\/td>\n<td class=\"intestazionitabella\">Wy<br \/>\ncm<span style=\"font-size: xx-small;\"><sup><small>3<\/small><\/sup><\/span><\/td>\n<\/tr>\n<tr class=\"rigabianca\" align=\"center\">\n<td class=\"codiceprodotto\"><strong>PPF.001<\/strong><\/td>\n<td class=\"datonumerico\">100<\/td>\n<td class=\"datonumerico\">30<\/td>\n<td class=\"datonumerico\">22,0<\/td>\n<td class=\"datonumerico\">38<\/td>\n<td class=\"datonumerico\">13<\/td>\n<td class=\"datonumerico\"><strong>3285<\/strong><\/td>\n<td class=\"datonumerico\"><strong>I<\/strong><\/td>\n<td style=\"vertical-align: top;\" rowspan=\"12\"><img loading=\"lazy\" decoding=\"async\" class=\"alignnone size-full wp-image-1288 spostamargini\" title=\"PPF.001\" alt=\"\" src=\"https:\/\/www.formesrl.com\/wp-content\/uploads\/PPF.001.png\" width=\"136\" height=\"171\" \/><\/td>\n<\/tr>\n<tr class=\"rigadispari\" align=\"center\">\n<td class=\"codiceprodotto\"><strong>PPF.002<\/strong><\/td>\n<td class=\"datonumerico\">127<\/td>\n<td class=\"datonumerico\">26<\/td>\n<td class=\"datonumerico\">24,8<\/td>\n<td class=\"datonumerico\">58<\/td>\n<td class=\"datonumerico\">13<\/td>\n<td class=\"datonumerico\"><strong>2809<\/strong><\/td>\n<td class=\"datonumerico\"><strong>I<\/strong><\/td>\n<\/tr>\n<tr class=\"rigabianca\" align=\"center\">\n<td class=\"codiceprodotto\"><strong>PPF.003<\/strong><\/td>\n<td class=\"datonumerico\">127<\/td>\n<td class=\"datonumerico\">32<\/td>\n<td class=\"datonumerico\">30,2<\/td>\n<td class=\"datonumerico\">68<\/td>\n<td class=\"datonumerico\">20<\/td>\n<td class=\"datonumerico\"><strong>2942<\/strong><\/td>\n<td class=\"datonumerico\"><strong>I<\/strong><\/td>\n<\/tr>\n<tr class=\"rigadispari\" align=\"center\">\n<td class=\"codiceprodotto\"><strong>PPF.004<\/strong><\/td>\n<td class=\"datonumerico\">150<\/td>\n<td class=\"datonumerico\">30<\/td>\n<td class=\"datonumerico\">33,9<\/td>\n<td class=\"datonumerico\">93<\/td>\n<td class=\"datonumerico\">21<\/td>\n<td class=\"datonumerico\"><strong>2783<\/strong><\/td>\n<td class=\"datonumerico\"><strong>I<\/strong><\/td>\n<\/tr>\n<tr class=\"rigabianca\" align=\"center\">\n<td class=\"codiceprodotto\"><strong>PPF.501<\/strong><\/td>\n<td class=\"datonumerico\">60<\/td>\n<td class=\"datonumerico\">40<\/td>\n<td class=\"datonumerico\">15,6<\/td>\n<td class=\"datonumerico\">16<\/td>\n<td class=\"datonumerico\">13<\/td>\n<td class=\"datonumerico\"><strong>3401<\/strong><\/td>\n<td class=\"datonumerico\"><strong>I<\/strong><\/td>\n<\/tr>\n<tr class=\"rigadispari\" align=\"center\">\n<td class=\"codiceprodotto\"><strong>PPF.005<\/strong><\/td>\n<td class=\"datonumerico\">110<\/td>\n<td class=\"datonumerico\">32<\/td>\n<td class=\"datonumerico\">25,9<\/td>\n<td class=\"datonumerico\">50<\/td>\n<td class=\"datonumerico\">17<\/td>\n<td class=\"datonumerico\"><strong>3283<\/strong><\/td>\n<td class=\"datonumerico\"><strong>II<\/strong><\/td>\n<\/tr>\n<tr class=\"rigabianca\" align=\"center\">\n<td class=\"codiceprodotto\"><strong>PPF.006<\/strong><\/td>\n<td class=\"datonumerico\">110<\/td>\n<td class=\"datonumerico\">38<\/td>\n<td class=\"datonumerico\">30,5<\/td>\n<td class=\"datonumerico\">57<\/td>\n<td class=\"datonumerico\">24<\/td>\n<td class=\"datonumerico\"><strong>3284<\/strong><\/td>\n<td class=\"datonumerico\"><strong>II<\/strong><\/td>\n<\/tr>\n<tr class=\"rigadispari\" align=\"center\">\n<td class=\"codiceprodotto\"><strong>PPF.007<\/strong><\/td>\n<td class=\"datonumerico\">150<\/td>\n<td class=\"datonumerico\">35<\/td>\n<td class=\"datonumerico\">39,1<\/td>\n<td class=\"datonumerico\">107<\/td>\n<td class=\"datonumerico\">28<\/td>\n<td class=\"datonumerico\"><strong>2807<\/strong><\/td>\n<td class=\"datonumerico\"><strong>II<\/strong><\/td>\n<\/tr>\n<tr class=\"rigabianca\" align=\"center\">\n<td class=\"codiceprodotto\"><strong>PPF.008<\/strong><\/td>\n<td class=\"datonumerico\">150<\/td>\n<td class=\"datonumerico\">38<\/td>\n<td class=\"datonumerico\">42,5<\/td>\n<td class=\"datonumerico\">114<\/td>\n<td class=\"datonumerico\">34<\/td>\n<td class=\"datonumerico\"><strong>2805<\/strong><\/td>\n<td class=\"datonumerico\"><strong>II<\/strong><\/td>\n<\/tr>\n<tr class=\"rigadispari\" align=\"center\">\n<td class=\"codiceprodotto\"><strong>PPF.009<\/strong><\/td>\n<td class=\"datonumerico\">152<\/td>\n<td class=\"datonumerico\">32<\/td>\n<td class=\"datonumerico\">36,2<\/td>\n<td class=\"datonumerico\">102<\/td>\n<td class=\"datonumerico\">24<\/td>\n<td class=\"datonumerico\"><strong>2806<\/strong><\/td>\n<td class=\"datonumerico\"><strong>II<\/strong><\/td>\n<\/tr>\n<tr class=\"rigabianca\" align=\"center\">\n<td class=\"codiceprodotto\"><strong>PPF.502<\/strong><\/td>\n<td class=\"datonumerico\">60<\/td>\n<td class=\"datonumerico\">50<\/td>\n<td class=\"datonumerico\">20<\/td>\n<td class=\"datonumerico\">20<\/td>\n<td class=\"datonumerico\">22<\/td>\n<td class=\"datonumerico\"><strong>3402<\/strong><\/td>\n<td class=\"datonumerico\"><strong>II<\/strong><\/td>\n<\/tr>\n<tr class=\"rigadispari\" align=\"center\">\n<td class=\"rigaseparazione\" colspan=\"9\"><\/td>\n<\/tr>\n<tr class=\"rigabianca\" align=\"center\">\n<td class=\"codiceprodotto\"><strong>PPF.010<\/strong><\/td>\n<td class=\"datonumerico\">115<\/td>\n<td class=\"datonumerico\">40<\/td>\n<td class=\"datonumerico\">33,4<\/td>\n<td class=\"datonumerico\">67<\/td>\n<td class=\"datonumerico\">27<\/td>\n<td class=\"datonumerico\"><strong>3298<\/strong><\/td>\n<td class=\"datonumerico\"><strong>III<\/strong><\/td>\n<td style=\"vertical-align: top;\" rowspan=\"11\"><img loading=\"lazy\" decoding=\"async\" class=\"alignnone size-full wp-image-1289 spostamargini\" title=\"PPF.010\" alt=\"\" src=\"https:\/\/www.formesrl.com\/wp-content\/uploads\/PPF.010.png\" width=\"167\" height=\"186\" \/><\/td>\n<\/tr>\n<tr class=\"rigadispari\" align=\"center\">\n<td class=\"codiceprodotto\"><strong>PPF.011<\/strong><\/td>\n<td class=\"datonumerico\">148<\/td>\n<td class=\"datonumerico\">40<\/td>\n<td class=\"datonumerico\">43,8<\/td>\n<td class=\"datonumerico\">117<\/td>\n<td class=\"datonumerico\">36<\/td>\n<td class=\"datonumerico\"><strong>3286<\/strong><\/td>\n<td class=\"datonumerico\"><strong>III<\/strong><\/td>\n<\/tr>\n<tr class=\"rigabianca\" align=\"center\">\n<td class=\"codiceprodotto\"><strong>PPF.012<\/strong><\/td>\n<td class=\"datonumerico\">148<\/td>\n<td class=\"datonumerico\">45<\/td>\n<td class=\"datonumerico\">48,9<\/td>\n<td class=\"datonumerico\">129<\/td>\n<td class=\"datonumerico\">46<\/td>\n<td class=\"datonumerico\"><strong>3287<\/strong><\/td>\n<td class=\"datonumerico\"><strong>III<\/strong><\/td>\n<\/tr>\n<tr class=\"rigadispari\" align=\"center\">\n<td class=\"codiceprodotto\"><strong>PPF.013<\/strong><\/td>\n<td class=\"datonumerico\">180<\/td>\n<td class=\"datonumerico\">38<\/td>\n<td class=\"datonumerico\">51,3<\/td>\n<td class=\"datonumerico\">172<\/td>\n<td class=\"datonumerico\">40<\/td>\n<td class=\"datonumerico\"><strong>2808<\/strong><\/td>\n<td class=\"datonumerico\"><strong>III<\/strong><\/td>\n<\/tr>\n<tr class=\"rigabianca\" align=\"center\">\n<td class=\"codiceprodotto\"><strong>PPF.014<\/strong><\/td>\n<td class=\"datonumerico\">180<\/td>\n<td class=\"datonumerico\">45<\/td>\n<td class=\"datonumerico\">60,1<\/td>\n<td class=\"datonumerico\">198<\/td>\n<td class=\"datonumerico\">56<\/td>\n<td class=\"datonumerico\"><strong>2784<\/strong><\/td>\n<td class=\"datonumerico\"><strong>III<\/strong><\/td>\n<\/tr>\n<tr class=\"rigadispari\" align=\"center\">\n<td class=\"codiceprodotto\"><strong>PPF.503<\/strong><\/td>\n<td class=\"datonumerico\">70<\/td>\n<td class=\"datonumerico\">50<\/td>\n<td class=\"datonumerico\">23,6<\/td>\n<td class=\"datonumerico\">29<\/td>\n<td class=\"datonumerico\">26<\/td>\n<td class=\"datonumerico\"><strong>3403<\/strong><\/td>\n<td class=\"datonumerico\"><strong>III<\/strong><\/td>\n<\/tr>\n<tr class=\"rigabianca\" align=\"center\">\n<td class=\"codiceprodotto\"><strong>PPF.504<\/strong><\/td>\n<td class=\"datonumerico\">90<\/td>\n<td class=\"datonumerico\">60<\/td>\n<td class=\"datonumerico\">37,4<\/td>\n<td class=\"datonumerico\">59<\/td>\n<td class=\"datonumerico\">49<\/td>\n<td class=\"datonumerico\"><strong>3472<\/strong><\/td>\n<td class=\"datonumerico\"><strong>III<\/strong><\/td>\n<\/tr>\n<tr class=\"rigabianca\" align=\"center\">\n<td class=\"codiceprodotto\"><strong><img loading=\"lazy\" decoding=\"async\" alt=\"\" src=\"\/img\/trasparente.png\" width=\"2\" height=\"12\" \/><\/strong><\/td>\n<td class=\"datonumerico\"><\/td>\n<td class=\"datonumerico\"><\/td>\n<td class=\"datonumerico\"><\/td>\n<td class=\"datonumerico\"><\/td>\n<td class=\"datonumerico\"><\/td>\n<td class=\"datonumerico\"><\/td>\n<td class=\"datonumerico\"><\/td>\n<\/tr>\n<tr class=\"rigabianca\" align=\"center\">\n<td class=\"codiceprodotto\"><strong><img loading=\"lazy\" decoding=\"async\" alt=\"\" src=\"\/img\/trasparente.png\" width=\"2\" height=\"12\" \/><\/strong><\/td>\n<td class=\"datonumerico\"><\/td>\n<td class=\"datonumerico\"><\/td>\n<td class=\"datonumerico\"><\/td>\n<td class=\"datonumerico\"><\/td>\n<td class=\"datonumerico\"><\/td>\n<td class=\"datonumerico\"><\/td>\n<td class=\"datonumerico\"><\/td>\n<\/tr>\n<tr class=\"rigabianca\" align=\"center\">\n<td class=\"codiceprodotto\"><strong><img loading=\"lazy\" decoding=\"async\" alt=\"\" src=\"\/img\/trasparente.png\" width=\"2\" height=\"12\" \/><\/strong><\/td>\n<td class=\"datonumerico\"><\/td>\n<td class=\"datonumerico\"><\/td>\n<td class=\"datonumerico\"><\/td>\n<td class=\"datonumerico\"><\/td>\n<td class=\"datonumerico\"><\/td>\n<td class=\"datonumerico\"><\/td>\n<td class=\"datonumerico\"><\/td>\n<\/tr>\n<tr class=\"rigabianca\" align=\"center\">\n<td class=\"codiceprodotto\"><strong><img loading=\"lazy\" decoding=\"async\" alt=\"\" src=\"\/img\/trasparente.png\" width=\"2\" height=\"12\" \/><\/strong><\/td>\n<td class=\"datonumerico\"><\/td>\n<td class=\"datonumerico\"><\/td>\n<td class=\"datonumerico\"><\/td>\n<td class=\"datonumerico\"><\/td>\n<td class=\"datonumerico\"><\/td>\n<td class=\"datonumerico\"><\/td>\n<td class=\"datonumerico\"><\/td>\n<\/tr>\n<tr class=\"rigabianca\" align=\"center\">\n<td class=\"rigaseparazione\" colspan=\"9\"><\/td>\n<\/tr>\n<tr class=\"rigabianca\" align=\"center\">\n<td class=\"codiceprodotto\"><strong>PPF.015<\/strong><\/td>\n<td class=\"datonumerico\">180<\/td>\n<td class=\"datonumerico\">57<\/td>\n<td class=\"datonumerico\">75,2<\/td>\n<td class=\"datonumerico\">240<\/td>\n<td class=\"datonumerico\">89<\/td>\n<td class=\"datonumerico\"><strong>2785<\/strong><\/td>\n<td class=\"datonumerico\"><strong>IV<\/strong><\/td>\n<td class=\"rigabianca\" style=\"vertical-align: top;\" rowspan=\"13\"><img loading=\"lazy\" decoding=\"async\" class=\"alignnone size-full wp-image-1290 spostamargini\" title=\"PPF.015\" alt=\"\" src=\"https:\/\/www.formesrl.com\/wp-content\/uploads\/PPF.015.png\" width=\"226\" height=\"215\" \/><\/td>\n<\/tr>\n<tr class=\"rigadispari\" align=\"center\">\n<td class=\"codiceprodotto\"><strong>PPF.505<\/strong><\/td>\n<td class=\"datonumerico\">100<\/td>\n<td class=\"datonumerico\">70<\/td>\n<td class=\"datonumerico\">48<\/td>\n<td class=\"datonumerico\">83<\/td>\n<td class=\"datonumerico\">73<\/td>\n<td class=\"datonumerico\"><strong>3473<\/strong><\/td>\n<td class=\"datonumerico\"><strong>IV<\/strong><\/td>\n<\/tr>\n<tr class=\"rigabianca\" align=\"center\">\n<td class=\"codiceprodotto\"><strong><img loading=\"lazy\" decoding=\"async\" alt=\"\" src=\"\/img\/trasparente.png\" width=\"2\" height=\"12\" \/><\/strong><\/td>\n<td class=\"datonumerico\"><\/td>\n<td class=\"datonumerico\"><\/td>\n<td class=\"datonumerico\"><\/td>\n<td class=\"datonumerico\"><\/td>\n<td class=\"datonumerico\"><\/td>\n<td class=\"datonumerico\"><\/td>\n<td class=\"datonumerico\"><\/td>\n<\/tr>\n<tr class=\"rigabianca\" align=\"center\">\n<td class=\"codiceprodotto\"><strong><img loading=\"lazy\" decoding=\"async\" alt=\"\" src=\"\/img\/trasparente.png\" width=\"2\" height=\"12\" \/><\/strong><\/td>\n<td class=\"datonumerico\"><\/td>\n<td class=\"datonumerico\"><\/td>\n<td class=\"datonumerico\"><\/td>\n<td class=\"datonumerico\"><\/td>\n<td class=\"datonumerico\"><\/td>\n<td class=\"datonumerico\"><\/td>\n<td class=\"datonumerico\"><\/td>\n<\/tr>\n<tr class=\"rigabianca\" align=\"center\">\n<td class=\"codiceprodotto\"><strong><img loading=\"lazy\" decoding=\"async\" alt=\"\" src=\"\/img\/trasparente.png\" width=\"2\" height=\"12\" \/><\/strong><\/td>\n<td class=\"datonumerico\"><\/td>\n<td class=\"datonumerico\"><\/td>\n<td class=\"datonumerico\"><\/td>\n<td class=\"datonumerico\"><\/td>\n<td class=\"datonumerico\"><\/td>\n<td class=\"datonumerico\"><\/td>\n<td class=\"datonumerico\"><\/td>\n<\/tr>\n<tr class=\"rigabianca\" align=\"center\">\n<td class=\"codiceprodotto\"><strong><img loading=\"lazy\" decoding=\"async\" alt=\"\" src=\"\/img\/trasparente.png\" width=\"2\" height=\"12\" \/><\/strong><\/td>\n<td class=\"datonumerico\"><\/td>\n<td class=\"datonumerico\"><\/td>\n<td class=\"datonumerico\"><\/td>\n<td class=\"datonumerico\"><\/td>\n<td class=\"datonumerico\"><\/td>\n<td class=\"datonumerico\"><\/td>\n<td class=\"datonumerico\"><\/td>\n<\/tr>\n<tr class=\"rigabianca\" align=\"center\">\n<td class=\"codiceprodotto\"><strong><img loading=\"lazy\" decoding=\"async\" alt=\"\" src=\"\/img\/trasparente.png\" width=\"2\" height=\"12\" \/><\/strong><\/td>\n<td class=\"datonumerico\"><\/td>\n<td class=\"datonumerico\"><\/td>\n<td class=\"datonumerico\"><\/td>\n<td class=\"datonumerico\"><\/td>\n<td class=\"datonumerico\"><\/td>\n<td class=\"datonumerico\"><\/td>\n<td class=\"datonumerico\"><\/td>\n<\/tr>\n<tr class=\"rigabianca\" align=\"center\">\n<td class=\"codiceprodotto\"><strong><img loading=\"lazy\" decoding=\"async\" alt=\"\" src=\"\/img\/trasparente.png\" width=\"2\" height=\"12\" \/><\/strong><\/td>\n<td class=\"datonumerico\"><\/td>\n<td class=\"datonumerico\"><\/td>\n<td class=\"datonumerico\"><\/td>\n<td class=\"datonumerico\"><\/td>\n<td class=\"datonumerico\"><\/td>\n<td class=\"datonumerico\"><\/td>\n<td class=\"datonumerico\"><\/td>\n<\/tr>\n<tr class=\"rigabianca\" align=\"center\">\n<td class=\"codiceprodotto\"><strong><img loading=\"lazy\" decoding=\"async\" alt=\"\" src=\"\/img\/trasparente.png\" width=\"2\" height=\"12\" \/><\/strong><\/td>\n<td class=\"datonumerico\"><\/td>\n<td class=\"datonumerico\"><\/td>\n<td class=\"datonumerico\"><\/td>\n<td class=\"datonumerico\"><\/td>\n<td class=\"datonumerico\"><\/td>\n<td class=\"datonumerico\"><\/td>\n<td class=\"datonumerico\"><\/td>\n<\/tr>\n<tr class=\"rigabianca\" align=\"center\">\n<td class=\"codiceprodotto\"><strong><img loading=\"lazy\" decoding=\"async\" alt=\"\" src=\"\/img\/trasparente.png\" width=\"2\" height=\"12\" \/><\/strong><\/td>\n<td class=\"datonumerico\"><\/td>\n<td class=\"datonumerico\"><\/td>\n<td class=\"datonumerico\"><\/td>\n<td class=\"datonumerico\"><\/td>\n<td class=\"datonumerico\"><\/td>\n<td class=\"datonumerico\"><\/td>\n<td class=\"datonumerico\"><\/td>\n<\/tr>\n<tr class=\"rigabianca\" align=\"center\">\n<td class=\"codiceprodotto\"><strong><img loading=\"lazy\" decoding=\"async\" alt=\"\" src=\"\/img\/trasparente.png\" width=\"2\" height=\"12\" \/><\/strong><\/td>\n<td class=\"datonumerico\"><\/td>\n<td class=\"datonumerico\"><\/td>\n<td class=\"datonumerico\"><\/td>\n<td class=\"datonumerico\"><\/td>\n<td class=\"datonumerico\"><\/td>\n<td class=\"datonumerico\"><\/td>\n<td class=\"datonumerico\"><\/td>\n<\/tr>\n<tr class=\"rigabianca\" align=\"center\">\n<td class=\"codiceprodotto\"><strong><img loading=\"lazy\" decoding=\"async\" alt=\"\" src=\"\/img\/trasparente.png\" width=\"2\" height=\"12\" \/><\/strong><\/td>\n<td class=\"datonumerico\"><\/td>\n<td class=\"datonumerico\"><\/td>\n<td class=\"datonumerico\"><\/td>\n<td class=\"datonumerico\"><\/td>\n<td class=\"datonumerico\"><\/td>\n<td class=\"datonumerico\"><\/td>\n<td class=\"datonumerico\"><\/td>\n<\/tr>\n<tr align=\"left\">\n<td colspan=\"9\" valign=\"bottom\"><span style=\"font-size: xx-small;\"><em>(1)<\/em><\/span><em> Codes identifieurs du lamin\u00e9 <\/em><\/td>\n<\/tr>\n<\/tbody>\n<\/table>\n<p><\/p>","protected":false},"excerpt":{"rendered":"<p>MAT\u00c9RIAU UNI Fe 510.C DIN St 52-3 W Nr. 1.0553 EN 10025 S355J0 TELECHARGEZ PAGE Dimensions Poids Kg\/m Modules de r\u00e9sistance Profil\u00e9 r\u00e9f.(1) Classe F.E.M DIN 15173 Dimensions de la Dent Tol\u00e9rances selon DIN 7168 TYPE h mm b mm Wx cm3 Wy cm3 PPF.001 100 30 22,0 38 13 3285 I PPF.002 127 26 [&hellip;]<\/p>\n","protected":false},"author":1,"featured_media":0,"parent":223,"menu_order":9,"comment_status":"open","ping_status":"open","template":"","meta":{"footnotes":""},"class_list":["post-59","page","type-page","status-publish","hentry"],"_links":{"self":[{"href":"https:\/\/www.formesrl.com\/fr\/wp-json\/wp\/v2\/pages\/59","targetHints":{"allow":["GET"]}}],"collection":[{"href":"https:\/\/www.formesrl.com\/fr\/wp-json\/wp\/v2\/pages"}],"about":[{"href":"https:\/\/www.formesrl.com\/fr\/wp-json\/wp\/v2\/types\/page"}],"author":[{"embeddable":true,"href":"https:\/\/www.formesrl.com\/fr\/wp-json\/wp\/v2\/users\/1"}],"replies":[{"embeddable":true,"href":"https:\/\/www.formesrl.com\/fr\/wp-json\/wp\/v2\/comments?post=59"}],"version-history":[{"count":168,"href":"https:\/\/www.formesrl.com\/fr\/wp-json\/wp\/v2\/pages\/59\/revisions"}],"predecessor-version":[{"id":3517,"href":"https:\/\/www.formesrl.com\/fr\/wp-json\/wp\/v2\/pages\/59\/revisions\/3517"}],"up":[{"embeddable":true,"href":"https:\/\/www.formesrl.com\/fr\/wp-json\/wp\/v2\/pages\/223"}],"wp:attachment":[{"href":"https:\/\/www.formesrl.com\/fr\/wp-json\/wp\/v2\/media?parent=59"}],"curies":[{"name":"wp","href":"https:\/\/api.w.org\/{rel}","templated":true}]}}