
{"id":94,"date":"2010-05-12T08:04:53","date_gmt":"2010-05-12T08:04:53","guid":{"rendered":"http:\/\/www.formesrl.com\/?page_id=94"},"modified":"2020-06-29T08:13:11","modified_gmt":"2020-06-29T08:13:11","slug":"laminati-a-caldo-a-c","status":"publish","type":"page","link":"https:\/\/www.formesrl.com\/fr\/produits\/profiles-en-acier\/profiles-lamines\/lamines-a-chaud-en-c\/","title":{"rendered":"Fiche Technique Profil\u00e9s Lamin\u00e9s \u00e0 chaud en \u00ab\u00a0C\u00a0\u00bb"},"content":{"rendered":"<p><\/p>\n<p><\/p>\n<table class=\"schedaprodotto\">\n<tbody>\n<tr>\n<td class=\"immaginescheda\"><img loading=\"lazy\" decoding=\"async\" class=\"alignnone size-full wp-image-1358\" title=\"EC.simboli\" src=\"https:\/\/www.formesrl.com\/wp-content\/uploads\/EC.simboli.png\" alt=\"\" width=\"360\" height=\"460\" srcset=\"https:\/\/www.formesrl.com\/wp-content\/uploads\/EC.simboli.png 360w, https:\/\/www.formesrl.com\/wp-content\/uploads\/EC.simboli-234x300.png 234w\" sizes=\"auto, (max-width: 360px) 100vw, 360px\" \/><\/td>\n<td class=\"cellatabellamateriale\">\n<table class=\"tabellamateriale\">\n<tbody>\n<tr>\n<th colspan=\"2\">MAT\u00c9RIAU<\/th>\n<\/tr>\n<tr>\n<td class=\"fineetichettamateriale\">EN 10025-2<\/td>\n<td class=\"finemateriale\">S450J2 MOD.<\/td>\n<\/tr>\n<tr>\n<td><\/td>\n<td><\/td>\n<td><\/td>\n<\/tr>\n<\/tbody>\n<\/table>\n<\/td>\n<\/tr>\n<\/tbody>\n<\/table>\n<table class=\"tabellaprodotto\" border=\"0\" align=\"center\">\n<tbody>\n<tr align=\"center\">\n<td class=\"intestazionitabella\"><span><img decoding=\"async\" src=\"\/img\/diapo_logo.jpg\" alt=\"\" \/><\/span><\/td>\n<td class=\"intestazionitabella\" colspan=\"9\">Dimensions<\/td>\n<td class=\"intestazionitabella\" rowspan=\"2\"><span>Poids<\/span><span> <\/span><\/p>\n<p>kg\/m<\/td>\n<td class=\"intestazionitabella\" colspan=\"2\"><span>Moment<\/span><\/p>\n<p>d&rsquo;inertie<\/td>\n<td class=\"intestazionitabella\" colspan=\"2\"><span>Modules de<br \/>\nr\u00e9sistance<\/span><\/td>\n<td class=\"intestazionitabella\" colspan=\"2\" rowspan=\"2\"><span>Download<\/span><\/td>\n<\/tr>\n<tr align=\"center\">\n<td class=\"intestazionitabella\"><span>TYPE<\/span><span> <\/span><\/td>\n<td class=\"intestazionitabella\"><span>C<\/span><\/p>\n<p>mm.<\/td>\n<td class=\"intestazionitabella\"><span>Tol.<\/span><\/td>\n<td class=\"intestazionitabella\"><span>H<\/span><\/p>\n<p>mm.<\/td>\n<td class=\"intestazionitabella\"><span>B<\/span><\/p>\n<p>mm.<\/td>\n<td class=\"intestazionitabella\"><span>S<\/span><\/p>\n<p>mm.<\/td>\n<td class=\"intestazionitabella\"><span>N<\/span><\/p>\n<p>mm.<\/td>\n<td class=\"intestazionitabella\"><span>P<\/span><\/p>\n<p>mm.<\/td>\n<td class=\"intestazionitabella\"><span>k<\/span><\/p>\n<p>mm.<\/td>\n<td class=\"intestazionitabella\"><span>b<\/span><\/p>\n<p>mm.<\/td>\n<td class=\"intestazionitabella\"><span>Jx<\/span><\/p>\n<p>cm<sup><small>4<\/small><\/sup><\/td>\n<td class=\"intestazionitabella\"><span>Jy<\/span><\/p>\n<p>cm<sup><small>4<\/small><\/sup><\/td>\n<td class=\"intestazionitabella\"><span>Wx<\/span><\/p>\n<p>cm<sup><small>3<\/small><\/sup><\/td>\n<td class=\"intestazionitabella\"><span>Wy<\/span><\/p>\n<p>cm<sup><small>3<\/small><\/sup><\/td>\n<\/tr>\n<tr class=\"rigabianca\" align=\"center\">\n<td class=\"codiceprodotto\"><span>EC.062<\/span><\/td>\n<td class=\"datonumerico\"><span>62,5<\/span><\/td>\n<td class=\"datonumerico\"><span>+1<\/span><\/td>\n<td class=\"datonumerico\"><span>86,5<\/span><\/td>\n<td class=\"datonumerico\"><span>36<\/span><\/td>\n<td class=\"datonumerico\"><span>7<\/span><\/td>\n<td class=\"datonumerico\"><span>12<\/span><\/td>\n<td class=\"datonumerico\"><span>7<\/span><\/td>\n<td class=\"datonumerico\"><span>15<\/span><\/td>\n<td class=\"datonumerico\"><span>3<\/span><\/td>\n<td class=\"datonumerico\"><span>10,50<\/span><\/td>\n<td class=\"datonumerico\"><span>137<\/span><\/td>\n<td class=\"datonumerico\"><span>15,3<\/span><\/td>\n<td class=\"datonumerico\"><span>31,7<\/span><\/td>\n<td class=\"datonumerico\"><span>6,6<\/span><\/td>\n<td class=\"scaricamento\" valign=\"middle\"><a href=\"\/img\/prodotti\/pdf\/EC.062.pdf\" target=\"_blank\"><img loading=\"lazy\" decoding=\"async\" src=\"\/img\/pdf.gif\" border=\"0\" alt=\"\" width=\"23\" height=\"24\" \/><\/a><\/td>\n<td class=\"scaricamento\" valign=\"middle\"><a href=\"\/img\/prodotti\/dwg\/EC.062.dwg\"><img loading=\"lazy\" decoding=\"async\" src=\"\/img\/dwg.gif\" border=\"0\" alt=\"\" width=\"23\" height=\"24\" \/><\/a><\/td>\n<\/tr>\n<tr class=\"rigadispari\" align=\"center\">\n<td class=\"codiceprodotto\"><span>EC.070<\/span><\/td>\n<td class=\"datonumerico\"><span>70,8<\/span><\/td>\n<td class=\"datonumerico\"><span>\u00b10,5<\/span><\/td>\n<td class=\"datonumerico\"><span>103,2<\/span><\/td>\n<td class=\"datonumerico\"><span>40<\/span><\/td>\n<td class=\"datonumerico\"><span>7,7<\/span><\/td>\n<td class=\"datonumerico\"><span>16,2<\/span><\/td>\n<td class=\"datonumerico\"><span>8,5<\/span><\/td>\n<td class=\"datonumerico\"><span>15<\/span><\/td>\n<td class=\"datonumerico\"><span>3<\/span><\/td>\n<td class=\"datonumerico\"><span>14,80<\/span><\/td>\n<td class=\"datonumerico\"><span>273,5<\/span><\/td>\n<td class=\"datonumerico\"><span>27,3<\/span><\/td>\n<td class=\"datonumerico\"><span>53<\/span><\/td>\n<td class=\"datonumerico\"><span>10,9<\/span><\/td>\n<td class=\"scaricamento\" valign=\"middle\"><a href=\"\/img\/prodotti\/pdf\/EC.070.pdf\" target=\"_blank\"><img loading=\"lazy\" decoding=\"async\" src=\"\/img\/pdf.gif\" border=\"0\" alt=\"\" width=\"23\" height=\"24\" \/><\/a><\/td>\n<td class=\"scaricamento\" valign=\"middle\"><a href=\"\/img\/prodotti\/dwg\/EC.070.dwg\"><img loading=\"lazy\" decoding=\"async\" src=\"\/img\/dwg.gif\" border=\"0\" alt=\"\" width=\"23\" height=\"24\" \/><\/a><\/td>\n<\/tr>\n<tr class=\"rigabianca\" align=\"center\">\n<td class=\"codiceprodotto\"><span>EC.078<\/span><\/td>\n<td class=\"datonumerico\"><span>78,7<\/span><\/td>\n<td class=\"datonumerico\"><span>\u00b10,5<\/span><\/td>\n<td class=\"datonumerico\"><span>121,3<\/span><\/td>\n<td class=\"datonumerico\"><span>41<\/span><\/td>\n<td class=\"datonumerico\"><span>10,8<\/span><\/td>\n<td class=\"datonumerico\"><span>21,3<\/span><\/td>\n<td class=\"datonumerico\"><span>9<\/span><\/td>\n<td class=\"datonumerico\"><span>15<\/span><\/td>\n<td class=\"datonumerico\"><span>5<\/span><\/td>\n<td class=\"datonumerico\"><span>20,90<\/span><\/td>\n<td class=\"datonumerico\"><span>493,6<\/span><\/td>\n<td class=\"datonumerico\"><span>38<\/span><\/td>\n<td class=\"datonumerico\"><span>81<\/span><\/td>\n<td class=\"datonumerico\"><span>14,8<\/span><\/td>\n<td class=\"scaricamento\" valign=\"middle\"><a href=\"\/img\/prodotti\/pdf\/EC.078.pdf\" target=\"_blank\"><img loading=\"lazy\" decoding=\"async\" src=\"\/img\/pdf.gif\" border=\"0\" alt=\"\" width=\"23\" height=\"24\" \/><\/a><\/td>\n<td class=\"scaricamento\" valign=\"middle\"><a href=\"\/img\/prodotti\/dwg\/EC.078.dwg\"><img loading=\"lazy\" decoding=\"async\" src=\"\/img\/dwg.gif\" border=\"0\" alt=\"\" width=\"23\" height=\"24\" \/><\/a><\/td>\n<\/tr>\n<tr class=\"rigadispari\" align=\"center\">\n<td class=\"codiceprodotto\"><span>EC.089<\/span><\/td>\n<td class=\"datonumerico\"><span>89,4<\/span><\/td>\n<td class=\"datonumerico\"><span>\u00b10,5<\/span><\/td>\n<td class=\"datonumerico\"><span>135,4<\/span><\/td>\n<td class=\"datonumerico\"><span>53<\/span><\/td>\n<td class=\"datonumerico\"><span>12,7<\/span><\/td>\n<td class=\"datonumerico\"><span>23<\/span><\/td>\n<td class=\"datonumerico\"><span>9<\/span><\/td>\n<td class=\"datonumerico\"><span>15<\/span><\/td>\n<td class=\"datonumerico\"><span>5<\/span><\/td>\n<td class=\"datonumerico\"><span>28,60<\/span><\/td>\n<td class=\"datonumerico\"><span>865,2<\/span><\/td>\n<td class=\"datonumerico\"><span>89,5<\/span><\/td>\n<td class=\"datonumerico\"><span>128<\/span><\/td>\n<td class=\"datonumerico\"><span>27<\/span><\/td>\n<td class=\"scaricamento\" valign=\"middle\"><a href=\"\/img\/prodotti\/pdf\/EC.089.pdf\" target=\"_blank\"><img loading=\"lazy\" decoding=\"async\" src=\"\/img\/pdf.gif\" border=\"0\" alt=\"\" width=\"23\" height=\"24\" \/><\/a><\/td>\n<td class=\"scaricamento\" valign=\"middle\"><a href=\"\/img\/prodotti\/dwg\/EC.089.dwg\"><img loading=\"lazy\" decoding=\"async\" src=\"\/img\/dwg.gif\" border=\"0\" alt=\"\" width=\"23\" height=\"24\" \/><\/a><\/td>\n<\/tr>\n<tr class=\"rigabianca\" align=\"center\">\n<td class=\"codiceprodotto\"><span>EC.108<\/span><\/td>\n<td class=\"datonumerico\"><span>108,4<\/span><\/td>\n<td class=\"datonumerico\"><span>\u00b10,5<\/span><\/td>\n<td class=\"datonumerico\"><span>157,2<\/span><\/td>\n<td class=\"datonumerico\"><span>61,2<\/span><\/td>\n<td class=\"datonumerico\"><span>14<\/span><\/td>\n<td class=\"datonumerico\"><span>24,4<\/span><\/td>\n<td class=\"datonumerico\"><span>9<\/span><\/td>\n<td class=\"datonumerico\"><span>15<\/span><\/td>\n<td class=\"datonumerico\"><span>5<\/span><\/td>\n<td class=\"datonumerico\"><span>35,90<\/span><\/td>\n<td class=\"datonumerico\"><span>1494<\/span><\/td>\n<td class=\"datonumerico\"><span>151<\/span><\/td>\n<td class=\"datonumerico\"><span>190<\/span><\/td>\n<td class=\"datonumerico\"><span>39<\/span><\/td>\n<td class=\"scaricamento\" valign=\"middle\"><a href=\"\/img\/prodotti\/pdf\/EC.108.pdf\" target=\"_blank\"><img loading=\"lazy\" decoding=\"async\" src=\"\/img\/pdf.gif\" border=\"0\" alt=\"\" width=\"23\" height=\"24\" \/><\/a><\/td>\n<td class=\"scaricamento\" valign=\"middle\"><a href=\"\/img\/prodotti\/dwg\/EC.108.dwg\"><img loading=\"lazy\" decoding=\"async\" src=\"\/img\/dwg.gif\" border=\"0\" alt=\"\" width=\"23\" height=\"24\" \/><\/a><\/td>\n<\/tr>\n<tr class=\"rigadispari\" align=\"center\">\n<td class=\"codiceprodotto\"><span>EC.123<\/span><\/td>\n<td class=\"datonumerico\"><span>123,8<\/span><\/td>\n<td class=\"datonumerico\"><span>\u00b10,5<\/span><\/td>\n<td class=\"datonumerico\"><span>175<\/span><\/td>\n<td class=\"datonumerico\"><span>66,2<\/span><\/td>\n<td class=\"datonumerico\"><span>16,2<\/span><\/td>\n<td class=\"datonumerico\"><span>25,6<\/span><\/td>\n<td class=\"datonumerico\"><span>9<\/span><\/td>\n<td class=\"datonumerico\"><span>15<\/span><\/td>\n<td class=\"datonumerico\"><span>5<\/span><\/td>\n<td class=\"datonumerico\"><span>42,90<\/span><\/td>\n<td class=\"datonumerico\"><span>2185<\/span><\/td>\n<td class=\"datonumerico\"><span>206<\/span><\/td>\n<td class=\"datonumerico\"><span>250<\/span><\/td>\n<td class=\"datonumerico\"><span>48<\/span><\/td>\n<td class=\"scaricamento\" valign=\"middle\"><a href=\"\/img\/prodotti\/pdf\/EC.123.pdf\" target=\"_blank\"><img loading=\"lazy\" decoding=\"async\" src=\"\/img\/pdf.gif\" border=\"0\" alt=\"\" width=\"23\" height=\"24\" \/><\/a><\/td>\n<td class=\"scaricamento\" valign=\"middle\"><a href=\"\/img\/prodotti\/dwg\/EC.123.dwg\"><img loading=\"lazy\" decoding=\"async\" src=\"\/img\/dwg.gif\" border=\"0\" alt=\"\" width=\"23\" height=\"24\" \/><\/a><\/td>\n<\/tr>\n<tr class=\"rigabianca\" align=\"center\">\n<td class=\"codiceprodotto\"><span>EC.149<\/span><\/td>\n<td class=\"datonumerico\"><span>150,1<\/span><\/td>\n<td class=\"datonumerico\"><span>\u00b10,5<\/span><\/td>\n<td class=\"datonumerico\"><span>201,5<\/span><\/td>\n<td class=\"datonumerico\"><span>71,2<\/span><\/td>\n<td class=\"datonumerico\"><span>19,4<\/span><\/td>\n<td class=\"datonumerico\"><span>25,7<\/span><\/td>\n<td class=\"datonumerico\"><span>11,5<\/span><\/td>\n<td class=\"datonumerico\"><span>20<\/span><\/td>\n<td class=\"datonumerico\"><span>5<\/span><\/td>\n<td class=\"datonumerico\"><span>52,30<\/span><\/td>\n<td class=\"datonumerico\"><span>3425<\/span><\/td>\n<td class=\"datonumerico\"><span>270<\/span><\/td>\n<td class=\"datonumerico\"><span>340<\/span><\/td>\n<td class=\"datonumerico\"><span>57<\/span><\/td>\n<td class=\"scaricamento\" valign=\"middle\"><a href=\"\/img\/prodotti\/pdf\/EC.149.pdf\" target=\"_blank\"><img loading=\"lazy\" decoding=\"async\" src=\"\/img\/pdf.gif\" border=\"0\" alt=\"\" width=\"23\" height=\"24\" \/><\/a><\/td>\n<td class=\"scaricamento\" valign=\"middle\"><a href=\"\/img\/prodotti\/dwg\/EC.149.dwg\"><img loading=\"lazy\" decoding=\"async\" src=\"\/img\/dwg.gif\" border=\"0\" alt=\"\" width=\"23\" height=\"24\" \/><\/a><\/td>\n<\/tr>\n<\/tbody>\n<\/table>\n<p><img loading=\"lazy\" decoding=\"async\" class=\"alignnone size-full wp-image-842\" title=\"ERRORI\" src=\"https:\/\/www.formesrl.com\/wp-content\/uploads\/ERRORI-fr.png\" alt=\"\" width=\"590\" height=\"177\" \/><\/p>\n<p><\/p>","protected":false},"excerpt":{"rendered":"<p>MAT\u00c9RIAU EN 10025-2 S450J2 MOD. Dimensions Poids kg\/m Moment d&rsquo;inertie Modules de r\u00e9sistance Download TYPE C mm. Tol. H mm. B mm. S mm. N mm. P mm. k mm. b mm. Jx cm4 Jy cm4 Wx cm3 Wy cm3 EC.062 62,5 +1 86,5 36 7 12 7 15 3 10,50 137 15,3 31,7 6,6 [&hellip;]<\/p>\n","protected":false},"author":1,"featured_media":0,"parent":225,"menu_order":1,"comment_status":"open","ping_status":"open","template":"","meta":{"footnotes":""},"class_list":["post-94","page","type-page","status-publish","hentry"],"_links":{"self":[{"href":"https:\/\/www.formesrl.com\/fr\/wp-json\/wp\/v2\/pages\/94","targetHints":{"allow":["GET"]}}],"collection":[{"href":"https:\/\/www.formesrl.com\/fr\/wp-json\/wp\/v2\/pages"}],"about":[{"href":"https:\/\/www.formesrl.com\/fr\/wp-json\/wp\/v2\/types\/page"}],"author":[{"embeddable":true,"href":"https:\/\/www.formesrl.com\/fr\/wp-json\/wp\/v2\/users\/1"}],"replies":[{"embeddable":true,"href":"https:\/\/www.formesrl.com\/fr\/wp-json\/wp\/v2\/comments?post=94"}],"version-history":[{"count":171,"href":"https:\/\/www.formesrl.com\/fr\/wp-json\/wp\/v2\/pages\/94\/revisions"}],"predecessor-version":[{"id":3513,"href":"https:\/\/www.formesrl.com\/fr\/wp-json\/wp\/v2\/pages\/94\/revisions\/3513"}],"up":[{"embeddable":true,"href":"https:\/\/www.formesrl.com\/fr\/wp-json\/wp\/v2\/pages\/225"}],"wp:attachment":[{"href":"https:\/\/www.formesrl.com\/fr\/wp-json\/wp\/v2\/media?parent=94"}],"curies":[{"name":"wp","href":"https:\/\/api.w.org\/{rel}","templated":true}]}}