
{"id":97,"date":"2010-05-12T08:08:59","date_gmt":"2010-05-12T08:08:59","guid":{"rendered":"http:\/\/www.formesrl.com\/?page_id=97"},"modified":"2020-06-29T08:17:54","modified_gmt":"2020-06-29T08:17:54","slug":"laminati-a-caldo-a-i","status":"publish","type":"page","link":"https:\/\/www.formesrl.com\/fr\/produits\/profiles-en-acier\/profiles-lamines\/lamines-a-chaud-en-i\/","title":{"rendered":"Fiche Technique Profil\u00e9s Lamin\u00e9s \u00e0 chaud en \u00ab\u00a0I\u00a0\u00bb"},"content":{"rendered":"<p><\/p>\n<table class=\"schedaprodotto\">\n<tbody>\n<tr>\n<td class=\"immaginescheda\"><img loading=\"lazy\" decoding=\"async\" class=\"alignnone size-full wp-image-1366\" title=\"ET.simboli\" src=\"https:\/\/www.formesrl.com\/wp-content\/uploads\/ET.simboli.png\" alt=\"\" width=\"360\" height=\"414\" srcset=\"https:\/\/www.formesrl.com\/wp-content\/uploads\/ET.simboli.png 360w, https:\/\/www.formesrl.com\/wp-content\/uploads\/ET.simboli-260x300.png 260w\" sizes=\"auto, (max-width: 360px) 100vw, 360px\" \/><\/td>\n<td class=\"cellatabellamateriale\">\n<table class=\"tabellamateriale\">\n<tbody>\n<tr>\n<th colspan=\"2\">MAT\u00c9RIAU<\/th>\n<\/tr>\n<tr>\n<td class=\"fineetichettamateriale\">EN 10025-2<\/td>\n<td class=\"finemateriale\">S450J2 MOD.<\/td>\n<\/tr>\n<tr>\n<td><\/td>\n<td><\/td>\n<\/tr>\n<\/tbody>\n<\/table>\n<\/td>\n<\/tr>\n<\/tbody>\n<\/table>\n<table class=\"tabellaprodotto\" border=\"0\" align=\"center\">\n<tbody>\n<tr align=\"center\">\n<td class=\"intestazionitabella\"><img decoding=\"async\" src=\"\/img\/diapo_logo.jpg\" alt=\"\" \/><\/td>\n<td class=\"intestazionitabella\" colspan=\"9\">Dimensions<\/td>\n<td class=\"intestazionitabella\" rowspan=\"2\">Poids<br \/>\nkg\/m<\/td>\n<td class=\"intestazionitabella\" colspan=\"2\">Moment<br \/>\nd&rsquo;inertie<\/td>\n<td class=\"intestazionitabella\" colspan=\"2\">Modules de<br \/>\nr\u00e9sistance<\/td>\n<td class=\"intestazionitabella\" colspan=\"2\" rowspan=\"2\"><span>Download<\/span><\/td>\n<\/tr>\n<tr align=\"center\">\n<td class=\"intestazionitabella\">TYPE<\/td>\n<td class=\"intestazionitabella\">C<br \/>\nmm.<\/td>\n<td class=\"intestazionitabella\">Tol.<\/td>\n<td class=\"intestazionitabella\">H<br \/>\nmm.<\/td>\n<td class=\"intestazionitabella\">B<br \/>\nmm.<\/td>\n<td class=\"intestazionitabella\">S<br \/>\nmm.<\/td>\n<td class=\"intestazionitabella\">N<br \/>\nmm.<\/td>\n<td class=\"intestazionitabella\">P<br \/>\nmm.<\/td>\n<td class=\"intestazionitabella\">k<br \/>\nmm.<\/td>\n<td class=\"intestazionitabella\">b<br \/>\nmm.<\/td>\n<td class=\"intestazionitabella\">Jx<br \/>\ncm<sup><small>4<\/small><\/sup><\/td>\n<td class=\"intestazionitabella\">Jy<br \/>\ncm<sup><small>4<\/small><\/sup><\/td>\n<td class=\"intestazionitabella\">Wx<br \/>\ncm<sup><small>3<\/small><\/sup><\/td>\n<td class=\"intestazionitabella\">Wy<br \/>\ncm<sup><small>3<\/small><\/sup><\/td>\n<\/tr>\n<tr class=\"rigabianca\" align=\"center\">\n<td class=\"codiceprodotto\">ET.070<\/td>\n<td class=\"datonumerico\">70<\/td>\n<td class=\"datonumerico\">+1<\/td>\n<td class=\"datonumerico\">98<\/td>\n<td class=\"datonumerico\">65<\/td>\n<td class=\"datonumerico\">9<\/td>\n<td class=\"datonumerico\">14<\/td>\n<td class=\"datonumerico\">7<\/td>\n<td class=\"datonumerico\">15<\/td>\n<td class=\"datonumerico\">3<\/td>\n<td class=\"datonumerico\">19,4<\/td>\n<td class=\"datonumerico\">344,3<\/td>\n<td class=\"datonumerico\">57,6<\/td>\n<td class=\"datonumerico\">70,2<\/td>\n<td class=\"datonumerico\">17,7<\/td>\n<td class=\"scaricamento\" valign=\"middle\"><a href=\"\/img\/prodotti\/pdf\/ET.070.pdf\" target=\"_blank\"><img loading=\"lazy\" decoding=\"async\" src=\"\/img\/pdf.gif\" border=\"0\" alt=\"\" width=\"23\" height=\"24\" \/><\/a><\/td>\n<td class=\"scaricamento\" valign=\"middle\"><a href=\"\/img\/prodotti\/dwg\/ET.070.dwg\"><img loading=\"lazy\" decoding=\"async\" src=\"\/img\/dwg.gif\" border=\"0\" alt=\"\" width=\"23\" height=\"24\" \/><\/a><\/td>\n<\/tr>\n<tr class=\"rigadispari\" align=\"center\">\n<td class=\"codiceprodotto\">ET.078<\/td>\n<td class=\"datonumerico\">77,9<\/td>\n<td class=\"datonumerico\">+1<\/td>\n<td class=\"datonumerico\">113,9<\/td>\n<td class=\"datonumerico\">66<\/td>\n<td class=\"datonumerico\">11<\/td>\n<td class=\"datonumerico\">18<\/td>\n<td class=\"datonumerico\">9<\/td>\n<td class=\"datonumerico\">15<\/td>\n<td class=\"datonumerico\">3<\/td>\n<td class=\"datonumerico\">25,3<\/td>\n<td class=\"datonumerico\">579,5<\/td>\n<td class=\"datonumerico\">76,8<\/td>\n<td class=\"datonumerico\">101,8<\/td>\n<td class=\"datonumerico\">23,2<\/td>\n<td class=\"scaricamento\" valign=\"middle\"><a href=\"\/img\/prodotti\/pdf\/ET.078.pdf\" target=\"_blank\"><img loading=\"lazy\" decoding=\"async\" src=\"\/img\/pdf.gif\" border=\"0\" alt=\"\" width=\"23\" height=\"24\" \/><\/a><\/td>\n<td class=\"scaricamento\" valign=\"middle\"><a href=\"\/img\/prodotti\/dwg\/ET.078.dwg\"><img loading=\"lazy\" decoding=\"async\" src=\"\/img\/dwg.gif\" border=\"0\" alt=\"\" width=\"23\" height=\"24\" \/><\/a><\/td>\n<\/tr>\n<tr class=\"rigabianca\" align=\"center\">\n<td class=\"codiceprodotto\">ET.089<\/td>\n<td class=\"datonumerico\">88,6<\/td>\n<td class=\"datonumerico\">+1<\/td>\n<td class=\"datonumerico\">129,6<\/td>\n<td class=\"datonumerico\">81<\/td>\n<td class=\"datonumerico\">12<\/td>\n<td class=\"datonumerico\">20,5<\/td>\n<td class=\"datonumerico\">9<\/td>\n<td class=\"datonumerico\">15<\/td>\n<td class=\"datonumerico\">3<\/td>\n<td class=\"datonumerico\">34,1<\/td>\n<td class=\"datonumerico\">1037<\/td>\n<td class=\"datonumerico\">161,8<\/td>\n<td class=\"datonumerico\">160<\/td>\n<td class=\"datonumerico\">40<\/td>\n<td class=\"scaricamento\" valign=\"middle\"><a href=\"\/img\/prodotti\/pdf\/ET.089.pdf\" target=\"_blank\"><img loading=\"lazy\" decoding=\"async\" src=\"\/img\/pdf.gif\" border=\"0\" alt=\"\" width=\"23\" height=\"24\" \/><\/a><\/td>\n<td class=\"scaricamento\" valign=\"middle\"><a href=\"\/img\/prodotti\/dwg\/ET.089.dwg\"><img loading=\"lazy\" decoding=\"async\" src=\"\/img\/dwg.gif\" border=\"0\" alt=\"\" width=\"23\" height=\"24\" \/><\/a><\/td>\n<\/tr>\n<tr class=\"rigadispari\" align=\"center\">\n<td class=\"codiceprodotto\">ET.108<\/td>\n<td class=\"datonumerico\">108,4<\/td>\n<td class=\"datonumerico\">\u00b10,5<\/td>\n<td class=\"datonumerico\">152,4<\/td>\n<td class=\"datonumerico\">83<\/td>\n<td class=\"datonumerico\">14<\/td>\n<td class=\"datonumerico\">22<\/td>\n<td class=\"datonumerico\">9<\/td>\n<td class=\"datonumerico\">20<\/td>\n<td class=\"datonumerico\">5<\/td>\n<td class=\"datonumerico\">40,5<\/td>\n<td class=\"datonumerico\">1670<\/td>\n<td class=\"datonumerico\">184,5<\/td>\n<td class=\"datonumerico\">219,2<\/td>\n<td class=\"datonumerico\">44,6<\/td>\n<td class=\"scaricamento\" valign=\"middle\"><a href=\"\/img\/prodotti\/pdf\/ET.108.pdf\" target=\"_blank\"><img loading=\"lazy\" decoding=\"async\" src=\"\/img\/pdf.gif\" border=\"0\" alt=\"\" width=\"23\" height=\"24\" \/><\/a><\/td>\n<td class=\"scaricamento\" valign=\"middle\"><a href=\"\/img\/prodotti\/dwg\/ET.108.dwg\"><img loading=\"lazy\" decoding=\"async\" src=\"\/img\/dwg.gif\" border=\"0\" alt=\"\" width=\"23\" height=\"24\" \/><\/a><\/td>\n<\/tr>\n<tr class=\"rigabianca\" align=\"center\">\n<td class=\"codiceprodotto\">ET.123<\/td>\n<td class=\"datonumerico\">123,8<\/td>\n<td class=\"datonumerico\">\u00b10,5<\/td>\n<td class=\"datonumerico\">175<\/td>\n<td class=\"datonumerico\">90<\/td>\n<td class=\"datonumerico\">15<\/td>\n<td class=\"datonumerico\">25,6<\/td>\n<td class=\"datonumerico\">12,5<\/td>\n<td class=\"datonumerico\">20<\/td>\n<td class=\"datonumerico\">5<\/td>\n<td class=\"datonumerico\">51,4<\/td>\n<td class=\"datonumerico\">2818<\/td>\n<td class=\"datonumerico\">291,2<\/td>\n<td class=\"datonumerico\">322<\/td>\n<td class=\"datonumerico\">64,7<\/td>\n<td class=\"scaricamento\" valign=\"middle\"><a href=\"\/img\/prodotti\/pdf\/ET.123.pdf\" target=\"_blank\"><img loading=\"lazy\" decoding=\"async\" src=\"\/img\/pdf.gif\" border=\"0\" alt=\"\" width=\"23\" height=\"24\" \/><\/a><\/td>\n<td class=\"scaricamento\" valign=\"middle\"><a href=\"\/img\/prodotti\/dwg\/ET.123.dwg\"><img loading=\"lazy\" decoding=\"async\" src=\"\/img\/dwg.gif\" border=\"0\" alt=\"\" width=\"23\" height=\"24\" \/><\/a><\/td>\n<\/tr>\n<\/tbody>\n<\/table>\n<p><img loading=\"lazy\" decoding=\"async\" class=\"alignnone size-full wp-image-842\" title=\"ERRORI\" src=\"https:\/\/www.formesrl.com\/wp-content\/uploads\/ERRORI-fr.png\" alt=\"\" width=\"590\" height=\"177\" \/><\/p>\n<\/p>\n<p><\/p>","protected":false},"excerpt":{"rendered":"<p>MAT\u00c9RIAU EN 10025-2 S450J2 MOD. Dimensions Poids kg\/m Moment d&rsquo;inertie Modules de r\u00e9sistance Download TYPE C mm. Tol. H mm. B mm. S mm. N mm. P mm. k mm. b mm. Jx cm4 Jy cm4 Wx cm3 Wy cm3 ET.070 70 +1 98 65 9 14 7 15 3 19,4 344,3 57,6 70,2 17,7 [&hellip;]<\/p>\n","protected":false},"author":1,"featured_media":0,"parent":225,"menu_order":2,"comment_status":"open","ping_status":"open","template":"","meta":{"footnotes":""},"class_list":["post-97","page","type-page","status-publish","hentry"],"_links":{"self":[{"href":"https:\/\/www.formesrl.com\/fr\/wp-json\/wp\/v2\/pages\/97","targetHints":{"allow":["GET"]}}],"collection":[{"href":"https:\/\/www.formesrl.com\/fr\/wp-json\/wp\/v2\/pages"}],"about":[{"href":"https:\/\/www.formesrl.com\/fr\/wp-json\/wp\/v2\/types\/page"}],"author":[{"embeddable":true,"href":"https:\/\/www.formesrl.com\/fr\/wp-json\/wp\/v2\/users\/1"}],"replies":[{"embeddable":true,"href":"https:\/\/www.formesrl.com\/fr\/wp-json\/wp\/v2\/comments?post=97"}],"version-history":[{"count":119,"href":"https:\/\/www.formesrl.com\/fr\/wp-json\/wp\/v2\/pages\/97\/revisions"}],"predecessor-version":[{"id":3514,"href":"https:\/\/www.formesrl.com\/fr\/wp-json\/wp\/v2\/pages\/97\/revisions\/3514"}],"up":[{"embeddable":true,"href":"https:\/\/www.formesrl.com\/fr\/wp-json\/wp\/v2\/pages\/225"}],"wp:attachment":[{"href":"https:\/\/www.formesrl.com\/fr\/wp-json\/wp\/v2\/media?parent=97"}],"curies":[{"name":"wp","href":"https:\/\/api.w.org\/{rel}","templated":true}]}}